{"id":43074,"date":"2025-05-17T04:18:32","date_gmt":"2025-05-17T04:18:32","guid":{"rendered":"https:\/\/sakt.ee\/product\/system-jupiter-era-100-set-era-100-transmitter-rx161-receiver\/"},"modified":"2025-08-12T20:03:00","modified_gmt":"2025-08-12T17:03:00","slug":"system-jupiter-era-100-set-era-100-transmitter-rx161-receiver","status":"publish","type":"product","link":"https:\/\/sakt.ee\/en\/pood\/remote-controls\/wireless-systems\/sets\/system-jupiter-era-100-set-era-100-transmitter-rx161-receiver\/","title":{"rendered":"SYSTEM JUPITER ERA 100 set: ERA 100 transmitter + RX161 receiver"},"content":{"rendered":"","protected":false},"excerpt":{"rendered":"","protected":false},"featured_media":30365,"template":"","meta":{"_acf_changed":false},"product_brand":[],"product_cat":[4176],"product_tag":[],"manufacturers":[7819],"class_list":{"0":"post-43074","1":"product","2":"type-product","3":"status-publish","4":"has-post-thumbnail","6":"product_cat-sets","7":"pa_kaitseklass-ip65-en","8":"pa_paigaldus-above","9":"pa_sagedus-433-434mhz-en","10":"pa_seeria-remotus-jupiter-en","11":"pa_toide-24-230v-ac-24v-dc-en","12":"pa_tootemperatuur-25-55c-en","13":"pa_tootja-akerstroms","14":"manufacturers-akerstroms-en","16":"first","17":"onbackorder","18":"taxable","19":"shipping-taxable","20":"purchasable","21":"product-type-simple"},"acf":[],"yoast_head":"<!-- This site is optimized with the Yoast SEO Premium plugin v25.4 (Yoast SEO v25.4) - https:\/\/yoast.com\/wordpress\/plugins\/seo\/ -->\n<title>SYSTEM JUPITER ERA 100 set: ERA 100 transmitter + RX161 receiver - Sakala T\u00f6\u00f6stusautomaatika O\u00dc<\/title>\n<meta name=\"robots\" content=\"index, follow, max-snippet:-1, max-image-preview:large, max-video-preview:-1\" \/>\n<link rel=\"canonical\" href=\"https:\/\/sakt.ee\/en\/pood\/remote-controls\/wireless-systems\/sets\/system-jupiter-era-100-set-era-100-transmitter-rx161-receiver\/\" \/>\n<meta property=\"og:locale\" content=\"en_US\" \/>\n<meta property=\"og:type\" content=\"article\" \/>\n<meta property=\"og:title\" content=\"SYSTEM JUPITER ERA 100 set: ERA 100 transmitter + RX161 receiver\" \/>\n<meta property=\"og:url\" content=\"https:\/\/sakt.ee\/en\/pood\/remote-controls\/wireless-systems\/sets\/system-jupiter-era-100-set-era-100-transmitter-rx161-receiver\/\" \/>\n<meta property=\"og:site_name\" content=\"Sakala T\u00f6\u00f6stusautomaatika O\u00dc\" \/>\n<meta property=\"article:modified_time\" content=\"2025-08-12T17:03:00+00:00\" \/>\n<meta property=\"og:image\" content=\"https:\/\/sakt.ee\/wp-content\/uploads\/2025\/05\/4746.jpg\" \/>\n\t<meta property=\"og:image:width\" content=\"1000\" \/>\n\t<meta property=\"og:image:height\" content=\"1000\" \/>\n\t<meta property=\"og:image:type\" content=\"image\/jpeg\" \/>\n<meta name=\"twitter:card\" content=\"summary_large_image\" \/>\n<meta name=\"twitter:label1\" content=\"Price\" \/>\n\t<meta name=\"twitter:data1\" content=\"2 891,00&euro; +VAT\" \/>\n\t<meta name=\"twitter:label2\" content=\"Availability\" \/>\n\t<meta name=\"twitter:data2\" content=\"On backorder\" \/>\n<script type=\"application\/ld+json\" class=\"yoast-schema-graph\">{\"@context\":\"https:\/\/schema.org\",\"@graph\":[{\"@type\":\"WebPage\",\"@id\":\"https:\/\/sakt.ee\/en\/pood\/remote-controls\/wireless-systems\/sets\/system-jupiter-era-100-set-era-100-transmitter-rx161-receiver\/\",\"url\":\"https:\/\/sakt.ee\/en\/pood\/remote-controls\/wireless-systems\/sets\/system-jupiter-era-100-set-era-100-transmitter-rx161-receiver\/\",\"name\":\"SYSTEM JUPITER ERA 100 set: ERA 100 transmitter + RX161 receiver - Sakala T\u00f6\u00f6stusautomaatika O\u00dc\",\"isPartOf\":{\"@id\":\"https:\/\/sakt.ee\/en\/#website\"},\"primaryImageOfPage\":{\"@id\":\"https:\/\/sakt.ee\/en\/pood\/remote-controls\/wireless-systems\/sets\/system-jupiter-era-100-set-era-100-transmitter-rx161-receiver\/#primaryimage\"},\"image\":{\"@id\":\"https:\/\/sakt.ee\/en\/pood\/remote-controls\/wireless-systems\/sets\/system-jupiter-era-100-set-era-100-transmitter-rx161-receiver\/#primaryimage\"},\"thumbnailUrl\":\"https:\/\/sakt.ee\/wp-content\/uploads\/2025\/05\/4746.jpg\",\"datePublished\":\"2025-05-17T04:18:32+00:00\",\"dateModified\":\"2025-08-12T17:03:00+00:00\",\"breadcrumb\":{\"@id\":\"https:\/\/sakt.ee\/en\/pood\/remote-controls\/wireless-systems\/sets\/system-jupiter-era-100-set-era-100-transmitter-rx161-receiver\/#breadcrumb\"},\"inLanguage\":\"en-US\",\"potentialAction\":[{\"@type\":\"ReadAction\",\"target\":[\"https:\/\/sakt.ee\/en\/pood\/remote-controls\/wireless-systems\/sets\/system-jupiter-era-100-set-era-100-transmitter-rx161-receiver\/\"]}]},{\"@type\":\"ImageObject\",\"inLanguage\":\"en-US\",\"@id\":\"https:\/\/sakt.ee\/en\/pood\/remote-controls\/wireless-systems\/sets\/system-jupiter-era-100-set-era-100-transmitter-rx161-receiver\/#primaryimage\",\"url\":\"https:\/\/sakt.ee\/wp-content\/uploads\/2025\/05\/4746.jpg\",\"contentUrl\":\"https:\/\/sakt.ee\/wp-content\/uploads\/2025\/05\/4746.jpg\",\"width\":1000,\"height\":1000},{\"@type\":\"BreadcrumbList\",\"@id\":\"https:\/\/sakt.ee\/en\/pood\/remote-controls\/wireless-systems\/sets\/system-jupiter-era-100-set-era-100-transmitter-rx161-receiver\/#breadcrumb\",\"itemListElement\":[{\"@type\":\"ListItem\",\"position\":1,\"name\":\"Home\",\"item\":\"https:\/\/sakt.ee\/\"},{\"@type\":\"ListItem\",\"position\":2,\"name\":\"Shop\",\"item\":\"https:\/\/sakt.ee\/en\/shop\/\"},{\"@type\":\"ListItem\",\"position\":3,\"name\":\"SYSTEM JUPITER ERA 100 set: ERA 100 transmitter + RX161 receiver\"}]},{\"@type\":\"WebSite\",\"@id\":\"https:\/\/sakt.ee\/en\/#website\",\"url\":\"https:\/\/sakt.ee\/en\/\",\"name\":\"Sakala T\u00f6\u00f6stusautomaatika O\u00dc\",\"description\":\"T\u00f6\u00f6stusautomaatika e-pood\",\"publisher\":{\"@id\":\"https:\/\/sakt.ee\/en\/#organization\"},\"potentialAction\":[{\"@type\":\"SearchAction\",\"target\":{\"@type\":\"EntryPoint\",\"urlTemplate\":\"https:\/\/sakt.ee\/en\/?s={search_term_string}\"},\"query-input\":{\"@type\":\"PropertyValueSpecification\",\"valueRequired\":true,\"valueName\":\"search_term_string\"}}],\"inLanguage\":\"en-US\"},{\"@type\":\"Organization\",\"@id\":\"https:\/\/sakt.ee\/en\/#organization\",\"name\":\"Sakala T\u00f6\u00f6stusautomaatika O\u00dc\",\"url\":\"https:\/\/sakt.ee\/en\/\",\"logo\":{\"@type\":\"ImageObject\",\"inLanguage\":\"en-US\",\"@id\":\"https:\/\/sakt.ee\/en\/#\/schema\/logo\/image\/\",\"url\":\"https:\/\/sakt.ee\/wp-content\/uploads\/2025\/05\/Sakala-Toostusautomaatika-favicon.png\",\"contentUrl\":\"https:\/\/sakt.ee\/wp-content\/uploads\/2025\/05\/Sakala-Toostusautomaatika-favicon.png\",\"width\":500,\"height\":500,\"caption\":\"Sakala T\u00f6\u00f6stusautomaatika O\u00dc\"},\"image\":{\"@id\":\"https:\/\/sakt.ee\/en\/#\/schema\/logo\/image\/\"}}]}<\/script>\n<meta property=\"product:price:amount\" content=\"2891.00\" \/>\n<meta property=\"product:price:currency\" content=\"EUR\" \/>\n<meta property=\"og:availability\" content=\"backorder\" \/>\n<meta property=\"product:availability\" content=\"available for order\" \/>\n<meta property=\"product:retailer_item_id\" content=\"954016-000\" \/>\n<meta property=\"product:condition\" content=\"new\" \/>\n<!-- \/ Yoast SEO Premium plugin. -->","yoast_head_json":{"title":"SYSTEM JUPITER ERA 100 set: ERA 100 transmitter + RX161 receiver - Sakala T\u00f6\u00f6stusautomaatika O\u00dc","robots":{"index":"index","follow":"follow","max-snippet":"max-snippet:-1","max-image-preview":"max-image-preview:large","max-video-preview":"max-video-preview:-1"},"canonical":"https:\/\/sakt.ee\/en\/pood\/remote-controls\/wireless-systems\/sets\/system-jupiter-era-100-set-era-100-transmitter-rx161-receiver\/","og_locale":"en_US","og_type":"article","og_title":"SYSTEM JUPITER ERA 100 set: ERA 100 transmitter + RX161 receiver","og_url":"https:\/\/sakt.ee\/en\/pood\/remote-controls\/wireless-systems\/sets\/system-jupiter-era-100-set-era-100-transmitter-rx161-receiver\/","og_site_name":"Sakala T\u00f6\u00f6stusautomaatika O\u00dc","article_modified_time":"2025-08-12T17:03:00+00:00","og_image":[{"width":1000,"height":1000,"url":"https:\/\/sakt.ee\/wp-content\/uploads\/2025\/05\/4746.jpg","type":"image\/jpeg"}],"twitter_card":"summary_large_image","twitter_misc":{"Price":"2 891,00&euro; +VAT","Availability":"On backorder"},"schema":{"@context":"https:\/\/schema.org","@graph":[{"@type":"WebPage","@id":"https:\/\/sakt.ee\/en\/pood\/remote-controls\/wireless-systems\/sets\/system-jupiter-era-100-set-era-100-transmitter-rx161-receiver\/","url":"https:\/\/sakt.ee\/en\/pood\/remote-controls\/wireless-systems\/sets\/system-jupiter-era-100-set-era-100-transmitter-rx161-receiver\/","name":"SYSTEM JUPITER ERA 100 set: ERA 100 transmitter + RX161 receiver - Sakala T\u00f6\u00f6stusautomaatika O\u00dc","isPartOf":{"@id":"https:\/\/sakt.ee\/en\/#website"},"primaryImageOfPage":{"@id":"https:\/\/sakt.ee\/en\/pood\/remote-controls\/wireless-systems\/sets\/system-jupiter-era-100-set-era-100-transmitter-rx161-receiver\/#primaryimage"},"image":{"@id":"https:\/\/sakt.ee\/en\/pood\/remote-controls\/wireless-systems\/sets\/system-jupiter-era-100-set-era-100-transmitter-rx161-receiver\/#primaryimage"},"thumbnailUrl":"https:\/\/sakt.ee\/wp-content\/uploads\/2025\/05\/4746.jpg","datePublished":"2025-05-17T04:18:32+00:00","dateModified":"2025-08-12T17:03:00+00:00","breadcrumb":{"@id":"https:\/\/sakt.ee\/en\/pood\/remote-controls\/wireless-systems\/sets\/system-jupiter-era-100-set-era-100-transmitter-rx161-receiver\/#breadcrumb"},"inLanguage":"en-US","potentialAction":[{"@type":"ReadAction","target":["https:\/\/sakt.ee\/en\/pood\/remote-controls\/wireless-systems\/sets\/system-jupiter-era-100-set-era-100-transmitter-rx161-receiver\/"]}]},{"@type":"ImageObject","inLanguage":"en-US","@id":"https:\/\/sakt.ee\/en\/pood\/remote-controls\/wireless-systems\/sets\/system-jupiter-era-100-set-era-100-transmitter-rx161-receiver\/#primaryimage","url":"https:\/\/sakt.ee\/wp-content\/uploads\/2025\/05\/4746.jpg","contentUrl":"https:\/\/sakt.ee\/wp-content\/uploads\/2025\/05\/4746.jpg","width":1000,"height":1000},{"@type":"BreadcrumbList","@id":"https:\/\/sakt.ee\/en\/pood\/remote-controls\/wireless-systems\/sets\/system-jupiter-era-100-set-era-100-transmitter-rx161-receiver\/#breadcrumb","itemListElement":[{"@type":"ListItem","position":1,"name":"Home","item":"https:\/\/sakt.ee\/"},{"@type":"ListItem","position":2,"name":"Shop","item":"https:\/\/sakt.ee\/en\/shop\/"},{"@type":"ListItem","position":3,"name":"SYSTEM JUPITER ERA 100 set: ERA 100 transmitter + RX161 receiver"}]},{"@type":"WebSite","@id":"https:\/\/sakt.ee\/en\/#website","url":"https:\/\/sakt.ee\/en\/","name":"Sakala T\u00f6\u00f6stusautomaatika O\u00dc","description":"T\u00f6\u00f6stusautomaatika e-pood","publisher":{"@id":"https:\/\/sakt.ee\/en\/#organization"},"potentialAction":[{"@type":"SearchAction","target":{"@type":"EntryPoint","urlTemplate":"https:\/\/sakt.ee\/en\/?s={search_term_string}"},"query-input":{"@type":"PropertyValueSpecification","valueRequired":true,"valueName":"search_term_string"}}],"inLanguage":"en-US"},{"@type":"Organization","@id":"https:\/\/sakt.ee\/en\/#organization","name":"Sakala T\u00f6\u00f6stusautomaatika O\u00dc","url":"https:\/\/sakt.ee\/en\/","logo":{"@type":"ImageObject","inLanguage":"en-US","@id":"https:\/\/sakt.ee\/en\/#\/schema\/logo\/image\/","url":"https:\/\/sakt.ee\/wp-content\/uploads\/2025\/05\/Sakala-Toostusautomaatika-favicon.png","contentUrl":"https:\/\/sakt.ee\/wp-content\/uploads\/2025\/05\/Sakala-Toostusautomaatika-favicon.png","width":500,"height":500,"caption":"Sakala T\u00f6\u00f6stusautomaatika O\u00dc"},"image":{"@id":"https:\/\/sakt.ee\/en\/#\/schema\/logo\/image\/"}}]},"product_price_amount":"2891.00","product_price_currency":"EUR","og_availability":"backorder","product_availability":"available for order","product_retailer_item_id":"954016-000","product_condition":"new"},"_links":{"self":[{"href":"https:\/\/sakt.ee\/en\/wp-json\/wp\/v2\/product\/43074","targetHints":{"allow":["GET"]}}],"collection":[{"href":"https:\/\/sakt.ee\/en\/wp-json\/wp\/v2\/product"}],"about":[{"href":"https:\/\/sakt.ee\/en\/wp-json\/wp\/v2\/types\/product"}],"version-history":[{"count":0,"href":"https:\/\/sakt.ee\/en\/wp-json\/wp\/v2\/product\/43074\/revisions"}],"wp:featuredmedia":[{"embeddable":true,"href":"https:\/\/sakt.ee\/en\/wp-json\/wp\/v2\/media\/30365"}],"wp:attachment":[{"href":"https:\/\/sakt.ee\/en\/wp-json\/wp\/v2\/media?parent=43074"}],"wp:term":[{"taxonomy":"product_brand","embeddable":true,"href":"https:\/\/sakt.ee\/en\/wp-json\/wp\/v2\/product_brand?post=43074"},{"taxonomy":"product_cat","embeddable":true,"href":"https:\/\/sakt.ee\/en\/wp-json\/wp\/v2\/product_cat?post=43074"},{"taxonomy":"product_tag","embeddable":true,"href":"https:\/\/sakt.ee\/en\/wp-json\/wp\/v2\/product_tag?post=43074"},{"taxonomy":"manufacturers","embeddable":true,"href":"https:\/\/sakt.ee\/en\/wp-json\/wp\/v2\/manufacturers?post=43074"}],"curies":[{"name":"wp","href":"https:\/\/api.w.org\/{rel}","templated":true}]}}