{"id":42951,"date":"2025-05-17T05:57:58","date_gmt":"2025-05-17T02:57:58","guid":{"rendered":"https:\/\/sakt.ee\/product\/easy-e4-uc-16re1-expansion-module-12-24dc-24ac-8-digital-inputs-8-relay-outputs\/"},"modified":"2025-11-04T12:15:40","modified_gmt":"2025-11-04T09:15:40","slug":"easy-e4-uc-16re1-expansion-module-12-24dc-24ac-8-digital-inputs-8-relay-outputs","status":"publish","type":"product","link":"https:\/\/sakt.ee\/en\/pood\/relays\/programmable-controllers\/easy-e4-uc-16re1-expansion-module-12-24dc-24ac-8-digital-inputs-8-relay-outputs\/","title":{"rendered":"EASY-E4-UC-16RE1 expansion module, 12\/24DC, 24AC, 8 digital inputs, 8 relay outputs"},"content":{"rendered":"","protected":false},"excerpt":{"rendered":"","protected":false},"featured_media":29263,"template":"","meta":{"_acf_changed":false},"product_brand":[],"product_cat":[4362],"product_tag":[],"manufacturers":[7785],"class_list":{"0":"post-42951","1":"product","2":"type-product","3":"status-publish","4":"has-post-thumbnail","6":"product_cat-programmable-controllers","7":"pa_kaitseklass-ip20-en","8":"pa_nimivool-5a-en","9":"pa_paigaldus-din-en","10":"pa_seeria-easy-e4-en","11":"pa_sisend-8-x-digital","12":"pa_toide-12-24v-dc-24v-ac-en","13":"pa_toode-extension-module","14":"pa_tootemperatuur-25-55c-en","15":"pa_tootja-eaton","16":"pa_valjund-8-x-relay","17":"manufacturers-eaton-en","19":"first","20":"onbackorder","21":"taxable","22":"shipping-taxable","23":"purchasable","24":"product-type-simple"},"acf":[],"yoast_head":"<!-- This site is optimized with the Yoast SEO Premium plugin v25.4 (Yoast SEO v25.4) - https:\/\/yoast.com\/wordpress\/plugins\/seo\/ -->\n<title>EASY-E4-UC-16RE1 expansion module, 12\/24DC, 24AC, 8 digital inputs, 8 relay outputs - Sakala T\u00f6\u00f6stusautomaatika O\u00dc<\/title>\n<meta name=\"robots\" content=\"index, follow, max-snippet:-1, max-image-preview:large, max-video-preview:-1\" \/>\n<link rel=\"canonical\" href=\"https:\/\/sakt.ee\/en\/pood\/relays\/programmable-controllers\/easy-e4-uc-16re1-expansion-module-12-24dc-24ac-8-digital-inputs-8-relay-outputs\/\" \/>\n<meta property=\"og:locale\" content=\"en_US\" \/>\n<meta property=\"og:type\" content=\"article\" \/>\n<meta property=\"og:title\" content=\"EASY-E4-UC-16RE1 expansion module, 12\/24DC, 24AC, 8 digital inputs, 8 relay outputs\" \/>\n<meta property=\"og:url\" content=\"https:\/\/sakt.ee\/en\/pood\/relays\/programmable-controllers\/easy-e4-uc-16re1-expansion-module-12-24dc-24ac-8-digital-inputs-8-relay-outputs\/\" \/>\n<meta property=\"og:site_name\" content=\"Sakala T\u00f6\u00f6stusautomaatika O\u00dc\" \/>\n<meta property=\"article:modified_time\" content=\"2025-11-04T09:15:40+00:00\" \/>\n<meta property=\"og:image\" content=\"https:\/\/sakt.ee\/wp-content\/uploads\/2025\/05\/4084.jpg\" \/>\n\t<meta property=\"og:image:width\" content=\"580\" \/>\n\t<meta property=\"og:image:height\" content=\"580\" \/>\n\t<meta property=\"og:image:type\" content=\"image\/jpeg\" \/>\n<meta name=\"twitter:card\" content=\"summary_large_image\" \/>\n<meta name=\"twitter:label1\" content=\"Price\" \/>\n\t<meta name=\"twitter:data1\" content=\"141,90&euro; +VAT\" \/>\n\t<meta name=\"twitter:label2\" content=\"Availability\" \/>\n\t<meta name=\"twitter:data2\" content=\"On backorder\" \/>\n<script type=\"application\/ld+json\" class=\"yoast-schema-graph\">{\"@context\":\"https:\/\/schema.org\",\"@graph\":[{\"@type\":\"WebPage\",\"@id\":\"https:\/\/sakt.ee\/en\/pood\/relays\/programmable-controllers\/easy-e4-uc-16re1-expansion-module-12-24dc-24ac-8-digital-inputs-8-relay-outputs\/\",\"url\":\"https:\/\/sakt.ee\/en\/pood\/relays\/programmable-controllers\/easy-e4-uc-16re1-expansion-module-12-24dc-24ac-8-digital-inputs-8-relay-outputs\/\",\"name\":\"EASY-E4-UC-16RE1 expansion module, 12\/24DC, 24AC, 8 digital inputs, 8 relay outputs - Sakala T\u00f6\u00f6stusautomaatika O\u00dc\",\"isPartOf\":{\"@id\":\"https:\/\/sakt.ee\/en\/#website\"},\"primaryImageOfPage\":{\"@id\":\"https:\/\/sakt.ee\/en\/pood\/relays\/programmable-controllers\/easy-e4-uc-16re1-expansion-module-12-24dc-24ac-8-digital-inputs-8-relay-outputs\/#primaryimage\"},\"image\":{\"@id\":\"https:\/\/sakt.ee\/en\/pood\/relays\/programmable-controllers\/easy-e4-uc-16re1-expansion-module-12-24dc-24ac-8-digital-inputs-8-relay-outputs\/#primaryimage\"},\"thumbnailUrl\":\"https:\/\/sakt.ee\/wp-content\/uploads\/2025\/05\/4084.jpg\",\"datePublished\":\"2025-05-17T02:57:58+00:00\",\"dateModified\":\"2025-11-04T09:15:40+00:00\",\"breadcrumb\":{\"@id\":\"https:\/\/sakt.ee\/en\/pood\/relays\/programmable-controllers\/easy-e4-uc-16re1-expansion-module-12-24dc-24ac-8-digital-inputs-8-relay-outputs\/#breadcrumb\"},\"inLanguage\":\"en-US\",\"potentialAction\":[{\"@type\":\"ReadAction\",\"target\":[\"https:\/\/sakt.ee\/en\/pood\/relays\/programmable-controllers\/easy-e4-uc-16re1-expansion-module-12-24dc-24ac-8-digital-inputs-8-relay-outputs\/\"]}]},{\"@type\":\"ImageObject\",\"inLanguage\":\"en-US\",\"@id\":\"https:\/\/sakt.ee\/en\/pood\/relays\/programmable-controllers\/easy-e4-uc-16re1-expansion-module-12-24dc-24ac-8-digital-inputs-8-relay-outputs\/#primaryimage\",\"url\":\"https:\/\/sakt.ee\/wp-content\/uploads\/2025\/05\/4084.jpg\",\"contentUrl\":\"https:\/\/sakt.ee\/wp-content\/uploads\/2025\/05\/4084.jpg\",\"width\":580,\"height\":580},{\"@type\":\"BreadcrumbList\",\"@id\":\"https:\/\/sakt.ee\/en\/pood\/relays\/programmable-controllers\/easy-e4-uc-16re1-expansion-module-12-24dc-24ac-8-digital-inputs-8-relay-outputs\/#breadcrumb\",\"itemListElement\":[{\"@type\":\"ListItem\",\"position\":1,\"name\":\"Home\",\"item\":\"https:\/\/sakt.ee\/\"},{\"@type\":\"ListItem\",\"position\":2,\"name\":\"Shop\",\"item\":\"https:\/\/sakt.ee\/en\/shop\/\"},{\"@type\":\"ListItem\",\"position\":3,\"name\":\"EASY-E4-UC-16RE1 expansion module, 12\/24DC, 24AC, 8 digital inputs, 8 relay outputs\"}]},{\"@type\":\"WebSite\",\"@id\":\"https:\/\/sakt.ee\/en\/#website\",\"url\":\"https:\/\/sakt.ee\/en\/\",\"name\":\"Sakala T\u00f6\u00f6stusautomaatika O\u00dc\",\"description\":\"T\u00f6\u00f6stusautomaatika e-pood\",\"publisher\":{\"@id\":\"https:\/\/sakt.ee\/en\/#organization\"},\"potentialAction\":[{\"@type\":\"SearchAction\",\"target\":{\"@type\":\"EntryPoint\",\"urlTemplate\":\"https:\/\/sakt.ee\/en\/?s={search_term_string}\"},\"query-input\":{\"@type\":\"PropertyValueSpecification\",\"valueRequired\":true,\"valueName\":\"search_term_string\"}}],\"inLanguage\":\"en-US\"},{\"@type\":\"Organization\",\"@id\":\"https:\/\/sakt.ee\/en\/#organization\",\"name\":\"Sakala T\u00f6\u00f6stusautomaatika O\u00dc\",\"url\":\"https:\/\/sakt.ee\/en\/\",\"logo\":{\"@type\":\"ImageObject\",\"inLanguage\":\"en-US\",\"@id\":\"https:\/\/sakt.ee\/en\/#\/schema\/logo\/image\/\",\"url\":\"https:\/\/sakt.ee\/wp-content\/uploads\/2025\/05\/Sakala-Toostusautomaatika-favicon.png\",\"contentUrl\":\"https:\/\/sakt.ee\/wp-content\/uploads\/2025\/05\/Sakala-Toostusautomaatika-favicon.png\",\"width\":500,\"height\":500,\"caption\":\"Sakala T\u00f6\u00f6stusautomaatika O\u00dc\"},\"image\":{\"@id\":\"https:\/\/sakt.ee\/en\/#\/schema\/logo\/image\/\"}}]}<\/script>\n<meta property=\"product:price:amount\" content=\"141.90\" \/>\n<meta property=\"product:price:currency\" content=\"EUR\" \/>\n<meta property=\"og:availability\" content=\"backorder\" \/>\n<meta property=\"product:availability\" content=\"available for order\" \/>\n<meta property=\"product:retailer_item_id\" content=\"197218\" \/>\n<meta property=\"product:condition\" content=\"new\" \/>\n<!-- \/ Yoast SEO Premium plugin. -->","yoast_head_json":{"title":"EASY-E4-UC-16RE1 expansion module, 12\/24DC, 24AC, 8 digital inputs, 8 relay outputs - Sakala T\u00f6\u00f6stusautomaatika O\u00dc","robots":{"index":"index","follow":"follow","max-snippet":"max-snippet:-1","max-image-preview":"max-image-preview:large","max-video-preview":"max-video-preview:-1"},"canonical":"https:\/\/sakt.ee\/en\/pood\/relays\/programmable-controllers\/easy-e4-uc-16re1-expansion-module-12-24dc-24ac-8-digital-inputs-8-relay-outputs\/","og_locale":"en_US","og_type":"article","og_title":"EASY-E4-UC-16RE1 expansion module, 12\/24DC, 24AC, 8 digital inputs, 8 relay outputs","og_url":"https:\/\/sakt.ee\/en\/pood\/relays\/programmable-controllers\/easy-e4-uc-16re1-expansion-module-12-24dc-24ac-8-digital-inputs-8-relay-outputs\/","og_site_name":"Sakala T\u00f6\u00f6stusautomaatika O\u00dc","article_modified_time":"2025-11-04T09:15:40+00:00","og_image":[{"width":580,"height":580,"url":"https:\/\/sakt.ee\/wp-content\/uploads\/2025\/05\/4084.jpg","type":"image\/jpeg"}],"twitter_card":"summary_large_image","twitter_misc":{"Price":"141,90&euro; +VAT","Availability":"On backorder"},"schema":{"@context":"https:\/\/schema.org","@graph":[{"@type":"WebPage","@id":"https:\/\/sakt.ee\/en\/pood\/relays\/programmable-controllers\/easy-e4-uc-16re1-expansion-module-12-24dc-24ac-8-digital-inputs-8-relay-outputs\/","url":"https:\/\/sakt.ee\/en\/pood\/relays\/programmable-controllers\/easy-e4-uc-16re1-expansion-module-12-24dc-24ac-8-digital-inputs-8-relay-outputs\/","name":"EASY-E4-UC-16RE1 expansion module, 12\/24DC, 24AC, 8 digital inputs, 8 relay outputs - Sakala T\u00f6\u00f6stusautomaatika O\u00dc","isPartOf":{"@id":"https:\/\/sakt.ee\/en\/#website"},"primaryImageOfPage":{"@id":"https:\/\/sakt.ee\/en\/pood\/relays\/programmable-controllers\/easy-e4-uc-16re1-expansion-module-12-24dc-24ac-8-digital-inputs-8-relay-outputs\/#primaryimage"},"image":{"@id":"https:\/\/sakt.ee\/en\/pood\/relays\/programmable-controllers\/easy-e4-uc-16re1-expansion-module-12-24dc-24ac-8-digital-inputs-8-relay-outputs\/#primaryimage"},"thumbnailUrl":"https:\/\/sakt.ee\/wp-content\/uploads\/2025\/05\/4084.jpg","datePublished":"2025-05-17T02:57:58+00:00","dateModified":"2025-11-04T09:15:40+00:00","breadcrumb":{"@id":"https:\/\/sakt.ee\/en\/pood\/relays\/programmable-controllers\/easy-e4-uc-16re1-expansion-module-12-24dc-24ac-8-digital-inputs-8-relay-outputs\/#breadcrumb"},"inLanguage":"en-US","potentialAction":[{"@type":"ReadAction","target":["https:\/\/sakt.ee\/en\/pood\/relays\/programmable-controllers\/easy-e4-uc-16re1-expansion-module-12-24dc-24ac-8-digital-inputs-8-relay-outputs\/"]}]},{"@type":"ImageObject","inLanguage":"en-US","@id":"https:\/\/sakt.ee\/en\/pood\/relays\/programmable-controllers\/easy-e4-uc-16re1-expansion-module-12-24dc-24ac-8-digital-inputs-8-relay-outputs\/#primaryimage","url":"https:\/\/sakt.ee\/wp-content\/uploads\/2025\/05\/4084.jpg","contentUrl":"https:\/\/sakt.ee\/wp-content\/uploads\/2025\/05\/4084.jpg","width":580,"height":580},{"@type":"BreadcrumbList","@id":"https:\/\/sakt.ee\/en\/pood\/relays\/programmable-controllers\/easy-e4-uc-16re1-expansion-module-12-24dc-24ac-8-digital-inputs-8-relay-outputs\/#breadcrumb","itemListElement":[{"@type":"ListItem","position":1,"name":"Home","item":"https:\/\/sakt.ee\/"},{"@type":"ListItem","position":2,"name":"Shop","item":"https:\/\/sakt.ee\/en\/shop\/"},{"@type":"ListItem","position":3,"name":"EASY-E4-UC-16RE1 expansion module, 12\/24DC, 24AC, 8 digital inputs, 8 relay outputs"}]},{"@type":"WebSite","@id":"https:\/\/sakt.ee\/en\/#website","url":"https:\/\/sakt.ee\/en\/","name":"Sakala T\u00f6\u00f6stusautomaatika O\u00dc","description":"T\u00f6\u00f6stusautomaatika e-pood","publisher":{"@id":"https:\/\/sakt.ee\/en\/#organization"},"potentialAction":[{"@type":"SearchAction","target":{"@type":"EntryPoint","urlTemplate":"https:\/\/sakt.ee\/en\/?s={search_term_string}"},"query-input":{"@type":"PropertyValueSpecification","valueRequired":true,"valueName":"search_term_string"}}],"inLanguage":"en-US"},{"@type":"Organization","@id":"https:\/\/sakt.ee\/en\/#organization","name":"Sakala T\u00f6\u00f6stusautomaatika O\u00dc","url":"https:\/\/sakt.ee\/en\/","logo":{"@type":"ImageObject","inLanguage":"en-US","@id":"https:\/\/sakt.ee\/en\/#\/schema\/logo\/image\/","url":"https:\/\/sakt.ee\/wp-content\/uploads\/2025\/05\/Sakala-Toostusautomaatika-favicon.png","contentUrl":"https:\/\/sakt.ee\/wp-content\/uploads\/2025\/05\/Sakala-Toostusautomaatika-favicon.png","width":500,"height":500,"caption":"Sakala T\u00f6\u00f6stusautomaatika O\u00dc"},"image":{"@id":"https:\/\/sakt.ee\/en\/#\/schema\/logo\/image\/"}}]},"product_price_amount":"141.90","product_price_currency":"EUR","og_availability":"backorder","product_availability":"available for order","product_retailer_item_id":"197218","product_condition":"new"},"_links":{"self":[{"href":"https:\/\/sakt.ee\/en\/wp-json\/wp\/v2\/product\/42951","targetHints":{"allow":["GET"]}}],"collection":[{"href":"https:\/\/sakt.ee\/en\/wp-json\/wp\/v2\/product"}],"about":[{"href":"https:\/\/sakt.ee\/en\/wp-json\/wp\/v2\/types\/product"}],"version-history":[{"count":0,"href":"https:\/\/sakt.ee\/en\/wp-json\/wp\/v2\/product\/42951\/revisions"}],"wp:featuredmedia":[{"embeddable":true,"href":"https:\/\/sakt.ee\/en\/wp-json\/wp\/v2\/media\/29263"}],"wp:attachment":[{"href":"https:\/\/sakt.ee\/en\/wp-json\/wp\/v2\/media?parent=42951"}],"wp:term":[{"taxonomy":"product_brand","embeddable":true,"href":"https:\/\/sakt.ee\/en\/wp-json\/wp\/v2\/product_brand?post=42951"},{"taxonomy":"product_cat","embeddable":true,"href":"https:\/\/sakt.ee\/en\/wp-json\/wp\/v2\/product_cat?post=42951"},{"taxonomy":"product_tag","embeddable":true,"href":"https:\/\/sakt.ee\/en\/wp-json\/wp\/v2\/product_tag?post=42951"},{"taxonomy":"manufacturers","embeddable":true,"href":"https:\/\/sakt.ee\/en\/wp-json\/wp\/v2\/manufacturers?post=42951"}],"curies":[{"name":"wp","href":"https:\/\/api.w.org\/{rel}","templated":true}]}}