{"id":42921,"date":"2025-05-17T06:03:04","date_gmt":"2025-05-17T03:03:04","guid":{"rendered":"https:\/\/sakt.ee\/product\/si18-n5-lc5-inductive-sensor-5-30dc-m18-flush-namur-5mm-5m-cable\/"},"modified":"2025-11-04T12:13:28","modified_gmt":"2025-11-04T09:13:28","slug":"si18-n5-lc5-inductive-sensor-5-30dc-m18-flush-namur-5mm-5m-cable","status":"publish","type":"product","link":"https:\/\/sakt.ee\/en\/pood\/process-sensors\/inductive-sensors\/si18-n5-lc5-inductive-sensor-5-30dc-m18-flush-namur-5mm-5m-cable\/","title":{"rendered":"SI18-N5 LC5 inductive sensor, 5-30DC; M18; \u201cflush\u201d; NAMUR; 5mm; 5m cable"},"content":{"rendered":"","protected":false},"excerpt":{"rendered":"","protected":false},"featured_media":29333,"template":"","meta":{"_acf_changed":false},"product_brand":[],"product_cat":[3292],"product_tag":[],"manufacturers":[7815],"class_list":{"0":"post-42921","1":"product","2":"type-product","3":"status-publish","4":"has-post-thumbnail","6":"product_cat-inductive-sensors","7":"pa_funktsionaalsus-flush-en","8":"pa_kaitseklass-ip67-en","9":"pa_labimoot-18mm-en","10":"pa_mootepiirkond-0-5mm-en","11":"pa_pikkus-45mm-en","12":"pa_toide-6-30v-dc-en","13":"pa_tootemperatuur-25-70c-en","14":"pa_tootja-aeco","15":"pa_uhendustuup-5m-cable","16":"pa_valjund-namur-en","17":"manufacturers-aeco-en","19":"first","20":"onbackorder","21":"taxable","22":"shipping-taxable","23":"purchasable","24":"product-type-simple"},"acf":[],"yoast_head":"<!-- This site is optimized with the Yoast SEO Premium plugin v25.4 (Yoast SEO v25.4) - https:\/\/yoast.com\/wordpress\/plugins\/seo\/ -->\n<title>SI18-N5 LC5 inductive sensor, 5-30DC; M18; \u201cflush\u201d; NAMUR; 5mm; 5m cable - Sakala T\u00f6\u00f6stusautomaatika O\u00dc<\/title>\n<meta name=\"robots\" content=\"index, follow, max-snippet:-1, max-image-preview:large, max-video-preview:-1\" \/>\n<link rel=\"canonical\" href=\"https:\/\/sakt.ee\/en\/pood\/process-sensors\/inductive-sensors\/si18-n5-lc5-inductive-sensor-5-30dc-m18-flush-namur-5mm-5m-cable\/\" \/>\n<meta property=\"og:locale\" content=\"en_US\" \/>\n<meta property=\"og:type\" content=\"article\" \/>\n<meta property=\"og:title\" content=\"SI18-N5 LC5 inductive sensor, 5-30DC; M18; \u201cflush\u201d; NAMUR; 5mm; 5m cable\" \/>\n<meta property=\"og:url\" content=\"https:\/\/sakt.ee\/en\/pood\/process-sensors\/inductive-sensors\/si18-n5-lc5-inductive-sensor-5-30dc-m18-flush-namur-5mm-5m-cable\/\" \/>\n<meta property=\"og:site_name\" content=\"Sakala T\u00f6\u00f6stusautomaatika O\u00dc\" \/>\n<meta property=\"article:modified_time\" content=\"2025-11-04T09:13:28+00:00\" \/>\n<meta property=\"og:image\" content=\"https:\/\/sakt.ee\/wp-content\/uploads\/2025\/05\/4110.jpg\" \/>\n\t<meta property=\"og:image:width\" content=\"590\" \/>\n\t<meta property=\"og:image:height\" content=\"354\" \/>\n\t<meta property=\"og:image:type\" content=\"image\/jpeg\" \/>\n<meta name=\"twitter:card\" content=\"summary_large_image\" \/>\n<meta name=\"twitter:label1\" content=\"Price\" \/>\n\t<meta name=\"twitter:data1\" content=\"24,40&euro; +VAT\" \/>\n\t<meta name=\"twitter:label2\" content=\"Availability\" \/>\n\t<meta name=\"twitter:data2\" content=\"On backorder\" \/>\n<script type=\"application\/ld+json\" class=\"yoast-schema-graph\">{\"@context\":\"https:\/\/schema.org\",\"@graph\":[{\"@type\":\"WebPage\",\"@id\":\"https:\/\/sakt.ee\/en\/pood\/process-sensors\/inductive-sensors\/si18-n5-lc5-inductive-sensor-5-30dc-m18-flush-namur-5mm-5m-cable\/\",\"url\":\"https:\/\/sakt.ee\/en\/pood\/process-sensors\/inductive-sensors\/si18-n5-lc5-inductive-sensor-5-30dc-m18-flush-namur-5mm-5m-cable\/\",\"name\":\"SI18-N5 LC5 inductive sensor, 5-30DC; M18; \u201cflush\u201d; NAMUR; 5mm; 5m cable - Sakala T\u00f6\u00f6stusautomaatika O\u00dc\",\"isPartOf\":{\"@id\":\"https:\/\/sakt.ee\/en\/#website\"},\"primaryImageOfPage\":{\"@id\":\"https:\/\/sakt.ee\/en\/pood\/process-sensors\/inductive-sensors\/si18-n5-lc5-inductive-sensor-5-30dc-m18-flush-namur-5mm-5m-cable\/#primaryimage\"},\"image\":{\"@id\":\"https:\/\/sakt.ee\/en\/pood\/process-sensors\/inductive-sensors\/si18-n5-lc5-inductive-sensor-5-30dc-m18-flush-namur-5mm-5m-cable\/#primaryimage\"},\"thumbnailUrl\":\"https:\/\/sakt.ee\/wp-content\/uploads\/2025\/05\/4110.jpg\",\"datePublished\":\"2025-05-17T03:03:04+00:00\",\"dateModified\":\"2025-11-04T09:13:28+00:00\",\"breadcrumb\":{\"@id\":\"https:\/\/sakt.ee\/en\/pood\/process-sensors\/inductive-sensors\/si18-n5-lc5-inductive-sensor-5-30dc-m18-flush-namur-5mm-5m-cable\/#breadcrumb\"},\"inLanguage\":\"en-US\",\"potentialAction\":[{\"@type\":\"ReadAction\",\"target\":[\"https:\/\/sakt.ee\/en\/pood\/process-sensors\/inductive-sensors\/si18-n5-lc5-inductive-sensor-5-30dc-m18-flush-namur-5mm-5m-cable\/\"]}]},{\"@type\":\"ImageObject\",\"inLanguage\":\"en-US\",\"@id\":\"https:\/\/sakt.ee\/en\/pood\/process-sensors\/inductive-sensors\/si18-n5-lc5-inductive-sensor-5-30dc-m18-flush-namur-5mm-5m-cable\/#primaryimage\",\"url\":\"https:\/\/sakt.ee\/wp-content\/uploads\/2025\/05\/4110.jpg\",\"contentUrl\":\"https:\/\/sakt.ee\/wp-content\/uploads\/2025\/05\/4110.jpg\",\"width\":590,\"height\":354},{\"@type\":\"BreadcrumbList\",\"@id\":\"https:\/\/sakt.ee\/en\/pood\/process-sensors\/inductive-sensors\/si18-n5-lc5-inductive-sensor-5-30dc-m18-flush-namur-5mm-5m-cable\/#breadcrumb\",\"itemListElement\":[{\"@type\":\"ListItem\",\"position\":1,\"name\":\"Home\",\"item\":\"https:\/\/sakt.ee\/\"},{\"@type\":\"ListItem\",\"position\":2,\"name\":\"Shop\",\"item\":\"https:\/\/sakt.ee\/en\/shop\/\"},{\"@type\":\"ListItem\",\"position\":3,\"name\":\"SI18-N5 LC5 inductive sensor, 5-30DC; M18; \u201cflush\u201d; NAMUR; 5mm; 5m cable\"}]},{\"@type\":\"WebSite\",\"@id\":\"https:\/\/sakt.ee\/en\/#website\",\"url\":\"https:\/\/sakt.ee\/en\/\",\"name\":\"Sakala T\u00f6\u00f6stusautomaatika O\u00dc\",\"description\":\"T\u00f6\u00f6stusautomaatika e-pood\",\"publisher\":{\"@id\":\"https:\/\/sakt.ee\/en\/#organization\"},\"potentialAction\":[{\"@type\":\"SearchAction\",\"target\":{\"@type\":\"EntryPoint\",\"urlTemplate\":\"https:\/\/sakt.ee\/en\/?s={search_term_string}\"},\"query-input\":{\"@type\":\"PropertyValueSpecification\",\"valueRequired\":true,\"valueName\":\"search_term_string\"}}],\"inLanguage\":\"en-US\"},{\"@type\":\"Organization\",\"@id\":\"https:\/\/sakt.ee\/en\/#organization\",\"name\":\"Sakala T\u00f6\u00f6stusautomaatika O\u00dc\",\"url\":\"https:\/\/sakt.ee\/en\/\",\"logo\":{\"@type\":\"ImageObject\",\"inLanguage\":\"en-US\",\"@id\":\"https:\/\/sakt.ee\/en\/#\/schema\/logo\/image\/\",\"url\":\"https:\/\/sakt.ee\/wp-content\/uploads\/2025\/05\/Sakala-Toostusautomaatika-favicon.png\",\"contentUrl\":\"https:\/\/sakt.ee\/wp-content\/uploads\/2025\/05\/Sakala-Toostusautomaatika-favicon.png\",\"width\":500,\"height\":500,\"caption\":\"Sakala T\u00f6\u00f6stusautomaatika O\u00dc\"},\"image\":{\"@id\":\"https:\/\/sakt.ee\/en\/#\/schema\/logo\/image\/\"}}]}<\/script>\n<meta property=\"product:price:amount\" content=\"24.40\" \/>\n<meta property=\"product:price:currency\" content=\"EUR\" \/>\n<meta property=\"og:availability\" content=\"backorder\" \/>\n<meta property=\"product:availability\" content=\"available for order\" \/>\n<meta property=\"product:retailer_item_id\" content=\"I18000336\" \/>\n<meta property=\"product:condition\" content=\"new\" \/>\n<!-- \/ Yoast SEO Premium plugin. -->","yoast_head_json":{"title":"SI18-N5 LC5 inductive sensor, 5-30DC; M18; \u201cflush\u201d; NAMUR; 5mm; 5m cable - Sakala T\u00f6\u00f6stusautomaatika O\u00dc","robots":{"index":"index","follow":"follow","max-snippet":"max-snippet:-1","max-image-preview":"max-image-preview:large","max-video-preview":"max-video-preview:-1"},"canonical":"https:\/\/sakt.ee\/en\/pood\/process-sensors\/inductive-sensors\/si18-n5-lc5-inductive-sensor-5-30dc-m18-flush-namur-5mm-5m-cable\/","og_locale":"en_US","og_type":"article","og_title":"SI18-N5 LC5 inductive sensor, 5-30DC; M18; \u201cflush\u201d; NAMUR; 5mm; 5m cable","og_url":"https:\/\/sakt.ee\/en\/pood\/process-sensors\/inductive-sensors\/si18-n5-lc5-inductive-sensor-5-30dc-m18-flush-namur-5mm-5m-cable\/","og_site_name":"Sakala T\u00f6\u00f6stusautomaatika O\u00dc","article_modified_time":"2025-11-04T09:13:28+00:00","og_image":[{"width":590,"height":354,"url":"https:\/\/sakt.ee\/wp-content\/uploads\/2025\/05\/4110.jpg","type":"image\/jpeg"}],"twitter_card":"summary_large_image","twitter_misc":{"Price":"24,40&euro; +VAT","Availability":"On backorder"},"schema":{"@context":"https:\/\/schema.org","@graph":[{"@type":"WebPage","@id":"https:\/\/sakt.ee\/en\/pood\/process-sensors\/inductive-sensors\/si18-n5-lc5-inductive-sensor-5-30dc-m18-flush-namur-5mm-5m-cable\/","url":"https:\/\/sakt.ee\/en\/pood\/process-sensors\/inductive-sensors\/si18-n5-lc5-inductive-sensor-5-30dc-m18-flush-namur-5mm-5m-cable\/","name":"SI18-N5 LC5 inductive sensor, 5-30DC; M18; \u201cflush\u201d; NAMUR; 5mm; 5m cable - Sakala T\u00f6\u00f6stusautomaatika O\u00dc","isPartOf":{"@id":"https:\/\/sakt.ee\/en\/#website"},"primaryImageOfPage":{"@id":"https:\/\/sakt.ee\/en\/pood\/process-sensors\/inductive-sensors\/si18-n5-lc5-inductive-sensor-5-30dc-m18-flush-namur-5mm-5m-cable\/#primaryimage"},"image":{"@id":"https:\/\/sakt.ee\/en\/pood\/process-sensors\/inductive-sensors\/si18-n5-lc5-inductive-sensor-5-30dc-m18-flush-namur-5mm-5m-cable\/#primaryimage"},"thumbnailUrl":"https:\/\/sakt.ee\/wp-content\/uploads\/2025\/05\/4110.jpg","datePublished":"2025-05-17T03:03:04+00:00","dateModified":"2025-11-04T09:13:28+00:00","breadcrumb":{"@id":"https:\/\/sakt.ee\/en\/pood\/process-sensors\/inductive-sensors\/si18-n5-lc5-inductive-sensor-5-30dc-m18-flush-namur-5mm-5m-cable\/#breadcrumb"},"inLanguage":"en-US","potentialAction":[{"@type":"ReadAction","target":["https:\/\/sakt.ee\/en\/pood\/process-sensors\/inductive-sensors\/si18-n5-lc5-inductive-sensor-5-30dc-m18-flush-namur-5mm-5m-cable\/"]}]},{"@type":"ImageObject","inLanguage":"en-US","@id":"https:\/\/sakt.ee\/en\/pood\/process-sensors\/inductive-sensors\/si18-n5-lc5-inductive-sensor-5-30dc-m18-flush-namur-5mm-5m-cable\/#primaryimage","url":"https:\/\/sakt.ee\/wp-content\/uploads\/2025\/05\/4110.jpg","contentUrl":"https:\/\/sakt.ee\/wp-content\/uploads\/2025\/05\/4110.jpg","width":590,"height":354},{"@type":"BreadcrumbList","@id":"https:\/\/sakt.ee\/en\/pood\/process-sensors\/inductive-sensors\/si18-n5-lc5-inductive-sensor-5-30dc-m18-flush-namur-5mm-5m-cable\/#breadcrumb","itemListElement":[{"@type":"ListItem","position":1,"name":"Home","item":"https:\/\/sakt.ee\/"},{"@type":"ListItem","position":2,"name":"Shop","item":"https:\/\/sakt.ee\/en\/shop\/"},{"@type":"ListItem","position":3,"name":"SI18-N5 LC5 inductive sensor, 5-30DC; M18; \u201cflush\u201d; NAMUR; 5mm; 5m cable"}]},{"@type":"WebSite","@id":"https:\/\/sakt.ee\/en\/#website","url":"https:\/\/sakt.ee\/en\/","name":"Sakala T\u00f6\u00f6stusautomaatika O\u00dc","description":"T\u00f6\u00f6stusautomaatika e-pood","publisher":{"@id":"https:\/\/sakt.ee\/en\/#organization"},"potentialAction":[{"@type":"SearchAction","target":{"@type":"EntryPoint","urlTemplate":"https:\/\/sakt.ee\/en\/?s={search_term_string}"},"query-input":{"@type":"PropertyValueSpecification","valueRequired":true,"valueName":"search_term_string"}}],"inLanguage":"en-US"},{"@type":"Organization","@id":"https:\/\/sakt.ee\/en\/#organization","name":"Sakala T\u00f6\u00f6stusautomaatika O\u00dc","url":"https:\/\/sakt.ee\/en\/","logo":{"@type":"ImageObject","inLanguage":"en-US","@id":"https:\/\/sakt.ee\/en\/#\/schema\/logo\/image\/","url":"https:\/\/sakt.ee\/wp-content\/uploads\/2025\/05\/Sakala-Toostusautomaatika-favicon.png","contentUrl":"https:\/\/sakt.ee\/wp-content\/uploads\/2025\/05\/Sakala-Toostusautomaatika-favicon.png","width":500,"height":500,"caption":"Sakala T\u00f6\u00f6stusautomaatika O\u00dc"},"image":{"@id":"https:\/\/sakt.ee\/en\/#\/schema\/logo\/image\/"}}]},"product_price_amount":"24.40","product_price_currency":"EUR","og_availability":"backorder","product_availability":"available for order","product_retailer_item_id":"I18000336","product_condition":"new"},"_links":{"self":[{"href":"https:\/\/sakt.ee\/en\/wp-json\/wp\/v2\/product\/42921","targetHints":{"allow":["GET"]}}],"collection":[{"href":"https:\/\/sakt.ee\/en\/wp-json\/wp\/v2\/product"}],"about":[{"href":"https:\/\/sakt.ee\/en\/wp-json\/wp\/v2\/types\/product"}],"version-history":[{"count":0,"href":"https:\/\/sakt.ee\/en\/wp-json\/wp\/v2\/product\/42921\/revisions"}],"wp:featuredmedia":[{"embeddable":true,"href":"https:\/\/sakt.ee\/en\/wp-json\/wp\/v2\/media\/29333"}],"wp:attachment":[{"href":"https:\/\/sakt.ee\/en\/wp-json\/wp\/v2\/media?parent=42921"}],"wp:term":[{"taxonomy":"product_brand","embeddable":true,"href":"https:\/\/sakt.ee\/en\/wp-json\/wp\/v2\/product_brand?post=42921"},{"taxonomy":"product_cat","embeddable":true,"href":"https:\/\/sakt.ee\/en\/wp-json\/wp\/v2\/product_cat?post=42921"},{"taxonomy":"product_tag","embeddable":true,"href":"https:\/\/sakt.ee\/en\/wp-json\/wp\/v2\/product_tag?post=42921"},{"taxonomy":"manufacturers","embeddable":true,"href":"https:\/\/sakt.ee\/en\/wp-json\/wp\/v2\/manufacturers?post=42921"}],"curies":[{"name":"wp","href":"https:\/\/api.w.org\/{rel}","templated":true}]}}