{"id":42918,"date":"2025-05-17T06:02:28","date_gmt":"2025-05-17T03:02:28","guid":{"rendered":"https:\/\/sakt.ee\/product\/vf-b501-g-contact-for-foot-pedal-1no1nc-fast-action-plastic-knob-gold-reinforced-contacts\/"},"modified":"2025-11-04T12:13:37","modified_gmt":"2025-11-04T09:13:37","slug":"vf-b501-g-contact-for-foot-pedal-1no1nc-fast-action-plastic-knob-gold-reinforced-contacts","status":"publish","type":"product","link":"https:\/\/sakt.ee\/en\/pood\/switches\/foot-switches\/vf-b501-g-contact-for-foot-pedal-1no1nc-fast-action-plastic-knob-gold-reinforced-contacts\/","title":{"rendered":"VF B501-G contact for foot pedal; 1NO+1NC; fast action; plastic knob; gold reinforced contacts"},"content":{"rendered":"","protected":false},"excerpt":{"rendered":"","protected":false},"featured_media":29323,"template":"","meta":{"_acf_changed":false},"product_brand":[],"product_cat":[3969],"product_tag":[],"manufacturers":[7790],"class_list":{"0":"post-42918","1":"product","2":"type-product","3":"status-publish","4":"has-post-thumbnail","6":"product_cat-foot-switches","7":"pa_funktsioon-snap-action-en","8":"pa_kaitseklass-ip20-en","9":"pa_kontakt-1-no-1-nc-en","10":"pa_nimivool-6a-en","11":"pa_seeria-vf-en","12":"pa_toode-contact-en-2","13":"pa_tootemperatuur-40-80c-en","14":"pa_tootja-pizzato","15":"manufacturers-pizzato-en","17":"first","18":"instock","19":"taxable","20":"shipping-taxable","21":"purchasable","22":"product-type-simple"},"acf":[],"yoast_head":"<!-- This site is optimized with the Yoast SEO Premium plugin v25.4 (Yoast SEO v25.4) - https:\/\/yoast.com\/wordpress\/plugins\/seo\/ -->\n<title>VF B501-G contact for foot pedal; 1NO+1NC; fast action; plastic knob; gold reinforced contacts - Sakala T\u00f6\u00f6stusautomaatika O\u00dc<\/title>\n<meta name=\"robots\" content=\"index, follow, max-snippet:-1, max-image-preview:large, max-video-preview:-1\" \/>\n<link rel=\"canonical\" href=\"https:\/\/sakt.ee\/pood\/lulitid\/jalgpedaalid\/vf-b501-g-kontakt-jalgpedaalile-1no1nc-fast-action-plastikust-nupp-kontaktid-tugevdatud-kullaga\/\" \/>\n<meta property=\"og:locale\" content=\"en_US\" \/>\n<meta property=\"og:type\" content=\"article\" \/>\n<meta property=\"og:title\" content=\"VF B501-G contact for foot pedal; 1NO+1NC; fast action; plastic knob; gold reinforced contacts\" \/>\n<meta property=\"og:url\" content=\"https:\/\/sakt.ee\/pood\/lulitid\/jalgpedaalid\/vf-b501-g-kontakt-jalgpedaalile-1no1nc-fast-action-plastikust-nupp-kontaktid-tugevdatud-kullaga\/\" \/>\n<meta property=\"og:site_name\" content=\"Sakala T\u00f6\u00f6stusautomaatika O\u00dc\" \/>\n<meta property=\"article:modified_time\" content=\"2025-11-04T09:13:37+00:00\" \/>\n<meta property=\"og:image\" content=\"https:\/\/sakt.ee\/wp-content\/uploads\/2025\/05\/4106.jpg\" \/>\n\t<meta property=\"og:image:width\" content=\"1500\" \/>\n\t<meta property=\"og:image:height\" content=\"1500\" \/>\n\t<meta property=\"og:image:type\" content=\"image\/jpeg\" \/>\n<meta name=\"twitter:card\" content=\"summary_large_image\" \/>\n<meta name=\"twitter:label1\" content=\"Price\" \/>\n\t<meta name=\"twitter:data1\" content=\"11,60&euro; +VAT\" \/>\n\t<meta name=\"twitter:label2\" content=\"Availability\" \/>\n\t<meta name=\"twitter:data2\" content=\"In stock\" \/>\n<script type=\"application\/ld+json\" class=\"yoast-schema-graph\">{\"@context\":\"https:\/\/schema.org\",\"@graph\":[{\"@type\":\"WebPage\",\"@id\":\"https:\/\/sakt.ee\/pood\/lulitid\/jalgpedaalid\/vf-b501-g-kontakt-jalgpedaalile-1no1nc-fast-action-plastikust-nupp-kontaktid-tugevdatud-kullaga\/\",\"url\":\"https:\/\/sakt.ee\/pood\/lulitid\/jalgpedaalid\/vf-b501-g-kontakt-jalgpedaalile-1no1nc-fast-action-plastikust-nupp-kontaktid-tugevdatud-kullaga\/\",\"name\":\"VF B501-G contact for foot pedal; 1NO+1NC; fast action; plastic knob; gold reinforced contacts - Sakala T\u00f6\u00f6stusautomaatika O\u00dc\",\"isPartOf\":{\"@id\":\"https:\/\/sakt.ee\/en\/#website\"},\"primaryImageOfPage\":{\"@id\":\"https:\/\/sakt.ee\/pood\/lulitid\/jalgpedaalid\/vf-b501-g-kontakt-jalgpedaalile-1no1nc-fast-action-plastikust-nupp-kontaktid-tugevdatud-kullaga\/#primaryimage\"},\"image\":{\"@id\":\"https:\/\/sakt.ee\/pood\/lulitid\/jalgpedaalid\/vf-b501-g-kontakt-jalgpedaalile-1no1nc-fast-action-plastikust-nupp-kontaktid-tugevdatud-kullaga\/#primaryimage\"},\"thumbnailUrl\":\"https:\/\/sakt.ee\/wp-content\/uploads\/2025\/05\/4106.jpg\",\"datePublished\":\"2025-05-17T03:02:28+00:00\",\"dateModified\":\"2025-11-04T09:13:37+00:00\",\"breadcrumb\":{\"@id\":\"https:\/\/sakt.ee\/pood\/lulitid\/jalgpedaalid\/vf-b501-g-kontakt-jalgpedaalile-1no1nc-fast-action-plastikust-nupp-kontaktid-tugevdatud-kullaga\/#breadcrumb\"},\"inLanguage\":\"en-US\",\"potentialAction\":[{\"@type\":\"ReadAction\",\"target\":[\"https:\/\/sakt.ee\/pood\/lulitid\/jalgpedaalid\/vf-b501-g-kontakt-jalgpedaalile-1no1nc-fast-action-plastikust-nupp-kontaktid-tugevdatud-kullaga\/\"]}]},{\"@type\":\"ImageObject\",\"inLanguage\":\"en-US\",\"@id\":\"https:\/\/sakt.ee\/pood\/lulitid\/jalgpedaalid\/vf-b501-g-kontakt-jalgpedaalile-1no1nc-fast-action-plastikust-nupp-kontaktid-tugevdatud-kullaga\/#primaryimage\",\"url\":\"https:\/\/sakt.ee\/wp-content\/uploads\/2025\/05\/4106.jpg\",\"contentUrl\":\"https:\/\/sakt.ee\/wp-content\/uploads\/2025\/05\/4106.jpg\",\"width\":1500,\"height\":1500},{\"@type\":\"BreadcrumbList\",\"@id\":\"https:\/\/sakt.ee\/pood\/lulitid\/jalgpedaalid\/vf-b501-g-kontakt-jalgpedaalile-1no1nc-fast-action-plastikust-nupp-kontaktid-tugevdatud-kullaga\/#breadcrumb\",\"itemListElement\":[{\"@type\":\"ListItem\",\"position\":1,\"name\":\"Home\",\"item\":\"https:\/\/sakt.ee\/\"},{\"@type\":\"ListItem\",\"position\":2,\"name\":\"Shop\",\"item\":\"https:\/\/sakt.ee\/en\/shop\/\"},{\"@type\":\"ListItem\",\"position\":3,\"name\":\"VF B501-G contact for foot pedal; 1NO+1NC; fast action; plastic knob; gold reinforced contacts\"}]},{\"@type\":\"WebSite\",\"@id\":\"https:\/\/sakt.ee\/en\/#website\",\"url\":\"https:\/\/sakt.ee\/en\/\",\"name\":\"Sakala T\u00f6\u00f6stusautomaatika O\u00dc\",\"description\":\"T\u00f6\u00f6stusautomaatika e-pood\",\"publisher\":{\"@id\":\"https:\/\/sakt.ee\/en\/#organization\"},\"potentialAction\":[{\"@type\":\"SearchAction\",\"target\":{\"@type\":\"EntryPoint\",\"urlTemplate\":\"https:\/\/sakt.ee\/en\/?s={search_term_string}\"},\"query-input\":{\"@type\":\"PropertyValueSpecification\",\"valueRequired\":true,\"valueName\":\"search_term_string\"}}],\"inLanguage\":\"en-US\"},{\"@type\":\"Organization\",\"@id\":\"https:\/\/sakt.ee\/en\/#organization\",\"name\":\"Sakala T\u00f6\u00f6stusautomaatika O\u00dc\",\"url\":\"https:\/\/sakt.ee\/en\/\",\"logo\":{\"@type\":\"ImageObject\",\"inLanguage\":\"en-US\",\"@id\":\"https:\/\/sakt.ee\/en\/#\/schema\/logo\/image\/\",\"url\":\"https:\/\/sakt.ee\/wp-content\/uploads\/2025\/05\/Sakala-Toostusautomaatika-favicon.png\",\"contentUrl\":\"https:\/\/sakt.ee\/wp-content\/uploads\/2025\/05\/Sakala-Toostusautomaatika-favicon.png\",\"width\":500,\"height\":500,\"caption\":\"Sakala T\u00f6\u00f6stusautomaatika O\u00dc\"},\"image\":{\"@id\":\"https:\/\/sakt.ee\/en\/#\/schema\/logo\/image\/\"}}]}<\/script>\n<meta property=\"product:price:amount\" content=\"11.60\" \/>\n<meta property=\"product:price:currency\" content=\"EUR\" \/>\n<meta property=\"og:availability\" content=\"instock\" \/>\n<meta property=\"product:availability\" content=\"instock\" \/>\n<meta property=\"product:retailer_item_id\" content=\"VF B501-G\" \/>\n<meta property=\"product:condition\" content=\"new\" \/>\n<!-- \/ Yoast SEO Premium plugin. -->","yoast_head_json":{"title":"VF B501-G contact for foot pedal; 1NO+1NC; fast action; plastic knob; gold reinforced contacts - Sakala T\u00f6\u00f6stusautomaatika O\u00dc","robots":{"index":"index","follow":"follow","max-snippet":"max-snippet:-1","max-image-preview":"max-image-preview:large","max-video-preview":"max-video-preview:-1"},"canonical":"https:\/\/sakt.ee\/pood\/lulitid\/jalgpedaalid\/vf-b501-g-kontakt-jalgpedaalile-1no1nc-fast-action-plastikust-nupp-kontaktid-tugevdatud-kullaga\/","og_locale":"en_US","og_type":"article","og_title":"VF B501-G contact for foot pedal; 1NO+1NC; fast action; plastic knob; gold reinforced contacts","og_url":"https:\/\/sakt.ee\/pood\/lulitid\/jalgpedaalid\/vf-b501-g-kontakt-jalgpedaalile-1no1nc-fast-action-plastikust-nupp-kontaktid-tugevdatud-kullaga\/","og_site_name":"Sakala T\u00f6\u00f6stusautomaatika O\u00dc","article_modified_time":"2025-11-04T09:13:37+00:00","og_image":[{"width":1500,"height":1500,"url":"https:\/\/sakt.ee\/wp-content\/uploads\/2025\/05\/4106.jpg","type":"image\/jpeg"}],"twitter_card":"summary_large_image","twitter_misc":{"Price":"11,60&euro; +VAT","Availability":"In stock"},"schema":{"@context":"https:\/\/schema.org","@graph":[{"@type":"WebPage","@id":"https:\/\/sakt.ee\/pood\/lulitid\/jalgpedaalid\/vf-b501-g-kontakt-jalgpedaalile-1no1nc-fast-action-plastikust-nupp-kontaktid-tugevdatud-kullaga\/","url":"https:\/\/sakt.ee\/pood\/lulitid\/jalgpedaalid\/vf-b501-g-kontakt-jalgpedaalile-1no1nc-fast-action-plastikust-nupp-kontaktid-tugevdatud-kullaga\/","name":"VF B501-G contact for foot pedal; 1NO+1NC; fast action; plastic knob; gold reinforced contacts - Sakala T\u00f6\u00f6stusautomaatika O\u00dc","isPartOf":{"@id":"https:\/\/sakt.ee\/en\/#website"},"primaryImageOfPage":{"@id":"https:\/\/sakt.ee\/pood\/lulitid\/jalgpedaalid\/vf-b501-g-kontakt-jalgpedaalile-1no1nc-fast-action-plastikust-nupp-kontaktid-tugevdatud-kullaga\/#primaryimage"},"image":{"@id":"https:\/\/sakt.ee\/pood\/lulitid\/jalgpedaalid\/vf-b501-g-kontakt-jalgpedaalile-1no1nc-fast-action-plastikust-nupp-kontaktid-tugevdatud-kullaga\/#primaryimage"},"thumbnailUrl":"https:\/\/sakt.ee\/wp-content\/uploads\/2025\/05\/4106.jpg","datePublished":"2025-05-17T03:02:28+00:00","dateModified":"2025-11-04T09:13:37+00:00","breadcrumb":{"@id":"https:\/\/sakt.ee\/pood\/lulitid\/jalgpedaalid\/vf-b501-g-kontakt-jalgpedaalile-1no1nc-fast-action-plastikust-nupp-kontaktid-tugevdatud-kullaga\/#breadcrumb"},"inLanguage":"en-US","potentialAction":[{"@type":"ReadAction","target":["https:\/\/sakt.ee\/pood\/lulitid\/jalgpedaalid\/vf-b501-g-kontakt-jalgpedaalile-1no1nc-fast-action-plastikust-nupp-kontaktid-tugevdatud-kullaga\/"]}]},{"@type":"ImageObject","inLanguage":"en-US","@id":"https:\/\/sakt.ee\/pood\/lulitid\/jalgpedaalid\/vf-b501-g-kontakt-jalgpedaalile-1no1nc-fast-action-plastikust-nupp-kontaktid-tugevdatud-kullaga\/#primaryimage","url":"https:\/\/sakt.ee\/wp-content\/uploads\/2025\/05\/4106.jpg","contentUrl":"https:\/\/sakt.ee\/wp-content\/uploads\/2025\/05\/4106.jpg","width":1500,"height":1500},{"@type":"BreadcrumbList","@id":"https:\/\/sakt.ee\/pood\/lulitid\/jalgpedaalid\/vf-b501-g-kontakt-jalgpedaalile-1no1nc-fast-action-plastikust-nupp-kontaktid-tugevdatud-kullaga\/#breadcrumb","itemListElement":[{"@type":"ListItem","position":1,"name":"Home","item":"https:\/\/sakt.ee\/"},{"@type":"ListItem","position":2,"name":"Shop","item":"https:\/\/sakt.ee\/en\/shop\/"},{"@type":"ListItem","position":3,"name":"VF B501-G contact for foot pedal; 1NO+1NC; fast action; plastic knob; gold reinforced contacts"}]},{"@type":"WebSite","@id":"https:\/\/sakt.ee\/en\/#website","url":"https:\/\/sakt.ee\/en\/","name":"Sakala T\u00f6\u00f6stusautomaatika O\u00dc","description":"T\u00f6\u00f6stusautomaatika e-pood","publisher":{"@id":"https:\/\/sakt.ee\/en\/#organization"},"potentialAction":[{"@type":"SearchAction","target":{"@type":"EntryPoint","urlTemplate":"https:\/\/sakt.ee\/en\/?s={search_term_string}"},"query-input":{"@type":"PropertyValueSpecification","valueRequired":true,"valueName":"search_term_string"}}],"inLanguage":"en-US"},{"@type":"Organization","@id":"https:\/\/sakt.ee\/en\/#organization","name":"Sakala T\u00f6\u00f6stusautomaatika O\u00dc","url":"https:\/\/sakt.ee\/en\/","logo":{"@type":"ImageObject","inLanguage":"en-US","@id":"https:\/\/sakt.ee\/en\/#\/schema\/logo\/image\/","url":"https:\/\/sakt.ee\/wp-content\/uploads\/2025\/05\/Sakala-Toostusautomaatika-favicon.png","contentUrl":"https:\/\/sakt.ee\/wp-content\/uploads\/2025\/05\/Sakala-Toostusautomaatika-favicon.png","width":500,"height":500,"caption":"Sakala T\u00f6\u00f6stusautomaatika O\u00dc"},"image":{"@id":"https:\/\/sakt.ee\/en\/#\/schema\/logo\/image\/"}}]},"product_price_amount":"11.60","product_price_currency":"EUR","og_availability":"instock","product_availability":"instock","product_retailer_item_id":"VF B501-G","product_condition":"new"},"_links":{"self":[{"href":"https:\/\/sakt.ee\/en\/wp-json\/wp\/v2\/product\/42918","targetHints":{"allow":["GET"]}}],"collection":[{"href":"https:\/\/sakt.ee\/en\/wp-json\/wp\/v2\/product"}],"about":[{"href":"https:\/\/sakt.ee\/en\/wp-json\/wp\/v2\/types\/product"}],"version-history":[{"count":0,"href":"https:\/\/sakt.ee\/en\/wp-json\/wp\/v2\/product\/42918\/revisions"}],"wp:featuredmedia":[{"embeddable":true,"href":"https:\/\/sakt.ee\/en\/wp-json\/wp\/v2\/media\/29323"}],"wp:attachment":[{"href":"https:\/\/sakt.ee\/en\/wp-json\/wp\/v2\/media?parent=42918"}],"wp:term":[{"taxonomy":"product_brand","embeddable":true,"href":"https:\/\/sakt.ee\/en\/wp-json\/wp\/v2\/product_brand?post=42918"},{"taxonomy":"product_cat","embeddable":true,"href":"https:\/\/sakt.ee\/en\/wp-json\/wp\/v2\/product_cat?post=42918"},{"taxonomy":"product_tag","embeddable":true,"href":"https:\/\/sakt.ee\/en\/wp-json\/wp\/v2\/product_tag?post=42918"},{"taxonomy":"manufacturers","embeddable":true,"href":"https:\/\/sakt.ee\/en\/wp-json\/wp\/v2\/manufacturers?post=42918"}],"curies":[{"name":"wp","href":"https:\/\/api.w.org\/{rel}","templated":true}]}}