{"id":42902,"date":"2025-05-17T03:05:41","date_gmt":"2025-05-17T03:05:41","guid":{"rendered":"https:\/\/sakt.ee\/product\/i3p-signal-converter-and-isolator-18-265ac-dc-universal-input-and-output-din-rack-ip30\/"},"modified":"2025-11-04T10:04:29","modified_gmt":"2025-11-04T07:04:29","slug":"i3p-signal-converter-and-isolator-18-265ac-dc-universal-input-and-output-din-rack-ip30","status":"publish","type":"product","link":"https:\/\/sakt.ee\/en\/pood\/process-sensors\/transmitters\/i3p-signal-converter-and-isolator-18-265ac-dc-universal-input-and-output-din-rack-ip30\/","title":{"rendered":"I3P signal converter and isolator, 18-265AC\/DC, universal input and output, DIN-rack, IP30"},"content":{"rendered":"","protected":false},"excerpt":{"rendered":"<p>Process measurement<br \/>\nTemperature measurement<br \/>\nResistance measurement<br \/>\nPotentiometer<\/p>\n<p>Galvanically insulated<\/p>\n","protected":false},"featured_media":29363,"template":"","meta":{"_acf_changed":false},"product_brand":[],"product_cat":[7247],"product_tag":[],"manufacturers":[7827],"class_list":{"0":"post-42902","1":"product","2":"type-product","3":"status-publish","4":"has-post-thumbnail","6":"product_cat-transmitters","7":"pa_kaitseklass-ip30-en","8":"pa_paigaldus-din-en","9":"pa_sisend-universal","10":"pa_toide-18-265v-ac-dc-en","11":"pa_tootemperatuur-0-50c-en","12":"pa_tootja-fema","13":"pa_valjund-4-20ma-0-10v-dc-en","14":"manufacturers-fema-en","16":"first","17":"instock","18":"taxable","19":"shipping-taxable","20":"purchasable","21":"product-type-simple"},"acf":[],"yoast_head":"<!-- This site is optimized with the Yoast SEO Premium plugin v25.4 (Yoast SEO v25.4) - https:\/\/yoast.com\/wordpress\/plugins\/seo\/ -->\n<title>I3P signal converter and isolator, 18-265AC\/DC, universal input and output, DIN-rack, IP30 - Sakala T\u00f6\u00f6stusautomaatika O\u00dc<\/title>\n<meta name=\"robots\" content=\"index, follow, max-snippet:-1, max-image-preview:large, max-video-preview:-1\" \/>\n<link rel=\"canonical\" href=\"https:\/\/sakt.ee\/pood\/andurid\/muundurid\/i3p-signaalimuundur-ja-isolaator-18-265ac-dc-universaalne-sisend-ja-valjund-ip30\/\" \/>\n<meta property=\"og:locale\" content=\"en_US\" \/>\n<meta property=\"og:type\" content=\"article\" \/>\n<meta property=\"og:title\" content=\"I3P signal converter and isolator, 18-265AC\/DC, universal input and output, DIN-rack, IP30\" \/>\n<meta property=\"og:description\" content=\"Process measurement Temperature measurement Resistance measurement Potentiometer Galvanically insulated\" \/>\n<meta property=\"og:url\" content=\"https:\/\/sakt.ee\/pood\/andurid\/muundurid\/i3p-signaalimuundur-ja-isolaator-18-265ac-dc-universaalne-sisend-ja-valjund-ip30\/\" \/>\n<meta property=\"og:site_name\" content=\"Sakala T\u00f6\u00f6stusautomaatika O\u00dc\" \/>\n<meta property=\"article:modified_time\" content=\"2025-11-04T07:04:29+00:00\" \/>\n<meta property=\"og:image\" content=\"https:\/\/sakt.ee\/wp-content\/uploads\/2025\/05\/4226.jpg\" \/>\n\t<meta property=\"og:image:width\" content=\"350\" \/>\n\t<meta property=\"og:image:height\" content=\"315\" \/>\n\t<meta property=\"og:image:type\" content=\"image\/jpeg\" \/>\n<meta name=\"twitter:card\" content=\"summary_large_image\" \/>\n<meta name=\"twitter:label1\" content=\"Price\" \/>\n\t<meta name=\"twitter:data1\" content=\"106,40&euro; +VAT\" \/>\n\t<meta name=\"twitter:label2\" content=\"Availability\" \/>\n\t<meta name=\"twitter:data2\" content=\"In stock\" \/>\n<script type=\"application\/ld+json\" class=\"yoast-schema-graph\">{\"@context\":\"https:\/\/schema.org\",\"@graph\":[{\"@type\":\"WebPage\",\"@id\":\"https:\/\/sakt.ee\/pood\/andurid\/muundurid\/i3p-signaalimuundur-ja-isolaator-18-265ac-dc-universaalne-sisend-ja-valjund-ip30\/\",\"url\":\"https:\/\/sakt.ee\/pood\/andurid\/muundurid\/i3p-signaalimuundur-ja-isolaator-18-265ac-dc-universaalne-sisend-ja-valjund-ip30\/\",\"name\":\"I3P signal converter and isolator, 18-265AC\/DC, universal input and output, DIN-rack, IP30 - Sakala T\u00f6\u00f6stusautomaatika O\u00dc\",\"isPartOf\":{\"@id\":\"https:\/\/sakt.ee\/en\/#website\"},\"primaryImageOfPage\":{\"@id\":\"https:\/\/sakt.ee\/pood\/andurid\/muundurid\/i3p-signaalimuundur-ja-isolaator-18-265ac-dc-universaalne-sisend-ja-valjund-ip30\/#primaryimage\"},\"image\":{\"@id\":\"https:\/\/sakt.ee\/pood\/andurid\/muundurid\/i3p-signaalimuundur-ja-isolaator-18-265ac-dc-universaalne-sisend-ja-valjund-ip30\/#primaryimage\"},\"thumbnailUrl\":\"https:\/\/sakt.ee\/wp-content\/uploads\/2025\/05\/4226.jpg\",\"datePublished\":\"2025-05-17T03:05:41+00:00\",\"dateModified\":\"2025-11-04T07:04:29+00:00\",\"breadcrumb\":{\"@id\":\"https:\/\/sakt.ee\/pood\/andurid\/muundurid\/i3p-signaalimuundur-ja-isolaator-18-265ac-dc-universaalne-sisend-ja-valjund-ip30\/#breadcrumb\"},\"inLanguage\":\"en-US\",\"potentialAction\":[{\"@type\":\"ReadAction\",\"target\":[\"https:\/\/sakt.ee\/pood\/andurid\/muundurid\/i3p-signaalimuundur-ja-isolaator-18-265ac-dc-universaalne-sisend-ja-valjund-ip30\/\"]}]},{\"@type\":\"ImageObject\",\"inLanguage\":\"en-US\",\"@id\":\"https:\/\/sakt.ee\/pood\/andurid\/muundurid\/i3p-signaalimuundur-ja-isolaator-18-265ac-dc-universaalne-sisend-ja-valjund-ip30\/#primaryimage\",\"url\":\"https:\/\/sakt.ee\/wp-content\/uploads\/2025\/05\/4226.jpg\",\"contentUrl\":\"https:\/\/sakt.ee\/wp-content\/uploads\/2025\/05\/4226.jpg\",\"width\":350,\"height\":315},{\"@type\":\"BreadcrumbList\",\"@id\":\"https:\/\/sakt.ee\/pood\/andurid\/muundurid\/i3p-signaalimuundur-ja-isolaator-18-265ac-dc-universaalne-sisend-ja-valjund-ip30\/#breadcrumb\",\"itemListElement\":[{\"@type\":\"ListItem\",\"position\":1,\"name\":\"Home\",\"item\":\"https:\/\/sakt.ee\/\"},{\"@type\":\"ListItem\",\"position\":2,\"name\":\"Shop\",\"item\":\"https:\/\/sakt.ee\/en\/shop\/\"},{\"@type\":\"ListItem\",\"position\":3,\"name\":\"I3P signal converter and isolator, 18-265AC\/DC, universal input and output, DIN-rack, IP30\"}]},{\"@type\":\"WebSite\",\"@id\":\"https:\/\/sakt.ee\/en\/#website\",\"url\":\"https:\/\/sakt.ee\/en\/\",\"name\":\"Sakala T\u00f6\u00f6stusautomaatika O\u00dc\",\"description\":\"T\u00f6\u00f6stusautomaatika e-pood\",\"publisher\":{\"@id\":\"https:\/\/sakt.ee\/en\/#organization\"},\"potentialAction\":[{\"@type\":\"SearchAction\",\"target\":{\"@type\":\"EntryPoint\",\"urlTemplate\":\"https:\/\/sakt.ee\/en\/?s={search_term_string}\"},\"query-input\":{\"@type\":\"PropertyValueSpecification\",\"valueRequired\":true,\"valueName\":\"search_term_string\"}}],\"inLanguage\":\"en-US\"},{\"@type\":\"Organization\",\"@id\":\"https:\/\/sakt.ee\/en\/#organization\",\"name\":\"Sakala T\u00f6\u00f6stusautomaatika O\u00dc\",\"url\":\"https:\/\/sakt.ee\/en\/\",\"logo\":{\"@type\":\"ImageObject\",\"inLanguage\":\"en-US\",\"@id\":\"https:\/\/sakt.ee\/en\/#\/schema\/logo\/image\/\",\"url\":\"https:\/\/sakt.ee\/wp-content\/uploads\/2025\/05\/Sakala-Toostusautomaatika-favicon.png\",\"contentUrl\":\"https:\/\/sakt.ee\/wp-content\/uploads\/2025\/05\/Sakala-Toostusautomaatika-favicon.png\",\"width\":500,\"height\":500,\"caption\":\"Sakala T\u00f6\u00f6stusautomaatika O\u00dc\"},\"image\":{\"@id\":\"https:\/\/sakt.ee\/en\/#\/schema\/logo\/image\/\"}}]}<\/script>\n<meta property=\"product:price:amount\" content=\"106.40\" \/>\n<meta property=\"product:price:currency\" content=\"EUR\" \/>\n<meta property=\"og:availability\" content=\"instock\" \/>\n<meta property=\"product:availability\" content=\"instock\" \/>\n<meta property=\"product:retailer_item_id\" content=\"2.31320\" \/>\n<meta property=\"product:condition\" content=\"new\" \/>\n<!-- \/ Yoast SEO Premium plugin. -->","yoast_head_json":{"title":"I3P signal converter and isolator, 18-265AC\/DC, universal input and output, DIN-rack, IP30 - Sakala T\u00f6\u00f6stusautomaatika O\u00dc","robots":{"index":"index","follow":"follow","max-snippet":"max-snippet:-1","max-image-preview":"max-image-preview:large","max-video-preview":"max-video-preview:-1"},"canonical":"https:\/\/sakt.ee\/pood\/andurid\/muundurid\/i3p-signaalimuundur-ja-isolaator-18-265ac-dc-universaalne-sisend-ja-valjund-ip30\/","og_locale":"en_US","og_type":"article","og_title":"I3P signal converter and isolator, 18-265AC\/DC, universal input and output, DIN-rack, IP30","og_description":"Process measurement Temperature measurement Resistance measurement Potentiometer Galvanically insulated","og_url":"https:\/\/sakt.ee\/pood\/andurid\/muundurid\/i3p-signaalimuundur-ja-isolaator-18-265ac-dc-universaalne-sisend-ja-valjund-ip30\/","og_site_name":"Sakala T\u00f6\u00f6stusautomaatika O\u00dc","article_modified_time":"2025-11-04T07:04:29+00:00","og_image":[{"width":350,"height":315,"url":"https:\/\/sakt.ee\/wp-content\/uploads\/2025\/05\/4226.jpg","type":"image\/jpeg"}],"twitter_card":"summary_large_image","twitter_misc":{"Price":"106,40&euro; +VAT","Availability":"In stock"},"schema":{"@context":"https:\/\/schema.org","@graph":[{"@type":"WebPage","@id":"https:\/\/sakt.ee\/pood\/andurid\/muundurid\/i3p-signaalimuundur-ja-isolaator-18-265ac-dc-universaalne-sisend-ja-valjund-ip30\/","url":"https:\/\/sakt.ee\/pood\/andurid\/muundurid\/i3p-signaalimuundur-ja-isolaator-18-265ac-dc-universaalne-sisend-ja-valjund-ip30\/","name":"I3P signal converter and isolator, 18-265AC\/DC, universal input and output, DIN-rack, IP30 - Sakala T\u00f6\u00f6stusautomaatika O\u00dc","isPartOf":{"@id":"https:\/\/sakt.ee\/en\/#website"},"primaryImageOfPage":{"@id":"https:\/\/sakt.ee\/pood\/andurid\/muundurid\/i3p-signaalimuundur-ja-isolaator-18-265ac-dc-universaalne-sisend-ja-valjund-ip30\/#primaryimage"},"image":{"@id":"https:\/\/sakt.ee\/pood\/andurid\/muundurid\/i3p-signaalimuundur-ja-isolaator-18-265ac-dc-universaalne-sisend-ja-valjund-ip30\/#primaryimage"},"thumbnailUrl":"https:\/\/sakt.ee\/wp-content\/uploads\/2025\/05\/4226.jpg","datePublished":"2025-05-17T03:05:41+00:00","dateModified":"2025-11-04T07:04:29+00:00","breadcrumb":{"@id":"https:\/\/sakt.ee\/pood\/andurid\/muundurid\/i3p-signaalimuundur-ja-isolaator-18-265ac-dc-universaalne-sisend-ja-valjund-ip30\/#breadcrumb"},"inLanguage":"en-US","potentialAction":[{"@type":"ReadAction","target":["https:\/\/sakt.ee\/pood\/andurid\/muundurid\/i3p-signaalimuundur-ja-isolaator-18-265ac-dc-universaalne-sisend-ja-valjund-ip30\/"]}]},{"@type":"ImageObject","inLanguage":"en-US","@id":"https:\/\/sakt.ee\/pood\/andurid\/muundurid\/i3p-signaalimuundur-ja-isolaator-18-265ac-dc-universaalne-sisend-ja-valjund-ip30\/#primaryimage","url":"https:\/\/sakt.ee\/wp-content\/uploads\/2025\/05\/4226.jpg","contentUrl":"https:\/\/sakt.ee\/wp-content\/uploads\/2025\/05\/4226.jpg","width":350,"height":315},{"@type":"BreadcrumbList","@id":"https:\/\/sakt.ee\/pood\/andurid\/muundurid\/i3p-signaalimuundur-ja-isolaator-18-265ac-dc-universaalne-sisend-ja-valjund-ip30\/#breadcrumb","itemListElement":[{"@type":"ListItem","position":1,"name":"Home","item":"https:\/\/sakt.ee\/"},{"@type":"ListItem","position":2,"name":"Shop","item":"https:\/\/sakt.ee\/en\/shop\/"},{"@type":"ListItem","position":3,"name":"I3P signal converter and isolator, 18-265AC\/DC, universal input and output, DIN-rack, IP30"}]},{"@type":"WebSite","@id":"https:\/\/sakt.ee\/en\/#website","url":"https:\/\/sakt.ee\/en\/","name":"Sakala T\u00f6\u00f6stusautomaatika O\u00dc","description":"T\u00f6\u00f6stusautomaatika e-pood","publisher":{"@id":"https:\/\/sakt.ee\/en\/#organization"},"potentialAction":[{"@type":"SearchAction","target":{"@type":"EntryPoint","urlTemplate":"https:\/\/sakt.ee\/en\/?s={search_term_string}"},"query-input":{"@type":"PropertyValueSpecification","valueRequired":true,"valueName":"search_term_string"}}],"inLanguage":"en-US"},{"@type":"Organization","@id":"https:\/\/sakt.ee\/en\/#organization","name":"Sakala T\u00f6\u00f6stusautomaatika O\u00dc","url":"https:\/\/sakt.ee\/en\/","logo":{"@type":"ImageObject","inLanguage":"en-US","@id":"https:\/\/sakt.ee\/en\/#\/schema\/logo\/image\/","url":"https:\/\/sakt.ee\/wp-content\/uploads\/2025\/05\/Sakala-Toostusautomaatika-favicon.png","contentUrl":"https:\/\/sakt.ee\/wp-content\/uploads\/2025\/05\/Sakala-Toostusautomaatika-favicon.png","width":500,"height":500,"caption":"Sakala T\u00f6\u00f6stusautomaatika O\u00dc"},"image":{"@id":"https:\/\/sakt.ee\/en\/#\/schema\/logo\/image\/"}}]},"product_price_amount":"106.40","product_price_currency":"EUR","og_availability":"instock","product_availability":"instock","product_retailer_item_id":"2.31320","product_condition":"new"},"_links":{"self":[{"href":"https:\/\/sakt.ee\/en\/wp-json\/wp\/v2\/product\/42902","targetHints":{"allow":["GET"]}}],"collection":[{"href":"https:\/\/sakt.ee\/en\/wp-json\/wp\/v2\/product"}],"about":[{"href":"https:\/\/sakt.ee\/en\/wp-json\/wp\/v2\/types\/product"}],"version-history":[{"count":0,"href":"https:\/\/sakt.ee\/en\/wp-json\/wp\/v2\/product\/42902\/revisions"}],"wp:featuredmedia":[{"embeddable":true,"href":"https:\/\/sakt.ee\/en\/wp-json\/wp\/v2\/media\/29363"}],"wp:attachment":[{"href":"https:\/\/sakt.ee\/en\/wp-json\/wp\/v2\/media?parent=42902"}],"wp:term":[{"taxonomy":"product_brand","embeddable":true,"href":"https:\/\/sakt.ee\/en\/wp-json\/wp\/v2\/product_brand?post=42902"},{"taxonomy":"product_cat","embeddable":true,"href":"https:\/\/sakt.ee\/en\/wp-json\/wp\/v2\/product_cat?post=42902"},{"taxonomy":"product_tag","embeddable":true,"href":"https:\/\/sakt.ee\/en\/wp-json\/wp\/v2\/product_tag?post=42902"},{"taxonomy":"manufacturers","embeddable":true,"href":"https:\/\/sakt.ee\/en\/wp-json\/wp\/v2\/manufacturers?post=42902"}],"curies":[{"name":"wp","href":"https:\/\/api.w.org\/{rel}","templated":true}]}}