{"id":42523,"date":"2025-05-17T05:30:07","date_gmt":"2025-05-17T02:30:07","guid":{"rendered":"https:\/\/sakt.ee\/product\/t3-5-8345-v-svb-sw-rotary-switch-9-pole-off-on-900-off-lockable-black-handle-din-rail-mounting-npe-auxiliary-contacts\/"},"modified":"2025-11-18T22:51:07","modified_gmt":"2025-11-18T19:51:07","slug":"t3-5-8345-v-svb-sw-rotary-switch-9-pole-off-on-900-off-lockable-black-handle-din-rail-mounting-npe-auxiliary-contacts","status":"publish","type":"product","link":"https:\/\/sakt.ee\/en\/pood\/automatic-components\/m16-m22-module-series-buttons-and-indication-lights\/t3-5-8345-v-svb-sw-rotary-switch-9-pole-off-on-900-off-lockable-black-handle-din-rail-mounting-npe-auxiliary-contacts\/","title":{"rendered":"T3-5-8345\/V\/SVB-SW rotary switch, 9 pole, OFF-ON (-90\u00b0:0\u00b0), OFF-lockable, black handle, DIN rail mounting, N+PE auxiliary contacts."},"content":{"rendered":"","protected":false},"excerpt":{"rendered":"","protected":false},"featured_media":0,"template":"","meta":{"_acf_changed":false},"product_brand":[],"product_cat":[7250],"product_tag":[],"manufacturers":[],"class_list":{"0":"post-42523","1":"product","2":"type-product","3":"status-publish","5":"product_cat-m16-m22-module-series-buttons-and-indication-lights","7":"first","8":"instock","9":"taxable","10":"shipping-taxable","11":"purchasable","12":"product-type-simple"},"acf":[],"yoast_head":"<!-- This site is optimized with the Yoast SEO Premium plugin v25.4 (Yoast SEO v25.4) - https:\/\/yoast.com\/wordpress\/plugins\/seo\/ -->\n<title>T3-5-8345\/V\/SVB-SW rotary switch, 9 pole, OFF-ON (-90\u00b0:0\u00b0), OFF-lockable, black handle, DIN rail mounting, N+PE auxiliary contacts. - Sakala T\u00f6\u00f6stusautomaatika O\u00dc<\/title>\n<meta name=\"robots\" content=\"index, follow, max-snippet:-1, max-image-preview:large, max-video-preview:-1\" \/>\n<link rel=\"canonical\" href=\"https:\/\/sakt.ee\/pood\/automaatikakomponendid\/m16-m22-moodul-seeria-juhtnupud-ja-indikatsioonilambid\/t3-5-8345-v-svb-sw-poordluliti-9-pole-off-on-900-off-lukustatav-must-kaepide-din-pohjakinnitus-npe-lisaklemmi\/\" \/>\n<meta property=\"og:locale\" content=\"en_US\" \/>\n<meta property=\"og:type\" content=\"article\" \/>\n<meta property=\"og:title\" content=\"T3-5-8345\/V\/SVB-SW rotary switch, 9 pole, OFF-ON (-90\u00b0:0\u00b0), OFF-lockable, black handle, DIN rail mounting, N+PE auxiliary contacts.\" \/>\n<meta property=\"og:url\" content=\"https:\/\/sakt.ee\/pood\/automaatikakomponendid\/m16-m22-moodul-seeria-juhtnupud-ja-indikatsioonilambid\/t3-5-8345-v-svb-sw-poordluliti-9-pole-off-on-900-off-lukustatav-must-kaepide-din-pohjakinnitus-npe-lisaklemmi\/\" \/>\n<meta property=\"og:site_name\" content=\"Sakala T\u00f6\u00f6stusautomaatika O\u00dc\" \/>\n<meta property=\"article:modified_time\" content=\"2025-11-18T19:51:07+00:00\" \/>\n<meta name=\"twitter:card\" content=\"summary_large_image\" \/>\n<meta name=\"twitter:label1\" content=\"Price\" \/>\n\t<meta name=\"twitter:data1\" content=\"6,85&euro; +VAT\" \/>\n\t<meta name=\"twitter:label2\" content=\"Availability\" \/>\n\t<meta name=\"twitter:data2\" content=\"In stock\" \/>\n<script type=\"application\/ld+json\" class=\"yoast-schema-graph\">{\"@context\":\"https:\/\/schema.org\",\"@graph\":[{\"@type\":\"WebPage\",\"@id\":\"https:\/\/sakt.ee\/pood\/automaatikakomponendid\/m16-m22-moodul-seeria-juhtnupud-ja-indikatsioonilambid\/t3-5-8345-v-svb-sw-poordluliti-9-pole-off-on-900-off-lukustatav-must-kaepide-din-pohjakinnitus-npe-lisaklemmi\/\",\"url\":\"https:\/\/sakt.ee\/pood\/automaatikakomponendid\/m16-m22-moodul-seeria-juhtnupud-ja-indikatsioonilambid\/t3-5-8345-v-svb-sw-poordluliti-9-pole-off-on-900-off-lukustatav-must-kaepide-din-pohjakinnitus-npe-lisaklemmi\/\",\"name\":\"T3-5-8345\/V\/SVB-SW rotary switch, 9 pole, OFF-ON (-90\u00b0:0\u00b0), OFF-lockable, black handle, DIN rail mounting, N+PE auxiliary contacts. - Sakala T\u00f6\u00f6stusautomaatika O\u00dc\",\"isPartOf\":{\"@id\":\"https:\/\/sakt.ee\/en\/#website\"},\"datePublished\":\"2025-05-17T02:30:07+00:00\",\"dateModified\":\"2025-11-18T19:51:07+00:00\",\"breadcrumb\":{\"@id\":\"https:\/\/sakt.ee\/pood\/automaatikakomponendid\/m16-m22-moodul-seeria-juhtnupud-ja-indikatsioonilambid\/t3-5-8345-v-svb-sw-poordluliti-9-pole-off-on-900-off-lukustatav-must-kaepide-din-pohjakinnitus-npe-lisaklemmi\/#breadcrumb\"},\"inLanguage\":\"en-US\",\"potentialAction\":[{\"@type\":\"ReadAction\",\"target\":[\"https:\/\/sakt.ee\/pood\/automaatikakomponendid\/m16-m22-moodul-seeria-juhtnupud-ja-indikatsioonilambid\/t3-5-8345-v-svb-sw-poordluliti-9-pole-off-on-900-off-lukustatav-must-kaepide-din-pohjakinnitus-npe-lisaklemmi\/\"]}]},{\"@type\":\"BreadcrumbList\",\"@id\":\"https:\/\/sakt.ee\/pood\/automaatikakomponendid\/m16-m22-moodul-seeria-juhtnupud-ja-indikatsioonilambid\/t3-5-8345-v-svb-sw-poordluliti-9-pole-off-on-900-off-lukustatav-must-kaepide-din-pohjakinnitus-npe-lisaklemmi\/#breadcrumb\",\"itemListElement\":[{\"@type\":\"ListItem\",\"position\":1,\"name\":\"Home\",\"item\":\"https:\/\/sakt.ee\/\"},{\"@type\":\"ListItem\",\"position\":2,\"name\":\"Shop\",\"item\":\"https:\/\/sakt.ee\/en\/shop\/\"},{\"@type\":\"ListItem\",\"position\":3,\"name\":\"T3-5-8345\/V\/SVB-SW rotary switch, 9 pole, OFF-ON (-90\u00b0:0\u00b0), OFF-lockable, black handle, DIN rail mounting, N+PE auxiliary contacts.\"}]},{\"@type\":\"WebSite\",\"@id\":\"https:\/\/sakt.ee\/en\/#website\",\"url\":\"https:\/\/sakt.ee\/en\/\",\"name\":\"Sakala T\u00f6\u00f6stusautomaatika O\u00dc\",\"description\":\"T\u00f6\u00f6stusautomaatika e-pood\",\"publisher\":{\"@id\":\"https:\/\/sakt.ee\/en\/#organization\"},\"potentialAction\":[{\"@type\":\"SearchAction\",\"target\":{\"@type\":\"EntryPoint\",\"urlTemplate\":\"https:\/\/sakt.ee\/en\/?s={search_term_string}\"},\"query-input\":{\"@type\":\"PropertyValueSpecification\",\"valueRequired\":true,\"valueName\":\"search_term_string\"}}],\"inLanguage\":\"en-US\"},{\"@type\":\"Organization\",\"@id\":\"https:\/\/sakt.ee\/en\/#organization\",\"name\":\"Sakala T\u00f6\u00f6stusautomaatika O\u00dc\",\"url\":\"https:\/\/sakt.ee\/en\/\",\"logo\":{\"@type\":\"ImageObject\",\"inLanguage\":\"en-US\",\"@id\":\"https:\/\/sakt.ee\/en\/#\/schema\/logo\/image\/\",\"url\":\"https:\/\/sakt.ee\/wp-content\/uploads\/2025\/05\/Sakala-Toostusautomaatika-favicon.png\",\"contentUrl\":\"https:\/\/sakt.ee\/wp-content\/uploads\/2025\/05\/Sakala-Toostusautomaatika-favicon.png\",\"width\":500,\"height\":500,\"caption\":\"Sakala T\u00f6\u00f6stusautomaatika O\u00dc\"},\"image\":{\"@id\":\"https:\/\/sakt.ee\/en\/#\/schema\/logo\/image\/\"}}]}<\/script>\n<meta property=\"product:price:amount\" content=\"6.85\" \/>\n<meta property=\"product:price:currency\" content=\"EUR\" \/>\n<meta property=\"og:availability\" content=\"instock\" \/>\n<meta property=\"product:availability\" content=\"instock\" \/>\n<meta property=\"product:retailer_item_id\" content=\"003172\" \/>\n<meta property=\"product:condition\" content=\"new\" \/>\n<!-- \/ Yoast SEO Premium plugin. -->","yoast_head_json":{"title":"T3-5-8345\/V\/SVB-SW rotary switch, 9 pole, OFF-ON (-90\u00b0:0\u00b0), OFF-lockable, black handle, DIN rail mounting, N+PE auxiliary contacts. - Sakala T\u00f6\u00f6stusautomaatika O\u00dc","robots":{"index":"index","follow":"follow","max-snippet":"max-snippet:-1","max-image-preview":"max-image-preview:large","max-video-preview":"max-video-preview:-1"},"canonical":"https:\/\/sakt.ee\/pood\/automaatikakomponendid\/m16-m22-moodul-seeria-juhtnupud-ja-indikatsioonilambid\/t3-5-8345-v-svb-sw-poordluliti-9-pole-off-on-900-off-lukustatav-must-kaepide-din-pohjakinnitus-npe-lisaklemmi\/","og_locale":"en_US","og_type":"article","og_title":"T3-5-8345\/V\/SVB-SW rotary switch, 9 pole, OFF-ON (-90\u00b0:0\u00b0), OFF-lockable, black handle, DIN rail mounting, N+PE auxiliary contacts.","og_url":"https:\/\/sakt.ee\/pood\/automaatikakomponendid\/m16-m22-moodul-seeria-juhtnupud-ja-indikatsioonilambid\/t3-5-8345-v-svb-sw-poordluliti-9-pole-off-on-900-off-lukustatav-must-kaepide-din-pohjakinnitus-npe-lisaklemmi\/","og_site_name":"Sakala T\u00f6\u00f6stusautomaatika O\u00dc","article_modified_time":"2025-11-18T19:51:07+00:00","twitter_card":"summary_large_image","twitter_misc":{"Price":"6,85&euro; +VAT","Availability":"In stock"},"schema":{"@context":"https:\/\/schema.org","@graph":[{"@type":"WebPage","@id":"https:\/\/sakt.ee\/pood\/automaatikakomponendid\/m16-m22-moodul-seeria-juhtnupud-ja-indikatsioonilambid\/t3-5-8345-v-svb-sw-poordluliti-9-pole-off-on-900-off-lukustatav-must-kaepide-din-pohjakinnitus-npe-lisaklemmi\/","url":"https:\/\/sakt.ee\/pood\/automaatikakomponendid\/m16-m22-moodul-seeria-juhtnupud-ja-indikatsioonilambid\/t3-5-8345-v-svb-sw-poordluliti-9-pole-off-on-900-off-lukustatav-must-kaepide-din-pohjakinnitus-npe-lisaklemmi\/","name":"T3-5-8345\/V\/SVB-SW rotary switch, 9 pole, OFF-ON (-90\u00b0:0\u00b0), OFF-lockable, black handle, DIN rail mounting, N+PE auxiliary contacts. - Sakala T\u00f6\u00f6stusautomaatika O\u00dc","isPartOf":{"@id":"https:\/\/sakt.ee\/en\/#website"},"datePublished":"2025-05-17T02:30:07+00:00","dateModified":"2025-11-18T19:51:07+00:00","breadcrumb":{"@id":"https:\/\/sakt.ee\/pood\/automaatikakomponendid\/m16-m22-moodul-seeria-juhtnupud-ja-indikatsioonilambid\/t3-5-8345-v-svb-sw-poordluliti-9-pole-off-on-900-off-lukustatav-must-kaepide-din-pohjakinnitus-npe-lisaklemmi\/#breadcrumb"},"inLanguage":"en-US","potentialAction":[{"@type":"ReadAction","target":["https:\/\/sakt.ee\/pood\/automaatikakomponendid\/m16-m22-moodul-seeria-juhtnupud-ja-indikatsioonilambid\/t3-5-8345-v-svb-sw-poordluliti-9-pole-off-on-900-off-lukustatav-must-kaepide-din-pohjakinnitus-npe-lisaklemmi\/"]}]},{"@type":"BreadcrumbList","@id":"https:\/\/sakt.ee\/pood\/automaatikakomponendid\/m16-m22-moodul-seeria-juhtnupud-ja-indikatsioonilambid\/t3-5-8345-v-svb-sw-poordluliti-9-pole-off-on-900-off-lukustatav-must-kaepide-din-pohjakinnitus-npe-lisaklemmi\/#breadcrumb","itemListElement":[{"@type":"ListItem","position":1,"name":"Home","item":"https:\/\/sakt.ee\/"},{"@type":"ListItem","position":2,"name":"Shop","item":"https:\/\/sakt.ee\/en\/shop\/"},{"@type":"ListItem","position":3,"name":"T3-5-8345\/V\/SVB-SW rotary switch, 9 pole, OFF-ON (-90\u00b0:0\u00b0), OFF-lockable, black handle, DIN rail mounting, N+PE auxiliary contacts."}]},{"@type":"WebSite","@id":"https:\/\/sakt.ee\/en\/#website","url":"https:\/\/sakt.ee\/en\/","name":"Sakala T\u00f6\u00f6stusautomaatika O\u00dc","description":"T\u00f6\u00f6stusautomaatika e-pood","publisher":{"@id":"https:\/\/sakt.ee\/en\/#organization"},"potentialAction":[{"@type":"SearchAction","target":{"@type":"EntryPoint","urlTemplate":"https:\/\/sakt.ee\/en\/?s={search_term_string}"},"query-input":{"@type":"PropertyValueSpecification","valueRequired":true,"valueName":"search_term_string"}}],"inLanguage":"en-US"},{"@type":"Organization","@id":"https:\/\/sakt.ee\/en\/#organization","name":"Sakala T\u00f6\u00f6stusautomaatika O\u00dc","url":"https:\/\/sakt.ee\/en\/","logo":{"@type":"ImageObject","inLanguage":"en-US","@id":"https:\/\/sakt.ee\/en\/#\/schema\/logo\/image\/","url":"https:\/\/sakt.ee\/wp-content\/uploads\/2025\/05\/Sakala-Toostusautomaatika-favicon.png","contentUrl":"https:\/\/sakt.ee\/wp-content\/uploads\/2025\/05\/Sakala-Toostusautomaatika-favicon.png","width":500,"height":500,"caption":"Sakala T\u00f6\u00f6stusautomaatika O\u00dc"},"image":{"@id":"https:\/\/sakt.ee\/en\/#\/schema\/logo\/image\/"}}]},"product_price_amount":"6.85","product_price_currency":"EUR","og_availability":"instock","product_availability":"instock","product_retailer_item_id":"003172","product_condition":"new"},"_links":{"self":[{"href":"https:\/\/sakt.ee\/en\/wp-json\/wp\/v2\/product\/42523","targetHints":{"allow":["GET"]}}],"collection":[{"href":"https:\/\/sakt.ee\/en\/wp-json\/wp\/v2\/product"}],"about":[{"href":"https:\/\/sakt.ee\/en\/wp-json\/wp\/v2\/types\/product"}],"version-history":[{"count":0,"href":"https:\/\/sakt.ee\/en\/wp-json\/wp\/v2\/product\/42523\/revisions"}],"wp:attachment":[{"href":"https:\/\/sakt.ee\/en\/wp-json\/wp\/v2\/media?parent=42523"}],"wp:term":[{"taxonomy":"product_brand","embeddable":true,"href":"https:\/\/sakt.ee\/en\/wp-json\/wp\/v2\/product_brand?post=42523"},{"taxonomy":"product_cat","embeddable":true,"href":"https:\/\/sakt.ee\/en\/wp-json\/wp\/v2\/product_cat?post=42523"},{"taxonomy":"product_tag","embeddable":true,"href":"https:\/\/sakt.ee\/en\/wp-json\/wp\/v2\/product_tag?post=42523"},{"taxonomy":"manufacturers","embeddable":true,"href":"https:\/\/sakt.ee\/en\/wp-json\/wp\/v2\/manufacturers?post=42523"}],"curies":[{"name":"wp","href":"https:\/\/api.w.org\/{rel}","templated":true}]}}