{"id":42298,"date":"2025-05-17T03:32:59","date_gmt":"2025-05-17T00:32:59","guid":{"rendered":"https:\/\/sakt.ee\/product\/charging-kit-550ma-for-era-4b-6b-8b-transmitters\/"},"modified":"2025-11-25T13:01:14","modified_gmt":"2025-11-25T10:01:14","slug":"charging-kit-550ma-for-era-4b-6b-8b-transmitters","status":"publish","type":"product","link":"https:\/\/sakt.ee\/en\/pood\/remote-controls\/wireless-systems\/other-accessories\/charging-kit-550ma-for-era-4b-6b-8b-transmitters\/","title":{"rendered":"Charging kit; 550mA; for ERA 4B\/6B\/8B transmitters"},"content":{"rendered":"","protected":false},"excerpt":{"rendered":"<p>The charging kit is designed for battery 933719-000.<\/p>\n","protected":false},"featured_media":27645,"template":"","meta":{"_acf_changed":false},"product_brand":[],"product_cat":[5054],"product_tag":[],"manufacturers":[7819],"class_list":{"0":"post-42298","1":"product","2":"type-product","3":"status-publish","4":"has-post-thumbnail","6":"product_cat-other-accessories","7":"pa_toode-battery-charger","8":"pa_tootja-akerstroms","9":"manufacturers-akerstroms-en","11":"first","12":"instock","13":"taxable","14":"shipping-taxable","15":"purchasable","16":"product-type-simple"},"acf":[],"yoast_head":"<!-- This site is optimized with the Yoast SEO Premium plugin v25.4 (Yoast SEO v25.4) - https:\/\/yoast.com\/wordpress\/plugins\/seo\/ -->\n<title>Charging kit; 550mA; for ERA 4B\/6B\/8B transmitters - Sakala T\u00f6\u00f6stusautomaatika O\u00dc<\/title>\n<meta name=\"robots\" content=\"index, follow, max-snippet:-1, max-image-preview:large, max-video-preview:-1\" \/>\n<link rel=\"canonical\" href=\"https:\/\/sakt.ee\/en\/pood\/remote-controls\/wireless-systems\/other-accessories\/charging-kit-550ma-for-era-4b-6b-8b-transmitters\/\" \/>\n<meta property=\"og:locale\" content=\"en_US\" \/>\n<meta property=\"og:type\" content=\"article\" \/>\n<meta property=\"og:title\" content=\"Charging kit; 550mA; for ERA 4B\/6B\/8B transmitters\" \/>\n<meta property=\"og:description\" content=\"The charging kit is designed for battery 933719-000.\" \/>\n<meta property=\"og:url\" content=\"https:\/\/sakt.ee\/en\/pood\/remote-controls\/wireless-systems\/other-accessories\/charging-kit-550ma-for-era-4b-6b-8b-transmitters\/\" \/>\n<meta property=\"og:site_name\" content=\"Sakala T\u00f6\u00f6stusautomaatika O\u00dc\" \/>\n<meta property=\"article:modified_time\" content=\"2025-11-25T10:01:14+00:00\" \/>\n<meta property=\"og:image\" content=\"https:\/\/sakt.ee\/wp-content\/uploads\/2025\/05\/3061.jpg\" \/>\n\t<meta property=\"og:image:width\" content=\"454\" \/>\n\t<meta property=\"og:image:height\" content=\"292\" \/>\n\t<meta property=\"og:image:type\" content=\"image\/jpeg\" \/>\n<meta name=\"twitter:card\" content=\"summary_large_image\" \/>\n<meta name=\"twitter:label1\" content=\"Price\" \/>\n\t<meta name=\"twitter:data1\" content=\"249,90&euro; +VAT\" \/>\n\t<meta name=\"twitter:label2\" content=\"Availability\" \/>\n\t<meta name=\"twitter:data2\" content=\"In stock\" \/>\n<script type=\"application\/ld+json\" class=\"yoast-schema-graph\">{\"@context\":\"https:\/\/schema.org\",\"@graph\":[{\"@type\":\"WebPage\",\"@id\":\"https:\/\/sakt.ee\/en\/pood\/remote-controls\/wireless-systems\/other-accessories\/charging-kit-550ma-for-era-4b-6b-8b-transmitters\/\",\"url\":\"https:\/\/sakt.ee\/en\/pood\/remote-controls\/wireless-systems\/other-accessories\/charging-kit-550ma-for-era-4b-6b-8b-transmitters\/\",\"name\":\"Charging kit; 550mA; for ERA 4B\/6B\/8B transmitters - Sakala T\u00f6\u00f6stusautomaatika O\u00dc\",\"isPartOf\":{\"@id\":\"https:\/\/sakt.ee\/en\/#website\"},\"primaryImageOfPage\":{\"@id\":\"https:\/\/sakt.ee\/en\/pood\/remote-controls\/wireless-systems\/other-accessories\/charging-kit-550ma-for-era-4b-6b-8b-transmitters\/#primaryimage\"},\"image\":{\"@id\":\"https:\/\/sakt.ee\/en\/pood\/remote-controls\/wireless-systems\/other-accessories\/charging-kit-550ma-for-era-4b-6b-8b-transmitters\/#primaryimage\"},\"thumbnailUrl\":\"https:\/\/sakt.ee\/wp-content\/uploads\/2025\/05\/3061.jpg\",\"datePublished\":\"2025-05-17T00:32:59+00:00\",\"dateModified\":\"2025-11-25T10:01:14+00:00\",\"breadcrumb\":{\"@id\":\"https:\/\/sakt.ee\/en\/pood\/remote-controls\/wireless-systems\/other-accessories\/charging-kit-550ma-for-era-4b-6b-8b-transmitters\/#breadcrumb\"},\"inLanguage\":\"en-US\",\"potentialAction\":[{\"@type\":\"ReadAction\",\"target\":[\"https:\/\/sakt.ee\/en\/pood\/remote-controls\/wireless-systems\/other-accessories\/charging-kit-550ma-for-era-4b-6b-8b-transmitters\/\"]}]},{\"@type\":\"ImageObject\",\"inLanguage\":\"en-US\",\"@id\":\"https:\/\/sakt.ee\/en\/pood\/remote-controls\/wireless-systems\/other-accessories\/charging-kit-550ma-for-era-4b-6b-8b-transmitters\/#primaryimage\",\"url\":\"https:\/\/sakt.ee\/wp-content\/uploads\/2025\/05\/3061.jpg\",\"contentUrl\":\"https:\/\/sakt.ee\/wp-content\/uploads\/2025\/05\/3061.jpg\",\"width\":454,\"height\":292},{\"@type\":\"BreadcrumbList\",\"@id\":\"https:\/\/sakt.ee\/en\/pood\/remote-controls\/wireless-systems\/other-accessories\/charging-kit-550ma-for-era-4b-6b-8b-transmitters\/#breadcrumb\",\"itemListElement\":[{\"@type\":\"ListItem\",\"position\":1,\"name\":\"Home\",\"item\":\"https:\/\/sakt.ee\/\"},{\"@type\":\"ListItem\",\"position\":2,\"name\":\"Shop\",\"item\":\"https:\/\/sakt.ee\/en\/shop\/\"},{\"@type\":\"ListItem\",\"position\":3,\"name\":\"Charging kit; 550mA; for ERA 4B\/6B\/8B transmitters\"}]},{\"@type\":\"WebSite\",\"@id\":\"https:\/\/sakt.ee\/en\/#website\",\"url\":\"https:\/\/sakt.ee\/en\/\",\"name\":\"Sakala T\u00f6\u00f6stusautomaatika O\u00dc\",\"description\":\"T\u00f6\u00f6stusautomaatika e-pood\",\"publisher\":{\"@id\":\"https:\/\/sakt.ee\/en\/#organization\"},\"potentialAction\":[{\"@type\":\"SearchAction\",\"target\":{\"@type\":\"EntryPoint\",\"urlTemplate\":\"https:\/\/sakt.ee\/en\/?s={search_term_string}\"},\"query-input\":{\"@type\":\"PropertyValueSpecification\",\"valueRequired\":true,\"valueName\":\"search_term_string\"}}],\"inLanguage\":\"en-US\"},{\"@type\":\"Organization\",\"@id\":\"https:\/\/sakt.ee\/en\/#organization\",\"name\":\"Sakala T\u00f6\u00f6stusautomaatika O\u00dc\",\"url\":\"https:\/\/sakt.ee\/en\/\",\"logo\":{\"@type\":\"ImageObject\",\"inLanguage\":\"en-US\",\"@id\":\"https:\/\/sakt.ee\/en\/#\/schema\/logo\/image\/\",\"url\":\"https:\/\/sakt.ee\/wp-content\/uploads\/2025\/05\/Sakala-Toostusautomaatika-favicon.png\",\"contentUrl\":\"https:\/\/sakt.ee\/wp-content\/uploads\/2025\/05\/Sakala-Toostusautomaatika-favicon.png\",\"width\":500,\"height\":500,\"caption\":\"Sakala T\u00f6\u00f6stusautomaatika O\u00dc\"},\"image\":{\"@id\":\"https:\/\/sakt.ee\/en\/#\/schema\/logo\/image\/\"}}]}<\/script>\n<meta property=\"product:price:amount\" content=\"249.90\" \/>\n<meta property=\"product:price:currency\" content=\"EUR\" \/>\n<meta property=\"og:availability\" content=\"instock\" \/>\n<meta property=\"product:availability\" content=\"instock\" \/>\n<meta property=\"product:retailer_item_id\" content=\"949035-000\" \/>\n<meta property=\"product:condition\" content=\"new\" \/>\n<!-- \/ Yoast SEO Premium plugin. -->","yoast_head_json":{"title":"Charging kit; 550mA; for ERA 4B\/6B\/8B transmitters - Sakala T\u00f6\u00f6stusautomaatika O\u00dc","robots":{"index":"index","follow":"follow","max-snippet":"max-snippet:-1","max-image-preview":"max-image-preview:large","max-video-preview":"max-video-preview:-1"},"canonical":"https:\/\/sakt.ee\/en\/pood\/remote-controls\/wireless-systems\/other-accessories\/charging-kit-550ma-for-era-4b-6b-8b-transmitters\/","og_locale":"en_US","og_type":"article","og_title":"Charging kit; 550mA; for ERA 4B\/6B\/8B transmitters","og_description":"The charging kit is designed for battery 933719-000.","og_url":"https:\/\/sakt.ee\/en\/pood\/remote-controls\/wireless-systems\/other-accessories\/charging-kit-550ma-for-era-4b-6b-8b-transmitters\/","og_site_name":"Sakala T\u00f6\u00f6stusautomaatika O\u00dc","article_modified_time":"2025-11-25T10:01:14+00:00","og_image":[{"width":454,"height":292,"url":"https:\/\/sakt.ee\/wp-content\/uploads\/2025\/05\/3061.jpg","type":"image\/jpeg"}],"twitter_card":"summary_large_image","twitter_misc":{"Price":"249,90&euro; +VAT","Availability":"In stock"},"schema":{"@context":"https:\/\/schema.org","@graph":[{"@type":"WebPage","@id":"https:\/\/sakt.ee\/en\/pood\/remote-controls\/wireless-systems\/other-accessories\/charging-kit-550ma-for-era-4b-6b-8b-transmitters\/","url":"https:\/\/sakt.ee\/en\/pood\/remote-controls\/wireless-systems\/other-accessories\/charging-kit-550ma-for-era-4b-6b-8b-transmitters\/","name":"Charging kit; 550mA; for ERA 4B\/6B\/8B transmitters - Sakala T\u00f6\u00f6stusautomaatika O\u00dc","isPartOf":{"@id":"https:\/\/sakt.ee\/en\/#website"},"primaryImageOfPage":{"@id":"https:\/\/sakt.ee\/en\/pood\/remote-controls\/wireless-systems\/other-accessories\/charging-kit-550ma-for-era-4b-6b-8b-transmitters\/#primaryimage"},"image":{"@id":"https:\/\/sakt.ee\/en\/pood\/remote-controls\/wireless-systems\/other-accessories\/charging-kit-550ma-for-era-4b-6b-8b-transmitters\/#primaryimage"},"thumbnailUrl":"https:\/\/sakt.ee\/wp-content\/uploads\/2025\/05\/3061.jpg","datePublished":"2025-05-17T00:32:59+00:00","dateModified":"2025-11-25T10:01:14+00:00","breadcrumb":{"@id":"https:\/\/sakt.ee\/en\/pood\/remote-controls\/wireless-systems\/other-accessories\/charging-kit-550ma-for-era-4b-6b-8b-transmitters\/#breadcrumb"},"inLanguage":"en-US","potentialAction":[{"@type":"ReadAction","target":["https:\/\/sakt.ee\/en\/pood\/remote-controls\/wireless-systems\/other-accessories\/charging-kit-550ma-for-era-4b-6b-8b-transmitters\/"]}]},{"@type":"ImageObject","inLanguage":"en-US","@id":"https:\/\/sakt.ee\/en\/pood\/remote-controls\/wireless-systems\/other-accessories\/charging-kit-550ma-for-era-4b-6b-8b-transmitters\/#primaryimage","url":"https:\/\/sakt.ee\/wp-content\/uploads\/2025\/05\/3061.jpg","contentUrl":"https:\/\/sakt.ee\/wp-content\/uploads\/2025\/05\/3061.jpg","width":454,"height":292},{"@type":"BreadcrumbList","@id":"https:\/\/sakt.ee\/en\/pood\/remote-controls\/wireless-systems\/other-accessories\/charging-kit-550ma-for-era-4b-6b-8b-transmitters\/#breadcrumb","itemListElement":[{"@type":"ListItem","position":1,"name":"Home","item":"https:\/\/sakt.ee\/"},{"@type":"ListItem","position":2,"name":"Shop","item":"https:\/\/sakt.ee\/en\/shop\/"},{"@type":"ListItem","position":3,"name":"Charging kit; 550mA; for ERA 4B\/6B\/8B transmitters"}]},{"@type":"WebSite","@id":"https:\/\/sakt.ee\/en\/#website","url":"https:\/\/sakt.ee\/en\/","name":"Sakala T\u00f6\u00f6stusautomaatika O\u00dc","description":"T\u00f6\u00f6stusautomaatika e-pood","publisher":{"@id":"https:\/\/sakt.ee\/en\/#organization"},"potentialAction":[{"@type":"SearchAction","target":{"@type":"EntryPoint","urlTemplate":"https:\/\/sakt.ee\/en\/?s={search_term_string}"},"query-input":{"@type":"PropertyValueSpecification","valueRequired":true,"valueName":"search_term_string"}}],"inLanguage":"en-US"},{"@type":"Organization","@id":"https:\/\/sakt.ee\/en\/#organization","name":"Sakala T\u00f6\u00f6stusautomaatika O\u00dc","url":"https:\/\/sakt.ee\/en\/","logo":{"@type":"ImageObject","inLanguage":"en-US","@id":"https:\/\/sakt.ee\/en\/#\/schema\/logo\/image\/","url":"https:\/\/sakt.ee\/wp-content\/uploads\/2025\/05\/Sakala-Toostusautomaatika-favicon.png","contentUrl":"https:\/\/sakt.ee\/wp-content\/uploads\/2025\/05\/Sakala-Toostusautomaatika-favicon.png","width":500,"height":500,"caption":"Sakala T\u00f6\u00f6stusautomaatika O\u00dc"},"image":{"@id":"https:\/\/sakt.ee\/en\/#\/schema\/logo\/image\/"}}]},"product_price_amount":"249.90","product_price_currency":"EUR","og_availability":"instock","product_availability":"instock","product_retailer_item_id":"949035-000","product_condition":"new"},"_links":{"self":[{"href":"https:\/\/sakt.ee\/en\/wp-json\/wp\/v2\/product\/42298","targetHints":{"allow":["GET"]}}],"collection":[{"href":"https:\/\/sakt.ee\/en\/wp-json\/wp\/v2\/product"}],"about":[{"href":"https:\/\/sakt.ee\/en\/wp-json\/wp\/v2\/types\/product"}],"version-history":[{"count":0,"href":"https:\/\/sakt.ee\/en\/wp-json\/wp\/v2\/product\/42298\/revisions"}],"wp:featuredmedia":[{"embeddable":true,"href":"https:\/\/sakt.ee\/en\/wp-json\/wp\/v2\/media\/27645"}],"wp:attachment":[{"href":"https:\/\/sakt.ee\/en\/wp-json\/wp\/v2\/media?parent=42298"}],"wp:term":[{"taxonomy":"product_brand","embeddable":true,"href":"https:\/\/sakt.ee\/en\/wp-json\/wp\/v2\/product_brand?post=42298"},{"taxonomy":"product_cat","embeddable":true,"href":"https:\/\/sakt.ee\/en\/wp-json\/wp\/v2\/product_cat?post=42298"},{"taxonomy":"product_tag","embeddable":true,"href":"https:\/\/sakt.ee\/en\/wp-json\/wp\/v2\/product_tag?post=42298"},{"taxonomy":"manufacturers","embeddable":true,"href":"https:\/\/sakt.ee\/en\/wp-json\/wp\/v2\/manufacturers?post=42298"}],"curies":[{"name":"wp","href":"https:\/\/api.w.org\/{rel}","templated":true}]}}