{"id":42294,"date":"2025-05-17T03:33:08","date_gmt":"2025-05-17T00:33:08","guid":{"rendered":"https:\/\/sakt.ee\/product\/akerstroms-original-li-ion-battery-37v-for-era-4b-6b-8b-jupiter-10b-transmitters\/"},"modified":"2025-11-25T13:01:10","modified_gmt":"2025-11-25T10:01:10","slug":"akerstroms-original-li-ion-battery-37v-for-era-4b-6b-8b-jupiter-10b-transmitters","status":"publish","type":"product","link":"https:\/\/sakt.ee\/en\/pood\/remote-controls\/wireless-systems\/other-accessories\/akerstroms-original-li-ion-battery-37v-for-era-4b-6b-8b-jupiter-10b-transmitters\/","title":{"rendered":"\u00c4kerstr\u00f6ms original Li-ion battery; 3,7V; for ERA 4B\/6B\/8B; Jupiter 10B transmitters"},"content":{"rendered":"","protected":false},"excerpt":{"rendered":"","protected":false},"featured_media":27647,"template":"","meta":{"_acf_changed":false},"product_brand":[],"product_cat":[5054],"product_tag":[],"manufacturers":[7819],"class_list":{"0":"post-42294","1":"product","2":"type-product","3":"status-publish","4":"has-post-thumbnail","6":"product_cat-other-accessories","7":"pa_kaal-100g-en","8":"pa_seeria-remotus-jupiter-en","9":"pa_toode-battery","10":"pa_tootja-akerstroms","11":"pa_varv-black","12":"manufacturers-akerstroms-en","14":"first","15":"instock","16":"taxable","17":"shipping-taxable","18":"purchasable","19":"product-type-simple"},"acf":[],"yoast_head":"<!-- This site is optimized with the Yoast SEO Premium plugin v25.4 (Yoast SEO v25.4) - https:\/\/yoast.com\/wordpress\/plugins\/seo\/ -->\n<title>\u00c4kerstr\u00f6ms original Li-ion battery; 3,7V; for ERA 4B\/6B\/8B; Jupiter 10B transmitters - Sakala T\u00f6\u00f6stusautomaatika O\u00dc<\/title>\n<meta name=\"robots\" content=\"index, follow, max-snippet:-1, max-image-preview:large, max-video-preview:-1\" \/>\n<link rel=\"canonical\" href=\"https:\/\/sakt.ee\/pood\/puldid\/juhtmevabad-susteemid\/muud-lisatarvikud\/li-ion-aku-37v-era-4b-6b-8b-jupiter-10b-saatjatele\/\" \/>\n<meta property=\"og:locale\" content=\"en_US\" \/>\n<meta property=\"og:type\" content=\"article\" \/>\n<meta property=\"og:title\" content=\"\u00c4kerstr\u00f6ms original Li-ion battery; 3,7V; for ERA 4B\/6B\/8B; Jupiter 10B transmitters\" \/>\n<meta property=\"og:url\" content=\"https:\/\/sakt.ee\/pood\/puldid\/juhtmevabad-susteemid\/muud-lisatarvikud\/li-ion-aku-37v-era-4b-6b-8b-jupiter-10b-saatjatele\/\" \/>\n<meta property=\"og:site_name\" content=\"Sakala T\u00f6\u00f6stusautomaatika O\u00dc\" \/>\n<meta property=\"article:modified_time\" content=\"2025-11-25T10:01:10+00:00\" \/>\n<meta property=\"og:image\" content=\"https:\/\/sakt.ee\/wp-content\/uploads\/2025\/05\/3050.jpg\" \/>\n\t<meta property=\"og:image:width\" content=\"454\" \/>\n\t<meta property=\"og:image:height\" content=\"495\" \/>\n\t<meta property=\"og:image:type\" content=\"image\/jpeg\" \/>\n<meta name=\"twitter:card\" content=\"summary_large_image\" \/>\n<meta name=\"twitter:label1\" content=\"Price\" \/>\n\t<meta name=\"twitter:data1\" content=\"118,70&euro; +VAT\" \/>\n\t<meta name=\"twitter:label2\" content=\"Availability\" \/>\n\t<meta name=\"twitter:data2\" content=\"In stock\" \/>\n<script type=\"application\/ld+json\" class=\"yoast-schema-graph\">{\"@context\":\"https:\/\/schema.org\",\"@graph\":[{\"@type\":\"WebPage\",\"@id\":\"https:\/\/sakt.ee\/pood\/puldid\/juhtmevabad-susteemid\/muud-lisatarvikud\/li-ion-aku-37v-era-4b-6b-8b-jupiter-10b-saatjatele\/\",\"url\":\"https:\/\/sakt.ee\/pood\/puldid\/juhtmevabad-susteemid\/muud-lisatarvikud\/li-ion-aku-37v-era-4b-6b-8b-jupiter-10b-saatjatele\/\",\"name\":\"\u00c4kerstr\u00f6ms original Li-ion battery; 3,7V; for ERA 4B\/6B\/8B; Jupiter 10B transmitters - Sakala T\u00f6\u00f6stusautomaatika O\u00dc\",\"isPartOf\":{\"@id\":\"https:\/\/sakt.ee\/en\/#website\"},\"primaryImageOfPage\":{\"@id\":\"https:\/\/sakt.ee\/pood\/puldid\/juhtmevabad-susteemid\/muud-lisatarvikud\/li-ion-aku-37v-era-4b-6b-8b-jupiter-10b-saatjatele\/#primaryimage\"},\"image\":{\"@id\":\"https:\/\/sakt.ee\/pood\/puldid\/juhtmevabad-susteemid\/muud-lisatarvikud\/li-ion-aku-37v-era-4b-6b-8b-jupiter-10b-saatjatele\/#primaryimage\"},\"thumbnailUrl\":\"https:\/\/sakt.ee\/wp-content\/uploads\/2025\/05\/3050.jpg\",\"datePublished\":\"2025-05-17T00:33:08+00:00\",\"dateModified\":\"2025-11-25T10:01:10+00:00\",\"breadcrumb\":{\"@id\":\"https:\/\/sakt.ee\/pood\/puldid\/juhtmevabad-susteemid\/muud-lisatarvikud\/li-ion-aku-37v-era-4b-6b-8b-jupiter-10b-saatjatele\/#breadcrumb\"},\"inLanguage\":\"en-US\",\"potentialAction\":[{\"@type\":\"ReadAction\",\"target\":[\"https:\/\/sakt.ee\/pood\/puldid\/juhtmevabad-susteemid\/muud-lisatarvikud\/li-ion-aku-37v-era-4b-6b-8b-jupiter-10b-saatjatele\/\"]}]},{\"@type\":\"ImageObject\",\"inLanguage\":\"en-US\",\"@id\":\"https:\/\/sakt.ee\/pood\/puldid\/juhtmevabad-susteemid\/muud-lisatarvikud\/li-ion-aku-37v-era-4b-6b-8b-jupiter-10b-saatjatele\/#primaryimage\",\"url\":\"https:\/\/sakt.ee\/wp-content\/uploads\/2025\/05\/3050.jpg\",\"contentUrl\":\"https:\/\/sakt.ee\/wp-content\/uploads\/2025\/05\/3050.jpg\",\"width\":454,\"height\":495},{\"@type\":\"BreadcrumbList\",\"@id\":\"https:\/\/sakt.ee\/pood\/puldid\/juhtmevabad-susteemid\/muud-lisatarvikud\/li-ion-aku-37v-era-4b-6b-8b-jupiter-10b-saatjatele\/#breadcrumb\",\"itemListElement\":[{\"@type\":\"ListItem\",\"position\":1,\"name\":\"Home\",\"item\":\"https:\/\/sakt.ee\/\"},{\"@type\":\"ListItem\",\"position\":2,\"name\":\"Shop\",\"item\":\"https:\/\/sakt.ee\/en\/shop\/\"},{\"@type\":\"ListItem\",\"position\":3,\"name\":\"\u00c4kerstr\u00f6ms original Li-ion battery; 3,7V; for ERA 4B\/6B\/8B; Jupiter 10B transmitters\"}]},{\"@type\":\"WebSite\",\"@id\":\"https:\/\/sakt.ee\/en\/#website\",\"url\":\"https:\/\/sakt.ee\/en\/\",\"name\":\"Sakala T\u00f6\u00f6stusautomaatika O\u00dc\",\"description\":\"T\u00f6\u00f6stusautomaatika e-pood\",\"publisher\":{\"@id\":\"https:\/\/sakt.ee\/en\/#organization\"},\"potentialAction\":[{\"@type\":\"SearchAction\",\"target\":{\"@type\":\"EntryPoint\",\"urlTemplate\":\"https:\/\/sakt.ee\/en\/?s={search_term_string}\"},\"query-input\":{\"@type\":\"PropertyValueSpecification\",\"valueRequired\":true,\"valueName\":\"search_term_string\"}}],\"inLanguage\":\"en-US\"},{\"@type\":\"Organization\",\"@id\":\"https:\/\/sakt.ee\/en\/#organization\",\"name\":\"Sakala T\u00f6\u00f6stusautomaatika O\u00dc\",\"url\":\"https:\/\/sakt.ee\/en\/\",\"logo\":{\"@type\":\"ImageObject\",\"inLanguage\":\"en-US\",\"@id\":\"https:\/\/sakt.ee\/en\/#\/schema\/logo\/image\/\",\"url\":\"https:\/\/sakt.ee\/wp-content\/uploads\/2025\/05\/Sakala-Toostusautomaatika-favicon.png\",\"contentUrl\":\"https:\/\/sakt.ee\/wp-content\/uploads\/2025\/05\/Sakala-Toostusautomaatika-favicon.png\",\"width\":500,\"height\":500,\"caption\":\"Sakala T\u00f6\u00f6stusautomaatika O\u00dc\"},\"image\":{\"@id\":\"https:\/\/sakt.ee\/en\/#\/schema\/logo\/image\/\"}}]}<\/script>\n<meta property=\"product:price:amount\" content=\"118.70\" \/>\n<meta property=\"product:price:currency\" content=\"EUR\" \/>\n<meta property=\"og:availability\" content=\"instock\" \/>\n<meta property=\"product:availability\" content=\"instock\" \/>\n<meta property=\"product:retailer_item_id\" content=\"933719-000\" \/>\n<meta property=\"product:condition\" content=\"new\" \/>\n<!-- \/ Yoast SEO Premium plugin. -->","yoast_head_json":{"title":"\u00c4kerstr\u00f6ms original Li-ion battery; 3,7V; for ERA 4B\/6B\/8B; Jupiter 10B transmitters - Sakala T\u00f6\u00f6stusautomaatika O\u00dc","robots":{"index":"index","follow":"follow","max-snippet":"max-snippet:-1","max-image-preview":"max-image-preview:large","max-video-preview":"max-video-preview:-1"},"canonical":"https:\/\/sakt.ee\/pood\/puldid\/juhtmevabad-susteemid\/muud-lisatarvikud\/li-ion-aku-37v-era-4b-6b-8b-jupiter-10b-saatjatele\/","og_locale":"en_US","og_type":"article","og_title":"\u00c4kerstr\u00f6ms original Li-ion battery; 3,7V; for ERA 4B\/6B\/8B; Jupiter 10B transmitters","og_url":"https:\/\/sakt.ee\/pood\/puldid\/juhtmevabad-susteemid\/muud-lisatarvikud\/li-ion-aku-37v-era-4b-6b-8b-jupiter-10b-saatjatele\/","og_site_name":"Sakala T\u00f6\u00f6stusautomaatika O\u00dc","article_modified_time":"2025-11-25T10:01:10+00:00","og_image":[{"width":454,"height":495,"url":"https:\/\/sakt.ee\/wp-content\/uploads\/2025\/05\/3050.jpg","type":"image\/jpeg"}],"twitter_card":"summary_large_image","twitter_misc":{"Price":"118,70&euro; +VAT","Availability":"In stock"},"schema":{"@context":"https:\/\/schema.org","@graph":[{"@type":"WebPage","@id":"https:\/\/sakt.ee\/pood\/puldid\/juhtmevabad-susteemid\/muud-lisatarvikud\/li-ion-aku-37v-era-4b-6b-8b-jupiter-10b-saatjatele\/","url":"https:\/\/sakt.ee\/pood\/puldid\/juhtmevabad-susteemid\/muud-lisatarvikud\/li-ion-aku-37v-era-4b-6b-8b-jupiter-10b-saatjatele\/","name":"\u00c4kerstr\u00f6ms original Li-ion battery; 3,7V; for ERA 4B\/6B\/8B; Jupiter 10B transmitters - Sakala T\u00f6\u00f6stusautomaatika O\u00dc","isPartOf":{"@id":"https:\/\/sakt.ee\/en\/#website"},"primaryImageOfPage":{"@id":"https:\/\/sakt.ee\/pood\/puldid\/juhtmevabad-susteemid\/muud-lisatarvikud\/li-ion-aku-37v-era-4b-6b-8b-jupiter-10b-saatjatele\/#primaryimage"},"image":{"@id":"https:\/\/sakt.ee\/pood\/puldid\/juhtmevabad-susteemid\/muud-lisatarvikud\/li-ion-aku-37v-era-4b-6b-8b-jupiter-10b-saatjatele\/#primaryimage"},"thumbnailUrl":"https:\/\/sakt.ee\/wp-content\/uploads\/2025\/05\/3050.jpg","datePublished":"2025-05-17T00:33:08+00:00","dateModified":"2025-11-25T10:01:10+00:00","breadcrumb":{"@id":"https:\/\/sakt.ee\/pood\/puldid\/juhtmevabad-susteemid\/muud-lisatarvikud\/li-ion-aku-37v-era-4b-6b-8b-jupiter-10b-saatjatele\/#breadcrumb"},"inLanguage":"en-US","potentialAction":[{"@type":"ReadAction","target":["https:\/\/sakt.ee\/pood\/puldid\/juhtmevabad-susteemid\/muud-lisatarvikud\/li-ion-aku-37v-era-4b-6b-8b-jupiter-10b-saatjatele\/"]}]},{"@type":"ImageObject","inLanguage":"en-US","@id":"https:\/\/sakt.ee\/pood\/puldid\/juhtmevabad-susteemid\/muud-lisatarvikud\/li-ion-aku-37v-era-4b-6b-8b-jupiter-10b-saatjatele\/#primaryimage","url":"https:\/\/sakt.ee\/wp-content\/uploads\/2025\/05\/3050.jpg","contentUrl":"https:\/\/sakt.ee\/wp-content\/uploads\/2025\/05\/3050.jpg","width":454,"height":495},{"@type":"BreadcrumbList","@id":"https:\/\/sakt.ee\/pood\/puldid\/juhtmevabad-susteemid\/muud-lisatarvikud\/li-ion-aku-37v-era-4b-6b-8b-jupiter-10b-saatjatele\/#breadcrumb","itemListElement":[{"@type":"ListItem","position":1,"name":"Home","item":"https:\/\/sakt.ee\/"},{"@type":"ListItem","position":2,"name":"Shop","item":"https:\/\/sakt.ee\/en\/shop\/"},{"@type":"ListItem","position":3,"name":"\u00c4kerstr\u00f6ms original Li-ion battery; 3,7V; for ERA 4B\/6B\/8B; Jupiter 10B transmitters"}]},{"@type":"WebSite","@id":"https:\/\/sakt.ee\/en\/#website","url":"https:\/\/sakt.ee\/en\/","name":"Sakala T\u00f6\u00f6stusautomaatika O\u00dc","description":"T\u00f6\u00f6stusautomaatika e-pood","publisher":{"@id":"https:\/\/sakt.ee\/en\/#organization"},"potentialAction":[{"@type":"SearchAction","target":{"@type":"EntryPoint","urlTemplate":"https:\/\/sakt.ee\/en\/?s={search_term_string}"},"query-input":{"@type":"PropertyValueSpecification","valueRequired":true,"valueName":"search_term_string"}}],"inLanguage":"en-US"},{"@type":"Organization","@id":"https:\/\/sakt.ee\/en\/#organization","name":"Sakala T\u00f6\u00f6stusautomaatika O\u00dc","url":"https:\/\/sakt.ee\/en\/","logo":{"@type":"ImageObject","inLanguage":"en-US","@id":"https:\/\/sakt.ee\/en\/#\/schema\/logo\/image\/","url":"https:\/\/sakt.ee\/wp-content\/uploads\/2025\/05\/Sakala-Toostusautomaatika-favicon.png","contentUrl":"https:\/\/sakt.ee\/wp-content\/uploads\/2025\/05\/Sakala-Toostusautomaatika-favicon.png","width":500,"height":500,"caption":"Sakala T\u00f6\u00f6stusautomaatika O\u00dc"},"image":{"@id":"https:\/\/sakt.ee\/en\/#\/schema\/logo\/image\/"}}]},"product_price_amount":"118.70","product_price_currency":"EUR","og_availability":"instock","product_availability":"instock","product_retailer_item_id":"933719-000","product_condition":"new"},"_links":{"self":[{"href":"https:\/\/sakt.ee\/en\/wp-json\/wp\/v2\/product\/42294","targetHints":{"allow":["GET"]}}],"collection":[{"href":"https:\/\/sakt.ee\/en\/wp-json\/wp\/v2\/product"}],"about":[{"href":"https:\/\/sakt.ee\/en\/wp-json\/wp\/v2\/types\/product"}],"version-history":[{"count":0,"href":"https:\/\/sakt.ee\/en\/wp-json\/wp\/v2\/product\/42294\/revisions"}],"wp:featuredmedia":[{"embeddable":true,"href":"https:\/\/sakt.ee\/en\/wp-json\/wp\/v2\/media\/27647"}],"wp:attachment":[{"href":"https:\/\/sakt.ee\/en\/wp-json\/wp\/v2\/media?parent=42294"}],"wp:term":[{"taxonomy":"product_brand","embeddable":true,"href":"https:\/\/sakt.ee\/en\/wp-json\/wp\/v2\/product_brand?post=42294"},{"taxonomy":"product_cat","embeddable":true,"href":"https:\/\/sakt.ee\/en\/wp-json\/wp\/v2\/product_cat?post=42294"},{"taxonomy":"product_tag","embeddable":true,"href":"https:\/\/sakt.ee\/en\/wp-json\/wp\/v2\/product_tag?post=42294"},{"taxonomy":"manufacturers","embeddable":true,"href":"https:\/\/sakt.ee\/en\/wp-json\/wp\/v2\/manufacturers?post=42294"}],"curies":[{"name":"wp","href":"https:\/\/api.w.org\/{rel}","templated":true}]}}