{"id":41430,"date":"2025-05-16T15:25:38","date_gmt":"2025-05-16T12:25:38","guid":{"rendered":"https:\/\/sakt.ee\/product\/si18-dc8-inductance-sensor-10-30dc-m18-flush-pnp-no-8mm-m12-connector\/"},"modified":"2025-11-25T13:08:55","modified_gmt":"2025-11-25T10:08:55","slug":"si18-dc8-inductance-sensor-10-30dc-m18-flush-pnp-no-8mm-m12-connector","status":"publish","type":"product","link":"https:\/\/sakt.ee\/en\/pood\/process-sensors\/inductive-sensors\/si18-dc8-inductance-sensor-10-30dc-m18-flush-pnp-no-8mm-m12-connector\/","title":{"rendered":"SI18-DC8 inductance sensor; 10-30DC; M18; \u201cflush\u201d; PNP; NO; 8mm; M12 connector"},"content":{"rendered":"","protected":false},"excerpt":{"rendered":"","protected":false},"featured_media":16956,"template":"","meta":{"_acf_changed":false},"product_brand":[],"product_cat":[3292],"product_tag":[],"manufacturers":[7815],"class_list":{"0":"post-41430","1":"product","2":"type-product","3":"status-publish","4":"has-post-thumbnail","6":"product_cat-inductive-sensors","7":"pa_funktsionaalsus-flush-en","8":"pa_kaitseklass-ip67-en","9":"pa_kontakt-1-no-en","10":"pa_labimoot-18mm-en","11":"pa_mootepiirkond-0-8mm-en","12":"pa_pikkus-71mm-en","13":"pa_toide-10-30v-dc-en","14":"pa_tootemperatuur-25-85c-en","15":"pa_tootja-aeco","16":"pa_uhendustuup-m12-connector","17":"pa_valjund-pnp-en","18":"manufacturers-aeco-en","20":"first","21":"onbackorder","22":"taxable","23":"shipping-taxable","24":"purchasable","25":"product-type-simple"},"acf":[],"yoast_head":"<!-- This site is optimized with the Yoast SEO Premium plugin v25.4 (Yoast SEO v25.4) - https:\/\/yoast.com\/wordpress\/plugins\/seo\/ -->\n<title>SI18-DC8 inductance sensor; 10-30DC; M18; \u201cflush\u201d; PNP; NO; 8mm; M12 connector - Sakala T\u00f6\u00f6stusautomaatika O\u00dc<\/title>\n<meta name=\"robots\" content=\"index, follow, max-snippet:-1, max-image-preview:large, max-video-preview:-1\" \/>\n<link rel=\"canonical\" href=\"https:\/\/sakt.ee\/pood\/andurid\/induktiivandurid\/si18-dc8-induktiivandur-10-30dc-m18-flush-pnp-no-8mm-m12-pistik\/\" \/>\n<meta property=\"og:locale\" content=\"en_US\" \/>\n<meta property=\"og:type\" content=\"article\" \/>\n<meta property=\"og:title\" content=\"SI18-DC8 inductance sensor; 10-30DC; M18; \u201cflush\u201d; PNP; NO; 8mm; M12 connector\" \/>\n<meta property=\"og:url\" content=\"https:\/\/sakt.ee\/pood\/andurid\/induktiivandurid\/si18-dc8-induktiivandur-10-30dc-m18-flush-pnp-no-8mm-m12-pistik\/\" \/>\n<meta property=\"og:site_name\" content=\"Sakala T\u00f6\u00f6stusautomaatika O\u00dc\" \/>\n<meta property=\"article:modified_time\" content=\"2025-11-25T10:08:55+00:00\" \/>\n<meta property=\"og:image\" content=\"https:\/\/sakt.ee\/wp-content\/uploads\/2025\/05\/1033.jpg\" \/>\n\t<meta property=\"og:image:width\" content=\"271\" \/>\n\t<meta property=\"og:image:height\" content=\"173\" \/>\n\t<meta property=\"og:image:type\" content=\"image\/jpeg\" \/>\n<meta name=\"twitter:card\" content=\"summary_large_image\" \/>\n<meta name=\"twitter:label1\" content=\"Price\" \/>\n\t<meta name=\"twitter:data1\" content=\"32,10&euro; +VAT\" \/>\n\t<meta name=\"twitter:label2\" content=\"Availability\" \/>\n\t<meta name=\"twitter:data2\" content=\"On backorder\" \/>\n<script type=\"application\/ld+json\" class=\"yoast-schema-graph\">{\"@context\":\"https:\/\/schema.org\",\"@graph\":[{\"@type\":\"WebPage\",\"@id\":\"https:\/\/sakt.ee\/pood\/andurid\/induktiivandurid\/si18-dc8-induktiivandur-10-30dc-m18-flush-pnp-no-8mm-m12-pistik\/\",\"url\":\"https:\/\/sakt.ee\/pood\/andurid\/induktiivandurid\/si18-dc8-induktiivandur-10-30dc-m18-flush-pnp-no-8mm-m12-pistik\/\",\"name\":\"SI18-DC8 inductance sensor; 10-30DC; M18; \u201cflush\u201d; PNP; NO; 8mm; M12 connector - Sakala T\u00f6\u00f6stusautomaatika O\u00dc\",\"isPartOf\":{\"@id\":\"https:\/\/sakt.ee\/en\/#website\"},\"primaryImageOfPage\":{\"@id\":\"https:\/\/sakt.ee\/pood\/andurid\/induktiivandurid\/si18-dc8-induktiivandur-10-30dc-m18-flush-pnp-no-8mm-m12-pistik\/#primaryimage\"},\"image\":{\"@id\":\"https:\/\/sakt.ee\/pood\/andurid\/induktiivandurid\/si18-dc8-induktiivandur-10-30dc-m18-flush-pnp-no-8mm-m12-pistik\/#primaryimage\"},\"thumbnailUrl\":\"https:\/\/sakt.ee\/wp-content\/uploads\/2025\/05\/1033.jpg\",\"datePublished\":\"2025-05-16T12:25:38+00:00\",\"dateModified\":\"2025-11-25T10:08:55+00:00\",\"breadcrumb\":{\"@id\":\"https:\/\/sakt.ee\/pood\/andurid\/induktiivandurid\/si18-dc8-induktiivandur-10-30dc-m18-flush-pnp-no-8mm-m12-pistik\/#breadcrumb\"},\"inLanguage\":\"en-US\",\"potentialAction\":[{\"@type\":\"ReadAction\",\"target\":[\"https:\/\/sakt.ee\/pood\/andurid\/induktiivandurid\/si18-dc8-induktiivandur-10-30dc-m18-flush-pnp-no-8mm-m12-pistik\/\"]}]},{\"@type\":\"ImageObject\",\"inLanguage\":\"en-US\",\"@id\":\"https:\/\/sakt.ee\/pood\/andurid\/induktiivandurid\/si18-dc8-induktiivandur-10-30dc-m18-flush-pnp-no-8mm-m12-pistik\/#primaryimage\",\"url\":\"https:\/\/sakt.ee\/wp-content\/uploads\/2025\/05\/1033.jpg\",\"contentUrl\":\"https:\/\/sakt.ee\/wp-content\/uploads\/2025\/05\/1033.jpg\",\"width\":271,\"height\":173},{\"@type\":\"BreadcrumbList\",\"@id\":\"https:\/\/sakt.ee\/pood\/andurid\/induktiivandurid\/si18-dc8-induktiivandur-10-30dc-m18-flush-pnp-no-8mm-m12-pistik\/#breadcrumb\",\"itemListElement\":[{\"@type\":\"ListItem\",\"position\":1,\"name\":\"Home\",\"item\":\"https:\/\/sakt.ee\/\"},{\"@type\":\"ListItem\",\"position\":2,\"name\":\"Shop\",\"item\":\"https:\/\/sakt.ee\/en\/shop\/\"},{\"@type\":\"ListItem\",\"position\":3,\"name\":\"SI18-DC8 inductance sensor; 10-30DC; M18; \u201cflush\u201d; PNP; NO; 8mm; M12 connector\"}]},{\"@type\":\"WebSite\",\"@id\":\"https:\/\/sakt.ee\/en\/#website\",\"url\":\"https:\/\/sakt.ee\/en\/\",\"name\":\"Sakala T\u00f6\u00f6stusautomaatika O\u00dc\",\"description\":\"T\u00f6\u00f6stusautomaatika e-pood\",\"publisher\":{\"@id\":\"https:\/\/sakt.ee\/en\/#organization\"},\"potentialAction\":[{\"@type\":\"SearchAction\",\"target\":{\"@type\":\"EntryPoint\",\"urlTemplate\":\"https:\/\/sakt.ee\/en\/?s={search_term_string}\"},\"query-input\":{\"@type\":\"PropertyValueSpecification\",\"valueRequired\":true,\"valueName\":\"search_term_string\"}}],\"inLanguage\":\"en-US\"},{\"@type\":\"Organization\",\"@id\":\"https:\/\/sakt.ee\/en\/#organization\",\"name\":\"Sakala T\u00f6\u00f6stusautomaatika O\u00dc\",\"url\":\"https:\/\/sakt.ee\/en\/\",\"logo\":{\"@type\":\"ImageObject\",\"inLanguage\":\"en-US\",\"@id\":\"https:\/\/sakt.ee\/en\/#\/schema\/logo\/image\/\",\"url\":\"https:\/\/sakt.ee\/wp-content\/uploads\/2025\/05\/Sakala-Toostusautomaatika-favicon.png\",\"contentUrl\":\"https:\/\/sakt.ee\/wp-content\/uploads\/2025\/05\/Sakala-Toostusautomaatika-favicon.png\",\"width\":500,\"height\":500,\"caption\":\"Sakala T\u00f6\u00f6stusautomaatika O\u00dc\"},\"image\":{\"@id\":\"https:\/\/sakt.ee\/en\/#\/schema\/logo\/image\/\"}}]}<\/script>\n<meta property=\"product:price:amount\" content=\"32.10\" \/>\n<meta property=\"product:price:currency\" content=\"EUR\" \/>\n<meta property=\"og:availability\" content=\"backorder\" \/>\n<meta property=\"product:availability\" content=\"available for order\" \/>\n<meta property=\"product:retailer_item_id\" content=\"I18000399\" \/>\n<meta property=\"product:condition\" content=\"new\" \/>\n<!-- \/ Yoast SEO Premium plugin. -->","yoast_head_json":{"title":"SI18-DC8 inductance sensor; 10-30DC; M18; \u201cflush\u201d; PNP; NO; 8mm; M12 connector - Sakala T\u00f6\u00f6stusautomaatika O\u00dc","robots":{"index":"index","follow":"follow","max-snippet":"max-snippet:-1","max-image-preview":"max-image-preview:large","max-video-preview":"max-video-preview:-1"},"canonical":"https:\/\/sakt.ee\/pood\/andurid\/induktiivandurid\/si18-dc8-induktiivandur-10-30dc-m18-flush-pnp-no-8mm-m12-pistik\/","og_locale":"en_US","og_type":"article","og_title":"SI18-DC8 inductance sensor; 10-30DC; M18; \u201cflush\u201d; PNP; NO; 8mm; M12 connector","og_url":"https:\/\/sakt.ee\/pood\/andurid\/induktiivandurid\/si18-dc8-induktiivandur-10-30dc-m18-flush-pnp-no-8mm-m12-pistik\/","og_site_name":"Sakala T\u00f6\u00f6stusautomaatika O\u00dc","article_modified_time":"2025-11-25T10:08:55+00:00","og_image":[{"width":271,"height":173,"url":"https:\/\/sakt.ee\/wp-content\/uploads\/2025\/05\/1033.jpg","type":"image\/jpeg"}],"twitter_card":"summary_large_image","twitter_misc":{"Price":"32,10&euro; +VAT","Availability":"On backorder"},"schema":{"@context":"https:\/\/schema.org","@graph":[{"@type":"WebPage","@id":"https:\/\/sakt.ee\/pood\/andurid\/induktiivandurid\/si18-dc8-induktiivandur-10-30dc-m18-flush-pnp-no-8mm-m12-pistik\/","url":"https:\/\/sakt.ee\/pood\/andurid\/induktiivandurid\/si18-dc8-induktiivandur-10-30dc-m18-flush-pnp-no-8mm-m12-pistik\/","name":"SI18-DC8 inductance sensor; 10-30DC; M18; \u201cflush\u201d; PNP; NO; 8mm; M12 connector - Sakala T\u00f6\u00f6stusautomaatika O\u00dc","isPartOf":{"@id":"https:\/\/sakt.ee\/en\/#website"},"primaryImageOfPage":{"@id":"https:\/\/sakt.ee\/pood\/andurid\/induktiivandurid\/si18-dc8-induktiivandur-10-30dc-m18-flush-pnp-no-8mm-m12-pistik\/#primaryimage"},"image":{"@id":"https:\/\/sakt.ee\/pood\/andurid\/induktiivandurid\/si18-dc8-induktiivandur-10-30dc-m18-flush-pnp-no-8mm-m12-pistik\/#primaryimage"},"thumbnailUrl":"https:\/\/sakt.ee\/wp-content\/uploads\/2025\/05\/1033.jpg","datePublished":"2025-05-16T12:25:38+00:00","dateModified":"2025-11-25T10:08:55+00:00","breadcrumb":{"@id":"https:\/\/sakt.ee\/pood\/andurid\/induktiivandurid\/si18-dc8-induktiivandur-10-30dc-m18-flush-pnp-no-8mm-m12-pistik\/#breadcrumb"},"inLanguage":"en-US","potentialAction":[{"@type":"ReadAction","target":["https:\/\/sakt.ee\/pood\/andurid\/induktiivandurid\/si18-dc8-induktiivandur-10-30dc-m18-flush-pnp-no-8mm-m12-pistik\/"]}]},{"@type":"ImageObject","inLanguage":"en-US","@id":"https:\/\/sakt.ee\/pood\/andurid\/induktiivandurid\/si18-dc8-induktiivandur-10-30dc-m18-flush-pnp-no-8mm-m12-pistik\/#primaryimage","url":"https:\/\/sakt.ee\/wp-content\/uploads\/2025\/05\/1033.jpg","contentUrl":"https:\/\/sakt.ee\/wp-content\/uploads\/2025\/05\/1033.jpg","width":271,"height":173},{"@type":"BreadcrumbList","@id":"https:\/\/sakt.ee\/pood\/andurid\/induktiivandurid\/si18-dc8-induktiivandur-10-30dc-m18-flush-pnp-no-8mm-m12-pistik\/#breadcrumb","itemListElement":[{"@type":"ListItem","position":1,"name":"Home","item":"https:\/\/sakt.ee\/"},{"@type":"ListItem","position":2,"name":"Shop","item":"https:\/\/sakt.ee\/en\/shop\/"},{"@type":"ListItem","position":3,"name":"SI18-DC8 inductance sensor; 10-30DC; M18; \u201cflush\u201d; PNP; NO; 8mm; M12 connector"}]},{"@type":"WebSite","@id":"https:\/\/sakt.ee\/en\/#website","url":"https:\/\/sakt.ee\/en\/","name":"Sakala T\u00f6\u00f6stusautomaatika O\u00dc","description":"T\u00f6\u00f6stusautomaatika e-pood","publisher":{"@id":"https:\/\/sakt.ee\/en\/#organization"},"potentialAction":[{"@type":"SearchAction","target":{"@type":"EntryPoint","urlTemplate":"https:\/\/sakt.ee\/en\/?s={search_term_string}"},"query-input":{"@type":"PropertyValueSpecification","valueRequired":true,"valueName":"search_term_string"}}],"inLanguage":"en-US"},{"@type":"Organization","@id":"https:\/\/sakt.ee\/en\/#organization","name":"Sakala T\u00f6\u00f6stusautomaatika O\u00dc","url":"https:\/\/sakt.ee\/en\/","logo":{"@type":"ImageObject","inLanguage":"en-US","@id":"https:\/\/sakt.ee\/en\/#\/schema\/logo\/image\/","url":"https:\/\/sakt.ee\/wp-content\/uploads\/2025\/05\/Sakala-Toostusautomaatika-favicon.png","contentUrl":"https:\/\/sakt.ee\/wp-content\/uploads\/2025\/05\/Sakala-Toostusautomaatika-favicon.png","width":500,"height":500,"caption":"Sakala T\u00f6\u00f6stusautomaatika O\u00dc"},"image":{"@id":"https:\/\/sakt.ee\/en\/#\/schema\/logo\/image\/"}}]},"product_price_amount":"32.10","product_price_currency":"EUR","og_availability":"backorder","product_availability":"available for order","product_retailer_item_id":"I18000399","product_condition":"new"},"_links":{"self":[{"href":"https:\/\/sakt.ee\/en\/wp-json\/wp\/v2\/product\/41430","targetHints":{"allow":["GET"]}}],"collection":[{"href":"https:\/\/sakt.ee\/en\/wp-json\/wp\/v2\/product"}],"about":[{"href":"https:\/\/sakt.ee\/en\/wp-json\/wp\/v2\/types\/product"}],"version-history":[{"count":0,"href":"https:\/\/sakt.ee\/en\/wp-json\/wp\/v2\/product\/41430\/revisions"}],"wp:featuredmedia":[{"embeddable":true,"href":"https:\/\/sakt.ee\/en\/wp-json\/wp\/v2\/media\/16956"}],"wp:attachment":[{"href":"https:\/\/sakt.ee\/en\/wp-json\/wp\/v2\/media?parent=41430"}],"wp:term":[{"taxonomy":"product_brand","embeddable":true,"href":"https:\/\/sakt.ee\/en\/wp-json\/wp\/v2\/product_brand?post=41430"},{"taxonomy":"product_cat","embeddable":true,"href":"https:\/\/sakt.ee\/en\/wp-json\/wp\/v2\/product_cat?post=41430"},{"taxonomy":"product_tag","embeddable":true,"href":"https:\/\/sakt.ee\/en\/wp-json\/wp\/v2\/product_tag?post=41430"},{"taxonomy":"manufacturers","embeddable":true,"href":"https:\/\/sakt.ee\/en\/wp-json\/wp\/v2\/manufacturers?post=41430"}],"curies":[{"name":"wp","href":"https:\/\/api.w.org\/{rel}","templated":true}]}}