{"id":41285,"date":"2025-05-16T12:47:10","date_gmt":"2025-05-16T12:47:10","guid":{"rendered":"https:\/\/sakt.ee\/product\/mito-mini-a-kit-8-button-transmitter-receiver-12-24ac-dc-869mhz-ip67\/"},"modified":"2025-08-18T11:03:12","modified_gmt":"2025-08-18T08:03:12","slug":"mito-mini-a-kit-8-button-transmitter-receiver-12-24ac-dc-869mhz-ip67","status":"publish","type":"product","link":"https:\/\/sakt.ee\/en\/pood\/remote-controls\/wireless-systems\/sets\/mito-mini-a-kit-8-button-transmitter-receiver-12-24ac-dc-869mhz-ip67\/","title":{"rendered":"MITO MINI A kit, 8-button transmitter + receiver, 12-24AC\/DC, 869MHz, IP67"},"content":{"rendered":"","protected":false},"excerpt":{"rendered":"<p>The kit includes: receiver, 8-button transmitter, charger, transmitter holder and user manual.<br \/>\nOperating range 150m.<br \/>\nThe product has an internal antenna.<br \/>\nOperating temperature of receiver and transmitter -20 &#8230; +55C.<br \/>\nReceiver size 165 x 107 x 50mm and transmitter size 113 x 60 x 26 mm (W*D*H).<br \/>\nReceiver weighs 450g and transmitter 100g.  <\/p>\n","protected":false},"featured_media":17288,"template":"","meta":{"_acf_changed":false},"product_brand":[],"product_cat":[4176],"product_tag":[],"manufacturers":[7962],"class_list":{"0":"post-41285","1":"product","2":"type-product","3":"status-publish","4":"has-post-thumbnail","6":"product_cat-sets","7":"pa_kaitseklass-ip67-en","8":"pa_nuppude-arv-8-en","9":"pa_paigaldus-above","10":"pa_sagedus-869mhz-en","11":"pa_seeria-mini-en","12":"pa_toide-12-24v-ac-dc-en","13":"pa_tootemperatuur-20-55c-en","14":"pa_tootja-elca","15":"pa_varv-orange","16":"manufacturers-elca","18":"first","19":"instock","20":"taxable","21":"shipping-taxable","22":"purchasable","23":"product-type-simple"},"acf":[],"yoast_head":"<!-- This site is optimized with the Yoast SEO Premium plugin v25.4 (Yoast SEO v25.4) - https:\/\/yoast.com\/wordpress\/plugins\/seo\/ -->\n<title>MITO MINI A kit, 8-button transmitter + receiver, 12-24AC\/DC, 869MHz, IP67 - Sakala T\u00f6\u00f6stusautomaatika O\u00dc<\/title>\n<meta name=\"robots\" content=\"index, follow, max-snippet:-1, max-image-preview:large, max-video-preview:-1\" \/>\n<link rel=\"canonical\" href=\"https:\/\/sakt.ee\/pood\/puldid\/juhtmevabad-susteemid\/komplektid\/mito-mini-a-komplekt-8-nupuline-saatja-vastuvotja-12-24ac-dc-869mhz-ip67\/\" \/>\n<meta property=\"og:locale\" content=\"en_US\" \/>\n<meta property=\"og:type\" content=\"article\" \/>\n<meta property=\"og:title\" content=\"MITO MINI A kit, 8-button transmitter + receiver, 12-24AC\/DC, 869MHz, IP67\" \/>\n<meta property=\"og:description\" content=\"The kit includes: receiver, 8-button transmitter, charger, transmitter holder and user manual. Operating range 150m. The product has an internal antenna. Operating temperature of receiver and transmitter -20 ... +55C. Receiver size 165 x 107 x 50mm and transmitter size 113 x 60 x 26 mm (W*D*H). Receiver weighs 450g and transmitter 100g.\" \/>\n<meta property=\"og:url\" content=\"https:\/\/sakt.ee\/pood\/puldid\/juhtmevabad-susteemid\/komplektid\/mito-mini-a-komplekt-8-nupuline-saatja-vastuvotja-12-24ac-dc-869mhz-ip67\/\" \/>\n<meta property=\"og:site_name\" content=\"Sakala T\u00f6\u00f6stusautomaatika O\u00dc\" \/>\n<meta property=\"article:modified_time\" content=\"2025-08-18T08:03:12+00:00\" \/>\n<meta property=\"og:image\" content=\"https:\/\/sakt.ee\/wp-content\/uploads\/2025\/05\/3004.jpg\" \/>\n\t<meta property=\"og:image:width\" content=\"1086\" \/>\n\t<meta property=\"og:image:height\" content=\"708\" \/>\n\t<meta property=\"og:image:type\" content=\"image\/jpeg\" \/>\n<meta name=\"twitter:card\" content=\"summary_large_image\" \/>\n<meta name=\"twitter:label1\" content=\"Price\" \/>\n\t<meta name=\"twitter:data1\" content=\"792,70&euro; +VAT\" \/>\n\t<meta name=\"twitter:label2\" content=\"Availability\" \/>\n\t<meta name=\"twitter:data2\" content=\"In stock\" \/>\n<script type=\"application\/ld+json\" class=\"yoast-schema-graph\">{\"@context\":\"https:\/\/schema.org\",\"@graph\":[{\"@type\":\"WebPage\",\"@id\":\"https:\/\/sakt.ee\/pood\/puldid\/juhtmevabad-susteemid\/komplektid\/mito-mini-a-komplekt-8-nupuline-saatja-vastuvotja-12-24ac-dc-869mhz-ip67\/\",\"url\":\"https:\/\/sakt.ee\/pood\/puldid\/juhtmevabad-susteemid\/komplektid\/mito-mini-a-komplekt-8-nupuline-saatja-vastuvotja-12-24ac-dc-869mhz-ip67\/\",\"name\":\"MITO MINI A kit, 8-button transmitter + receiver, 12-24AC\/DC, 869MHz, IP67 - Sakala T\u00f6\u00f6stusautomaatika O\u00dc\",\"isPartOf\":{\"@id\":\"https:\/\/sakt.ee\/en\/#website\"},\"primaryImageOfPage\":{\"@id\":\"https:\/\/sakt.ee\/pood\/puldid\/juhtmevabad-susteemid\/komplektid\/mito-mini-a-komplekt-8-nupuline-saatja-vastuvotja-12-24ac-dc-869mhz-ip67\/#primaryimage\"},\"image\":{\"@id\":\"https:\/\/sakt.ee\/pood\/puldid\/juhtmevabad-susteemid\/komplektid\/mito-mini-a-komplekt-8-nupuline-saatja-vastuvotja-12-24ac-dc-869mhz-ip67\/#primaryimage\"},\"thumbnailUrl\":\"https:\/\/sakt.ee\/wp-content\/uploads\/2025\/05\/3004.jpg\",\"datePublished\":\"2025-05-16T12:47:10+00:00\",\"dateModified\":\"2025-08-18T08:03:12+00:00\",\"breadcrumb\":{\"@id\":\"https:\/\/sakt.ee\/pood\/puldid\/juhtmevabad-susteemid\/komplektid\/mito-mini-a-komplekt-8-nupuline-saatja-vastuvotja-12-24ac-dc-869mhz-ip67\/#breadcrumb\"},\"inLanguage\":\"en-US\",\"potentialAction\":[{\"@type\":\"ReadAction\",\"target\":[\"https:\/\/sakt.ee\/pood\/puldid\/juhtmevabad-susteemid\/komplektid\/mito-mini-a-komplekt-8-nupuline-saatja-vastuvotja-12-24ac-dc-869mhz-ip67\/\"]}]},{\"@type\":\"ImageObject\",\"inLanguage\":\"en-US\",\"@id\":\"https:\/\/sakt.ee\/pood\/puldid\/juhtmevabad-susteemid\/komplektid\/mito-mini-a-komplekt-8-nupuline-saatja-vastuvotja-12-24ac-dc-869mhz-ip67\/#primaryimage\",\"url\":\"https:\/\/sakt.ee\/wp-content\/uploads\/2025\/05\/3004.jpg\",\"contentUrl\":\"https:\/\/sakt.ee\/wp-content\/uploads\/2025\/05\/3004.jpg\",\"width\":1086,\"height\":708},{\"@type\":\"BreadcrumbList\",\"@id\":\"https:\/\/sakt.ee\/pood\/puldid\/juhtmevabad-susteemid\/komplektid\/mito-mini-a-komplekt-8-nupuline-saatja-vastuvotja-12-24ac-dc-869mhz-ip67\/#breadcrumb\",\"itemListElement\":[{\"@type\":\"ListItem\",\"position\":1,\"name\":\"Home\",\"item\":\"https:\/\/sakt.ee\/\"},{\"@type\":\"ListItem\",\"position\":2,\"name\":\"Shop\",\"item\":\"https:\/\/sakt.ee\/en\/shop\/\"},{\"@type\":\"ListItem\",\"position\":3,\"name\":\"MITO MINI A kit, 8-button transmitter + receiver, 12-24AC\/DC, 869MHz, IP67\"}]},{\"@type\":\"WebSite\",\"@id\":\"https:\/\/sakt.ee\/en\/#website\",\"url\":\"https:\/\/sakt.ee\/en\/\",\"name\":\"Sakala T\u00f6\u00f6stusautomaatika O\u00dc\",\"description\":\"T\u00f6\u00f6stusautomaatika e-pood\",\"publisher\":{\"@id\":\"https:\/\/sakt.ee\/en\/#organization\"},\"potentialAction\":[{\"@type\":\"SearchAction\",\"target\":{\"@type\":\"EntryPoint\",\"urlTemplate\":\"https:\/\/sakt.ee\/en\/?s={search_term_string}\"},\"query-input\":{\"@type\":\"PropertyValueSpecification\",\"valueRequired\":true,\"valueName\":\"search_term_string\"}}],\"inLanguage\":\"en-US\"},{\"@type\":\"Organization\",\"@id\":\"https:\/\/sakt.ee\/en\/#organization\",\"name\":\"Sakala T\u00f6\u00f6stusautomaatika O\u00dc\",\"url\":\"https:\/\/sakt.ee\/en\/\",\"logo\":{\"@type\":\"ImageObject\",\"inLanguage\":\"en-US\",\"@id\":\"https:\/\/sakt.ee\/en\/#\/schema\/logo\/image\/\",\"url\":\"https:\/\/sakt.ee\/wp-content\/uploads\/2025\/05\/Sakala-Toostusautomaatika-favicon.png\",\"contentUrl\":\"https:\/\/sakt.ee\/wp-content\/uploads\/2025\/05\/Sakala-Toostusautomaatika-favicon.png\",\"width\":500,\"height\":500,\"caption\":\"Sakala T\u00f6\u00f6stusautomaatika O\u00dc\"},\"image\":{\"@id\":\"https:\/\/sakt.ee\/en\/#\/schema\/logo\/image\/\"}}]}<\/script>\n<meta property=\"product:price:amount\" content=\"792.70\" \/>\n<meta property=\"product:price:currency\" content=\"EUR\" \/>\n<meta property=\"og:availability\" content=\"instock\" \/>\n<meta property=\"product:availability\" content=\"instock\" \/>\n<meta property=\"product:retailer_item_id\" content=\"MIMI04UNXXE02\" \/>\n<meta property=\"product:condition\" content=\"new\" \/>\n<!-- \/ Yoast SEO Premium plugin. -->","yoast_head_json":{"title":"MITO MINI A kit, 8-button transmitter + receiver, 12-24AC\/DC, 869MHz, IP67 - Sakala T\u00f6\u00f6stusautomaatika O\u00dc","robots":{"index":"index","follow":"follow","max-snippet":"max-snippet:-1","max-image-preview":"max-image-preview:large","max-video-preview":"max-video-preview:-1"},"canonical":"https:\/\/sakt.ee\/pood\/puldid\/juhtmevabad-susteemid\/komplektid\/mito-mini-a-komplekt-8-nupuline-saatja-vastuvotja-12-24ac-dc-869mhz-ip67\/","og_locale":"en_US","og_type":"article","og_title":"MITO MINI A kit, 8-button transmitter + receiver, 12-24AC\/DC, 869MHz, IP67","og_description":"The kit includes: receiver, 8-button transmitter, charger, transmitter holder and user manual. Operating range 150m. The product has an internal antenna. Operating temperature of receiver and transmitter -20 ... +55C. Receiver size 165 x 107 x 50mm and transmitter size 113 x 60 x 26 mm (W*D*H). Receiver weighs 450g and transmitter 100g.","og_url":"https:\/\/sakt.ee\/pood\/puldid\/juhtmevabad-susteemid\/komplektid\/mito-mini-a-komplekt-8-nupuline-saatja-vastuvotja-12-24ac-dc-869mhz-ip67\/","og_site_name":"Sakala T\u00f6\u00f6stusautomaatika O\u00dc","article_modified_time":"2025-08-18T08:03:12+00:00","og_image":[{"width":1086,"height":708,"url":"https:\/\/sakt.ee\/wp-content\/uploads\/2025\/05\/3004.jpg","type":"image\/jpeg"}],"twitter_card":"summary_large_image","twitter_misc":{"Price":"792,70&euro; +VAT","Availability":"In stock"},"schema":{"@context":"https:\/\/schema.org","@graph":[{"@type":"WebPage","@id":"https:\/\/sakt.ee\/pood\/puldid\/juhtmevabad-susteemid\/komplektid\/mito-mini-a-komplekt-8-nupuline-saatja-vastuvotja-12-24ac-dc-869mhz-ip67\/","url":"https:\/\/sakt.ee\/pood\/puldid\/juhtmevabad-susteemid\/komplektid\/mito-mini-a-komplekt-8-nupuline-saatja-vastuvotja-12-24ac-dc-869mhz-ip67\/","name":"MITO MINI A kit, 8-button transmitter + receiver, 12-24AC\/DC, 869MHz, IP67 - Sakala T\u00f6\u00f6stusautomaatika O\u00dc","isPartOf":{"@id":"https:\/\/sakt.ee\/en\/#website"},"primaryImageOfPage":{"@id":"https:\/\/sakt.ee\/pood\/puldid\/juhtmevabad-susteemid\/komplektid\/mito-mini-a-komplekt-8-nupuline-saatja-vastuvotja-12-24ac-dc-869mhz-ip67\/#primaryimage"},"image":{"@id":"https:\/\/sakt.ee\/pood\/puldid\/juhtmevabad-susteemid\/komplektid\/mito-mini-a-komplekt-8-nupuline-saatja-vastuvotja-12-24ac-dc-869mhz-ip67\/#primaryimage"},"thumbnailUrl":"https:\/\/sakt.ee\/wp-content\/uploads\/2025\/05\/3004.jpg","datePublished":"2025-05-16T12:47:10+00:00","dateModified":"2025-08-18T08:03:12+00:00","breadcrumb":{"@id":"https:\/\/sakt.ee\/pood\/puldid\/juhtmevabad-susteemid\/komplektid\/mito-mini-a-komplekt-8-nupuline-saatja-vastuvotja-12-24ac-dc-869mhz-ip67\/#breadcrumb"},"inLanguage":"en-US","potentialAction":[{"@type":"ReadAction","target":["https:\/\/sakt.ee\/pood\/puldid\/juhtmevabad-susteemid\/komplektid\/mito-mini-a-komplekt-8-nupuline-saatja-vastuvotja-12-24ac-dc-869mhz-ip67\/"]}]},{"@type":"ImageObject","inLanguage":"en-US","@id":"https:\/\/sakt.ee\/pood\/puldid\/juhtmevabad-susteemid\/komplektid\/mito-mini-a-komplekt-8-nupuline-saatja-vastuvotja-12-24ac-dc-869mhz-ip67\/#primaryimage","url":"https:\/\/sakt.ee\/wp-content\/uploads\/2025\/05\/3004.jpg","contentUrl":"https:\/\/sakt.ee\/wp-content\/uploads\/2025\/05\/3004.jpg","width":1086,"height":708},{"@type":"BreadcrumbList","@id":"https:\/\/sakt.ee\/pood\/puldid\/juhtmevabad-susteemid\/komplektid\/mito-mini-a-komplekt-8-nupuline-saatja-vastuvotja-12-24ac-dc-869mhz-ip67\/#breadcrumb","itemListElement":[{"@type":"ListItem","position":1,"name":"Home","item":"https:\/\/sakt.ee\/"},{"@type":"ListItem","position":2,"name":"Shop","item":"https:\/\/sakt.ee\/en\/shop\/"},{"@type":"ListItem","position":3,"name":"MITO MINI A kit, 8-button transmitter + receiver, 12-24AC\/DC, 869MHz, IP67"}]},{"@type":"WebSite","@id":"https:\/\/sakt.ee\/en\/#website","url":"https:\/\/sakt.ee\/en\/","name":"Sakala T\u00f6\u00f6stusautomaatika O\u00dc","description":"T\u00f6\u00f6stusautomaatika e-pood","publisher":{"@id":"https:\/\/sakt.ee\/en\/#organization"},"potentialAction":[{"@type":"SearchAction","target":{"@type":"EntryPoint","urlTemplate":"https:\/\/sakt.ee\/en\/?s={search_term_string}"},"query-input":{"@type":"PropertyValueSpecification","valueRequired":true,"valueName":"search_term_string"}}],"inLanguage":"en-US"},{"@type":"Organization","@id":"https:\/\/sakt.ee\/en\/#organization","name":"Sakala T\u00f6\u00f6stusautomaatika O\u00dc","url":"https:\/\/sakt.ee\/en\/","logo":{"@type":"ImageObject","inLanguage":"en-US","@id":"https:\/\/sakt.ee\/en\/#\/schema\/logo\/image\/","url":"https:\/\/sakt.ee\/wp-content\/uploads\/2025\/05\/Sakala-Toostusautomaatika-favicon.png","contentUrl":"https:\/\/sakt.ee\/wp-content\/uploads\/2025\/05\/Sakala-Toostusautomaatika-favicon.png","width":500,"height":500,"caption":"Sakala T\u00f6\u00f6stusautomaatika O\u00dc"},"image":{"@id":"https:\/\/sakt.ee\/en\/#\/schema\/logo\/image\/"}}]},"product_price_amount":"792.70","product_price_currency":"EUR","og_availability":"instock","product_availability":"instock","product_retailer_item_id":"MIMI04UNXXE02","product_condition":"new"},"_links":{"self":[{"href":"https:\/\/sakt.ee\/en\/wp-json\/wp\/v2\/product\/41285","targetHints":{"allow":["GET"]}}],"collection":[{"href":"https:\/\/sakt.ee\/en\/wp-json\/wp\/v2\/product"}],"about":[{"href":"https:\/\/sakt.ee\/en\/wp-json\/wp\/v2\/types\/product"}],"version-history":[{"count":0,"href":"https:\/\/sakt.ee\/en\/wp-json\/wp\/v2\/product\/41285\/revisions"}],"wp:featuredmedia":[{"embeddable":true,"href":"https:\/\/sakt.ee\/en\/wp-json\/wp\/v2\/media\/17288"}],"wp:attachment":[{"href":"https:\/\/sakt.ee\/en\/wp-json\/wp\/v2\/media?parent=41285"}],"wp:term":[{"taxonomy":"product_brand","embeddable":true,"href":"https:\/\/sakt.ee\/en\/wp-json\/wp\/v2\/product_brand?post=41285"},{"taxonomy":"product_cat","embeddable":true,"href":"https:\/\/sakt.ee\/en\/wp-json\/wp\/v2\/product_cat?post=41285"},{"taxonomy":"product_tag","embeddable":true,"href":"https:\/\/sakt.ee\/en\/wp-json\/wp\/v2\/product_tag?post=41285"},{"taxonomy":"manufacturers","embeddable":true,"href":"https:\/\/sakt.ee\/en\/wp-json\/wp\/v2\/manufacturers?post=41285"}],"curies":[{"name":"wp","href":"https:\/\/api.w.org\/{rel}","templated":true}]}}