{"id":41219,"date":"2025-11-18T21:42:44","date_gmt":"2025-11-18T18:42:44","guid":{"rendered":"https:\/\/sakt.ee\/product\/vf-e1-electronic-contact-block-pnp-1no-1nc\/"},"modified":"2025-11-18T21:42:47","modified_gmt":"2025-11-18T18:42:47","slug":"vf-e1-electronic-contact-block-pnp-1no-1nc","status":"publish","type":"product","link":"https:\/\/sakt.ee\/en\/pood\/switches\/position-switches\/accessories-for-position-switches\/vf-e1-electronic-contact-block-pnp-1no-1nc\/","title":{"rendered":"VF E1 electronic contact block; PNP; 1NO-1NC"},"content":{"rendered":"","protected":false},"excerpt":{"rendered":"","protected":false},"featured_media":23243,"template":"","meta":{"_acf_changed":false},"product_brand":[],"product_cat":[3517],"product_tag":[],"manufacturers":[7790],"class_list":{"0":"post-41219","1":"product","2":"type-product","3":"status-publish","4":"has-post-thumbnail","6":"product_cat-accessories-for-position-switches","7":"pa_kaitseklass-ip20-en","8":"pa_kontakt-1-no-1-nc-en","9":"pa_seeria-vf-en","10":"pa_toide-10-30v-dc-en","11":"pa_toode-contact-en-2","12":"pa_tootemperatuur-25-80c-en","13":"pa_tootja-pizzato","14":"manufacturers-pizzato-en","16":"first","17":"instock","18":"taxable","19":"shipping-taxable","20":"purchasable","21":"product-type-simple"},"acf":[],"yoast_head":"<!-- This site is optimized with the Yoast SEO Premium plugin v25.4 (Yoast SEO v25.4) - https:\/\/yoast.com\/wordpress\/plugins\/seo\/ -->\n<title>VF E1 electronic contact block; PNP; 1NO-1NC - Sakala T\u00f6\u00f6stusautomaatika O\u00dc<\/title>\n<meta name=\"robots\" content=\"index, follow, max-snippet:-1, max-image-preview:large, max-video-preview:-1\" \/>\n<link rel=\"canonical\" href=\"https:\/\/sakt.ee\/en\/pood\/switches\/position-switches\/accessories-for-position-switches\/vf-e1-electronic-contact-block-pnp-1no-1nc\/\" \/>\n<meta property=\"og:locale\" content=\"en_US\" \/>\n<meta property=\"og:type\" content=\"article\" \/>\n<meta property=\"og:title\" content=\"VF E1 electronic contact block; PNP; 1NO-1NC\" \/>\n<meta property=\"og:url\" content=\"https:\/\/sakt.ee\/en\/pood\/switches\/position-switches\/accessories-for-position-switches\/vf-e1-electronic-contact-block-pnp-1no-1nc\/\" \/>\n<meta property=\"og:site_name\" content=\"Sakala T\u00f6\u00f6stusautomaatika O\u00dc\" \/>\n<meta property=\"article:modified_time\" content=\"2025-11-18T18:42:47+00:00\" \/>\n<meta property=\"og:image\" content=\"https:\/\/sakt.ee\/wp-content\/uploads\/2025\/05\/330.jpg\" \/>\n\t<meta property=\"og:image:width\" content=\"360\" \/>\n\t<meta property=\"og:image:height\" content=\"360\" \/>\n\t<meta property=\"og:image:type\" content=\"image\/jpeg\" \/>\n<meta name=\"twitter:card\" content=\"summary_large_image\" \/>\n<meta name=\"twitter:label1\" content=\"Price\" \/>\n\t<meta name=\"twitter:data1\" content=\"23,10&euro; +VAT\" \/>\n\t<meta name=\"twitter:label2\" content=\"Availability\" \/>\n\t<meta name=\"twitter:data2\" content=\"In stock\" \/>\n<script type=\"application\/ld+json\" class=\"yoast-schema-graph\">{\"@context\":\"https:\/\/schema.org\",\"@graph\":[{\"@type\":\"WebPage\",\"@id\":\"https:\/\/sakt.ee\/en\/pood\/switches\/position-switches\/accessories-for-position-switches\/vf-e1-electronic-contact-block-pnp-1no-1nc\/\",\"url\":\"https:\/\/sakt.ee\/en\/pood\/switches\/position-switches\/accessories-for-position-switches\/vf-e1-electronic-contact-block-pnp-1no-1nc\/\",\"name\":\"VF E1 electronic contact block; PNP; 1NO-1NC - Sakala T\u00f6\u00f6stusautomaatika O\u00dc\",\"isPartOf\":{\"@id\":\"https:\/\/sakt.ee\/en\/#website\"},\"primaryImageOfPage\":{\"@id\":\"https:\/\/sakt.ee\/en\/pood\/switches\/position-switches\/accessories-for-position-switches\/vf-e1-electronic-contact-block-pnp-1no-1nc\/#primaryimage\"},\"image\":{\"@id\":\"https:\/\/sakt.ee\/en\/pood\/switches\/position-switches\/accessories-for-position-switches\/vf-e1-electronic-contact-block-pnp-1no-1nc\/#primaryimage\"},\"thumbnailUrl\":\"https:\/\/sakt.ee\/wp-content\/uploads\/2025\/05\/330.jpg\",\"datePublished\":\"2025-11-18T18:42:44+00:00\",\"dateModified\":\"2025-11-18T18:42:47+00:00\",\"breadcrumb\":{\"@id\":\"https:\/\/sakt.ee\/en\/pood\/switches\/position-switches\/accessories-for-position-switches\/vf-e1-electronic-contact-block-pnp-1no-1nc\/#breadcrumb\"},\"inLanguage\":\"en-US\",\"potentialAction\":[{\"@type\":\"ReadAction\",\"target\":[\"https:\/\/sakt.ee\/en\/pood\/switches\/position-switches\/accessories-for-position-switches\/vf-e1-electronic-contact-block-pnp-1no-1nc\/\"]}]},{\"@type\":\"ImageObject\",\"inLanguage\":\"en-US\",\"@id\":\"https:\/\/sakt.ee\/en\/pood\/switches\/position-switches\/accessories-for-position-switches\/vf-e1-electronic-contact-block-pnp-1no-1nc\/#primaryimage\",\"url\":\"https:\/\/sakt.ee\/wp-content\/uploads\/2025\/05\/330.jpg\",\"contentUrl\":\"https:\/\/sakt.ee\/wp-content\/uploads\/2025\/05\/330.jpg\",\"width\":360,\"height\":360},{\"@type\":\"BreadcrumbList\",\"@id\":\"https:\/\/sakt.ee\/en\/pood\/switches\/position-switches\/accessories-for-position-switches\/vf-e1-electronic-contact-block-pnp-1no-1nc\/#breadcrumb\",\"itemListElement\":[{\"@type\":\"ListItem\",\"position\":1,\"name\":\"Home\",\"item\":\"https:\/\/sakt.ee\/\"},{\"@type\":\"ListItem\",\"position\":2,\"name\":\"Shop\",\"item\":\"https:\/\/sakt.ee\/en\/shop\/\"},{\"@type\":\"ListItem\",\"position\":3,\"name\":\"VF E1 electronic contact block; PNP; 1NO-1NC\"}]},{\"@type\":\"WebSite\",\"@id\":\"https:\/\/sakt.ee\/en\/#website\",\"url\":\"https:\/\/sakt.ee\/en\/\",\"name\":\"Sakala T\u00f6\u00f6stusautomaatika O\u00dc\",\"description\":\"T\u00f6\u00f6stusautomaatika e-pood\",\"publisher\":{\"@id\":\"https:\/\/sakt.ee\/en\/#organization\"},\"potentialAction\":[{\"@type\":\"SearchAction\",\"target\":{\"@type\":\"EntryPoint\",\"urlTemplate\":\"https:\/\/sakt.ee\/en\/?s={search_term_string}\"},\"query-input\":{\"@type\":\"PropertyValueSpecification\",\"valueRequired\":true,\"valueName\":\"search_term_string\"}}],\"inLanguage\":\"en-US\"},{\"@type\":\"Organization\",\"@id\":\"https:\/\/sakt.ee\/en\/#organization\",\"name\":\"Sakala T\u00f6\u00f6stusautomaatika O\u00dc\",\"url\":\"https:\/\/sakt.ee\/en\/\",\"logo\":{\"@type\":\"ImageObject\",\"inLanguage\":\"en-US\",\"@id\":\"https:\/\/sakt.ee\/en\/#\/schema\/logo\/image\/\",\"url\":\"https:\/\/sakt.ee\/wp-content\/uploads\/2025\/05\/Sakala-Toostusautomaatika-favicon.png\",\"contentUrl\":\"https:\/\/sakt.ee\/wp-content\/uploads\/2025\/05\/Sakala-Toostusautomaatika-favicon.png\",\"width\":500,\"height\":500,\"caption\":\"Sakala T\u00f6\u00f6stusautomaatika O\u00dc\"},\"image\":{\"@id\":\"https:\/\/sakt.ee\/en\/#\/schema\/logo\/image\/\"}}]}<\/script>\n<meta property=\"product:price:amount\" content=\"23.10\" \/>\n<meta property=\"product:price:currency\" content=\"EUR\" \/>\n<meta property=\"og:availability\" content=\"instock\" \/>\n<meta property=\"product:availability\" content=\"instock\" \/>\n<meta property=\"product:retailer_item_id\" content=\"VF E1\" \/>\n<meta property=\"product:condition\" content=\"new\" \/>\n<!-- \/ Yoast SEO Premium plugin. -->","yoast_head_json":{"title":"VF E1 electronic contact block; PNP; 1NO-1NC - Sakala T\u00f6\u00f6stusautomaatika O\u00dc","robots":{"index":"index","follow":"follow","max-snippet":"max-snippet:-1","max-image-preview":"max-image-preview:large","max-video-preview":"max-video-preview:-1"},"canonical":"https:\/\/sakt.ee\/en\/pood\/switches\/position-switches\/accessories-for-position-switches\/vf-e1-electronic-contact-block-pnp-1no-1nc\/","og_locale":"en_US","og_type":"article","og_title":"VF E1 electronic contact block; PNP; 1NO-1NC","og_url":"https:\/\/sakt.ee\/en\/pood\/switches\/position-switches\/accessories-for-position-switches\/vf-e1-electronic-contact-block-pnp-1no-1nc\/","og_site_name":"Sakala T\u00f6\u00f6stusautomaatika O\u00dc","article_modified_time":"2025-11-18T18:42:47+00:00","og_image":[{"width":360,"height":360,"url":"https:\/\/sakt.ee\/wp-content\/uploads\/2025\/05\/330.jpg","type":"image\/jpeg"}],"twitter_card":"summary_large_image","twitter_misc":{"Price":"23,10&euro; +VAT","Availability":"In stock"},"schema":{"@context":"https:\/\/schema.org","@graph":[{"@type":"WebPage","@id":"https:\/\/sakt.ee\/en\/pood\/switches\/position-switches\/accessories-for-position-switches\/vf-e1-electronic-contact-block-pnp-1no-1nc\/","url":"https:\/\/sakt.ee\/en\/pood\/switches\/position-switches\/accessories-for-position-switches\/vf-e1-electronic-contact-block-pnp-1no-1nc\/","name":"VF E1 electronic contact block; PNP; 1NO-1NC - Sakala T\u00f6\u00f6stusautomaatika O\u00dc","isPartOf":{"@id":"https:\/\/sakt.ee\/en\/#website"},"primaryImageOfPage":{"@id":"https:\/\/sakt.ee\/en\/pood\/switches\/position-switches\/accessories-for-position-switches\/vf-e1-electronic-contact-block-pnp-1no-1nc\/#primaryimage"},"image":{"@id":"https:\/\/sakt.ee\/en\/pood\/switches\/position-switches\/accessories-for-position-switches\/vf-e1-electronic-contact-block-pnp-1no-1nc\/#primaryimage"},"thumbnailUrl":"https:\/\/sakt.ee\/wp-content\/uploads\/2025\/05\/330.jpg","datePublished":"2025-11-18T18:42:44+00:00","dateModified":"2025-11-18T18:42:47+00:00","breadcrumb":{"@id":"https:\/\/sakt.ee\/en\/pood\/switches\/position-switches\/accessories-for-position-switches\/vf-e1-electronic-contact-block-pnp-1no-1nc\/#breadcrumb"},"inLanguage":"en-US","potentialAction":[{"@type":"ReadAction","target":["https:\/\/sakt.ee\/en\/pood\/switches\/position-switches\/accessories-for-position-switches\/vf-e1-electronic-contact-block-pnp-1no-1nc\/"]}]},{"@type":"ImageObject","inLanguage":"en-US","@id":"https:\/\/sakt.ee\/en\/pood\/switches\/position-switches\/accessories-for-position-switches\/vf-e1-electronic-contact-block-pnp-1no-1nc\/#primaryimage","url":"https:\/\/sakt.ee\/wp-content\/uploads\/2025\/05\/330.jpg","contentUrl":"https:\/\/sakt.ee\/wp-content\/uploads\/2025\/05\/330.jpg","width":360,"height":360},{"@type":"BreadcrumbList","@id":"https:\/\/sakt.ee\/en\/pood\/switches\/position-switches\/accessories-for-position-switches\/vf-e1-electronic-contact-block-pnp-1no-1nc\/#breadcrumb","itemListElement":[{"@type":"ListItem","position":1,"name":"Home","item":"https:\/\/sakt.ee\/"},{"@type":"ListItem","position":2,"name":"Shop","item":"https:\/\/sakt.ee\/en\/shop\/"},{"@type":"ListItem","position":3,"name":"VF E1 electronic contact block; PNP; 1NO-1NC"}]},{"@type":"WebSite","@id":"https:\/\/sakt.ee\/en\/#website","url":"https:\/\/sakt.ee\/en\/","name":"Sakala T\u00f6\u00f6stusautomaatika O\u00dc","description":"T\u00f6\u00f6stusautomaatika e-pood","publisher":{"@id":"https:\/\/sakt.ee\/en\/#organization"},"potentialAction":[{"@type":"SearchAction","target":{"@type":"EntryPoint","urlTemplate":"https:\/\/sakt.ee\/en\/?s={search_term_string}"},"query-input":{"@type":"PropertyValueSpecification","valueRequired":true,"valueName":"search_term_string"}}],"inLanguage":"en-US"},{"@type":"Organization","@id":"https:\/\/sakt.ee\/en\/#organization","name":"Sakala T\u00f6\u00f6stusautomaatika O\u00dc","url":"https:\/\/sakt.ee\/en\/","logo":{"@type":"ImageObject","inLanguage":"en-US","@id":"https:\/\/sakt.ee\/en\/#\/schema\/logo\/image\/","url":"https:\/\/sakt.ee\/wp-content\/uploads\/2025\/05\/Sakala-Toostusautomaatika-favicon.png","contentUrl":"https:\/\/sakt.ee\/wp-content\/uploads\/2025\/05\/Sakala-Toostusautomaatika-favicon.png","width":500,"height":500,"caption":"Sakala T\u00f6\u00f6stusautomaatika O\u00dc"},"image":{"@id":"https:\/\/sakt.ee\/en\/#\/schema\/logo\/image\/"}}]},"product_price_amount":"23.10","product_price_currency":"EUR","og_availability":"instock","product_availability":"instock","product_retailer_item_id":"VF E1","product_condition":"new"},"_links":{"self":[{"href":"https:\/\/sakt.ee\/en\/wp-json\/wp\/v2\/product\/41219","targetHints":{"allow":["GET"]}}],"collection":[{"href":"https:\/\/sakt.ee\/en\/wp-json\/wp\/v2\/product"}],"about":[{"href":"https:\/\/sakt.ee\/en\/wp-json\/wp\/v2\/types\/product"}],"version-history":[{"count":0,"href":"https:\/\/sakt.ee\/en\/wp-json\/wp\/v2\/product\/41219\/revisions"}],"wp:featuredmedia":[{"embeddable":true,"href":"https:\/\/sakt.ee\/en\/wp-json\/wp\/v2\/media\/23243"}],"wp:attachment":[{"href":"https:\/\/sakt.ee\/en\/wp-json\/wp\/v2\/media?parent=41219"}],"wp:term":[{"taxonomy":"product_brand","embeddable":true,"href":"https:\/\/sakt.ee\/en\/wp-json\/wp\/v2\/product_brand?post=41219"},{"taxonomy":"product_cat","embeddable":true,"href":"https:\/\/sakt.ee\/en\/wp-json\/wp\/v2\/product_cat?post=41219"},{"taxonomy":"product_tag","embeddable":true,"href":"https:\/\/sakt.ee\/en\/wp-json\/wp\/v2\/product_tag?post=41219"},{"taxonomy":"manufacturers","embeddable":true,"href":"https:\/\/sakt.ee\/en\/wp-json\/wp\/v2\/manufacturers?post=41219"}],"curies":[{"name":"wp","href":"https:\/\/api.w.org\/{rel}","templated":true}]}}