{"id":41155,"date":"2025-05-16T19:38:00","date_gmt":"2025-05-16T19:38:00","guid":{"rendered":"https:\/\/sakt.ee\/product\/vf-l31-r5-road-switch-roller-fd-fp-fl-fc-series\/"},"modified":"2025-08-16T00:05:32","modified_gmt":"2025-08-15T21:05:32","slug":"vf-l31-r5-road-switch-roller-fd-fp-fl-fc-series","status":"publish","type":"product","link":"https:\/\/sakt.ee\/en\/pood\/switches\/position-switches\/accessories-for-position-switches\/vf-l31-r5-road-switch-roller-fd-fp-fl-fc-series\/","title":{"rendered":"VF L31-R5 road switch roller (FD-FP-FL-FC series)"},"content":{"rendered":"","protected":false},"excerpt":{"rendered":"","protected":false},"featured_media":23395,"template":"","meta":{"_acf_changed":false},"product_brand":[],"product_cat":[3517],"product_tag":[],"manufacturers":[7790],"class_list":{"0":"post-41155","1":"product","2":"type-product","3":"status-publish","4":"has-post-thumbnail","6":"product_cat-accessories-for-position-switches","7":"pa_mehhanism-roller-and-lever","8":"pa_seeria-fd-fp-fl-fc-en","9":"pa_tootja-pizzato","10":"manufacturers-pizzato-en","12":"first","13":"instock","14":"taxable","15":"shipping-taxable","16":"purchasable","17":"product-type-simple"},"acf":[],"yoast_head":"<!-- This site is optimized with the Yoast SEO Premium plugin v25.4 (Yoast SEO v25.4) - https:\/\/yoast.com\/wordpress\/plugins\/seo\/ -->\n<title>VF L31-R5 road switch roller (FD-FP-FL-FC series) - Sakala T\u00f6\u00f6stusautomaatika O\u00dc<\/title>\n<meta name=\"robots\" content=\"index, follow, max-snippet:-1, max-image-preview:large, max-video-preview:-1\" \/>\n<link rel=\"canonical\" href=\"https:\/\/sakt.ee\/en\/pood\/switches\/position-switches\/accessories-for-position-switches\/vf-l31-r5-road-switch-roller-fd-fp-fl-fc-series\/\" \/>\n<meta property=\"og:locale\" content=\"en_US\" \/>\n<meta property=\"og:type\" content=\"article\" \/>\n<meta property=\"og:title\" content=\"VF L31-R5 road switch roller (FD-FP-FL-FC series)\" \/>\n<meta property=\"og:url\" content=\"https:\/\/sakt.ee\/en\/pood\/switches\/position-switches\/accessories-for-position-switches\/vf-l31-r5-road-switch-roller-fd-fp-fl-fc-series\/\" \/>\n<meta property=\"og:site_name\" content=\"Sakala T\u00f6\u00f6stusautomaatika O\u00dc\" \/>\n<meta property=\"article:modified_time\" content=\"2025-08-15T21:05:32+00:00\" \/>\n<meta property=\"og:image\" content=\"https:\/\/sakt.ee\/wp-content\/uploads\/2025\/05\/414.jpg\" \/>\n\t<meta property=\"og:image:width\" content=\"360\" \/>\n\t<meta property=\"og:image:height\" content=\"360\" \/>\n\t<meta property=\"og:image:type\" content=\"image\/jpeg\" \/>\n<meta name=\"twitter:card\" content=\"summary_large_image\" \/>\n<meta name=\"twitter:label1\" content=\"Price\" \/>\n\t<meta name=\"twitter:data1\" content=\"3,50&euro; +VAT\" \/>\n\t<meta name=\"twitter:label2\" content=\"Availability\" \/>\n\t<meta name=\"twitter:data2\" content=\"In stock\" \/>\n<script type=\"application\/ld+json\" class=\"yoast-schema-graph\">{\"@context\":\"https:\/\/schema.org\",\"@graph\":[{\"@type\":\"WebPage\",\"@id\":\"https:\/\/sakt.ee\/en\/pood\/switches\/position-switches\/accessories-for-position-switches\/vf-l31-r5-road-switch-roller-fd-fp-fl-fc-series\/\",\"url\":\"https:\/\/sakt.ee\/en\/pood\/switches\/position-switches\/accessories-for-position-switches\/vf-l31-r5-road-switch-roller-fd-fp-fl-fc-series\/\",\"name\":\"VF L31-R5 road switch roller (FD-FP-FL-FC series) - Sakala T\u00f6\u00f6stusautomaatika O\u00dc\",\"isPartOf\":{\"@id\":\"https:\/\/sakt.ee\/en\/#website\"},\"primaryImageOfPage\":{\"@id\":\"https:\/\/sakt.ee\/en\/pood\/switches\/position-switches\/accessories-for-position-switches\/vf-l31-r5-road-switch-roller-fd-fp-fl-fc-series\/#primaryimage\"},\"image\":{\"@id\":\"https:\/\/sakt.ee\/en\/pood\/switches\/position-switches\/accessories-for-position-switches\/vf-l31-r5-road-switch-roller-fd-fp-fl-fc-series\/#primaryimage\"},\"thumbnailUrl\":\"https:\/\/sakt.ee\/wp-content\/uploads\/2025\/05\/414.jpg\",\"datePublished\":\"2025-05-16T19:38:00+00:00\",\"dateModified\":\"2025-08-15T21:05:32+00:00\",\"breadcrumb\":{\"@id\":\"https:\/\/sakt.ee\/en\/pood\/switches\/position-switches\/accessories-for-position-switches\/vf-l31-r5-road-switch-roller-fd-fp-fl-fc-series\/#breadcrumb\"},\"inLanguage\":\"en-US\",\"potentialAction\":[{\"@type\":\"ReadAction\",\"target\":[\"https:\/\/sakt.ee\/en\/pood\/switches\/position-switches\/accessories-for-position-switches\/vf-l31-r5-road-switch-roller-fd-fp-fl-fc-series\/\"]}]},{\"@type\":\"ImageObject\",\"inLanguage\":\"en-US\",\"@id\":\"https:\/\/sakt.ee\/en\/pood\/switches\/position-switches\/accessories-for-position-switches\/vf-l31-r5-road-switch-roller-fd-fp-fl-fc-series\/#primaryimage\",\"url\":\"https:\/\/sakt.ee\/wp-content\/uploads\/2025\/05\/414.jpg\",\"contentUrl\":\"https:\/\/sakt.ee\/wp-content\/uploads\/2025\/05\/414.jpg\",\"width\":360,\"height\":360},{\"@type\":\"BreadcrumbList\",\"@id\":\"https:\/\/sakt.ee\/en\/pood\/switches\/position-switches\/accessories-for-position-switches\/vf-l31-r5-road-switch-roller-fd-fp-fl-fc-series\/#breadcrumb\",\"itemListElement\":[{\"@type\":\"ListItem\",\"position\":1,\"name\":\"Home\",\"item\":\"https:\/\/sakt.ee\/\"},{\"@type\":\"ListItem\",\"position\":2,\"name\":\"Shop\",\"item\":\"https:\/\/sakt.ee\/en\/shop\/\"},{\"@type\":\"ListItem\",\"position\":3,\"name\":\"VF L31-R5 road switch roller (FD-FP-FL-FC series)\"}]},{\"@type\":\"WebSite\",\"@id\":\"https:\/\/sakt.ee\/en\/#website\",\"url\":\"https:\/\/sakt.ee\/en\/\",\"name\":\"Sakala T\u00f6\u00f6stusautomaatika O\u00dc\",\"description\":\"T\u00f6\u00f6stusautomaatika e-pood\",\"publisher\":{\"@id\":\"https:\/\/sakt.ee\/en\/#organization\"},\"potentialAction\":[{\"@type\":\"SearchAction\",\"target\":{\"@type\":\"EntryPoint\",\"urlTemplate\":\"https:\/\/sakt.ee\/en\/?s={search_term_string}\"},\"query-input\":{\"@type\":\"PropertyValueSpecification\",\"valueRequired\":true,\"valueName\":\"search_term_string\"}}],\"inLanguage\":\"en-US\"},{\"@type\":\"Organization\",\"@id\":\"https:\/\/sakt.ee\/en\/#organization\",\"name\":\"Sakala T\u00f6\u00f6stusautomaatika O\u00dc\",\"url\":\"https:\/\/sakt.ee\/en\/\",\"logo\":{\"@type\":\"ImageObject\",\"inLanguage\":\"en-US\",\"@id\":\"https:\/\/sakt.ee\/en\/#\/schema\/logo\/image\/\",\"url\":\"https:\/\/sakt.ee\/wp-content\/uploads\/2025\/05\/Sakala-Toostusautomaatika-favicon.png\",\"contentUrl\":\"https:\/\/sakt.ee\/wp-content\/uploads\/2025\/05\/Sakala-Toostusautomaatika-favicon.png\",\"width\":500,\"height\":500,\"caption\":\"Sakala T\u00f6\u00f6stusautomaatika O\u00dc\"},\"image\":{\"@id\":\"https:\/\/sakt.ee\/en\/#\/schema\/logo\/image\/\"}}]}<\/script>\n<meta property=\"product:price:amount\" content=\"3.50\" \/>\n<meta property=\"product:price:currency\" content=\"EUR\" \/>\n<meta property=\"og:availability\" content=\"instock\" \/>\n<meta property=\"product:availability\" content=\"instock\" \/>\n<meta property=\"product:retailer_item_id\" content=\"VF L31-R5\" \/>\n<meta property=\"product:condition\" content=\"new\" \/>\n<!-- \/ Yoast SEO Premium plugin. -->","yoast_head_json":{"title":"VF L31-R5 road switch roller (FD-FP-FL-FC series) - Sakala T\u00f6\u00f6stusautomaatika O\u00dc","robots":{"index":"index","follow":"follow","max-snippet":"max-snippet:-1","max-image-preview":"max-image-preview:large","max-video-preview":"max-video-preview:-1"},"canonical":"https:\/\/sakt.ee\/en\/pood\/switches\/position-switches\/accessories-for-position-switches\/vf-l31-r5-road-switch-roller-fd-fp-fl-fc-series\/","og_locale":"en_US","og_type":"article","og_title":"VF L31-R5 road switch roller (FD-FP-FL-FC series)","og_url":"https:\/\/sakt.ee\/en\/pood\/switches\/position-switches\/accessories-for-position-switches\/vf-l31-r5-road-switch-roller-fd-fp-fl-fc-series\/","og_site_name":"Sakala T\u00f6\u00f6stusautomaatika O\u00dc","article_modified_time":"2025-08-15T21:05:32+00:00","og_image":[{"width":360,"height":360,"url":"https:\/\/sakt.ee\/wp-content\/uploads\/2025\/05\/414.jpg","type":"image\/jpeg"}],"twitter_card":"summary_large_image","twitter_misc":{"Price":"3,50&euro; +VAT","Availability":"In stock"},"schema":{"@context":"https:\/\/schema.org","@graph":[{"@type":"WebPage","@id":"https:\/\/sakt.ee\/en\/pood\/switches\/position-switches\/accessories-for-position-switches\/vf-l31-r5-road-switch-roller-fd-fp-fl-fc-series\/","url":"https:\/\/sakt.ee\/en\/pood\/switches\/position-switches\/accessories-for-position-switches\/vf-l31-r5-road-switch-roller-fd-fp-fl-fc-series\/","name":"VF L31-R5 road switch roller (FD-FP-FL-FC series) - Sakala T\u00f6\u00f6stusautomaatika O\u00dc","isPartOf":{"@id":"https:\/\/sakt.ee\/en\/#website"},"primaryImageOfPage":{"@id":"https:\/\/sakt.ee\/en\/pood\/switches\/position-switches\/accessories-for-position-switches\/vf-l31-r5-road-switch-roller-fd-fp-fl-fc-series\/#primaryimage"},"image":{"@id":"https:\/\/sakt.ee\/en\/pood\/switches\/position-switches\/accessories-for-position-switches\/vf-l31-r5-road-switch-roller-fd-fp-fl-fc-series\/#primaryimage"},"thumbnailUrl":"https:\/\/sakt.ee\/wp-content\/uploads\/2025\/05\/414.jpg","datePublished":"2025-05-16T19:38:00+00:00","dateModified":"2025-08-15T21:05:32+00:00","breadcrumb":{"@id":"https:\/\/sakt.ee\/en\/pood\/switches\/position-switches\/accessories-for-position-switches\/vf-l31-r5-road-switch-roller-fd-fp-fl-fc-series\/#breadcrumb"},"inLanguage":"en-US","potentialAction":[{"@type":"ReadAction","target":["https:\/\/sakt.ee\/en\/pood\/switches\/position-switches\/accessories-for-position-switches\/vf-l31-r5-road-switch-roller-fd-fp-fl-fc-series\/"]}]},{"@type":"ImageObject","inLanguage":"en-US","@id":"https:\/\/sakt.ee\/en\/pood\/switches\/position-switches\/accessories-for-position-switches\/vf-l31-r5-road-switch-roller-fd-fp-fl-fc-series\/#primaryimage","url":"https:\/\/sakt.ee\/wp-content\/uploads\/2025\/05\/414.jpg","contentUrl":"https:\/\/sakt.ee\/wp-content\/uploads\/2025\/05\/414.jpg","width":360,"height":360},{"@type":"BreadcrumbList","@id":"https:\/\/sakt.ee\/en\/pood\/switches\/position-switches\/accessories-for-position-switches\/vf-l31-r5-road-switch-roller-fd-fp-fl-fc-series\/#breadcrumb","itemListElement":[{"@type":"ListItem","position":1,"name":"Home","item":"https:\/\/sakt.ee\/"},{"@type":"ListItem","position":2,"name":"Shop","item":"https:\/\/sakt.ee\/en\/shop\/"},{"@type":"ListItem","position":3,"name":"VF L31-R5 road switch roller (FD-FP-FL-FC series)"}]},{"@type":"WebSite","@id":"https:\/\/sakt.ee\/en\/#website","url":"https:\/\/sakt.ee\/en\/","name":"Sakala T\u00f6\u00f6stusautomaatika O\u00dc","description":"T\u00f6\u00f6stusautomaatika e-pood","publisher":{"@id":"https:\/\/sakt.ee\/en\/#organization"},"potentialAction":[{"@type":"SearchAction","target":{"@type":"EntryPoint","urlTemplate":"https:\/\/sakt.ee\/en\/?s={search_term_string}"},"query-input":{"@type":"PropertyValueSpecification","valueRequired":true,"valueName":"search_term_string"}}],"inLanguage":"en-US"},{"@type":"Organization","@id":"https:\/\/sakt.ee\/en\/#organization","name":"Sakala T\u00f6\u00f6stusautomaatika O\u00dc","url":"https:\/\/sakt.ee\/en\/","logo":{"@type":"ImageObject","inLanguage":"en-US","@id":"https:\/\/sakt.ee\/en\/#\/schema\/logo\/image\/","url":"https:\/\/sakt.ee\/wp-content\/uploads\/2025\/05\/Sakala-Toostusautomaatika-favicon.png","contentUrl":"https:\/\/sakt.ee\/wp-content\/uploads\/2025\/05\/Sakala-Toostusautomaatika-favicon.png","width":500,"height":500,"caption":"Sakala T\u00f6\u00f6stusautomaatika O\u00dc"},"image":{"@id":"https:\/\/sakt.ee\/en\/#\/schema\/logo\/image\/"}}]},"product_price_amount":"3.50","product_price_currency":"EUR","og_availability":"instock","product_availability":"instock","product_retailer_item_id":"VF L31-R5","product_condition":"new"},"_links":{"self":[{"href":"https:\/\/sakt.ee\/en\/wp-json\/wp\/v2\/product\/41155","targetHints":{"allow":["GET"]}}],"collection":[{"href":"https:\/\/sakt.ee\/en\/wp-json\/wp\/v2\/product"}],"about":[{"href":"https:\/\/sakt.ee\/en\/wp-json\/wp\/v2\/types\/product"}],"version-history":[{"count":0,"href":"https:\/\/sakt.ee\/en\/wp-json\/wp\/v2\/product\/41155\/revisions"}],"wp:featuredmedia":[{"embeddable":true,"href":"https:\/\/sakt.ee\/en\/wp-json\/wp\/v2\/media\/23395"}],"wp:attachment":[{"href":"https:\/\/sakt.ee\/en\/wp-json\/wp\/v2\/media?parent=41155"}],"wp:term":[{"taxonomy":"product_brand","embeddable":true,"href":"https:\/\/sakt.ee\/en\/wp-json\/wp\/v2\/product_brand?post=41155"},{"taxonomy":"product_cat","embeddable":true,"href":"https:\/\/sakt.ee\/en\/wp-json\/wp\/v2\/product_cat?post=41155"},{"taxonomy":"product_tag","embeddable":true,"href":"https:\/\/sakt.ee\/en\/wp-json\/wp\/v2\/product_tag?post=41155"},{"taxonomy":"manufacturers","embeddable":true,"href":"https:\/\/sakt.ee\/en\/wp-json\/wp\/v2\/manufacturers?post=41155"}],"curies":[{"name":"wp","href":"https:\/\/api.w.org\/{rel}","templated":true}]}}