{"id":40507,"date":"2025-05-17T07:17:49","date_gmt":"2025-05-17T07:17:49","guid":{"rendered":"https:\/\/sakt.ee\/product\/quick-connect-connector-4pin-and-or-5pin-metal-cover-for-male-housing-with-female-content\/"},"modified":"2025-12-05T17:54:28","modified_gmt":"2025-12-05T14:54:28","slug":"quick-connect-connector-4pin-and-or-5pin-metal-cover-for-male-housing-with-female-content","status":"publish","type":"product","link":"https:\/\/sakt.ee\/en\/pood\/process-sensors\/accessories-for-sensors\/plugs\/quick-connect-connector-4pin-and-or-5pin-metal-cover-for-male-housing-with-female-content\/","title":{"rendered":"Quick connect connector; 4PIN and\/or 5PIN; metal cover for male housing &#8211; with female content"},"content":{"rendered":"","protected":false},"excerpt":{"rendered":"<p>NOTE: The metal cover is for use with female content only! If you need to use a metal cover for a housing with male content inside, you should choose the product 09200035422.<br \/>\nIf you use the screw supplied with the content, the product has IP44. To obtain IP67, an M3 screw with gasket must be used.<br \/>\nHARTING E-CATALOGUE   <\/p>\n","protected":false},"featured_media":33383,"template":"","meta":{"_acf_changed":false},"product_brand":[],"product_cat":[3759],"product_tag":[],"manufacturers":[7820],"class_list":{"0":"post-40507","1":"product","2":"type-product","3":"status-publish","4":"has-post-thumbnail","6":"product_cat-plugs","7":"pa_kaitseklass-ip44-ip67-en","8":"pa_materjal-aluminium","9":"pa_pistiku-tuup-male","10":"pa_pooluste-arv-4pin-and-or-5pin","11":"pa_seeria-han-a-en","12":"pa_toode-quick-connector","13":"pa_tootemperatuur-40-125c-en","14":"pa_tootja-harting","15":"pa_varv-hall-en","16":"manufacturers-harting-en","18":"first","19":"instock","20":"taxable","21":"shipping-taxable","22":"purchasable","23":"product-type-simple"},"acf":[],"yoast_head":"<!-- This site is optimized with the Yoast SEO Premium plugin v25.4 (Yoast SEO v25.4) - https:\/\/yoast.com\/wordpress\/plugins\/seo\/ -->\n<title>Quick connect connector; 4PIN and\/or 5PIN; metal cover for male housing - with female content - Sakala T\u00f6\u00f6stusautomaatika O\u00dc<\/title>\n<meta name=\"robots\" content=\"index, follow, max-snippet:-1, max-image-preview:large, max-video-preview:-1\" \/>\n<link rel=\"canonical\" href=\"https:\/\/sakt.ee\/en\/pood\/process-sensors\/accessories-for-sensors\/plugs\/quick-connect-connector-4pin-and-or-5pin-metal-cover-for-male-housing-with-female-content\/\" \/>\n<meta property=\"og:locale\" content=\"en_US\" \/>\n<meta property=\"og:type\" content=\"article\" \/>\n<meta property=\"og:title\" content=\"Quick connect connector; 4PIN and\/or 5PIN; metal cover for male housing - with female content\" \/>\n<meta property=\"og:description\" content=\"NOTE: The metal cover is for use with female content only! If you need to use a metal cover for a housing with male content inside, you should choose the product 09200035422. If you use the screw supplied with the content, the product has IP44. To obtain IP67, an M3 screw with gasket must be used. HARTING E-CATALOGUE\" \/>\n<meta property=\"og:url\" content=\"https:\/\/sakt.ee\/en\/pood\/process-sensors\/accessories-for-sensors\/plugs\/quick-connect-connector-4pin-and-or-5pin-metal-cover-for-male-housing-with-female-content\/\" \/>\n<meta property=\"og:site_name\" content=\"Sakala T\u00f6\u00f6stusautomaatika O\u00dc\" \/>\n<meta property=\"article:modified_time\" content=\"2025-12-05T14:54:28+00:00\" \/>\n<meta property=\"og:image\" content=\"https:\/\/sakt.ee\/wp-content\/uploads\/2025\/05\/6400.jpg\" \/>\n\t<meta property=\"og:image:width\" content=\"311\" \/>\n\t<meta property=\"og:image:height\" content=\"300\" \/>\n\t<meta property=\"og:image:type\" content=\"image\/jpeg\" \/>\n<meta name=\"twitter:card\" content=\"summary_large_image\" \/>\n<meta name=\"twitter:label1\" content=\"Price\" \/>\n\t<meta name=\"twitter:data1\" content=\"11,90&euro; +VAT\" \/>\n\t<meta name=\"twitter:label2\" content=\"Availability\" \/>\n\t<meta name=\"twitter:data2\" content=\"In stock\" \/>\n<script type=\"application\/ld+json\" class=\"yoast-schema-graph\">{\"@context\":\"https:\/\/schema.org\",\"@graph\":[{\"@type\":\"WebPage\",\"@id\":\"https:\/\/sakt.ee\/en\/pood\/process-sensors\/accessories-for-sensors\/plugs\/quick-connect-connector-4pin-and-or-5pin-metal-cover-for-male-housing-with-female-content\/\",\"url\":\"https:\/\/sakt.ee\/en\/pood\/process-sensors\/accessories-for-sensors\/plugs\/quick-connect-connector-4pin-and-or-5pin-metal-cover-for-male-housing-with-female-content\/\",\"name\":\"Quick connect connector; 4PIN and\/or 5PIN; metal cover for male housing - with female content - Sakala T\u00f6\u00f6stusautomaatika O\u00dc\",\"isPartOf\":{\"@id\":\"https:\/\/sakt.ee\/en\/#website\"},\"primaryImageOfPage\":{\"@id\":\"https:\/\/sakt.ee\/en\/pood\/process-sensors\/accessories-for-sensors\/plugs\/quick-connect-connector-4pin-and-or-5pin-metal-cover-for-male-housing-with-female-content\/#primaryimage\"},\"image\":{\"@id\":\"https:\/\/sakt.ee\/en\/pood\/process-sensors\/accessories-for-sensors\/plugs\/quick-connect-connector-4pin-and-or-5pin-metal-cover-for-male-housing-with-female-content\/#primaryimage\"},\"thumbnailUrl\":\"https:\/\/sakt.ee\/wp-content\/uploads\/2025\/05\/6400.jpg\",\"datePublished\":\"2025-05-17T07:17:49+00:00\",\"dateModified\":\"2025-12-05T14:54:28+00:00\",\"breadcrumb\":{\"@id\":\"https:\/\/sakt.ee\/en\/pood\/process-sensors\/accessories-for-sensors\/plugs\/quick-connect-connector-4pin-and-or-5pin-metal-cover-for-male-housing-with-female-content\/#breadcrumb\"},\"inLanguage\":\"en-US\",\"potentialAction\":[{\"@type\":\"ReadAction\",\"target\":[\"https:\/\/sakt.ee\/en\/pood\/process-sensors\/accessories-for-sensors\/plugs\/quick-connect-connector-4pin-and-or-5pin-metal-cover-for-male-housing-with-female-content\/\"]}]},{\"@type\":\"ImageObject\",\"inLanguage\":\"en-US\",\"@id\":\"https:\/\/sakt.ee\/en\/pood\/process-sensors\/accessories-for-sensors\/plugs\/quick-connect-connector-4pin-and-or-5pin-metal-cover-for-male-housing-with-female-content\/#primaryimage\",\"url\":\"https:\/\/sakt.ee\/wp-content\/uploads\/2025\/05\/6400.jpg\",\"contentUrl\":\"https:\/\/sakt.ee\/wp-content\/uploads\/2025\/05\/6400.jpg\",\"width\":311,\"height\":300},{\"@type\":\"BreadcrumbList\",\"@id\":\"https:\/\/sakt.ee\/en\/pood\/process-sensors\/accessories-for-sensors\/plugs\/quick-connect-connector-4pin-and-or-5pin-metal-cover-for-male-housing-with-female-content\/#breadcrumb\",\"itemListElement\":[{\"@type\":\"ListItem\",\"position\":1,\"name\":\"Home\",\"item\":\"https:\/\/sakt.ee\/\"},{\"@type\":\"ListItem\",\"position\":2,\"name\":\"Shop\",\"item\":\"https:\/\/sakt.ee\/en\/shop\/\"},{\"@type\":\"ListItem\",\"position\":3,\"name\":\"Quick connect connector; 4PIN and\/or 5PIN; metal cover for male housing &#8211; with female content\"}]},{\"@type\":\"WebSite\",\"@id\":\"https:\/\/sakt.ee\/en\/#website\",\"url\":\"https:\/\/sakt.ee\/en\/\",\"name\":\"Sakala T\u00f6\u00f6stusautomaatika O\u00dc\",\"description\":\"T\u00f6\u00f6stusautomaatika e-pood\",\"publisher\":{\"@id\":\"https:\/\/sakt.ee\/en\/#organization\"},\"potentialAction\":[{\"@type\":\"SearchAction\",\"target\":{\"@type\":\"EntryPoint\",\"urlTemplate\":\"https:\/\/sakt.ee\/en\/?s={search_term_string}\"},\"query-input\":{\"@type\":\"PropertyValueSpecification\",\"valueRequired\":true,\"valueName\":\"search_term_string\"}}],\"inLanguage\":\"en-US\"},{\"@type\":\"Organization\",\"@id\":\"https:\/\/sakt.ee\/en\/#organization\",\"name\":\"Sakala T\u00f6\u00f6stusautomaatika O\u00dc\",\"url\":\"https:\/\/sakt.ee\/en\/\",\"logo\":{\"@type\":\"ImageObject\",\"inLanguage\":\"en-US\",\"@id\":\"https:\/\/sakt.ee\/en\/#\/schema\/logo\/image\/\",\"url\":\"https:\/\/sakt.ee\/wp-content\/uploads\/2025\/05\/Sakala-Toostusautomaatika-favicon.png\",\"contentUrl\":\"https:\/\/sakt.ee\/wp-content\/uploads\/2025\/05\/Sakala-Toostusautomaatika-favicon.png\",\"width\":500,\"height\":500,\"caption\":\"Sakala T\u00f6\u00f6stusautomaatika O\u00dc\"},\"image\":{\"@id\":\"https:\/\/sakt.ee\/en\/#\/schema\/logo\/image\/\"}}]}<\/script>\n<meta property=\"product:price:amount\" content=\"11.90\" \/>\n<meta property=\"product:price:currency\" content=\"EUR\" \/>\n<meta property=\"og:availability\" content=\"instock\" \/>\n<meta property=\"product:availability\" content=\"instock\" \/>\n<meta property=\"product:retailer_item_id\" content=\"09200035421\" \/>\n<meta property=\"product:condition\" content=\"new\" \/>\n<!-- \/ Yoast SEO Premium plugin. -->","yoast_head_json":{"title":"Quick connect connector; 4PIN and\/or 5PIN; metal cover for male housing - with female content - Sakala T\u00f6\u00f6stusautomaatika O\u00dc","robots":{"index":"index","follow":"follow","max-snippet":"max-snippet:-1","max-image-preview":"max-image-preview:large","max-video-preview":"max-video-preview:-1"},"canonical":"https:\/\/sakt.ee\/en\/pood\/process-sensors\/accessories-for-sensors\/plugs\/quick-connect-connector-4pin-and-or-5pin-metal-cover-for-male-housing-with-female-content\/","og_locale":"en_US","og_type":"article","og_title":"Quick connect connector; 4PIN and\/or 5PIN; metal cover for male housing - with female content","og_description":"NOTE: The metal cover is for use with female content only! If you need to use a metal cover for a housing with male content inside, you should choose the product 09200035422. If you use the screw supplied with the content, the product has IP44. To obtain IP67, an M3 screw with gasket must be used. HARTING E-CATALOGUE","og_url":"https:\/\/sakt.ee\/en\/pood\/process-sensors\/accessories-for-sensors\/plugs\/quick-connect-connector-4pin-and-or-5pin-metal-cover-for-male-housing-with-female-content\/","og_site_name":"Sakala T\u00f6\u00f6stusautomaatika O\u00dc","article_modified_time":"2025-12-05T14:54:28+00:00","og_image":[{"width":311,"height":300,"url":"https:\/\/sakt.ee\/wp-content\/uploads\/2025\/05\/6400.jpg","type":"image\/jpeg"}],"twitter_card":"summary_large_image","twitter_misc":{"Price":"11,90&euro; +VAT","Availability":"In stock"},"schema":{"@context":"https:\/\/schema.org","@graph":[{"@type":"WebPage","@id":"https:\/\/sakt.ee\/en\/pood\/process-sensors\/accessories-for-sensors\/plugs\/quick-connect-connector-4pin-and-or-5pin-metal-cover-for-male-housing-with-female-content\/","url":"https:\/\/sakt.ee\/en\/pood\/process-sensors\/accessories-for-sensors\/plugs\/quick-connect-connector-4pin-and-or-5pin-metal-cover-for-male-housing-with-female-content\/","name":"Quick connect connector; 4PIN and\/or 5PIN; metal cover for male housing - with female content - Sakala T\u00f6\u00f6stusautomaatika O\u00dc","isPartOf":{"@id":"https:\/\/sakt.ee\/en\/#website"},"primaryImageOfPage":{"@id":"https:\/\/sakt.ee\/en\/pood\/process-sensors\/accessories-for-sensors\/plugs\/quick-connect-connector-4pin-and-or-5pin-metal-cover-for-male-housing-with-female-content\/#primaryimage"},"image":{"@id":"https:\/\/sakt.ee\/en\/pood\/process-sensors\/accessories-for-sensors\/plugs\/quick-connect-connector-4pin-and-or-5pin-metal-cover-for-male-housing-with-female-content\/#primaryimage"},"thumbnailUrl":"https:\/\/sakt.ee\/wp-content\/uploads\/2025\/05\/6400.jpg","datePublished":"2025-05-17T07:17:49+00:00","dateModified":"2025-12-05T14:54:28+00:00","breadcrumb":{"@id":"https:\/\/sakt.ee\/en\/pood\/process-sensors\/accessories-for-sensors\/plugs\/quick-connect-connector-4pin-and-or-5pin-metal-cover-for-male-housing-with-female-content\/#breadcrumb"},"inLanguage":"en-US","potentialAction":[{"@type":"ReadAction","target":["https:\/\/sakt.ee\/en\/pood\/process-sensors\/accessories-for-sensors\/plugs\/quick-connect-connector-4pin-and-or-5pin-metal-cover-for-male-housing-with-female-content\/"]}]},{"@type":"ImageObject","inLanguage":"en-US","@id":"https:\/\/sakt.ee\/en\/pood\/process-sensors\/accessories-for-sensors\/plugs\/quick-connect-connector-4pin-and-or-5pin-metal-cover-for-male-housing-with-female-content\/#primaryimage","url":"https:\/\/sakt.ee\/wp-content\/uploads\/2025\/05\/6400.jpg","contentUrl":"https:\/\/sakt.ee\/wp-content\/uploads\/2025\/05\/6400.jpg","width":311,"height":300},{"@type":"BreadcrumbList","@id":"https:\/\/sakt.ee\/en\/pood\/process-sensors\/accessories-for-sensors\/plugs\/quick-connect-connector-4pin-and-or-5pin-metal-cover-for-male-housing-with-female-content\/#breadcrumb","itemListElement":[{"@type":"ListItem","position":1,"name":"Home","item":"https:\/\/sakt.ee\/"},{"@type":"ListItem","position":2,"name":"Shop","item":"https:\/\/sakt.ee\/en\/shop\/"},{"@type":"ListItem","position":3,"name":"Quick connect connector; 4PIN and\/or 5PIN; metal cover for male housing &#8211; with female content"}]},{"@type":"WebSite","@id":"https:\/\/sakt.ee\/en\/#website","url":"https:\/\/sakt.ee\/en\/","name":"Sakala T\u00f6\u00f6stusautomaatika O\u00dc","description":"T\u00f6\u00f6stusautomaatika e-pood","publisher":{"@id":"https:\/\/sakt.ee\/en\/#organization"},"potentialAction":[{"@type":"SearchAction","target":{"@type":"EntryPoint","urlTemplate":"https:\/\/sakt.ee\/en\/?s={search_term_string}"},"query-input":{"@type":"PropertyValueSpecification","valueRequired":true,"valueName":"search_term_string"}}],"inLanguage":"en-US"},{"@type":"Organization","@id":"https:\/\/sakt.ee\/en\/#organization","name":"Sakala T\u00f6\u00f6stusautomaatika O\u00dc","url":"https:\/\/sakt.ee\/en\/","logo":{"@type":"ImageObject","inLanguage":"en-US","@id":"https:\/\/sakt.ee\/en\/#\/schema\/logo\/image\/","url":"https:\/\/sakt.ee\/wp-content\/uploads\/2025\/05\/Sakala-Toostusautomaatika-favicon.png","contentUrl":"https:\/\/sakt.ee\/wp-content\/uploads\/2025\/05\/Sakala-Toostusautomaatika-favicon.png","width":500,"height":500,"caption":"Sakala T\u00f6\u00f6stusautomaatika O\u00dc"},"image":{"@id":"https:\/\/sakt.ee\/en\/#\/schema\/logo\/image\/"}}]},"product_price_amount":"11.90","product_price_currency":"EUR","og_availability":"instock","product_availability":"instock","product_retailer_item_id":"09200035421","product_condition":"new"},"_links":{"self":[{"href":"https:\/\/sakt.ee\/en\/wp-json\/wp\/v2\/product\/40507","targetHints":{"allow":["GET"]}}],"collection":[{"href":"https:\/\/sakt.ee\/en\/wp-json\/wp\/v2\/product"}],"about":[{"href":"https:\/\/sakt.ee\/en\/wp-json\/wp\/v2\/types\/product"}],"version-history":[{"count":0,"href":"https:\/\/sakt.ee\/en\/wp-json\/wp\/v2\/product\/40507\/revisions"}],"wp:featuredmedia":[{"embeddable":true,"href":"https:\/\/sakt.ee\/en\/wp-json\/wp\/v2\/media\/33383"}],"wp:attachment":[{"href":"https:\/\/sakt.ee\/en\/wp-json\/wp\/v2\/media?parent=40507"}],"wp:term":[{"taxonomy":"product_brand","embeddable":true,"href":"https:\/\/sakt.ee\/en\/wp-json\/wp\/v2\/product_brand?post=40507"},{"taxonomy":"product_cat","embeddable":true,"href":"https:\/\/sakt.ee\/en\/wp-json\/wp\/v2\/product_cat?post=40507"},{"taxonomy":"product_tag","embeddable":true,"href":"https:\/\/sakt.ee\/en\/wp-json\/wp\/v2\/product_tag?post=40507"},{"taxonomy":"manufacturers","embeddable":true,"href":"https:\/\/sakt.ee\/en\/wp-json\/wp\/v2\/manufacturers?post=40507"}],"curies":[{"name":"wp","href":"https:\/\/api.w.org\/{rel}","templated":true}]}}