{"id":40475,"date":"2025-05-17T10:55:54","date_gmt":"2025-05-17T07:55:54","guid":{"rendered":"https:\/\/sakt.ee\/product\/tst100-temperature-sensor-40-85c-8x8x23mm-1-wire-3-wire-3-55dc-1m-pvc-ip65\/"},"modified":"2025-11-04T11:23:10","modified_gmt":"2025-11-04T08:23:10","slug":"tst100-temperature-sensor-40-85c-8x8x23mm-1-wire-3-wire-3-55dc-1m-pvc-ip65","status":"publish","type":"product","link":"https:\/\/sakt.ee\/en\/pood\/remote-monitoring\/sensors-and-detectors\/tst100-temperature-sensor-40-85c-8x8x23mm-1-wire-3-wire-3-55dc-1m-pvc-ip65\/","title":{"rendered":"TST100 temperature sensor; -40&#8230;+85C; 8x8x23mm; 1-wire (3-wire); 3&#8230;5,5DC; 1m PVC: IP65"},"content":{"rendered":"","protected":false},"excerpt":{"rendered":"<p>Can be used with the following TERACOM controllers:<br \/>\n&#8211; TCW241<br \/>\n&#8211; TCW122B-WD<br \/>\n&#8211; TCW220<br \/>\n&#8211; TCG120-4<br \/>\n&#8211; TCW122B-CM  <\/p>\n","protected":false},"featured_media":33929,"template":"","meta":{"_acf_changed":false},"product_brand":[],"product_cat":[7029],"product_tag":[],"manufacturers":[7952],"class_list":{"0":"post-40475","1":"product","2":"type-product","3":"status-publish","4":"has-post-thumbnail","6":"product_cat-sensors-and-detectors","7":"pa_juhtmete-arv-3-en","8":"pa_kaabli-pikkus-1m-en","9":"pa_kaitseklass-ip65-en","10":"pa_materjal-pvc-en","11":"pa_mootepiirkond-40-85c-en","12":"pa_toide-3-5-5v-dc","13":"pa_tootja-teracom","14":"manufacturers-teracom","16":"first","17":"instock","18":"taxable","19":"shipping-taxable","20":"purchasable","21":"product-type-simple"},"acf":[],"yoast_head":"<!-- This site is optimized with the Yoast SEO Premium plugin v25.4 (Yoast SEO v25.4) - https:\/\/yoast.com\/wordpress\/plugins\/seo\/ -->\n<title>TST100 temperature sensor; -40...+85C; 8x8x23mm; 1-wire (3-wire); 3...5,5DC; 1m PVC: IP65 - Sakala T\u00f6\u00f6stusautomaatika O\u00dc<\/title>\n<meta name=\"robots\" content=\"index, follow, max-snippet:-1, max-image-preview:large, max-video-preview:-1\" \/>\n<link rel=\"canonical\" href=\"https:\/\/sakt.ee\/en\/pood\/remote-monitoring\/sensors-and-detectors\/tst100-temperature-sensor-40-85c-8x8x23mm-1-wire-3-wire-3-55dc-1m-pvc-ip65\/\" \/>\n<meta property=\"og:locale\" content=\"en_US\" \/>\n<meta property=\"og:type\" content=\"article\" \/>\n<meta property=\"og:title\" content=\"TST100 temperature sensor; -40...+85C; 8x8x23mm; 1-wire (3-wire); 3...5,5DC; 1m PVC: IP65\" \/>\n<meta property=\"og:description\" content=\"Can be used with the following TERACOM controllers: - TCW241 - TCW122B-WD - TCW220 - TCG120-4 - TCW122B-CM\" \/>\n<meta property=\"og:url\" content=\"https:\/\/sakt.ee\/en\/pood\/remote-monitoring\/sensors-and-detectors\/tst100-temperature-sensor-40-85c-8x8x23mm-1-wire-3-wire-3-55dc-1m-pvc-ip65\/\" \/>\n<meta property=\"og:site_name\" content=\"Sakala T\u00f6\u00f6stusautomaatika O\u00dc\" \/>\n<meta property=\"article:modified_time\" content=\"2025-11-04T08:23:10+00:00\" \/>\n<meta property=\"og:image\" content=\"https:\/\/sakt.ee\/wp-content\/uploads\/2025\/05\/7201-scaled.jpg\" \/>\n\t<meta property=\"og:image:width\" content=\"2560\" \/>\n\t<meta property=\"og:image:height\" content=\"1818\" \/>\n\t<meta property=\"og:image:type\" content=\"image\/jpeg\" \/>\n<meta name=\"twitter:card\" content=\"summary_large_image\" \/>\n<meta name=\"twitter:label1\" content=\"Price\" \/>\n\t<meta name=\"twitter:data1\" content=\"30,10&euro; +VAT\" \/>\n\t<meta name=\"twitter:label2\" content=\"Availability\" \/>\n\t<meta name=\"twitter:data2\" content=\"In stock\" \/>\n<script type=\"application\/ld+json\" class=\"yoast-schema-graph\">{\"@context\":\"https:\/\/schema.org\",\"@graph\":[{\"@type\":\"WebPage\",\"@id\":\"https:\/\/sakt.ee\/en\/pood\/remote-monitoring\/sensors-and-detectors\/tst100-temperature-sensor-40-85c-8x8x23mm-1-wire-3-wire-3-55dc-1m-pvc-ip65\/\",\"url\":\"https:\/\/sakt.ee\/en\/pood\/remote-monitoring\/sensors-and-detectors\/tst100-temperature-sensor-40-85c-8x8x23mm-1-wire-3-wire-3-55dc-1m-pvc-ip65\/\",\"name\":\"TST100 temperature sensor; -40...+85C; 8x8x23mm; 1-wire (3-wire); 3...5,5DC; 1m PVC: IP65 - Sakala T\u00f6\u00f6stusautomaatika O\u00dc\",\"isPartOf\":{\"@id\":\"https:\/\/sakt.ee\/en\/#website\"},\"primaryImageOfPage\":{\"@id\":\"https:\/\/sakt.ee\/en\/pood\/remote-monitoring\/sensors-and-detectors\/tst100-temperature-sensor-40-85c-8x8x23mm-1-wire-3-wire-3-55dc-1m-pvc-ip65\/#primaryimage\"},\"image\":{\"@id\":\"https:\/\/sakt.ee\/en\/pood\/remote-monitoring\/sensors-and-detectors\/tst100-temperature-sensor-40-85c-8x8x23mm-1-wire-3-wire-3-55dc-1m-pvc-ip65\/#primaryimage\"},\"thumbnailUrl\":\"https:\/\/sakt.ee\/wp-content\/uploads\/2025\/05\/7201-scaled.jpg\",\"datePublished\":\"2025-05-17T07:55:54+00:00\",\"dateModified\":\"2025-11-04T08:23:10+00:00\",\"breadcrumb\":{\"@id\":\"https:\/\/sakt.ee\/en\/pood\/remote-monitoring\/sensors-and-detectors\/tst100-temperature-sensor-40-85c-8x8x23mm-1-wire-3-wire-3-55dc-1m-pvc-ip65\/#breadcrumb\"},\"inLanguage\":\"en-US\",\"potentialAction\":[{\"@type\":\"ReadAction\",\"target\":[\"https:\/\/sakt.ee\/en\/pood\/remote-monitoring\/sensors-and-detectors\/tst100-temperature-sensor-40-85c-8x8x23mm-1-wire-3-wire-3-55dc-1m-pvc-ip65\/\"]}]},{\"@type\":\"ImageObject\",\"inLanguage\":\"en-US\",\"@id\":\"https:\/\/sakt.ee\/en\/pood\/remote-monitoring\/sensors-and-detectors\/tst100-temperature-sensor-40-85c-8x8x23mm-1-wire-3-wire-3-55dc-1m-pvc-ip65\/#primaryimage\",\"url\":\"https:\/\/sakt.ee\/wp-content\/uploads\/2025\/05\/7201-scaled.jpg\",\"contentUrl\":\"https:\/\/sakt.ee\/wp-content\/uploads\/2025\/05\/7201-scaled.jpg\",\"width\":2560,\"height\":1818},{\"@type\":\"BreadcrumbList\",\"@id\":\"https:\/\/sakt.ee\/en\/pood\/remote-monitoring\/sensors-and-detectors\/tst100-temperature-sensor-40-85c-8x8x23mm-1-wire-3-wire-3-55dc-1m-pvc-ip65\/#breadcrumb\",\"itemListElement\":[{\"@type\":\"ListItem\",\"position\":1,\"name\":\"Home\",\"item\":\"https:\/\/sakt.ee\/\"},{\"@type\":\"ListItem\",\"position\":2,\"name\":\"Shop\",\"item\":\"https:\/\/sakt.ee\/en\/shop\/\"},{\"@type\":\"ListItem\",\"position\":3,\"name\":\"TST100 temperature sensor; -40&#8230;+85C; 8x8x23mm; 1-wire (3-wire); 3&#8230;5,5DC; 1m PVC: IP65\"}]},{\"@type\":\"WebSite\",\"@id\":\"https:\/\/sakt.ee\/en\/#website\",\"url\":\"https:\/\/sakt.ee\/en\/\",\"name\":\"Sakala T\u00f6\u00f6stusautomaatika O\u00dc\",\"description\":\"T\u00f6\u00f6stusautomaatika e-pood\",\"publisher\":{\"@id\":\"https:\/\/sakt.ee\/en\/#organization\"},\"potentialAction\":[{\"@type\":\"SearchAction\",\"target\":{\"@type\":\"EntryPoint\",\"urlTemplate\":\"https:\/\/sakt.ee\/en\/?s={search_term_string}\"},\"query-input\":{\"@type\":\"PropertyValueSpecification\",\"valueRequired\":true,\"valueName\":\"search_term_string\"}}],\"inLanguage\":\"en-US\"},{\"@type\":\"Organization\",\"@id\":\"https:\/\/sakt.ee\/en\/#organization\",\"name\":\"Sakala T\u00f6\u00f6stusautomaatika O\u00dc\",\"url\":\"https:\/\/sakt.ee\/en\/\",\"logo\":{\"@type\":\"ImageObject\",\"inLanguage\":\"en-US\",\"@id\":\"https:\/\/sakt.ee\/en\/#\/schema\/logo\/image\/\",\"url\":\"https:\/\/sakt.ee\/wp-content\/uploads\/2025\/05\/Sakala-Toostusautomaatika-favicon.png\",\"contentUrl\":\"https:\/\/sakt.ee\/wp-content\/uploads\/2025\/05\/Sakala-Toostusautomaatika-favicon.png\",\"width\":500,\"height\":500,\"caption\":\"Sakala T\u00f6\u00f6stusautomaatika O\u00dc\"},\"image\":{\"@id\":\"https:\/\/sakt.ee\/en\/#\/schema\/logo\/image\/\"}}]}<\/script>\n<meta property=\"product:price:amount\" content=\"30.10\" \/>\n<meta property=\"product:price:currency\" content=\"EUR\" \/>\n<meta property=\"og:availability\" content=\"instock\" \/>\n<meta property=\"product:availability\" content=\"instock\" \/>\n<meta property=\"product:retailer_item_id\" content=\"TST100\" \/>\n<meta property=\"product:condition\" content=\"new\" \/>\n<!-- \/ Yoast SEO Premium plugin. -->","yoast_head_json":{"title":"TST100 temperature sensor; -40...+85C; 8x8x23mm; 1-wire (3-wire); 3...5,5DC; 1m PVC: IP65 - Sakala T\u00f6\u00f6stusautomaatika O\u00dc","robots":{"index":"index","follow":"follow","max-snippet":"max-snippet:-1","max-image-preview":"max-image-preview:large","max-video-preview":"max-video-preview:-1"},"canonical":"https:\/\/sakt.ee\/en\/pood\/remote-monitoring\/sensors-and-detectors\/tst100-temperature-sensor-40-85c-8x8x23mm-1-wire-3-wire-3-55dc-1m-pvc-ip65\/","og_locale":"en_US","og_type":"article","og_title":"TST100 temperature sensor; -40...+85C; 8x8x23mm; 1-wire (3-wire); 3...5,5DC; 1m PVC: IP65","og_description":"Can be used with the following TERACOM controllers: - TCW241 - TCW122B-WD - TCW220 - TCG120-4 - TCW122B-CM","og_url":"https:\/\/sakt.ee\/en\/pood\/remote-monitoring\/sensors-and-detectors\/tst100-temperature-sensor-40-85c-8x8x23mm-1-wire-3-wire-3-55dc-1m-pvc-ip65\/","og_site_name":"Sakala T\u00f6\u00f6stusautomaatika O\u00dc","article_modified_time":"2025-11-04T08:23:10+00:00","og_image":[{"width":2560,"height":1818,"url":"https:\/\/sakt.ee\/wp-content\/uploads\/2025\/05\/7201-scaled.jpg","type":"image\/jpeg"}],"twitter_card":"summary_large_image","twitter_misc":{"Price":"30,10&euro; +VAT","Availability":"In stock"},"schema":{"@context":"https:\/\/schema.org","@graph":[{"@type":"WebPage","@id":"https:\/\/sakt.ee\/en\/pood\/remote-monitoring\/sensors-and-detectors\/tst100-temperature-sensor-40-85c-8x8x23mm-1-wire-3-wire-3-55dc-1m-pvc-ip65\/","url":"https:\/\/sakt.ee\/en\/pood\/remote-monitoring\/sensors-and-detectors\/tst100-temperature-sensor-40-85c-8x8x23mm-1-wire-3-wire-3-55dc-1m-pvc-ip65\/","name":"TST100 temperature sensor; -40...+85C; 8x8x23mm; 1-wire (3-wire); 3...5,5DC; 1m PVC: IP65 - Sakala T\u00f6\u00f6stusautomaatika O\u00dc","isPartOf":{"@id":"https:\/\/sakt.ee\/en\/#website"},"primaryImageOfPage":{"@id":"https:\/\/sakt.ee\/en\/pood\/remote-monitoring\/sensors-and-detectors\/tst100-temperature-sensor-40-85c-8x8x23mm-1-wire-3-wire-3-55dc-1m-pvc-ip65\/#primaryimage"},"image":{"@id":"https:\/\/sakt.ee\/en\/pood\/remote-monitoring\/sensors-and-detectors\/tst100-temperature-sensor-40-85c-8x8x23mm-1-wire-3-wire-3-55dc-1m-pvc-ip65\/#primaryimage"},"thumbnailUrl":"https:\/\/sakt.ee\/wp-content\/uploads\/2025\/05\/7201-scaled.jpg","datePublished":"2025-05-17T07:55:54+00:00","dateModified":"2025-11-04T08:23:10+00:00","breadcrumb":{"@id":"https:\/\/sakt.ee\/en\/pood\/remote-monitoring\/sensors-and-detectors\/tst100-temperature-sensor-40-85c-8x8x23mm-1-wire-3-wire-3-55dc-1m-pvc-ip65\/#breadcrumb"},"inLanguage":"en-US","potentialAction":[{"@type":"ReadAction","target":["https:\/\/sakt.ee\/en\/pood\/remote-monitoring\/sensors-and-detectors\/tst100-temperature-sensor-40-85c-8x8x23mm-1-wire-3-wire-3-55dc-1m-pvc-ip65\/"]}]},{"@type":"ImageObject","inLanguage":"en-US","@id":"https:\/\/sakt.ee\/en\/pood\/remote-monitoring\/sensors-and-detectors\/tst100-temperature-sensor-40-85c-8x8x23mm-1-wire-3-wire-3-55dc-1m-pvc-ip65\/#primaryimage","url":"https:\/\/sakt.ee\/wp-content\/uploads\/2025\/05\/7201-scaled.jpg","contentUrl":"https:\/\/sakt.ee\/wp-content\/uploads\/2025\/05\/7201-scaled.jpg","width":2560,"height":1818},{"@type":"BreadcrumbList","@id":"https:\/\/sakt.ee\/en\/pood\/remote-monitoring\/sensors-and-detectors\/tst100-temperature-sensor-40-85c-8x8x23mm-1-wire-3-wire-3-55dc-1m-pvc-ip65\/#breadcrumb","itemListElement":[{"@type":"ListItem","position":1,"name":"Home","item":"https:\/\/sakt.ee\/"},{"@type":"ListItem","position":2,"name":"Shop","item":"https:\/\/sakt.ee\/en\/shop\/"},{"@type":"ListItem","position":3,"name":"TST100 temperature sensor; -40&#8230;+85C; 8x8x23mm; 1-wire (3-wire); 3&#8230;5,5DC; 1m PVC: IP65"}]},{"@type":"WebSite","@id":"https:\/\/sakt.ee\/en\/#website","url":"https:\/\/sakt.ee\/en\/","name":"Sakala T\u00f6\u00f6stusautomaatika O\u00dc","description":"T\u00f6\u00f6stusautomaatika e-pood","publisher":{"@id":"https:\/\/sakt.ee\/en\/#organization"},"potentialAction":[{"@type":"SearchAction","target":{"@type":"EntryPoint","urlTemplate":"https:\/\/sakt.ee\/en\/?s={search_term_string}"},"query-input":{"@type":"PropertyValueSpecification","valueRequired":true,"valueName":"search_term_string"}}],"inLanguage":"en-US"},{"@type":"Organization","@id":"https:\/\/sakt.ee\/en\/#organization","name":"Sakala T\u00f6\u00f6stusautomaatika O\u00dc","url":"https:\/\/sakt.ee\/en\/","logo":{"@type":"ImageObject","inLanguage":"en-US","@id":"https:\/\/sakt.ee\/en\/#\/schema\/logo\/image\/","url":"https:\/\/sakt.ee\/wp-content\/uploads\/2025\/05\/Sakala-Toostusautomaatika-favicon.png","contentUrl":"https:\/\/sakt.ee\/wp-content\/uploads\/2025\/05\/Sakala-Toostusautomaatika-favicon.png","width":500,"height":500,"caption":"Sakala T\u00f6\u00f6stusautomaatika O\u00dc"},"image":{"@id":"https:\/\/sakt.ee\/en\/#\/schema\/logo\/image\/"}}]},"product_price_amount":"30.10","product_price_currency":"EUR","og_availability":"instock","product_availability":"instock","product_retailer_item_id":"TST100","product_condition":"new"},"_links":{"self":[{"href":"https:\/\/sakt.ee\/en\/wp-json\/wp\/v2\/product\/40475","targetHints":{"allow":["GET"]}}],"collection":[{"href":"https:\/\/sakt.ee\/en\/wp-json\/wp\/v2\/product"}],"about":[{"href":"https:\/\/sakt.ee\/en\/wp-json\/wp\/v2\/types\/product"}],"version-history":[{"count":0,"href":"https:\/\/sakt.ee\/en\/wp-json\/wp\/v2\/product\/40475\/revisions"}],"wp:featuredmedia":[{"embeddable":true,"href":"https:\/\/sakt.ee\/en\/wp-json\/wp\/v2\/media\/33929"}],"wp:attachment":[{"href":"https:\/\/sakt.ee\/en\/wp-json\/wp\/v2\/media?parent=40475"}],"wp:term":[{"taxonomy":"product_brand","embeddable":true,"href":"https:\/\/sakt.ee\/en\/wp-json\/wp\/v2\/product_brand?post=40475"},{"taxonomy":"product_cat","embeddable":true,"href":"https:\/\/sakt.ee\/en\/wp-json\/wp\/v2\/product_cat?post=40475"},{"taxonomy":"product_tag","embeddable":true,"href":"https:\/\/sakt.ee\/en\/wp-json\/wp\/v2\/product_tag?post=40475"},{"taxonomy":"manufacturers","embeddable":true,"href":"https:\/\/sakt.ee\/en\/wp-json\/wp\/v2\/manufacturers?post=40475"}],"curies":[{"name":"wp","href":"https:\/\/api.w.org\/{rel}","templated":true}]}}