{"id":40405,"date":"2025-05-17T10:39:13","date_gmt":"2025-05-17T07:39:13","guid":{"rendered":"https:\/\/sakt.ee\/product\/nr-4100-radar-sensor-12-35dc-max-30m-4-20mahart-40c-80c-1bar-3bar-g1-5m-cable-ip68\/"},"modified":"2025-10-27T18:29:14","modified_gmt":"2025-10-27T15:29:14","slug":"nr-4100-radar-sensor-12-35dc-max-30m-4-20mahart-40c-80c-1bar-3bar-g1-5m-cable-ip68","status":"publish","type":"product","link":"https:\/\/sakt.ee\/en\/pood\/process-sensors\/radar-sensors\/nr-4100-radar-sensor-12-35dc-max-30m-4-20mahart-40c-80c-1bar-3bar-g1-5m-cable-ip68\/","title":{"rendered":"NR 4100 radar sensor; 12-35DC; max 30m; 4-20mA+HART; -40\u00b0C&#8230;+80\u00b0C; -1bar&#8230;+3bar; G1&#8243;; 5m cable; IP68"},"content":{"rendered":"","protected":false},"excerpt":{"rendered":"<p>Simple and user-friendly configuration, commissioning and diagnosis of the radar level sensor via the UWT LevelApp<br \/>\nMeasuring range: max. 30m, bulk materials up to 20m recommended <\/p>\n","protected":false},"featured_media":33681,"template":"","meta":{"_acf_changed":false},"product_brand":[],"product_cat":[5925,4085,4462],"product_tag":[],"manufacturers":[7846],"class_list":{"0":"post-40405","1":"product","2":"type-product","3":"status-publish","4":"has-post-thumbnail","6":"product_cat-radar-sensors","7":"product_cat-for-liquids","8":"product_cat-for-granules","9":"pa_kaabli-pikkus-5m-en","10":"pa_kaitseklass-ip68-en","11":"pa_keere-labiviik-g1-en","12":"pa_korpus-plastics","13":"pa_mootepiirkond-max-30m-en","14":"pa_rohk-1-3bar-en","15":"pa_seeria-nivoradar-en","16":"pa_toide-12-35v-dc-en","17":"pa_tootemperatuur-40-80c-en","18":"pa_tootja-uwt","19":"pa_valjund-4-20-ma-hart-en","20":"manufacturers-uwt-en","22":"first","23":"instock","24":"taxable","25":"shipping-taxable","26":"purchasable","27":"product-type-simple"},"acf":[],"yoast_head":"<!-- This site is optimized with the Yoast SEO Premium plugin v25.4 (Yoast SEO v25.4) - https:\/\/yoast.com\/wordpress\/plugins\/seo\/ -->\n<title>NR 4100 radar sensor; 12-35DC; max 30m; 4-20mA+HART; -40\u00b0C...+80\u00b0C; -1bar...+3bar; G1&quot;; 5m cable; IP68 - Sakala T\u00f6\u00f6stusautomaatika O\u00dc<\/title>\n<meta name=\"robots\" content=\"index, follow, max-snippet:-1, max-image-preview:large, max-video-preview:-1\" \/>\n<link rel=\"canonical\" href=\"https:\/\/sakt.ee\/en\/pood\/tasememootmine\/vedelikele\/nr-4100-radar-sensor-12-35dc-max-30m-4-20mahart-40c-80c-1bar-3bar-g1-5m-cable-ip68\/\" \/>\n<meta property=\"og:locale\" content=\"en_US\" \/>\n<meta property=\"og:type\" content=\"article\" \/>\n<meta property=\"og:title\" content=\"NR 4100 radar sensor; 12-35DC; max 30m; 4-20mA+HART; -40\u00b0C...+80\u00b0C; -1bar...+3bar; G1&quot;; 5m cable; IP68\" \/>\n<meta property=\"og:description\" content=\"Simple and user-friendly configuration, commissioning and diagnosis of the radar level sensor via the UWT LevelApp Measuring range: max. 30m, bulk materials up to 20m recommended\" \/>\n<meta property=\"og:url\" content=\"https:\/\/sakt.ee\/en\/pood\/tasememootmine\/vedelikele\/nr-4100-radar-sensor-12-35dc-max-30m-4-20mahart-40c-80c-1bar-3bar-g1-5m-cable-ip68\/\" \/>\n<meta property=\"og:site_name\" content=\"Sakala T\u00f6\u00f6stusautomaatika O\u00dc\" \/>\n<meta property=\"article:modified_time\" content=\"2025-10-27T15:29:14+00:00\" \/>\n<meta property=\"og:image\" content=\"https:\/\/sakt.ee\/wp-content\/uploads\/2025\/05\/7080.jpg\" \/>\n\t<meta property=\"og:image:width\" content=\"908\" \/>\n\t<meta property=\"og:image:height\" content=\"816\" \/>\n\t<meta property=\"og:image:type\" content=\"image\/jpeg\" \/>\n<meta name=\"twitter:card\" content=\"summary_large_image\" \/>\n<meta name=\"twitter:label1\" content=\"Price\" \/>\n\t<meta name=\"twitter:data1\" content=\"1 361,00&euro; +VAT\" \/>\n\t<meta name=\"twitter:label2\" content=\"Availability\" \/>\n\t<meta name=\"twitter:data2\" content=\"In stock\" \/>\n<script type=\"application\/ld+json\" class=\"yoast-schema-graph\">{\"@context\":\"https:\/\/schema.org\",\"@graph\":[{\"@type\":\"WebPage\",\"@id\":\"https:\/\/sakt.ee\/en\/pood\/tasememootmine\/vedelikele\/nr-4100-radar-sensor-12-35dc-max-30m-4-20mahart-40c-80c-1bar-3bar-g1-5m-cable-ip68\/\",\"url\":\"https:\/\/sakt.ee\/en\/pood\/tasememootmine\/vedelikele\/nr-4100-radar-sensor-12-35dc-max-30m-4-20mahart-40c-80c-1bar-3bar-g1-5m-cable-ip68\/\",\"name\":\"NR 4100 radar sensor; 12-35DC; max 30m; 4-20mA+HART; -40\u00b0C...+80\u00b0C; -1bar...+3bar; G1\\\"; 5m cable; IP68 - Sakala T\u00f6\u00f6stusautomaatika O\u00dc\",\"isPartOf\":{\"@id\":\"https:\/\/sakt.ee\/en\/#website\"},\"primaryImageOfPage\":{\"@id\":\"https:\/\/sakt.ee\/en\/pood\/tasememootmine\/vedelikele\/nr-4100-radar-sensor-12-35dc-max-30m-4-20mahart-40c-80c-1bar-3bar-g1-5m-cable-ip68\/#primaryimage\"},\"image\":{\"@id\":\"https:\/\/sakt.ee\/en\/pood\/tasememootmine\/vedelikele\/nr-4100-radar-sensor-12-35dc-max-30m-4-20mahart-40c-80c-1bar-3bar-g1-5m-cable-ip68\/#primaryimage\"},\"thumbnailUrl\":\"https:\/\/sakt.ee\/wp-content\/uploads\/2025\/05\/7080.jpg\",\"datePublished\":\"2025-05-17T07:39:13+00:00\",\"dateModified\":\"2025-10-27T15:29:14+00:00\",\"breadcrumb\":{\"@id\":\"https:\/\/sakt.ee\/en\/pood\/tasememootmine\/vedelikele\/nr-4100-radar-sensor-12-35dc-max-30m-4-20mahart-40c-80c-1bar-3bar-g1-5m-cable-ip68\/#breadcrumb\"},\"inLanguage\":\"en-US\",\"potentialAction\":[{\"@type\":\"ReadAction\",\"target\":[\"https:\/\/sakt.ee\/en\/pood\/tasememootmine\/vedelikele\/nr-4100-radar-sensor-12-35dc-max-30m-4-20mahart-40c-80c-1bar-3bar-g1-5m-cable-ip68\/\"]}]},{\"@type\":\"ImageObject\",\"inLanguage\":\"en-US\",\"@id\":\"https:\/\/sakt.ee\/en\/pood\/tasememootmine\/vedelikele\/nr-4100-radar-sensor-12-35dc-max-30m-4-20mahart-40c-80c-1bar-3bar-g1-5m-cable-ip68\/#primaryimage\",\"url\":\"https:\/\/sakt.ee\/wp-content\/uploads\/2025\/05\/7080.jpg\",\"contentUrl\":\"https:\/\/sakt.ee\/wp-content\/uploads\/2025\/05\/7080.jpg\",\"width\":908,\"height\":816},{\"@type\":\"BreadcrumbList\",\"@id\":\"https:\/\/sakt.ee\/en\/pood\/tasememootmine\/vedelikele\/nr-4100-radar-sensor-12-35dc-max-30m-4-20mahart-40c-80c-1bar-3bar-g1-5m-cable-ip68\/#breadcrumb\",\"itemListElement\":[{\"@type\":\"ListItem\",\"position\":1,\"name\":\"Home\",\"item\":\"https:\/\/sakt.ee\/\"},{\"@type\":\"ListItem\",\"position\":2,\"name\":\"Shop\",\"item\":\"https:\/\/sakt.ee\/en\/shop\/\"},{\"@type\":\"ListItem\",\"position\":3,\"name\":\"NR 4100 radar sensor; 12-35DC; max 30m; 4-20mA+HART; -40\u00b0C&#8230;+80\u00b0C; -1bar&#8230;+3bar; G1&#8243;; 5m cable; IP68\"}]},{\"@type\":\"WebSite\",\"@id\":\"https:\/\/sakt.ee\/en\/#website\",\"url\":\"https:\/\/sakt.ee\/en\/\",\"name\":\"Sakala T\u00f6\u00f6stusautomaatika O\u00dc\",\"description\":\"T\u00f6\u00f6stusautomaatika e-pood\",\"publisher\":{\"@id\":\"https:\/\/sakt.ee\/en\/#organization\"},\"potentialAction\":[{\"@type\":\"SearchAction\",\"target\":{\"@type\":\"EntryPoint\",\"urlTemplate\":\"https:\/\/sakt.ee\/en\/?s={search_term_string}\"},\"query-input\":{\"@type\":\"PropertyValueSpecification\",\"valueRequired\":true,\"valueName\":\"search_term_string\"}}],\"inLanguage\":\"en-US\"},{\"@type\":\"Organization\",\"@id\":\"https:\/\/sakt.ee\/en\/#organization\",\"name\":\"Sakala T\u00f6\u00f6stusautomaatika O\u00dc\",\"url\":\"https:\/\/sakt.ee\/en\/\",\"logo\":{\"@type\":\"ImageObject\",\"inLanguage\":\"en-US\",\"@id\":\"https:\/\/sakt.ee\/en\/#\/schema\/logo\/image\/\",\"url\":\"https:\/\/sakt.ee\/wp-content\/uploads\/2025\/05\/Sakala-Toostusautomaatika-favicon.png\",\"contentUrl\":\"https:\/\/sakt.ee\/wp-content\/uploads\/2025\/05\/Sakala-Toostusautomaatika-favicon.png\",\"width\":500,\"height\":500,\"caption\":\"Sakala T\u00f6\u00f6stusautomaatika O\u00dc\"},\"image\":{\"@id\":\"https:\/\/sakt.ee\/en\/#\/schema\/logo\/image\/\"}}]}<\/script>\n<meta property=\"product:price:amount\" content=\"1361.00\" \/>\n<meta property=\"product:price:currency\" content=\"EUR\" \/>\n<meta property=\"og:availability\" content=\"instock\" \/>\n<meta property=\"product:availability\" content=\"instock\" \/>\n<meta property=\"product:retailer_item_id\" content=\"A021HD3E0\" \/>\n<meta property=\"product:condition\" content=\"new\" \/>\n<!-- \/ Yoast SEO Premium plugin. -->","yoast_head_json":{"title":"NR 4100 radar sensor; 12-35DC; max 30m; 4-20mA+HART; -40\u00b0C...+80\u00b0C; -1bar...+3bar; G1\"; 5m cable; IP68 - Sakala T\u00f6\u00f6stusautomaatika O\u00dc","robots":{"index":"index","follow":"follow","max-snippet":"max-snippet:-1","max-image-preview":"max-image-preview:large","max-video-preview":"max-video-preview:-1"},"canonical":"https:\/\/sakt.ee\/en\/pood\/tasememootmine\/vedelikele\/nr-4100-radar-sensor-12-35dc-max-30m-4-20mahart-40c-80c-1bar-3bar-g1-5m-cable-ip68\/","og_locale":"en_US","og_type":"article","og_title":"NR 4100 radar sensor; 12-35DC; max 30m; 4-20mA+HART; -40\u00b0C...+80\u00b0C; -1bar...+3bar; G1\"; 5m cable; IP68","og_description":"Simple and user-friendly configuration, commissioning and diagnosis of the radar level sensor via the UWT LevelApp Measuring range: max. 30m, bulk materials up to 20m recommended","og_url":"https:\/\/sakt.ee\/en\/pood\/tasememootmine\/vedelikele\/nr-4100-radar-sensor-12-35dc-max-30m-4-20mahart-40c-80c-1bar-3bar-g1-5m-cable-ip68\/","og_site_name":"Sakala T\u00f6\u00f6stusautomaatika O\u00dc","article_modified_time":"2025-10-27T15:29:14+00:00","og_image":[{"width":908,"height":816,"url":"https:\/\/sakt.ee\/wp-content\/uploads\/2025\/05\/7080.jpg","type":"image\/jpeg"}],"twitter_card":"summary_large_image","twitter_misc":{"Price":"1 361,00&euro; +VAT","Availability":"In stock"},"schema":{"@context":"https:\/\/schema.org","@graph":[{"@type":"WebPage","@id":"https:\/\/sakt.ee\/en\/pood\/tasememootmine\/vedelikele\/nr-4100-radar-sensor-12-35dc-max-30m-4-20mahart-40c-80c-1bar-3bar-g1-5m-cable-ip68\/","url":"https:\/\/sakt.ee\/en\/pood\/tasememootmine\/vedelikele\/nr-4100-radar-sensor-12-35dc-max-30m-4-20mahart-40c-80c-1bar-3bar-g1-5m-cable-ip68\/","name":"NR 4100 radar sensor; 12-35DC; max 30m; 4-20mA+HART; -40\u00b0C...+80\u00b0C; -1bar...+3bar; G1\"; 5m cable; IP68 - Sakala T\u00f6\u00f6stusautomaatika O\u00dc","isPartOf":{"@id":"https:\/\/sakt.ee\/en\/#website"},"primaryImageOfPage":{"@id":"https:\/\/sakt.ee\/en\/pood\/tasememootmine\/vedelikele\/nr-4100-radar-sensor-12-35dc-max-30m-4-20mahart-40c-80c-1bar-3bar-g1-5m-cable-ip68\/#primaryimage"},"image":{"@id":"https:\/\/sakt.ee\/en\/pood\/tasememootmine\/vedelikele\/nr-4100-radar-sensor-12-35dc-max-30m-4-20mahart-40c-80c-1bar-3bar-g1-5m-cable-ip68\/#primaryimage"},"thumbnailUrl":"https:\/\/sakt.ee\/wp-content\/uploads\/2025\/05\/7080.jpg","datePublished":"2025-05-17T07:39:13+00:00","dateModified":"2025-10-27T15:29:14+00:00","breadcrumb":{"@id":"https:\/\/sakt.ee\/en\/pood\/tasememootmine\/vedelikele\/nr-4100-radar-sensor-12-35dc-max-30m-4-20mahart-40c-80c-1bar-3bar-g1-5m-cable-ip68\/#breadcrumb"},"inLanguage":"en-US","potentialAction":[{"@type":"ReadAction","target":["https:\/\/sakt.ee\/en\/pood\/tasememootmine\/vedelikele\/nr-4100-radar-sensor-12-35dc-max-30m-4-20mahart-40c-80c-1bar-3bar-g1-5m-cable-ip68\/"]}]},{"@type":"ImageObject","inLanguage":"en-US","@id":"https:\/\/sakt.ee\/en\/pood\/tasememootmine\/vedelikele\/nr-4100-radar-sensor-12-35dc-max-30m-4-20mahart-40c-80c-1bar-3bar-g1-5m-cable-ip68\/#primaryimage","url":"https:\/\/sakt.ee\/wp-content\/uploads\/2025\/05\/7080.jpg","contentUrl":"https:\/\/sakt.ee\/wp-content\/uploads\/2025\/05\/7080.jpg","width":908,"height":816},{"@type":"BreadcrumbList","@id":"https:\/\/sakt.ee\/en\/pood\/tasememootmine\/vedelikele\/nr-4100-radar-sensor-12-35dc-max-30m-4-20mahart-40c-80c-1bar-3bar-g1-5m-cable-ip68\/#breadcrumb","itemListElement":[{"@type":"ListItem","position":1,"name":"Home","item":"https:\/\/sakt.ee\/"},{"@type":"ListItem","position":2,"name":"Shop","item":"https:\/\/sakt.ee\/en\/shop\/"},{"@type":"ListItem","position":3,"name":"NR 4100 radar sensor; 12-35DC; max 30m; 4-20mA+HART; -40\u00b0C&#8230;+80\u00b0C; -1bar&#8230;+3bar; G1&#8243;; 5m cable; IP68"}]},{"@type":"WebSite","@id":"https:\/\/sakt.ee\/en\/#website","url":"https:\/\/sakt.ee\/en\/","name":"Sakala T\u00f6\u00f6stusautomaatika O\u00dc","description":"T\u00f6\u00f6stusautomaatika e-pood","publisher":{"@id":"https:\/\/sakt.ee\/en\/#organization"},"potentialAction":[{"@type":"SearchAction","target":{"@type":"EntryPoint","urlTemplate":"https:\/\/sakt.ee\/en\/?s={search_term_string}"},"query-input":{"@type":"PropertyValueSpecification","valueRequired":true,"valueName":"search_term_string"}}],"inLanguage":"en-US"},{"@type":"Organization","@id":"https:\/\/sakt.ee\/en\/#organization","name":"Sakala T\u00f6\u00f6stusautomaatika O\u00dc","url":"https:\/\/sakt.ee\/en\/","logo":{"@type":"ImageObject","inLanguage":"en-US","@id":"https:\/\/sakt.ee\/en\/#\/schema\/logo\/image\/","url":"https:\/\/sakt.ee\/wp-content\/uploads\/2025\/05\/Sakala-Toostusautomaatika-favicon.png","contentUrl":"https:\/\/sakt.ee\/wp-content\/uploads\/2025\/05\/Sakala-Toostusautomaatika-favicon.png","width":500,"height":500,"caption":"Sakala T\u00f6\u00f6stusautomaatika O\u00dc"},"image":{"@id":"https:\/\/sakt.ee\/en\/#\/schema\/logo\/image\/"}}]},"product_price_amount":"1361.00","product_price_currency":"EUR","og_availability":"instock","product_availability":"instock","product_retailer_item_id":"A021HD3E0","product_condition":"new"},"_links":{"self":[{"href":"https:\/\/sakt.ee\/en\/wp-json\/wp\/v2\/product\/40405","targetHints":{"allow":["GET"]}}],"collection":[{"href":"https:\/\/sakt.ee\/en\/wp-json\/wp\/v2\/product"}],"about":[{"href":"https:\/\/sakt.ee\/en\/wp-json\/wp\/v2\/types\/product"}],"version-history":[{"count":0,"href":"https:\/\/sakt.ee\/en\/wp-json\/wp\/v2\/product\/40405\/revisions"}],"wp:featuredmedia":[{"embeddable":true,"href":"https:\/\/sakt.ee\/en\/wp-json\/wp\/v2\/media\/33681"}],"wp:attachment":[{"href":"https:\/\/sakt.ee\/en\/wp-json\/wp\/v2\/media?parent=40405"}],"wp:term":[{"taxonomy":"product_brand","embeddable":true,"href":"https:\/\/sakt.ee\/en\/wp-json\/wp\/v2\/product_brand?post=40405"},{"taxonomy":"product_cat","embeddable":true,"href":"https:\/\/sakt.ee\/en\/wp-json\/wp\/v2\/product_cat?post=40405"},{"taxonomy":"product_tag","embeddable":true,"href":"https:\/\/sakt.ee\/en\/wp-json\/wp\/v2\/product_tag?post=40405"},{"taxonomy":"manufacturers","embeddable":true,"href":"https:\/\/sakt.ee\/en\/wp-json\/wp\/v2\/manufacturers?post=40405"}],"curies":[{"name":"wp","href":"https:\/\/api.w.org\/{rel}","templated":true}]}}