{"id":40402,"date":"2025-05-17T07:38:26","date_gmt":"2025-05-17T07:38:26","guid":{"rendered":"https:\/\/sakt.ee\/product\/snt-audible-green-orange-red-blue-signal-light-12-24dc-o100mm-max-123db-16-tones-ip65\/"},"modified":"2025-07-12T12:12:04","modified_gmt":"2025-07-12T12:12:04","slug":"snt-audible-green-orange-red-blue-signal-light-12-24dc-o100mm-max-123db-16-tones-ip65","status":"publish","type":"product","link":"https:\/\/sakt.ee\/en\/pood\/signal-systems\/sound-signalisation\/snt-audible-green-orange-red-blue-signal-light-12-24dc-o100mm-max-123db-16-tones-ip65\/","title":{"rendered":"SNT audible + green; orange; red; blue signal light; 12-24DC; \u00d8100mm; max 123dB; 16 tones; IP65"},"content":{"rendered":"","protected":false},"excerpt":{"rendered":"","protected":false},"featured_media":33669,"template":"","meta":{"_acf_changed":false},"product_brand":[],"product_cat":[3472],"product_tag":[],"manufacturers":[7825],"class_list":{"0":"post-40402","1":"product","2":"type-product","3":"status-publish","4":"has-post-thumbnail","6":"product_cat-sound-signalisation","7":"pa_helitugevus-123-db-max-en","8":"pa_kaitseklass-ip65-en","9":"pa_korgus-141mm-en","10":"pa_korpus-plastics","11":"pa_labimoot-100mm-en","12":"pa_paigaldus-above","13":"pa_seeria-snt-en","14":"pa_toide-12-24v-dc-en","15":"pa_toode-signal-light-with-sound","16":"pa_toonide-arv-16-en","17":"pa_tootemperatuur-20-50c-en","18":"pa_tootja-mucco","19":"pa_valgusefekt-steady-flashing-strobe","20":"pa_varv-green-orange-red-blue","21":"manufacturers-mucco-sinyalteknik-en","23":"first","24":"instock","25":"taxable","26":"shipping-taxable","27":"purchasable","28":"product-type-simple"},"acf":[],"yoast_head":"<!-- This site is optimized with the Yoast SEO Premium plugin v25.4 (Yoast SEO v25.4) - https:\/\/yoast.com\/wordpress\/plugins\/seo\/ -->\n<title>SNT audible + green; orange; red; blue signal light; 12-24DC; \u00d8100mm; max 123dB; 16 tones; IP65 - Sakala T\u00f6\u00f6stusautomaatika O\u00dc<\/title>\n<meta name=\"robots\" content=\"index, follow, max-snippet:-1, max-image-preview:large, max-video-preview:-1\" \/>\n<link rel=\"canonical\" href=\"https:\/\/sakt.ee\/en\/pood\/signal-systems\/sound-signalisation\/snt-audible-green-orange-red-blue-signal-light-12-24dc-o100mm-max-123db-16-tones-ip65\/\" \/>\n<meta property=\"og:locale\" content=\"en_US\" \/>\n<meta property=\"og:type\" content=\"article\" \/>\n<meta property=\"og:title\" content=\"SNT audible + green; orange; red; blue signal light; 12-24DC; \u00d8100mm; max 123dB; 16 tones; IP65\" \/>\n<meta property=\"og:url\" content=\"https:\/\/sakt.ee\/en\/pood\/signal-systems\/sound-signalisation\/snt-audible-green-orange-red-blue-signal-light-12-24dc-o100mm-max-123db-16-tones-ip65\/\" \/>\n<meta property=\"og:site_name\" content=\"Sakala T\u00f6\u00f6stusautomaatika O\u00dc\" \/>\n<meta property=\"article:modified_time\" content=\"2025-07-12T12:12:04+00:00\" \/>\n<meta property=\"og:image\" content=\"https:\/\/sakt.ee\/wp-content\/uploads\/2025\/05\/7075.jpg\" \/>\n\t<meta property=\"og:image:width\" content=\"544\" \/>\n\t<meta property=\"og:image:height\" content=\"587\" \/>\n\t<meta property=\"og:image:type\" content=\"image\/jpeg\" \/>\n<meta name=\"twitter:card\" content=\"summary_large_image\" \/>\n<meta name=\"twitter:label1\" content=\"Price\" \/>\n\t<meta name=\"twitter:data1\" content=\"93,00&euro; +VAT\" \/>\n\t<meta name=\"twitter:label2\" content=\"Availability\" \/>\n\t<meta name=\"twitter:data2\" content=\"In stock\" \/>\n<script type=\"application\/ld+json\" class=\"yoast-schema-graph\">{\"@context\":\"https:\/\/schema.org\",\"@graph\":[{\"@type\":\"WebPage\",\"@id\":\"https:\/\/sakt.ee\/en\/pood\/signal-systems\/sound-signalisation\/snt-audible-green-orange-red-blue-signal-light-12-24dc-o100mm-max-123db-16-tones-ip65\/\",\"url\":\"https:\/\/sakt.ee\/en\/pood\/signal-systems\/sound-signalisation\/snt-audible-green-orange-red-blue-signal-light-12-24dc-o100mm-max-123db-16-tones-ip65\/\",\"name\":\"SNT audible + green; orange; red; blue signal light; 12-24DC; \u00d8100mm; max 123dB; 16 tones; IP65 - Sakala T\u00f6\u00f6stusautomaatika O\u00dc\",\"isPartOf\":{\"@id\":\"https:\/\/sakt.ee\/en\/#website\"},\"primaryImageOfPage\":{\"@id\":\"https:\/\/sakt.ee\/en\/pood\/signal-systems\/sound-signalisation\/snt-audible-green-orange-red-blue-signal-light-12-24dc-o100mm-max-123db-16-tones-ip65\/#primaryimage\"},\"image\":{\"@id\":\"https:\/\/sakt.ee\/en\/pood\/signal-systems\/sound-signalisation\/snt-audible-green-orange-red-blue-signal-light-12-24dc-o100mm-max-123db-16-tones-ip65\/#primaryimage\"},\"thumbnailUrl\":\"https:\/\/sakt.ee\/wp-content\/uploads\/2025\/05\/7075.jpg\",\"datePublished\":\"2025-05-17T07:38:26+00:00\",\"dateModified\":\"2025-07-12T12:12:04+00:00\",\"breadcrumb\":{\"@id\":\"https:\/\/sakt.ee\/en\/pood\/signal-systems\/sound-signalisation\/snt-audible-green-orange-red-blue-signal-light-12-24dc-o100mm-max-123db-16-tones-ip65\/#breadcrumb\"},\"inLanguage\":\"en-US\",\"potentialAction\":[{\"@type\":\"ReadAction\",\"target\":[\"https:\/\/sakt.ee\/en\/pood\/signal-systems\/sound-signalisation\/snt-audible-green-orange-red-blue-signal-light-12-24dc-o100mm-max-123db-16-tones-ip65\/\"]}]},{\"@type\":\"ImageObject\",\"inLanguage\":\"en-US\",\"@id\":\"https:\/\/sakt.ee\/en\/pood\/signal-systems\/sound-signalisation\/snt-audible-green-orange-red-blue-signal-light-12-24dc-o100mm-max-123db-16-tones-ip65\/#primaryimage\",\"url\":\"https:\/\/sakt.ee\/wp-content\/uploads\/2025\/05\/7075.jpg\",\"contentUrl\":\"https:\/\/sakt.ee\/wp-content\/uploads\/2025\/05\/7075.jpg\",\"width\":544,\"height\":587},{\"@type\":\"BreadcrumbList\",\"@id\":\"https:\/\/sakt.ee\/en\/pood\/signal-systems\/sound-signalisation\/snt-audible-green-orange-red-blue-signal-light-12-24dc-o100mm-max-123db-16-tones-ip65\/#breadcrumb\",\"itemListElement\":[{\"@type\":\"ListItem\",\"position\":1,\"name\":\"Home\",\"item\":\"https:\/\/sakt.ee\/\"},{\"@type\":\"ListItem\",\"position\":2,\"name\":\"Shop\",\"item\":\"https:\/\/sakt.ee\/en\/shop\/\"},{\"@type\":\"ListItem\",\"position\":3,\"name\":\"SNT audible + green; orange; red; blue signal light; 12-24DC; \u00d8100mm; max 123dB; 16 tones; IP65\"}]},{\"@type\":\"WebSite\",\"@id\":\"https:\/\/sakt.ee\/en\/#website\",\"url\":\"https:\/\/sakt.ee\/en\/\",\"name\":\"Sakala T\u00f6\u00f6stusautomaatika O\u00dc\",\"description\":\"T\u00f6\u00f6stusautomaatika e-pood\",\"publisher\":{\"@id\":\"https:\/\/sakt.ee\/en\/#organization\"},\"potentialAction\":[{\"@type\":\"SearchAction\",\"target\":{\"@type\":\"EntryPoint\",\"urlTemplate\":\"https:\/\/sakt.ee\/en\/?s={search_term_string}\"},\"query-input\":{\"@type\":\"PropertyValueSpecification\",\"valueRequired\":true,\"valueName\":\"search_term_string\"}}],\"inLanguage\":\"en-US\"},{\"@type\":\"Organization\",\"@id\":\"https:\/\/sakt.ee\/en\/#organization\",\"name\":\"Sakala T\u00f6\u00f6stusautomaatika O\u00dc\",\"url\":\"https:\/\/sakt.ee\/en\/\",\"logo\":{\"@type\":\"ImageObject\",\"inLanguage\":\"en-US\",\"@id\":\"https:\/\/sakt.ee\/en\/#\/schema\/logo\/image\/\",\"url\":\"https:\/\/sakt.ee\/wp-content\/uploads\/2025\/05\/Sakala-Toostusautomaatika-favicon.png\",\"contentUrl\":\"https:\/\/sakt.ee\/wp-content\/uploads\/2025\/05\/Sakala-Toostusautomaatika-favicon.png\",\"width\":500,\"height\":500,\"caption\":\"Sakala T\u00f6\u00f6stusautomaatika O\u00dc\"},\"image\":{\"@id\":\"https:\/\/sakt.ee\/en\/#\/schema\/logo\/image\/\"}}]}<\/script>\n<meta property=\"product:price:amount\" content=\"93.00\" \/>\n<meta property=\"product:price:currency\" content=\"EUR\" \/>\n<meta property=\"og:availability\" content=\"instock\" \/>\n<meta property=\"product:availability\" content=\"instock\" \/>\n<meta property=\"product:retailer_item_id\" content=\"SNT-115-B-RGB\" \/>\n<meta property=\"product:condition\" content=\"new\" \/>\n<!-- \/ Yoast SEO Premium plugin. -->","yoast_head_json":{"title":"SNT audible + green; orange; red; blue signal light; 12-24DC; \u00d8100mm; max 123dB; 16 tones; IP65 - Sakala T\u00f6\u00f6stusautomaatika O\u00dc","robots":{"index":"index","follow":"follow","max-snippet":"max-snippet:-1","max-image-preview":"max-image-preview:large","max-video-preview":"max-video-preview:-1"},"canonical":"https:\/\/sakt.ee\/en\/pood\/signal-systems\/sound-signalisation\/snt-audible-green-orange-red-blue-signal-light-12-24dc-o100mm-max-123db-16-tones-ip65\/","og_locale":"en_US","og_type":"article","og_title":"SNT audible + green; orange; red; blue signal light; 12-24DC; \u00d8100mm; max 123dB; 16 tones; IP65","og_url":"https:\/\/sakt.ee\/en\/pood\/signal-systems\/sound-signalisation\/snt-audible-green-orange-red-blue-signal-light-12-24dc-o100mm-max-123db-16-tones-ip65\/","og_site_name":"Sakala T\u00f6\u00f6stusautomaatika O\u00dc","article_modified_time":"2025-07-12T12:12:04+00:00","og_image":[{"width":544,"height":587,"url":"https:\/\/sakt.ee\/wp-content\/uploads\/2025\/05\/7075.jpg","type":"image\/jpeg"}],"twitter_card":"summary_large_image","twitter_misc":{"Price":"93,00&euro; +VAT","Availability":"In stock"},"schema":{"@context":"https:\/\/schema.org","@graph":[{"@type":"WebPage","@id":"https:\/\/sakt.ee\/en\/pood\/signal-systems\/sound-signalisation\/snt-audible-green-orange-red-blue-signal-light-12-24dc-o100mm-max-123db-16-tones-ip65\/","url":"https:\/\/sakt.ee\/en\/pood\/signal-systems\/sound-signalisation\/snt-audible-green-orange-red-blue-signal-light-12-24dc-o100mm-max-123db-16-tones-ip65\/","name":"SNT audible + green; orange; red; blue signal light; 12-24DC; \u00d8100mm; max 123dB; 16 tones; IP65 - Sakala T\u00f6\u00f6stusautomaatika O\u00dc","isPartOf":{"@id":"https:\/\/sakt.ee\/en\/#website"},"primaryImageOfPage":{"@id":"https:\/\/sakt.ee\/en\/pood\/signal-systems\/sound-signalisation\/snt-audible-green-orange-red-blue-signal-light-12-24dc-o100mm-max-123db-16-tones-ip65\/#primaryimage"},"image":{"@id":"https:\/\/sakt.ee\/en\/pood\/signal-systems\/sound-signalisation\/snt-audible-green-orange-red-blue-signal-light-12-24dc-o100mm-max-123db-16-tones-ip65\/#primaryimage"},"thumbnailUrl":"https:\/\/sakt.ee\/wp-content\/uploads\/2025\/05\/7075.jpg","datePublished":"2025-05-17T07:38:26+00:00","dateModified":"2025-07-12T12:12:04+00:00","breadcrumb":{"@id":"https:\/\/sakt.ee\/en\/pood\/signal-systems\/sound-signalisation\/snt-audible-green-orange-red-blue-signal-light-12-24dc-o100mm-max-123db-16-tones-ip65\/#breadcrumb"},"inLanguage":"en-US","potentialAction":[{"@type":"ReadAction","target":["https:\/\/sakt.ee\/en\/pood\/signal-systems\/sound-signalisation\/snt-audible-green-orange-red-blue-signal-light-12-24dc-o100mm-max-123db-16-tones-ip65\/"]}]},{"@type":"ImageObject","inLanguage":"en-US","@id":"https:\/\/sakt.ee\/en\/pood\/signal-systems\/sound-signalisation\/snt-audible-green-orange-red-blue-signal-light-12-24dc-o100mm-max-123db-16-tones-ip65\/#primaryimage","url":"https:\/\/sakt.ee\/wp-content\/uploads\/2025\/05\/7075.jpg","contentUrl":"https:\/\/sakt.ee\/wp-content\/uploads\/2025\/05\/7075.jpg","width":544,"height":587},{"@type":"BreadcrumbList","@id":"https:\/\/sakt.ee\/en\/pood\/signal-systems\/sound-signalisation\/snt-audible-green-orange-red-blue-signal-light-12-24dc-o100mm-max-123db-16-tones-ip65\/#breadcrumb","itemListElement":[{"@type":"ListItem","position":1,"name":"Home","item":"https:\/\/sakt.ee\/"},{"@type":"ListItem","position":2,"name":"Shop","item":"https:\/\/sakt.ee\/en\/shop\/"},{"@type":"ListItem","position":3,"name":"SNT audible + green; orange; red; blue signal light; 12-24DC; \u00d8100mm; max 123dB; 16 tones; IP65"}]},{"@type":"WebSite","@id":"https:\/\/sakt.ee\/en\/#website","url":"https:\/\/sakt.ee\/en\/","name":"Sakala T\u00f6\u00f6stusautomaatika O\u00dc","description":"T\u00f6\u00f6stusautomaatika e-pood","publisher":{"@id":"https:\/\/sakt.ee\/en\/#organization"},"potentialAction":[{"@type":"SearchAction","target":{"@type":"EntryPoint","urlTemplate":"https:\/\/sakt.ee\/en\/?s={search_term_string}"},"query-input":{"@type":"PropertyValueSpecification","valueRequired":true,"valueName":"search_term_string"}}],"inLanguage":"en-US"},{"@type":"Organization","@id":"https:\/\/sakt.ee\/en\/#organization","name":"Sakala T\u00f6\u00f6stusautomaatika O\u00dc","url":"https:\/\/sakt.ee\/en\/","logo":{"@type":"ImageObject","inLanguage":"en-US","@id":"https:\/\/sakt.ee\/en\/#\/schema\/logo\/image\/","url":"https:\/\/sakt.ee\/wp-content\/uploads\/2025\/05\/Sakala-Toostusautomaatika-favicon.png","contentUrl":"https:\/\/sakt.ee\/wp-content\/uploads\/2025\/05\/Sakala-Toostusautomaatika-favicon.png","width":500,"height":500,"caption":"Sakala T\u00f6\u00f6stusautomaatika O\u00dc"},"image":{"@id":"https:\/\/sakt.ee\/en\/#\/schema\/logo\/image\/"}}]},"product_price_amount":"93.00","product_price_currency":"EUR","og_availability":"instock","product_availability":"instock","product_retailer_item_id":"SNT-115-B-RGB","product_condition":"new"},"_links":{"self":[{"href":"https:\/\/sakt.ee\/en\/wp-json\/wp\/v2\/product\/40402","targetHints":{"allow":["GET"]}}],"collection":[{"href":"https:\/\/sakt.ee\/en\/wp-json\/wp\/v2\/product"}],"about":[{"href":"https:\/\/sakt.ee\/en\/wp-json\/wp\/v2\/types\/product"}],"version-history":[{"count":0,"href":"https:\/\/sakt.ee\/en\/wp-json\/wp\/v2\/product\/40402\/revisions"}],"wp:featuredmedia":[{"embeddable":true,"href":"https:\/\/sakt.ee\/en\/wp-json\/wp\/v2\/media\/33669"}],"wp:attachment":[{"href":"https:\/\/sakt.ee\/en\/wp-json\/wp\/v2\/media?parent=40402"}],"wp:term":[{"taxonomy":"product_brand","embeddable":true,"href":"https:\/\/sakt.ee\/en\/wp-json\/wp\/v2\/product_brand?post=40402"},{"taxonomy":"product_cat","embeddable":true,"href":"https:\/\/sakt.ee\/en\/wp-json\/wp\/v2\/product_cat?post=40402"},{"taxonomy":"product_tag","embeddable":true,"href":"https:\/\/sakt.ee\/en\/wp-json\/wp\/v2\/product_tag?post=40402"},{"taxonomy":"manufacturers","embeddable":true,"href":"https:\/\/sakt.ee\/en\/wp-json\/wp\/v2\/manufacturers?post=40402"}],"curies":[{"name":"wp","href":"https:\/\/api.w.org\/{rel}","templated":true}]}}