{"id":40235,"date":"2025-05-17T08:36:13","date_gmt":"2025-05-17T05:36:13","guid":{"rendered":"https:\/\/sakt.ee\/product\/rsr62-48a40-semiconductor-relay-3-phase-input-90-280ac-output-24-530ac-40a\/"},"modified":"2025-11-04T11:53:02","modified_gmt":"2025-11-04T08:53:02","slug":"rsr62-48a40-semiconductor-relay-3-phase-input-90-280ac-output-24-530ac-40a","status":"publish","type":"product","link":"https:\/\/sakt.ee\/en\/pood\/relays\/solid-state-relays\/rsr62-48a40-semiconductor-relay-3-phase-input-90-280ac-output-24-530ac-40a\/","title":{"rendered":"RSR62-48A40 semiconductor relay, 3-phase, input 90-280AC, output 24-530AC, 40A"},"content":{"rendered":"","protected":false},"excerpt":{"rendered":"","protected":false},"featured_media":32031,"template":"","meta":{"_acf_changed":false},"product_brand":[],"product_cat":[7640],"product_tag":[],"manufacturers":[7795],"class_list":{"0":"post-40235","1":"product","2":"type-product","3":"status-publish","4":"has-post-thumbnail","6":"product_cat-solid-state-relays","7":"pa_kaal-385g-en","8":"pa_kaitseklass-ip20-en","9":"pa_korgus-105mm-en","10":"pa_laius-78mm-en","11":"pa_nimivool-40a-en","12":"pa_paigaldus-above","13":"pa_pooluste-arv-3-en","14":"pa_seeria-rsr62-en","15":"pa_sisend-90-280v-ac-en","16":"pa_sugavus-38mm-en","17":"pa_toode-semiconductor-relay","18":"pa_tootemperatuur-30-80c-en","19":"pa_tootja-relpol","20":"pa_valjund-24-530v-ac-en","21":"manufacturers-relpol-en","23":"first","24":"instock","25":"taxable","26":"shipping-taxable","27":"purchasable","28":"product-type-simple"},"acf":[],"yoast_head":"<!-- This site is optimized with the Yoast SEO Premium plugin v25.4 (Yoast SEO v25.4) - https:\/\/yoast.com\/wordpress\/plugins\/seo\/ -->\n<title>RSR62-48A40 semiconductor relay, 3-phase, input 90-280AC, output 24-530AC, 40A - Sakala T\u00f6\u00f6stusautomaatika O\u00dc<\/title>\n<meta name=\"robots\" content=\"index, follow, max-snippet:-1, max-image-preview:large, max-video-preview:-1\" \/>\n<link rel=\"canonical\" href=\"https:\/\/sakt.ee\/en\/pood\/relays\/solid-state-relays\/rsr62-48a40-semiconductor-relay-3-phase-input-90-280ac-output-24-530ac-40a\/\" \/>\n<meta property=\"og:locale\" content=\"en_US\" \/>\n<meta property=\"og:type\" content=\"article\" \/>\n<meta property=\"og:title\" content=\"RSR62-48A40 semiconductor relay, 3-phase, input 90-280AC, output 24-530AC, 40A\" \/>\n<meta property=\"og:url\" content=\"https:\/\/sakt.ee\/en\/pood\/relays\/solid-state-relays\/rsr62-48a40-semiconductor-relay-3-phase-input-90-280ac-output-24-530ac-40a\/\" \/>\n<meta property=\"og:site_name\" content=\"Sakala T\u00f6\u00f6stusautomaatika O\u00dc\" \/>\n<meta property=\"article:modified_time\" content=\"2025-11-04T08:53:02+00:00\" \/>\n<meta property=\"og:image\" content=\"https:\/\/sakt.ee\/wp-content\/uploads\/2025\/05\/5062-scaled.jpg\" \/>\n\t<meta property=\"og:image:width\" content=\"2560\" \/>\n\t<meta property=\"og:image:height\" content=\"2361\" \/>\n\t<meta property=\"og:image:type\" content=\"image\/jpeg\" \/>\n<meta name=\"twitter:card\" content=\"summary_large_image\" \/>\n<meta name=\"twitter:label1\" content=\"Price\" \/>\n\t<meta name=\"twitter:data1\" content=\"102,45&euro; +VAT\" \/>\n\t<meta name=\"twitter:label2\" content=\"Availability\" \/>\n\t<meta name=\"twitter:data2\" content=\"In stock\" \/>\n<script type=\"application\/ld+json\" class=\"yoast-schema-graph\">{\"@context\":\"https:\/\/schema.org\",\"@graph\":[{\"@type\":\"WebPage\",\"@id\":\"https:\/\/sakt.ee\/en\/pood\/relays\/solid-state-relays\/rsr62-48a40-semiconductor-relay-3-phase-input-90-280ac-output-24-530ac-40a\/\",\"url\":\"https:\/\/sakt.ee\/en\/pood\/relays\/solid-state-relays\/rsr62-48a40-semiconductor-relay-3-phase-input-90-280ac-output-24-530ac-40a\/\",\"name\":\"RSR62-48A40 semiconductor relay, 3-phase, input 90-280AC, output 24-530AC, 40A - Sakala T\u00f6\u00f6stusautomaatika O\u00dc\",\"isPartOf\":{\"@id\":\"https:\/\/sakt.ee\/en\/#website\"},\"primaryImageOfPage\":{\"@id\":\"https:\/\/sakt.ee\/en\/pood\/relays\/solid-state-relays\/rsr62-48a40-semiconductor-relay-3-phase-input-90-280ac-output-24-530ac-40a\/#primaryimage\"},\"image\":{\"@id\":\"https:\/\/sakt.ee\/en\/pood\/relays\/solid-state-relays\/rsr62-48a40-semiconductor-relay-3-phase-input-90-280ac-output-24-530ac-40a\/#primaryimage\"},\"thumbnailUrl\":\"https:\/\/sakt.ee\/wp-content\/uploads\/2025\/05\/5062-scaled.jpg\",\"datePublished\":\"2025-05-17T05:36:13+00:00\",\"dateModified\":\"2025-11-04T08:53:02+00:00\",\"breadcrumb\":{\"@id\":\"https:\/\/sakt.ee\/en\/pood\/relays\/solid-state-relays\/rsr62-48a40-semiconductor-relay-3-phase-input-90-280ac-output-24-530ac-40a\/#breadcrumb\"},\"inLanguage\":\"en-US\",\"potentialAction\":[{\"@type\":\"ReadAction\",\"target\":[\"https:\/\/sakt.ee\/en\/pood\/relays\/solid-state-relays\/rsr62-48a40-semiconductor-relay-3-phase-input-90-280ac-output-24-530ac-40a\/\"]}]},{\"@type\":\"ImageObject\",\"inLanguage\":\"en-US\",\"@id\":\"https:\/\/sakt.ee\/en\/pood\/relays\/solid-state-relays\/rsr62-48a40-semiconductor-relay-3-phase-input-90-280ac-output-24-530ac-40a\/#primaryimage\",\"url\":\"https:\/\/sakt.ee\/wp-content\/uploads\/2025\/05\/5062-scaled.jpg\",\"contentUrl\":\"https:\/\/sakt.ee\/wp-content\/uploads\/2025\/05\/5062-scaled.jpg\",\"width\":2560,\"height\":2361},{\"@type\":\"BreadcrumbList\",\"@id\":\"https:\/\/sakt.ee\/en\/pood\/relays\/solid-state-relays\/rsr62-48a40-semiconductor-relay-3-phase-input-90-280ac-output-24-530ac-40a\/#breadcrumb\",\"itemListElement\":[{\"@type\":\"ListItem\",\"position\":1,\"name\":\"Home\",\"item\":\"https:\/\/sakt.ee\/\"},{\"@type\":\"ListItem\",\"position\":2,\"name\":\"Shop\",\"item\":\"https:\/\/sakt.ee\/en\/shop\/\"},{\"@type\":\"ListItem\",\"position\":3,\"name\":\"RSR62-48A40 semiconductor relay, 3-phase, input 90-280AC, output 24-530AC, 40A\"}]},{\"@type\":\"WebSite\",\"@id\":\"https:\/\/sakt.ee\/en\/#website\",\"url\":\"https:\/\/sakt.ee\/en\/\",\"name\":\"Sakala T\u00f6\u00f6stusautomaatika O\u00dc\",\"description\":\"T\u00f6\u00f6stusautomaatika e-pood\",\"publisher\":{\"@id\":\"https:\/\/sakt.ee\/en\/#organization\"},\"potentialAction\":[{\"@type\":\"SearchAction\",\"target\":{\"@type\":\"EntryPoint\",\"urlTemplate\":\"https:\/\/sakt.ee\/en\/?s={search_term_string}\"},\"query-input\":{\"@type\":\"PropertyValueSpecification\",\"valueRequired\":true,\"valueName\":\"search_term_string\"}}],\"inLanguage\":\"en-US\"},{\"@type\":\"Organization\",\"@id\":\"https:\/\/sakt.ee\/en\/#organization\",\"name\":\"Sakala T\u00f6\u00f6stusautomaatika O\u00dc\",\"url\":\"https:\/\/sakt.ee\/en\/\",\"logo\":{\"@type\":\"ImageObject\",\"inLanguage\":\"en-US\",\"@id\":\"https:\/\/sakt.ee\/en\/#\/schema\/logo\/image\/\",\"url\":\"https:\/\/sakt.ee\/wp-content\/uploads\/2025\/05\/Sakala-Toostusautomaatika-favicon.png\",\"contentUrl\":\"https:\/\/sakt.ee\/wp-content\/uploads\/2025\/05\/Sakala-Toostusautomaatika-favicon.png\",\"width\":500,\"height\":500,\"caption\":\"Sakala T\u00f6\u00f6stusautomaatika O\u00dc\"},\"image\":{\"@id\":\"https:\/\/sakt.ee\/en\/#\/schema\/logo\/image\/\"}}]}<\/script>\n<meta property=\"product:price:amount\" content=\"102.45\" \/>\n<meta property=\"product:price:currency\" content=\"EUR\" \/>\n<meta property=\"og:availability\" content=\"instock\" \/>\n<meta property=\"product:availability\" content=\"instock\" \/>\n<meta property=\"product:retailer_item_id\" content=\"2615963\" \/>\n<meta property=\"product:condition\" content=\"new\" \/>\n<!-- \/ Yoast SEO Premium plugin. -->","yoast_head_json":{"title":"RSR62-48A40 semiconductor relay, 3-phase, input 90-280AC, output 24-530AC, 40A - Sakala T\u00f6\u00f6stusautomaatika O\u00dc","robots":{"index":"index","follow":"follow","max-snippet":"max-snippet:-1","max-image-preview":"max-image-preview:large","max-video-preview":"max-video-preview:-1"},"canonical":"https:\/\/sakt.ee\/en\/pood\/relays\/solid-state-relays\/rsr62-48a40-semiconductor-relay-3-phase-input-90-280ac-output-24-530ac-40a\/","og_locale":"en_US","og_type":"article","og_title":"RSR62-48A40 semiconductor relay, 3-phase, input 90-280AC, output 24-530AC, 40A","og_url":"https:\/\/sakt.ee\/en\/pood\/relays\/solid-state-relays\/rsr62-48a40-semiconductor-relay-3-phase-input-90-280ac-output-24-530ac-40a\/","og_site_name":"Sakala T\u00f6\u00f6stusautomaatika O\u00dc","article_modified_time":"2025-11-04T08:53:02+00:00","og_image":[{"width":2560,"height":2361,"url":"https:\/\/sakt.ee\/wp-content\/uploads\/2025\/05\/5062-scaled.jpg","type":"image\/jpeg"}],"twitter_card":"summary_large_image","twitter_misc":{"Price":"102,45&euro; +VAT","Availability":"In stock"},"schema":{"@context":"https:\/\/schema.org","@graph":[{"@type":"WebPage","@id":"https:\/\/sakt.ee\/en\/pood\/relays\/solid-state-relays\/rsr62-48a40-semiconductor-relay-3-phase-input-90-280ac-output-24-530ac-40a\/","url":"https:\/\/sakt.ee\/en\/pood\/relays\/solid-state-relays\/rsr62-48a40-semiconductor-relay-3-phase-input-90-280ac-output-24-530ac-40a\/","name":"RSR62-48A40 semiconductor relay, 3-phase, input 90-280AC, output 24-530AC, 40A - Sakala T\u00f6\u00f6stusautomaatika O\u00dc","isPartOf":{"@id":"https:\/\/sakt.ee\/en\/#website"},"primaryImageOfPage":{"@id":"https:\/\/sakt.ee\/en\/pood\/relays\/solid-state-relays\/rsr62-48a40-semiconductor-relay-3-phase-input-90-280ac-output-24-530ac-40a\/#primaryimage"},"image":{"@id":"https:\/\/sakt.ee\/en\/pood\/relays\/solid-state-relays\/rsr62-48a40-semiconductor-relay-3-phase-input-90-280ac-output-24-530ac-40a\/#primaryimage"},"thumbnailUrl":"https:\/\/sakt.ee\/wp-content\/uploads\/2025\/05\/5062-scaled.jpg","datePublished":"2025-05-17T05:36:13+00:00","dateModified":"2025-11-04T08:53:02+00:00","breadcrumb":{"@id":"https:\/\/sakt.ee\/en\/pood\/relays\/solid-state-relays\/rsr62-48a40-semiconductor-relay-3-phase-input-90-280ac-output-24-530ac-40a\/#breadcrumb"},"inLanguage":"en-US","potentialAction":[{"@type":"ReadAction","target":["https:\/\/sakt.ee\/en\/pood\/relays\/solid-state-relays\/rsr62-48a40-semiconductor-relay-3-phase-input-90-280ac-output-24-530ac-40a\/"]}]},{"@type":"ImageObject","inLanguage":"en-US","@id":"https:\/\/sakt.ee\/en\/pood\/relays\/solid-state-relays\/rsr62-48a40-semiconductor-relay-3-phase-input-90-280ac-output-24-530ac-40a\/#primaryimage","url":"https:\/\/sakt.ee\/wp-content\/uploads\/2025\/05\/5062-scaled.jpg","contentUrl":"https:\/\/sakt.ee\/wp-content\/uploads\/2025\/05\/5062-scaled.jpg","width":2560,"height":2361},{"@type":"BreadcrumbList","@id":"https:\/\/sakt.ee\/en\/pood\/relays\/solid-state-relays\/rsr62-48a40-semiconductor-relay-3-phase-input-90-280ac-output-24-530ac-40a\/#breadcrumb","itemListElement":[{"@type":"ListItem","position":1,"name":"Home","item":"https:\/\/sakt.ee\/"},{"@type":"ListItem","position":2,"name":"Shop","item":"https:\/\/sakt.ee\/en\/shop\/"},{"@type":"ListItem","position":3,"name":"RSR62-48A40 semiconductor relay, 3-phase, input 90-280AC, output 24-530AC, 40A"}]},{"@type":"WebSite","@id":"https:\/\/sakt.ee\/en\/#website","url":"https:\/\/sakt.ee\/en\/","name":"Sakala T\u00f6\u00f6stusautomaatika O\u00dc","description":"T\u00f6\u00f6stusautomaatika e-pood","publisher":{"@id":"https:\/\/sakt.ee\/en\/#organization"},"potentialAction":[{"@type":"SearchAction","target":{"@type":"EntryPoint","urlTemplate":"https:\/\/sakt.ee\/en\/?s={search_term_string}"},"query-input":{"@type":"PropertyValueSpecification","valueRequired":true,"valueName":"search_term_string"}}],"inLanguage":"en-US"},{"@type":"Organization","@id":"https:\/\/sakt.ee\/en\/#organization","name":"Sakala T\u00f6\u00f6stusautomaatika O\u00dc","url":"https:\/\/sakt.ee\/en\/","logo":{"@type":"ImageObject","inLanguage":"en-US","@id":"https:\/\/sakt.ee\/en\/#\/schema\/logo\/image\/","url":"https:\/\/sakt.ee\/wp-content\/uploads\/2025\/05\/Sakala-Toostusautomaatika-favicon.png","contentUrl":"https:\/\/sakt.ee\/wp-content\/uploads\/2025\/05\/Sakala-Toostusautomaatika-favicon.png","width":500,"height":500,"caption":"Sakala T\u00f6\u00f6stusautomaatika O\u00dc"},"image":{"@id":"https:\/\/sakt.ee\/en\/#\/schema\/logo\/image\/"}}]},"product_price_amount":"102.45","product_price_currency":"EUR","og_availability":"instock","product_availability":"instock","product_retailer_item_id":"2615963","product_condition":"new"},"_links":{"self":[{"href":"https:\/\/sakt.ee\/en\/wp-json\/wp\/v2\/product\/40235","targetHints":{"allow":["GET"]}}],"collection":[{"href":"https:\/\/sakt.ee\/en\/wp-json\/wp\/v2\/product"}],"about":[{"href":"https:\/\/sakt.ee\/en\/wp-json\/wp\/v2\/types\/product"}],"version-history":[{"count":0,"href":"https:\/\/sakt.ee\/en\/wp-json\/wp\/v2\/product\/40235\/revisions"}],"wp:featuredmedia":[{"embeddable":true,"href":"https:\/\/sakt.ee\/en\/wp-json\/wp\/v2\/media\/32031"}],"wp:attachment":[{"href":"https:\/\/sakt.ee\/en\/wp-json\/wp\/v2\/media?parent=40235"}],"wp:term":[{"taxonomy":"product_brand","embeddable":true,"href":"https:\/\/sakt.ee\/en\/wp-json\/wp\/v2\/product_brand?post=40235"},{"taxonomy":"product_cat","embeddable":true,"href":"https:\/\/sakt.ee\/en\/wp-json\/wp\/v2\/product_cat?post=40235"},{"taxonomy":"product_tag","embeddable":true,"href":"https:\/\/sakt.ee\/en\/wp-json\/wp\/v2\/product_tag?post=40235"},{"taxonomy":"manufacturers","embeddable":true,"href":"https:\/\/sakt.ee\/en\/wp-json\/wp\/v2\/manufacturers?post=40235"}],"curies":[{"name":"wp","href":"https:\/\/api.w.org\/{rel}","templated":true}]}}