{"id":40064,"date":"2025-05-17T07:16:34","date_gmt":"2025-05-17T07:16:34","guid":{"rendered":"https:\/\/sakt.ee\/product\/quick-connector-5pin-male-content-10a\/"},"modified":"2025-11-20T23:29:37","modified_gmt":"2025-11-20T20:29:37","slug":"quick-connector-5pin-male-content-10a","status":"publish","type":"product","link":"https:\/\/sakt.ee\/en\/pood\/process-sensors\/accessories-for-sensors\/plugs\/quick-connector-5pin-male-content-10a\/","title":{"rendered":"Quick connector; 5PIN; male; content; 10A"},"content":{"rendered":"","protected":false},"excerpt":{"rendered":"<p>NOTE: The male content is universal and can be used in both the female and the male case!<br \/>\nHARTING E-CATALOGUE<\/p>\n","protected":false},"featured_media":33365,"template":"","meta":{"_acf_changed":false},"product_brand":[],"product_cat":[3759],"product_tag":[],"manufacturers":[7820],"class_list":{"0":"post-40064","1":"product","2":"type-product","3":"status-publish","4":"has-post-thumbnail","6":"product_cat-plugs","7":"pa_klemmi-ristloige-075-15mm-en","8":"pa_materjal-polycarbonate","9":"pa_nimivool-10a-en","10":"pa_pistiku-tuup-male","11":"pa_pooluste-arv-5pin-en","12":"pa_seeria-han-a-en","13":"pa_toode-quick-connector","14":"pa_tootemperatuur-40-125c-en","15":"pa_tootja-harting","16":"pa_varv-hall-en","17":"manufacturers-harting-en","19":"first","20":"instock","21":"taxable","22":"shipping-taxable","23":"purchasable","24":"product-type-simple"},"acf":[],"yoast_head":"<!-- This site is optimized with the Yoast SEO Premium plugin v25.4 (Yoast SEO v25.4) - https:\/\/yoast.com\/wordpress\/plugins\/seo\/ -->\n<title>Quick connector; 5PIN; male; content; 10A - Sakala T\u00f6\u00f6stusautomaatika O\u00dc<\/title>\n<meta name=\"robots\" content=\"index, follow, max-snippet:-1, max-image-preview:large, max-video-preview:-1\" \/>\n<link rel=\"canonical\" href=\"https:\/\/sakt.ee\/en\/pood\/andurid\/lisatarvikud-anduritele\/pistikud\/quick-connector-5pin-male-content-10a\/\" \/>\n<meta property=\"og:locale\" content=\"en_US\" \/>\n<meta property=\"og:type\" content=\"article\" \/>\n<meta property=\"og:title\" content=\"Quick connector; 5PIN; male; content; 10A\" \/>\n<meta property=\"og:description\" content=\"NOTE: The male content is universal and can be used in both the female and the male case! HARTING E-CATALOGUE\" \/>\n<meta property=\"og:url\" content=\"https:\/\/sakt.ee\/en\/pood\/andurid\/lisatarvikud-anduritele\/pistikud\/quick-connector-5pin-male-content-10a\/\" \/>\n<meta property=\"og:site_name\" content=\"Sakala T\u00f6\u00f6stusautomaatika O\u00dc\" \/>\n<meta property=\"article:modified_time\" content=\"2025-11-20T20:29:37+00:00\" \/>\n<meta property=\"og:image\" content=\"https:\/\/sakt.ee\/wp-content\/uploads\/2025\/05\/6391.jpg\" \/>\n\t<meta property=\"og:image:width\" content=\"252\" \/>\n\t<meta property=\"og:image:height\" content=\"300\" \/>\n\t<meta property=\"og:image:type\" content=\"image\/jpeg\" \/>\n<meta name=\"twitter:card\" content=\"summary_large_image\" \/>\n<meta name=\"twitter:label1\" content=\"Price\" \/>\n\t<meta name=\"twitter:data1\" content=\"8,40&euro; +VAT\" \/>\n\t<meta name=\"twitter:label2\" content=\"Availability\" \/>\n\t<meta name=\"twitter:data2\" content=\"In stock\" \/>\n<script type=\"application\/ld+json\" class=\"yoast-schema-graph\">{\"@context\":\"https:\/\/schema.org\",\"@graph\":[{\"@type\":\"WebPage\",\"@id\":\"https:\/\/sakt.ee\/en\/pood\/andurid\/lisatarvikud-anduritele\/pistikud\/quick-connector-5pin-male-content-10a\/\",\"url\":\"https:\/\/sakt.ee\/en\/pood\/andurid\/lisatarvikud-anduritele\/pistikud\/quick-connector-5pin-male-content-10a\/\",\"name\":\"Quick connector; 5PIN; male; content; 10A - Sakala T\u00f6\u00f6stusautomaatika O\u00dc\",\"isPartOf\":{\"@id\":\"https:\/\/sakt.ee\/en\/#website\"},\"primaryImageOfPage\":{\"@id\":\"https:\/\/sakt.ee\/en\/pood\/andurid\/lisatarvikud-anduritele\/pistikud\/quick-connector-5pin-male-content-10a\/#primaryimage\"},\"image\":{\"@id\":\"https:\/\/sakt.ee\/en\/pood\/andurid\/lisatarvikud-anduritele\/pistikud\/quick-connector-5pin-male-content-10a\/#primaryimage\"},\"thumbnailUrl\":\"https:\/\/sakt.ee\/wp-content\/uploads\/2025\/05\/6391.jpg\",\"datePublished\":\"2025-05-17T07:16:34+00:00\",\"dateModified\":\"2025-11-20T20:29:37+00:00\",\"breadcrumb\":{\"@id\":\"https:\/\/sakt.ee\/en\/pood\/andurid\/lisatarvikud-anduritele\/pistikud\/quick-connector-5pin-male-content-10a\/#breadcrumb\"},\"inLanguage\":\"en-US\",\"potentialAction\":[{\"@type\":\"ReadAction\",\"target\":[\"https:\/\/sakt.ee\/en\/pood\/andurid\/lisatarvikud-anduritele\/pistikud\/quick-connector-5pin-male-content-10a\/\"]}]},{\"@type\":\"ImageObject\",\"inLanguage\":\"en-US\",\"@id\":\"https:\/\/sakt.ee\/en\/pood\/andurid\/lisatarvikud-anduritele\/pistikud\/quick-connector-5pin-male-content-10a\/#primaryimage\",\"url\":\"https:\/\/sakt.ee\/wp-content\/uploads\/2025\/05\/6391.jpg\",\"contentUrl\":\"https:\/\/sakt.ee\/wp-content\/uploads\/2025\/05\/6391.jpg\",\"width\":252,\"height\":300},{\"@type\":\"BreadcrumbList\",\"@id\":\"https:\/\/sakt.ee\/en\/pood\/andurid\/lisatarvikud-anduritele\/pistikud\/quick-connector-5pin-male-content-10a\/#breadcrumb\",\"itemListElement\":[{\"@type\":\"ListItem\",\"position\":1,\"name\":\"Home\",\"item\":\"https:\/\/sakt.ee\/\"},{\"@type\":\"ListItem\",\"position\":2,\"name\":\"Shop\",\"item\":\"https:\/\/sakt.ee\/en\/shop\/\"},{\"@type\":\"ListItem\",\"position\":3,\"name\":\"Quick connector; 5PIN; male; content; 10A\"}]},{\"@type\":\"WebSite\",\"@id\":\"https:\/\/sakt.ee\/en\/#website\",\"url\":\"https:\/\/sakt.ee\/en\/\",\"name\":\"Sakala T\u00f6\u00f6stusautomaatika O\u00dc\",\"description\":\"T\u00f6\u00f6stusautomaatika e-pood\",\"publisher\":{\"@id\":\"https:\/\/sakt.ee\/en\/#organization\"},\"potentialAction\":[{\"@type\":\"SearchAction\",\"target\":{\"@type\":\"EntryPoint\",\"urlTemplate\":\"https:\/\/sakt.ee\/en\/?s={search_term_string}\"},\"query-input\":{\"@type\":\"PropertyValueSpecification\",\"valueRequired\":true,\"valueName\":\"search_term_string\"}}],\"inLanguage\":\"en-US\"},{\"@type\":\"Organization\",\"@id\":\"https:\/\/sakt.ee\/en\/#organization\",\"name\":\"Sakala T\u00f6\u00f6stusautomaatika O\u00dc\",\"url\":\"https:\/\/sakt.ee\/en\/\",\"logo\":{\"@type\":\"ImageObject\",\"inLanguage\":\"en-US\",\"@id\":\"https:\/\/sakt.ee\/en\/#\/schema\/logo\/image\/\",\"url\":\"https:\/\/sakt.ee\/wp-content\/uploads\/2025\/05\/Sakala-Toostusautomaatika-favicon.png\",\"contentUrl\":\"https:\/\/sakt.ee\/wp-content\/uploads\/2025\/05\/Sakala-Toostusautomaatika-favicon.png\",\"width\":500,\"height\":500,\"caption\":\"Sakala T\u00f6\u00f6stusautomaatika O\u00dc\"},\"image\":{\"@id\":\"https:\/\/sakt.ee\/en\/#\/schema\/logo\/image\/\"}}]}<\/script>\n<meta property=\"product:price:amount\" content=\"8.40\" \/>\n<meta property=\"product:price:currency\" content=\"EUR\" \/>\n<meta property=\"og:availability\" content=\"instock\" \/>\n<meta property=\"product:availability\" content=\"instock\" \/>\n<meta property=\"product:retailer_item_id\" content=\"09200042611\" \/>\n<meta property=\"product:condition\" content=\"new\" \/>\n<!-- \/ Yoast SEO Premium plugin. -->","yoast_head_json":{"title":"Quick connector; 5PIN; male; content; 10A - Sakala T\u00f6\u00f6stusautomaatika O\u00dc","robots":{"index":"index","follow":"follow","max-snippet":"max-snippet:-1","max-image-preview":"max-image-preview:large","max-video-preview":"max-video-preview:-1"},"canonical":"https:\/\/sakt.ee\/en\/pood\/andurid\/lisatarvikud-anduritele\/pistikud\/quick-connector-5pin-male-content-10a\/","og_locale":"en_US","og_type":"article","og_title":"Quick connector; 5PIN; male; content; 10A","og_description":"NOTE: The male content is universal and can be used in both the female and the male case! HARTING E-CATALOGUE","og_url":"https:\/\/sakt.ee\/en\/pood\/andurid\/lisatarvikud-anduritele\/pistikud\/quick-connector-5pin-male-content-10a\/","og_site_name":"Sakala T\u00f6\u00f6stusautomaatika O\u00dc","article_modified_time":"2025-11-20T20:29:37+00:00","og_image":[{"width":252,"height":300,"url":"https:\/\/sakt.ee\/wp-content\/uploads\/2025\/05\/6391.jpg","type":"image\/jpeg"}],"twitter_card":"summary_large_image","twitter_misc":{"Price":"8,40&euro; +VAT","Availability":"In stock"},"schema":{"@context":"https:\/\/schema.org","@graph":[{"@type":"WebPage","@id":"https:\/\/sakt.ee\/en\/pood\/andurid\/lisatarvikud-anduritele\/pistikud\/quick-connector-5pin-male-content-10a\/","url":"https:\/\/sakt.ee\/en\/pood\/andurid\/lisatarvikud-anduritele\/pistikud\/quick-connector-5pin-male-content-10a\/","name":"Quick connector; 5PIN; male; content; 10A - Sakala T\u00f6\u00f6stusautomaatika O\u00dc","isPartOf":{"@id":"https:\/\/sakt.ee\/en\/#website"},"primaryImageOfPage":{"@id":"https:\/\/sakt.ee\/en\/pood\/andurid\/lisatarvikud-anduritele\/pistikud\/quick-connector-5pin-male-content-10a\/#primaryimage"},"image":{"@id":"https:\/\/sakt.ee\/en\/pood\/andurid\/lisatarvikud-anduritele\/pistikud\/quick-connector-5pin-male-content-10a\/#primaryimage"},"thumbnailUrl":"https:\/\/sakt.ee\/wp-content\/uploads\/2025\/05\/6391.jpg","datePublished":"2025-05-17T07:16:34+00:00","dateModified":"2025-11-20T20:29:37+00:00","breadcrumb":{"@id":"https:\/\/sakt.ee\/en\/pood\/andurid\/lisatarvikud-anduritele\/pistikud\/quick-connector-5pin-male-content-10a\/#breadcrumb"},"inLanguage":"en-US","potentialAction":[{"@type":"ReadAction","target":["https:\/\/sakt.ee\/en\/pood\/andurid\/lisatarvikud-anduritele\/pistikud\/quick-connector-5pin-male-content-10a\/"]}]},{"@type":"ImageObject","inLanguage":"en-US","@id":"https:\/\/sakt.ee\/en\/pood\/andurid\/lisatarvikud-anduritele\/pistikud\/quick-connector-5pin-male-content-10a\/#primaryimage","url":"https:\/\/sakt.ee\/wp-content\/uploads\/2025\/05\/6391.jpg","contentUrl":"https:\/\/sakt.ee\/wp-content\/uploads\/2025\/05\/6391.jpg","width":252,"height":300},{"@type":"BreadcrumbList","@id":"https:\/\/sakt.ee\/en\/pood\/andurid\/lisatarvikud-anduritele\/pistikud\/quick-connector-5pin-male-content-10a\/#breadcrumb","itemListElement":[{"@type":"ListItem","position":1,"name":"Home","item":"https:\/\/sakt.ee\/"},{"@type":"ListItem","position":2,"name":"Shop","item":"https:\/\/sakt.ee\/en\/shop\/"},{"@type":"ListItem","position":3,"name":"Quick connector; 5PIN; male; content; 10A"}]},{"@type":"WebSite","@id":"https:\/\/sakt.ee\/en\/#website","url":"https:\/\/sakt.ee\/en\/","name":"Sakala T\u00f6\u00f6stusautomaatika O\u00dc","description":"T\u00f6\u00f6stusautomaatika e-pood","publisher":{"@id":"https:\/\/sakt.ee\/en\/#organization"},"potentialAction":[{"@type":"SearchAction","target":{"@type":"EntryPoint","urlTemplate":"https:\/\/sakt.ee\/en\/?s={search_term_string}"},"query-input":{"@type":"PropertyValueSpecification","valueRequired":true,"valueName":"search_term_string"}}],"inLanguage":"en-US"},{"@type":"Organization","@id":"https:\/\/sakt.ee\/en\/#organization","name":"Sakala T\u00f6\u00f6stusautomaatika O\u00dc","url":"https:\/\/sakt.ee\/en\/","logo":{"@type":"ImageObject","inLanguage":"en-US","@id":"https:\/\/sakt.ee\/en\/#\/schema\/logo\/image\/","url":"https:\/\/sakt.ee\/wp-content\/uploads\/2025\/05\/Sakala-Toostusautomaatika-favicon.png","contentUrl":"https:\/\/sakt.ee\/wp-content\/uploads\/2025\/05\/Sakala-Toostusautomaatika-favicon.png","width":500,"height":500,"caption":"Sakala T\u00f6\u00f6stusautomaatika O\u00dc"},"image":{"@id":"https:\/\/sakt.ee\/en\/#\/schema\/logo\/image\/"}}]},"product_price_amount":"8.40","product_price_currency":"EUR","og_availability":"instock","product_availability":"instock","product_retailer_item_id":"09200042611","product_condition":"new"},"_links":{"self":[{"href":"https:\/\/sakt.ee\/en\/wp-json\/wp\/v2\/product\/40064","targetHints":{"allow":["GET"]}}],"collection":[{"href":"https:\/\/sakt.ee\/en\/wp-json\/wp\/v2\/product"}],"about":[{"href":"https:\/\/sakt.ee\/en\/wp-json\/wp\/v2\/types\/product"}],"version-history":[{"count":0,"href":"https:\/\/sakt.ee\/en\/wp-json\/wp\/v2\/product\/40064\/revisions"}],"wp:featuredmedia":[{"embeddable":true,"href":"https:\/\/sakt.ee\/en\/wp-json\/wp\/v2\/media\/33365"}],"wp:attachment":[{"href":"https:\/\/sakt.ee\/en\/wp-json\/wp\/v2\/media?parent=40064"}],"wp:term":[{"taxonomy":"product_brand","embeddable":true,"href":"https:\/\/sakt.ee\/en\/wp-json\/wp\/v2\/product_brand?post=40064"},{"taxonomy":"product_cat","embeddable":true,"href":"https:\/\/sakt.ee\/en\/wp-json\/wp\/v2\/product_cat?post=40064"},{"taxonomy":"product_tag","embeddable":true,"href":"https:\/\/sakt.ee\/en\/wp-json\/wp\/v2\/product_tag?post=40064"},{"taxonomy":"manufacturers","embeddable":true,"href":"https:\/\/sakt.ee\/en\/wp-json\/wp\/v2\/manufacturers?post=40064"}],"curies":[{"name":"wp","href":"https:\/\/api.w.org\/{rel}","templated":true}]}}