{"id":40053,"date":"2025-05-16T13:50:19","date_gmt":"2025-05-16T13:50:19","guid":{"rendered":"https:\/\/sakt.ee\/product\/quick-connect-connector-hole-cover-plate-16pin\/"},"modified":"2025-08-15T23:55:11","modified_gmt":"2025-08-15T20:55:11","slug":"quick-connect-connector-hole-cover-plate-16pin","status":"publish","type":"product","link":"https:\/\/sakt.ee\/en\/pood\/process-sensors\/accessories-for-sensors\/plugs\/quick-connect-connector-hole-cover-plate-16pin\/","title":{"rendered":"Quick connect connector hole cover plate; 16PIN"},"content":{"rendered":"","protected":false},"excerpt":{"rendered":"","protected":false},"featured_media":18186,"template":"","meta":{"_acf_changed":false},"product_brand":[],"product_cat":[3759],"product_tag":[],"manufacturers":[7982],"class_list":{"0":"post-40053","1":"product","2":"type-product","3":"status-publish","4":"has-post-thumbnail","6":"product_cat-plugs","7":"pa_kaitseklass-ip65-en","8":"pa_materjal-plastics","9":"pa_pistiku-tuup-female","10":"pa_pooluste-arv-16pin-en","11":"pa_toode-quick-connector","12":"pa_tootja-gewiss","13":"pa_varv-hall-en","14":"manufacturers-gewiss","16":"first","17":"instock","18":"taxable","19":"shipping-taxable","20":"purchasable","21":"product-type-simple"},"acf":[],"yoast_head":"<!-- This site is optimized with the Yoast SEO Premium plugin v25.4 (Yoast SEO v25.4) - https:\/\/yoast.com\/wordpress\/plugins\/seo\/ -->\n<title>Quick connect connector hole cover plate; 16PIN - Sakala T\u00f6\u00f6stusautomaatika O\u00dc<\/title>\n<meta name=\"robots\" content=\"index, follow, max-snippet:-1, max-image-preview:large, max-video-preview:-1\" \/>\n<link rel=\"canonical\" href=\"https:\/\/sakt.ee\/pood\/andurid\/lisatarvikud-anduritele\/pistikud\/kiiruhenduspistiku-ava-katteplaat-16pin\/\" \/>\n<meta property=\"og:locale\" content=\"en_US\" \/>\n<meta property=\"og:type\" content=\"article\" \/>\n<meta property=\"og:title\" content=\"Quick connect connector hole cover plate; 16PIN\" \/>\n<meta property=\"og:url\" content=\"https:\/\/sakt.ee\/pood\/andurid\/lisatarvikud-anduritele\/pistikud\/kiiruhenduspistiku-ava-katteplaat-16pin\/\" \/>\n<meta property=\"og:site_name\" content=\"Sakala T\u00f6\u00f6stusautomaatika O\u00dc\" \/>\n<meta property=\"article:modified_time\" content=\"2025-08-15T20:55:11+00:00\" \/>\n<meta property=\"og:image\" content=\"https:\/\/sakt.ee\/wp-content\/uploads\/2025\/05\/4730-scaled.jpg\" \/>\n\t<meta property=\"og:image:width\" content=\"2560\" \/>\n\t<meta property=\"og:image:height\" content=\"1975\" \/>\n\t<meta property=\"og:image:type\" content=\"image\/jpeg\" \/>\n<meta name=\"twitter:card\" content=\"summary_large_image\" \/>\n<meta name=\"twitter:label1\" content=\"Price\" \/>\n\t<meta name=\"twitter:data1\" content=\"2,40&euro; +VAT\" \/>\n\t<meta name=\"twitter:label2\" content=\"Availability\" \/>\n\t<meta name=\"twitter:data2\" content=\"In stock\" \/>\n<script type=\"application\/ld+json\" class=\"yoast-schema-graph\">{\"@context\":\"https:\/\/schema.org\",\"@graph\":[{\"@type\":\"WebPage\",\"@id\":\"https:\/\/sakt.ee\/pood\/andurid\/lisatarvikud-anduritele\/pistikud\/kiiruhenduspistiku-ava-katteplaat-16pin\/\",\"url\":\"https:\/\/sakt.ee\/pood\/andurid\/lisatarvikud-anduritele\/pistikud\/kiiruhenduspistiku-ava-katteplaat-16pin\/\",\"name\":\"Quick connect connector hole cover plate; 16PIN - Sakala T\u00f6\u00f6stusautomaatika O\u00dc\",\"isPartOf\":{\"@id\":\"https:\/\/sakt.ee\/en\/#website\"},\"primaryImageOfPage\":{\"@id\":\"https:\/\/sakt.ee\/pood\/andurid\/lisatarvikud-anduritele\/pistikud\/kiiruhenduspistiku-ava-katteplaat-16pin\/#primaryimage\"},\"image\":{\"@id\":\"https:\/\/sakt.ee\/pood\/andurid\/lisatarvikud-anduritele\/pistikud\/kiiruhenduspistiku-ava-katteplaat-16pin\/#primaryimage\"},\"thumbnailUrl\":\"https:\/\/sakt.ee\/wp-content\/uploads\/2025\/05\/4730-scaled.jpg\",\"datePublished\":\"2025-05-16T13:50:19+00:00\",\"dateModified\":\"2025-08-15T20:55:11+00:00\",\"breadcrumb\":{\"@id\":\"https:\/\/sakt.ee\/pood\/andurid\/lisatarvikud-anduritele\/pistikud\/kiiruhenduspistiku-ava-katteplaat-16pin\/#breadcrumb\"},\"inLanguage\":\"en-US\",\"potentialAction\":[{\"@type\":\"ReadAction\",\"target\":[\"https:\/\/sakt.ee\/pood\/andurid\/lisatarvikud-anduritele\/pistikud\/kiiruhenduspistiku-ava-katteplaat-16pin\/\"]}]},{\"@type\":\"ImageObject\",\"inLanguage\":\"en-US\",\"@id\":\"https:\/\/sakt.ee\/pood\/andurid\/lisatarvikud-anduritele\/pistikud\/kiiruhenduspistiku-ava-katteplaat-16pin\/#primaryimage\",\"url\":\"https:\/\/sakt.ee\/wp-content\/uploads\/2025\/05\/4730-scaled.jpg\",\"contentUrl\":\"https:\/\/sakt.ee\/wp-content\/uploads\/2025\/05\/4730-scaled.jpg\",\"width\":2560,\"height\":1975},{\"@type\":\"BreadcrumbList\",\"@id\":\"https:\/\/sakt.ee\/pood\/andurid\/lisatarvikud-anduritele\/pistikud\/kiiruhenduspistiku-ava-katteplaat-16pin\/#breadcrumb\",\"itemListElement\":[{\"@type\":\"ListItem\",\"position\":1,\"name\":\"Home\",\"item\":\"https:\/\/sakt.ee\/\"},{\"@type\":\"ListItem\",\"position\":2,\"name\":\"Shop\",\"item\":\"https:\/\/sakt.ee\/en\/shop\/\"},{\"@type\":\"ListItem\",\"position\":3,\"name\":\"Quick connect connector hole cover plate; 16PIN\"}]},{\"@type\":\"WebSite\",\"@id\":\"https:\/\/sakt.ee\/en\/#website\",\"url\":\"https:\/\/sakt.ee\/en\/\",\"name\":\"Sakala T\u00f6\u00f6stusautomaatika O\u00dc\",\"description\":\"T\u00f6\u00f6stusautomaatika e-pood\",\"publisher\":{\"@id\":\"https:\/\/sakt.ee\/en\/#organization\"},\"potentialAction\":[{\"@type\":\"SearchAction\",\"target\":{\"@type\":\"EntryPoint\",\"urlTemplate\":\"https:\/\/sakt.ee\/en\/?s={search_term_string}\"},\"query-input\":{\"@type\":\"PropertyValueSpecification\",\"valueRequired\":true,\"valueName\":\"search_term_string\"}}],\"inLanguage\":\"en-US\"},{\"@type\":\"Organization\",\"@id\":\"https:\/\/sakt.ee\/en\/#organization\",\"name\":\"Sakala T\u00f6\u00f6stusautomaatika O\u00dc\",\"url\":\"https:\/\/sakt.ee\/en\/\",\"logo\":{\"@type\":\"ImageObject\",\"inLanguage\":\"en-US\",\"@id\":\"https:\/\/sakt.ee\/en\/#\/schema\/logo\/image\/\",\"url\":\"https:\/\/sakt.ee\/wp-content\/uploads\/2025\/05\/Sakala-Toostusautomaatika-favicon.png\",\"contentUrl\":\"https:\/\/sakt.ee\/wp-content\/uploads\/2025\/05\/Sakala-Toostusautomaatika-favicon.png\",\"width\":500,\"height\":500,\"caption\":\"Sakala T\u00f6\u00f6stusautomaatika O\u00dc\"},\"image\":{\"@id\":\"https:\/\/sakt.ee\/en\/#\/schema\/logo\/image\/\"}}]}<\/script>\n<meta property=\"product:price:amount\" content=\"2.40\" \/>\n<meta property=\"product:price:currency\" content=\"EUR\" \/>\n<meta property=\"og:availability\" content=\"instock\" \/>\n<meta property=\"product:availability\" content=\"instock\" \/>\n<meta property=\"product:retailer_item_id\" content=\"16PIN.KATE.E.M\" \/>\n<meta property=\"product:condition\" content=\"new\" \/>\n<!-- \/ Yoast SEO Premium plugin. -->","yoast_head_json":{"title":"Quick connect connector hole cover plate; 16PIN - Sakala T\u00f6\u00f6stusautomaatika O\u00dc","robots":{"index":"index","follow":"follow","max-snippet":"max-snippet:-1","max-image-preview":"max-image-preview:large","max-video-preview":"max-video-preview:-1"},"canonical":"https:\/\/sakt.ee\/pood\/andurid\/lisatarvikud-anduritele\/pistikud\/kiiruhenduspistiku-ava-katteplaat-16pin\/","og_locale":"en_US","og_type":"article","og_title":"Quick connect connector hole cover plate; 16PIN","og_url":"https:\/\/sakt.ee\/pood\/andurid\/lisatarvikud-anduritele\/pistikud\/kiiruhenduspistiku-ava-katteplaat-16pin\/","og_site_name":"Sakala T\u00f6\u00f6stusautomaatika O\u00dc","article_modified_time":"2025-08-15T20:55:11+00:00","og_image":[{"width":2560,"height":1975,"url":"https:\/\/sakt.ee\/wp-content\/uploads\/2025\/05\/4730-scaled.jpg","type":"image\/jpeg"}],"twitter_card":"summary_large_image","twitter_misc":{"Price":"2,40&euro; +VAT","Availability":"In stock"},"schema":{"@context":"https:\/\/schema.org","@graph":[{"@type":"WebPage","@id":"https:\/\/sakt.ee\/pood\/andurid\/lisatarvikud-anduritele\/pistikud\/kiiruhenduspistiku-ava-katteplaat-16pin\/","url":"https:\/\/sakt.ee\/pood\/andurid\/lisatarvikud-anduritele\/pistikud\/kiiruhenduspistiku-ava-katteplaat-16pin\/","name":"Quick connect connector hole cover plate; 16PIN - Sakala T\u00f6\u00f6stusautomaatika O\u00dc","isPartOf":{"@id":"https:\/\/sakt.ee\/en\/#website"},"primaryImageOfPage":{"@id":"https:\/\/sakt.ee\/pood\/andurid\/lisatarvikud-anduritele\/pistikud\/kiiruhenduspistiku-ava-katteplaat-16pin\/#primaryimage"},"image":{"@id":"https:\/\/sakt.ee\/pood\/andurid\/lisatarvikud-anduritele\/pistikud\/kiiruhenduspistiku-ava-katteplaat-16pin\/#primaryimage"},"thumbnailUrl":"https:\/\/sakt.ee\/wp-content\/uploads\/2025\/05\/4730-scaled.jpg","datePublished":"2025-05-16T13:50:19+00:00","dateModified":"2025-08-15T20:55:11+00:00","breadcrumb":{"@id":"https:\/\/sakt.ee\/pood\/andurid\/lisatarvikud-anduritele\/pistikud\/kiiruhenduspistiku-ava-katteplaat-16pin\/#breadcrumb"},"inLanguage":"en-US","potentialAction":[{"@type":"ReadAction","target":["https:\/\/sakt.ee\/pood\/andurid\/lisatarvikud-anduritele\/pistikud\/kiiruhenduspistiku-ava-katteplaat-16pin\/"]}]},{"@type":"ImageObject","inLanguage":"en-US","@id":"https:\/\/sakt.ee\/pood\/andurid\/lisatarvikud-anduritele\/pistikud\/kiiruhenduspistiku-ava-katteplaat-16pin\/#primaryimage","url":"https:\/\/sakt.ee\/wp-content\/uploads\/2025\/05\/4730-scaled.jpg","contentUrl":"https:\/\/sakt.ee\/wp-content\/uploads\/2025\/05\/4730-scaled.jpg","width":2560,"height":1975},{"@type":"BreadcrumbList","@id":"https:\/\/sakt.ee\/pood\/andurid\/lisatarvikud-anduritele\/pistikud\/kiiruhenduspistiku-ava-katteplaat-16pin\/#breadcrumb","itemListElement":[{"@type":"ListItem","position":1,"name":"Home","item":"https:\/\/sakt.ee\/"},{"@type":"ListItem","position":2,"name":"Shop","item":"https:\/\/sakt.ee\/en\/shop\/"},{"@type":"ListItem","position":3,"name":"Quick connect connector hole cover plate; 16PIN"}]},{"@type":"WebSite","@id":"https:\/\/sakt.ee\/en\/#website","url":"https:\/\/sakt.ee\/en\/","name":"Sakala T\u00f6\u00f6stusautomaatika O\u00dc","description":"T\u00f6\u00f6stusautomaatika e-pood","publisher":{"@id":"https:\/\/sakt.ee\/en\/#organization"},"potentialAction":[{"@type":"SearchAction","target":{"@type":"EntryPoint","urlTemplate":"https:\/\/sakt.ee\/en\/?s={search_term_string}"},"query-input":{"@type":"PropertyValueSpecification","valueRequired":true,"valueName":"search_term_string"}}],"inLanguage":"en-US"},{"@type":"Organization","@id":"https:\/\/sakt.ee\/en\/#organization","name":"Sakala T\u00f6\u00f6stusautomaatika O\u00dc","url":"https:\/\/sakt.ee\/en\/","logo":{"@type":"ImageObject","inLanguage":"en-US","@id":"https:\/\/sakt.ee\/en\/#\/schema\/logo\/image\/","url":"https:\/\/sakt.ee\/wp-content\/uploads\/2025\/05\/Sakala-Toostusautomaatika-favicon.png","contentUrl":"https:\/\/sakt.ee\/wp-content\/uploads\/2025\/05\/Sakala-Toostusautomaatika-favicon.png","width":500,"height":500,"caption":"Sakala T\u00f6\u00f6stusautomaatika O\u00dc"},"image":{"@id":"https:\/\/sakt.ee\/en\/#\/schema\/logo\/image\/"}}]},"product_price_amount":"2.40","product_price_currency":"EUR","og_availability":"instock","product_availability":"instock","product_retailer_item_id":"16PIN.KATE.E.M","product_condition":"new"},"_links":{"self":[{"href":"https:\/\/sakt.ee\/en\/wp-json\/wp\/v2\/product\/40053","targetHints":{"allow":["GET"]}}],"collection":[{"href":"https:\/\/sakt.ee\/en\/wp-json\/wp\/v2\/product"}],"about":[{"href":"https:\/\/sakt.ee\/en\/wp-json\/wp\/v2\/types\/product"}],"version-history":[{"count":0,"href":"https:\/\/sakt.ee\/en\/wp-json\/wp\/v2\/product\/40053\/revisions"}],"wp:featuredmedia":[{"embeddable":true,"href":"https:\/\/sakt.ee\/en\/wp-json\/wp\/v2\/media\/18186"}],"wp:attachment":[{"href":"https:\/\/sakt.ee\/en\/wp-json\/wp\/v2\/media?parent=40053"}],"wp:term":[{"taxonomy":"product_brand","embeddable":true,"href":"https:\/\/sakt.ee\/en\/wp-json\/wp\/v2\/product_brand?post=40053"},{"taxonomy":"product_cat","embeddable":true,"href":"https:\/\/sakt.ee\/en\/wp-json\/wp\/v2\/product_cat?post=40053"},{"taxonomy":"product_tag","embeddable":true,"href":"https:\/\/sakt.ee\/en\/wp-json\/wp\/v2\/product_tag?post=40053"},{"taxonomy":"manufacturers","embeddable":true,"href":"https:\/\/sakt.ee\/en\/wp-json\/wp\/v2\/manufacturers?post=40053"}],"curies":[{"name":"wp","href":"https:\/\/api.w.org\/{rel}","templated":true}]}}