{"id":39966,"date":"2025-05-16T13:20:19","date_gmt":"2025-05-16T13:20:19","guid":{"rendered":"https:\/\/sakt.ee\/product\/ekuzr-plastic-box-elevating-frame-560x380x50mm\/"},"modified":"2025-08-16T02:09:45","modified_gmt":"2025-08-15T23:09:45","slug":"ekuzr-plastic-box-elevating-frame-560x380x50mm","status":"publish","type":"product","link":"https:\/\/sakt.ee\/en\/pood\/enclosures\/plastic-boxes\/ekuzr-plastic-box-elevating-frame-560x380x50mm\/","title":{"rendered":"EKUZR plastic box elevating frame; 560x380x50mm"},"content":{"rendered":"","protected":false},"excerpt":{"rendered":"<p>The wax frame is suitable for the PC\/ABS 5638 series.<\/p>\n","protected":false},"featured_media":17760,"template":"","meta":{"_acf_changed":false},"product_brand":[],"product_cat":[4102],"product_tag":[],"manufacturers":[7805],"class_list":{"0":"post-39966","1":"product","2":"type-product","3":"status-publish","4":"has-post-thumbnail","6":"product_cat-plastic-boxes","7":"pa_kaitseklass-ip66-67-en","8":"pa_korgus-560mm-en","9":"pa_laius-380mm-en","10":"pa_materjal-polycarbonate","11":"pa_paigaldus-above","12":"pa_sugavus-50mm-en","13":"pa_toode-elevation-frame","14":"pa_tootemperatuur-40-80c-en","15":"pa_tootja-fibox","16":"pa_varv-hall-en","17":"manufacturers-fibox-en","19":"first","20":"instock","21":"taxable","22":"shipping-taxable","23":"purchasable","24":"product-type-simple"},"acf":[],"yoast_head":"<!-- This site is optimized with the Yoast SEO Premium plugin v25.4 (Yoast SEO v25.4) - https:\/\/yoast.com\/wordpress\/plugins\/seo\/ -->\n<title>EKUZR plastic box elevating frame; 560x380x50mm - Sakala T\u00f6\u00f6stusautomaatika O\u00dc<\/title>\n<meta name=\"robots\" content=\"index, follow, max-snippet:-1, max-image-preview:large, max-video-preview:-1\" \/>\n<link rel=\"canonical\" href=\"https:\/\/sakt.ee\/pood\/karbid-ja-kilbid\/plastkarbid\/ekuzr-plastkarbi-korgendusraam-560x380x50mm-polukarbonaat-hall\/\" \/>\n<meta property=\"og:locale\" content=\"en_US\" \/>\n<meta property=\"og:type\" content=\"article\" \/>\n<meta property=\"og:title\" content=\"EKUZR plastic box elevating frame; 560x380x50mm\" \/>\n<meta property=\"og:description\" content=\"The wax frame is suitable for the PC\/ABS 5638 series.\" \/>\n<meta property=\"og:url\" content=\"https:\/\/sakt.ee\/pood\/karbid-ja-kilbid\/plastkarbid\/ekuzr-plastkarbi-korgendusraam-560x380x50mm-polukarbonaat-hall\/\" \/>\n<meta property=\"og:site_name\" content=\"Sakala T\u00f6\u00f6stusautomaatika O\u00dc\" \/>\n<meta property=\"article:modified_time\" content=\"2025-08-15T23:09:45+00:00\" \/>\n<meta property=\"og:image\" content=\"https:\/\/sakt.ee\/wp-content\/uploads\/2025\/05\/2072.jpg\" \/>\n\t<meta property=\"og:image:width\" content=\"1020\" \/>\n\t<meta property=\"og:image:height\" content=\"570\" \/>\n\t<meta property=\"og:image:type\" content=\"image\/jpeg\" \/>\n<meta name=\"twitter:card\" content=\"summary_large_image\" \/>\n<meta name=\"twitter:label1\" content=\"Price\" \/>\n\t<meta name=\"twitter:data1\" content=\"66,40&euro; +VAT\" \/>\n\t<meta name=\"twitter:label2\" content=\"Availability\" \/>\n\t<meta name=\"twitter:data2\" content=\"In stock\" \/>\n<script type=\"application\/ld+json\" class=\"yoast-schema-graph\">{\"@context\":\"https:\/\/schema.org\",\"@graph\":[{\"@type\":\"WebPage\",\"@id\":\"https:\/\/sakt.ee\/pood\/karbid-ja-kilbid\/plastkarbid\/ekuzr-plastkarbi-korgendusraam-560x380x50mm-polukarbonaat-hall\/\",\"url\":\"https:\/\/sakt.ee\/pood\/karbid-ja-kilbid\/plastkarbid\/ekuzr-plastkarbi-korgendusraam-560x380x50mm-polukarbonaat-hall\/\",\"name\":\"EKUZR plastic box elevating frame; 560x380x50mm - Sakala T\u00f6\u00f6stusautomaatika O\u00dc\",\"isPartOf\":{\"@id\":\"https:\/\/sakt.ee\/en\/#website\"},\"primaryImageOfPage\":{\"@id\":\"https:\/\/sakt.ee\/pood\/karbid-ja-kilbid\/plastkarbid\/ekuzr-plastkarbi-korgendusraam-560x380x50mm-polukarbonaat-hall\/#primaryimage\"},\"image\":{\"@id\":\"https:\/\/sakt.ee\/pood\/karbid-ja-kilbid\/plastkarbid\/ekuzr-plastkarbi-korgendusraam-560x380x50mm-polukarbonaat-hall\/#primaryimage\"},\"thumbnailUrl\":\"https:\/\/sakt.ee\/wp-content\/uploads\/2025\/05\/2072.jpg\",\"datePublished\":\"2025-05-16T13:20:19+00:00\",\"dateModified\":\"2025-08-15T23:09:45+00:00\",\"breadcrumb\":{\"@id\":\"https:\/\/sakt.ee\/pood\/karbid-ja-kilbid\/plastkarbid\/ekuzr-plastkarbi-korgendusraam-560x380x50mm-polukarbonaat-hall\/#breadcrumb\"},\"inLanguage\":\"en-US\",\"potentialAction\":[{\"@type\":\"ReadAction\",\"target\":[\"https:\/\/sakt.ee\/pood\/karbid-ja-kilbid\/plastkarbid\/ekuzr-plastkarbi-korgendusraam-560x380x50mm-polukarbonaat-hall\/\"]}]},{\"@type\":\"ImageObject\",\"inLanguage\":\"en-US\",\"@id\":\"https:\/\/sakt.ee\/pood\/karbid-ja-kilbid\/plastkarbid\/ekuzr-plastkarbi-korgendusraam-560x380x50mm-polukarbonaat-hall\/#primaryimage\",\"url\":\"https:\/\/sakt.ee\/wp-content\/uploads\/2025\/05\/2072.jpg\",\"contentUrl\":\"https:\/\/sakt.ee\/wp-content\/uploads\/2025\/05\/2072.jpg\",\"width\":1020,\"height\":570},{\"@type\":\"BreadcrumbList\",\"@id\":\"https:\/\/sakt.ee\/pood\/karbid-ja-kilbid\/plastkarbid\/ekuzr-plastkarbi-korgendusraam-560x380x50mm-polukarbonaat-hall\/#breadcrumb\",\"itemListElement\":[{\"@type\":\"ListItem\",\"position\":1,\"name\":\"Home\",\"item\":\"https:\/\/sakt.ee\/\"},{\"@type\":\"ListItem\",\"position\":2,\"name\":\"Shop\",\"item\":\"https:\/\/sakt.ee\/en\/shop\/\"},{\"@type\":\"ListItem\",\"position\":3,\"name\":\"EKUZR plastic box elevating frame; 560x380x50mm\"}]},{\"@type\":\"WebSite\",\"@id\":\"https:\/\/sakt.ee\/en\/#website\",\"url\":\"https:\/\/sakt.ee\/en\/\",\"name\":\"Sakala T\u00f6\u00f6stusautomaatika O\u00dc\",\"description\":\"T\u00f6\u00f6stusautomaatika e-pood\",\"publisher\":{\"@id\":\"https:\/\/sakt.ee\/en\/#organization\"},\"potentialAction\":[{\"@type\":\"SearchAction\",\"target\":{\"@type\":\"EntryPoint\",\"urlTemplate\":\"https:\/\/sakt.ee\/en\/?s={search_term_string}\"},\"query-input\":{\"@type\":\"PropertyValueSpecification\",\"valueRequired\":true,\"valueName\":\"search_term_string\"}}],\"inLanguage\":\"en-US\"},{\"@type\":\"Organization\",\"@id\":\"https:\/\/sakt.ee\/en\/#organization\",\"name\":\"Sakala T\u00f6\u00f6stusautomaatika O\u00dc\",\"url\":\"https:\/\/sakt.ee\/en\/\",\"logo\":{\"@type\":\"ImageObject\",\"inLanguage\":\"en-US\",\"@id\":\"https:\/\/sakt.ee\/en\/#\/schema\/logo\/image\/\",\"url\":\"https:\/\/sakt.ee\/wp-content\/uploads\/2025\/05\/Sakala-Toostusautomaatika-favicon.png\",\"contentUrl\":\"https:\/\/sakt.ee\/wp-content\/uploads\/2025\/05\/Sakala-Toostusautomaatika-favicon.png\",\"width\":500,\"height\":500,\"caption\":\"Sakala T\u00f6\u00f6stusautomaatika O\u00dc\"},\"image\":{\"@id\":\"https:\/\/sakt.ee\/en\/#\/schema\/logo\/image\/\"}}]}<\/script>\n<meta property=\"product:price:amount\" content=\"66.40\" \/>\n<meta property=\"product:price:currency\" content=\"EUR\" \/>\n<meta property=\"og:availability\" content=\"instock\" \/>\n<meta property=\"product:availability\" content=\"instock\" \/>\n<meta property=\"product:retailer_item_id\" content=\"3730323\" \/>\n<meta property=\"product:condition\" content=\"new\" \/>\n<!-- \/ Yoast SEO Premium plugin. -->","yoast_head_json":{"title":"EKUZR plastic box elevating frame; 560x380x50mm - Sakala T\u00f6\u00f6stusautomaatika O\u00dc","robots":{"index":"index","follow":"follow","max-snippet":"max-snippet:-1","max-image-preview":"max-image-preview:large","max-video-preview":"max-video-preview:-1"},"canonical":"https:\/\/sakt.ee\/pood\/karbid-ja-kilbid\/plastkarbid\/ekuzr-plastkarbi-korgendusraam-560x380x50mm-polukarbonaat-hall\/","og_locale":"en_US","og_type":"article","og_title":"EKUZR plastic box elevating frame; 560x380x50mm","og_description":"The wax frame is suitable for the PC\/ABS 5638 series.","og_url":"https:\/\/sakt.ee\/pood\/karbid-ja-kilbid\/plastkarbid\/ekuzr-plastkarbi-korgendusraam-560x380x50mm-polukarbonaat-hall\/","og_site_name":"Sakala T\u00f6\u00f6stusautomaatika O\u00dc","article_modified_time":"2025-08-15T23:09:45+00:00","og_image":[{"width":1020,"height":570,"url":"https:\/\/sakt.ee\/wp-content\/uploads\/2025\/05\/2072.jpg","type":"image\/jpeg"}],"twitter_card":"summary_large_image","twitter_misc":{"Price":"66,40&euro; +VAT","Availability":"In stock"},"schema":{"@context":"https:\/\/schema.org","@graph":[{"@type":"WebPage","@id":"https:\/\/sakt.ee\/pood\/karbid-ja-kilbid\/plastkarbid\/ekuzr-plastkarbi-korgendusraam-560x380x50mm-polukarbonaat-hall\/","url":"https:\/\/sakt.ee\/pood\/karbid-ja-kilbid\/plastkarbid\/ekuzr-plastkarbi-korgendusraam-560x380x50mm-polukarbonaat-hall\/","name":"EKUZR plastic box elevating frame; 560x380x50mm - Sakala T\u00f6\u00f6stusautomaatika O\u00dc","isPartOf":{"@id":"https:\/\/sakt.ee\/en\/#website"},"primaryImageOfPage":{"@id":"https:\/\/sakt.ee\/pood\/karbid-ja-kilbid\/plastkarbid\/ekuzr-plastkarbi-korgendusraam-560x380x50mm-polukarbonaat-hall\/#primaryimage"},"image":{"@id":"https:\/\/sakt.ee\/pood\/karbid-ja-kilbid\/plastkarbid\/ekuzr-plastkarbi-korgendusraam-560x380x50mm-polukarbonaat-hall\/#primaryimage"},"thumbnailUrl":"https:\/\/sakt.ee\/wp-content\/uploads\/2025\/05\/2072.jpg","datePublished":"2025-05-16T13:20:19+00:00","dateModified":"2025-08-15T23:09:45+00:00","breadcrumb":{"@id":"https:\/\/sakt.ee\/pood\/karbid-ja-kilbid\/plastkarbid\/ekuzr-plastkarbi-korgendusraam-560x380x50mm-polukarbonaat-hall\/#breadcrumb"},"inLanguage":"en-US","potentialAction":[{"@type":"ReadAction","target":["https:\/\/sakt.ee\/pood\/karbid-ja-kilbid\/plastkarbid\/ekuzr-plastkarbi-korgendusraam-560x380x50mm-polukarbonaat-hall\/"]}]},{"@type":"ImageObject","inLanguage":"en-US","@id":"https:\/\/sakt.ee\/pood\/karbid-ja-kilbid\/plastkarbid\/ekuzr-plastkarbi-korgendusraam-560x380x50mm-polukarbonaat-hall\/#primaryimage","url":"https:\/\/sakt.ee\/wp-content\/uploads\/2025\/05\/2072.jpg","contentUrl":"https:\/\/sakt.ee\/wp-content\/uploads\/2025\/05\/2072.jpg","width":1020,"height":570},{"@type":"BreadcrumbList","@id":"https:\/\/sakt.ee\/pood\/karbid-ja-kilbid\/plastkarbid\/ekuzr-plastkarbi-korgendusraam-560x380x50mm-polukarbonaat-hall\/#breadcrumb","itemListElement":[{"@type":"ListItem","position":1,"name":"Home","item":"https:\/\/sakt.ee\/"},{"@type":"ListItem","position":2,"name":"Shop","item":"https:\/\/sakt.ee\/en\/shop\/"},{"@type":"ListItem","position":3,"name":"EKUZR plastic box elevating frame; 560x380x50mm"}]},{"@type":"WebSite","@id":"https:\/\/sakt.ee\/en\/#website","url":"https:\/\/sakt.ee\/en\/","name":"Sakala T\u00f6\u00f6stusautomaatika O\u00dc","description":"T\u00f6\u00f6stusautomaatika e-pood","publisher":{"@id":"https:\/\/sakt.ee\/en\/#organization"},"potentialAction":[{"@type":"SearchAction","target":{"@type":"EntryPoint","urlTemplate":"https:\/\/sakt.ee\/en\/?s={search_term_string}"},"query-input":{"@type":"PropertyValueSpecification","valueRequired":true,"valueName":"search_term_string"}}],"inLanguage":"en-US"},{"@type":"Organization","@id":"https:\/\/sakt.ee\/en\/#organization","name":"Sakala T\u00f6\u00f6stusautomaatika O\u00dc","url":"https:\/\/sakt.ee\/en\/","logo":{"@type":"ImageObject","inLanguage":"en-US","@id":"https:\/\/sakt.ee\/en\/#\/schema\/logo\/image\/","url":"https:\/\/sakt.ee\/wp-content\/uploads\/2025\/05\/Sakala-Toostusautomaatika-favicon.png","contentUrl":"https:\/\/sakt.ee\/wp-content\/uploads\/2025\/05\/Sakala-Toostusautomaatika-favicon.png","width":500,"height":500,"caption":"Sakala T\u00f6\u00f6stusautomaatika O\u00dc"},"image":{"@id":"https:\/\/sakt.ee\/en\/#\/schema\/logo\/image\/"}}]},"product_price_amount":"66.40","product_price_currency":"EUR","og_availability":"instock","product_availability":"instock","product_retailer_item_id":"3730323","product_condition":"new"},"_links":{"self":[{"href":"https:\/\/sakt.ee\/en\/wp-json\/wp\/v2\/product\/39966","targetHints":{"allow":["GET"]}}],"collection":[{"href":"https:\/\/sakt.ee\/en\/wp-json\/wp\/v2\/product"}],"about":[{"href":"https:\/\/sakt.ee\/en\/wp-json\/wp\/v2\/types\/product"}],"version-history":[{"count":0,"href":"https:\/\/sakt.ee\/en\/wp-json\/wp\/v2\/product\/39966\/revisions"}],"wp:featuredmedia":[{"embeddable":true,"href":"https:\/\/sakt.ee\/en\/wp-json\/wp\/v2\/media\/17760"}],"wp:attachment":[{"href":"https:\/\/sakt.ee\/en\/wp-json\/wp\/v2\/media?parent=39966"}],"wp:term":[{"taxonomy":"product_brand","embeddable":true,"href":"https:\/\/sakt.ee\/en\/wp-json\/wp\/v2\/product_brand?post=39966"},{"taxonomy":"product_cat","embeddable":true,"href":"https:\/\/sakt.ee\/en\/wp-json\/wp\/v2\/product_cat?post=39966"},{"taxonomy":"product_tag","embeddable":true,"href":"https:\/\/sakt.ee\/en\/wp-json\/wp\/v2\/product_tag?post=39966"},{"taxonomy":"manufacturers","embeddable":true,"href":"https:\/\/sakt.ee\/en\/wp-json\/wp\/v2\/manufacturers?post=39966"}],"curies":[{"name":"wp","href":"https:\/\/api.w.org\/{rel}","templated":true}]}}