{"id":39934,"date":"2025-05-16T17:47:45","date_gmt":"2025-05-16T17:47:45","guid":{"rendered":"https:\/\/sakt.ee\/product\/metal-carrier-with-one-plastic-roller-for-rope-max-o18mm-for-cable\/"},"modified":"2025-07-28T19:52:13","modified_gmt":"2025-07-28T16:52:13","slug":"metal-carrier-with-one-plastic-roller-for-rope-max-o18mm-for-cable","status":"publish","type":"product","link":"https:\/\/sakt.ee\/en\/pood\/remote-controls\/pendant-stations\/trolleys\/metal-carrier-with-one-plastic-roller-for-rope-max-o18mm-for-cable\/","title":{"rendered":"Metal carrier; with one plastic roller; for rope; max \u00d818mm for cable"},"content":{"rendered":"","protected":false},"excerpt":{"rendered":"<p>For round cable. Max diameter 18 mm <\/p>\n","protected":false},"featured_media":21788,"template":"","meta":{"_acf_changed":false},"product_brand":[],"product_cat":[3889],"product_tag":[],"manufacturers":[7823],"class_list":{"0":"post-39934","1":"product","2":"type-product","3":"status-publish","4":"has-post-thumbnail","6":"product_cat-trolleys","7":"pa_labimoot-18mm-en","8":"pa_materjal-metal","9":"pa_toode-kandur-en","10":"pa_tootja-giovenzana","11":"manufacturers-giovenzana-en","13":"first","14":"instock","15":"taxable","16":"shipping-taxable","17":"purchasable","18":"product-type-simple"},"acf":[],"yoast_head":"<!-- This site is optimized with the Yoast SEO Premium plugin v25.4 (Yoast SEO v25.4) - https:\/\/yoast.com\/wordpress\/plugins\/seo\/ -->\n<title>Metal carrier; with one plastic roller; for rope; max \u00d818mm for cable - Sakala T\u00f6\u00f6stusautomaatika O\u00dc<\/title>\n<meta name=\"robots\" content=\"index, follow, max-snippet:-1, max-image-preview:large, max-video-preview:-1\" \/>\n<link rel=\"canonical\" href=\"https:\/\/sakt.ee\/en\/pood\/remote-controls\/pendant-stations\/trolleys\/metal-carrier-with-one-plastic-roller-for-rope-max-o18mm-for-cable\/\" \/>\n<meta property=\"og:locale\" content=\"en_US\" \/>\n<meta property=\"og:type\" content=\"article\" \/>\n<meta property=\"og:title\" content=\"Metal carrier; with one plastic roller; for rope; max \u00d818mm for cable\" \/>\n<meta property=\"og:description\" content=\"For round cable. Max diameter 18 mm\" \/>\n<meta property=\"og:url\" content=\"https:\/\/sakt.ee\/en\/pood\/remote-controls\/pendant-stations\/trolleys\/metal-carrier-with-one-plastic-roller-for-rope-max-o18mm-for-cable\/\" \/>\n<meta property=\"og:site_name\" content=\"Sakala T\u00f6\u00f6stusautomaatika O\u00dc\" \/>\n<meta property=\"article:modified_time\" content=\"2025-07-28T16:52:13+00:00\" \/>\n<meta property=\"og:image\" content=\"https:\/\/sakt.ee\/wp-content\/uploads\/2025\/05\/5333.jpg\" \/>\n\t<meta property=\"og:image:width\" content=\"900\" \/>\n\t<meta property=\"og:image:height\" content=\"900\" \/>\n\t<meta property=\"og:image:type\" content=\"image\/jpeg\" \/>\n<meta name=\"twitter:card\" content=\"summary_large_image\" \/>\n<meta name=\"twitter:label1\" content=\"Price\" \/>\n\t<meta name=\"twitter:data1\" content=\"11,15&euro; +VAT\" \/>\n\t<meta name=\"twitter:label2\" content=\"Availability\" \/>\n\t<meta name=\"twitter:data2\" content=\"In stock\" \/>\n<script type=\"application\/ld+json\" class=\"yoast-schema-graph\">{\"@context\":\"https:\/\/schema.org\",\"@graph\":[{\"@type\":\"WebPage\",\"@id\":\"https:\/\/sakt.ee\/en\/pood\/remote-controls\/pendant-stations\/trolleys\/metal-carrier-with-one-plastic-roller-for-rope-max-o18mm-for-cable\/\",\"url\":\"https:\/\/sakt.ee\/en\/pood\/remote-controls\/pendant-stations\/trolleys\/metal-carrier-with-one-plastic-roller-for-rope-max-o18mm-for-cable\/\",\"name\":\"Metal carrier; with one plastic roller; for rope; max \u00d818mm for cable - Sakala T\u00f6\u00f6stusautomaatika O\u00dc\",\"isPartOf\":{\"@id\":\"https:\/\/sakt.ee\/en\/#website\"},\"primaryImageOfPage\":{\"@id\":\"https:\/\/sakt.ee\/en\/pood\/remote-controls\/pendant-stations\/trolleys\/metal-carrier-with-one-plastic-roller-for-rope-max-o18mm-for-cable\/#primaryimage\"},\"image\":{\"@id\":\"https:\/\/sakt.ee\/en\/pood\/remote-controls\/pendant-stations\/trolleys\/metal-carrier-with-one-plastic-roller-for-rope-max-o18mm-for-cable\/#primaryimage\"},\"thumbnailUrl\":\"https:\/\/sakt.ee\/wp-content\/uploads\/2025\/05\/5333.jpg\",\"datePublished\":\"2025-05-16T17:47:45+00:00\",\"dateModified\":\"2025-07-28T16:52:13+00:00\",\"breadcrumb\":{\"@id\":\"https:\/\/sakt.ee\/en\/pood\/remote-controls\/pendant-stations\/trolleys\/metal-carrier-with-one-plastic-roller-for-rope-max-o18mm-for-cable\/#breadcrumb\"},\"inLanguage\":\"en-US\",\"potentialAction\":[{\"@type\":\"ReadAction\",\"target\":[\"https:\/\/sakt.ee\/en\/pood\/remote-controls\/pendant-stations\/trolleys\/metal-carrier-with-one-plastic-roller-for-rope-max-o18mm-for-cable\/\"]}]},{\"@type\":\"ImageObject\",\"inLanguage\":\"en-US\",\"@id\":\"https:\/\/sakt.ee\/en\/pood\/remote-controls\/pendant-stations\/trolleys\/metal-carrier-with-one-plastic-roller-for-rope-max-o18mm-for-cable\/#primaryimage\",\"url\":\"https:\/\/sakt.ee\/wp-content\/uploads\/2025\/05\/5333.jpg\",\"contentUrl\":\"https:\/\/sakt.ee\/wp-content\/uploads\/2025\/05\/5333.jpg\",\"width\":900,\"height\":900},{\"@type\":\"BreadcrumbList\",\"@id\":\"https:\/\/sakt.ee\/en\/pood\/remote-controls\/pendant-stations\/trolleys\/metal-carrier-with-one-plastic-roller-for-rope-max-o18mm-for-cable\/#breadcrumb\",\"itemListElement\":[{\"@type\":\"ListItem\",\"position\":1,\"name\":\"Home\",\"item\":\"https:\/\/sakt.ee\/\"},{\"@type\":\"ListItem\",\"position\":2,\"name\":\"Shop\",\"item\":\"https:\/\/sakt.ee\/en\/shop\/\"},{\"@type\":\"ListItem\",\"position\":3,\"name\":\"Metal carrier; with one plastic roller; for rope; max \u00d818mm for cable\"}]},{\"@type\":\"WebSite\",\"@id\":\"https:\/\/sakt.ee\/en\/#website\",\"url\":\"https:\/\/sakt.ee\/en\/\",\"name\":\"Sakala T\u00f6\u00f6stusautomaatika O\u00dc\",\"description\":\"T\u00f6\u00f6stusautomaatika e-pood\",\"publisher\":{\"@id\":\"https:\/\/sakt.ee\/en\/#organization\"},\"potentialAction\":[{\"@type\":\"SearchAction\",\"target\":{\"@type\":\"EntryPoint\",\"urlTemplate\":\"https:\/\/sakt.ee\/en\/?s={search_term_string}\"},\"query-input\":{\"@type\":\"PropertyValueSpecification\",\"valueRequired\":true,\"valueName\":\"search_term_string\"}}],\"inLanguage\":\"en-US\"},{\"@type\":\"Organization\",\"@id\":\"https:\/\/sakt.ee\/en\/#organization\",\"name\":\"Sakala T\u00f6\u00f6stusautomaatika O\u00dc\",\"url\":\"https:\/\/sakt.ee\/en\/\",\"logo\":{\"@type\":\"ImageObject\",\"inLanguage\":\"en-US\",\"@id\":\"https:\/\/sakt.ee\/en\/#\/schema\/logo\/image\/\",\"url\":\"https:\/\/sakt.ee\/wp-content\/uploads\/2025\/05\/Sakala-Toostusautomaatika-favicon.png\",\"contentUrl\":\"https:\/\/sakt.ee\/wp-content\/uploads\/2025\/05\/Sakala-Toostusautomaatika-favicon.png\",\"width\":500,\"height\":500,\"caption\":\"Sakala T\u00f6\u00f6stusautomaatika O\u00dc\"},\"image\":{\"@id\":\"https:\/\/sakt.ee\/en\/#\/schema\/logo\/image\/\"}}]}<\/script>\n<meta property=\"product:price:amount\" content=\"11.15\" \/>\n<meta property=\"product:price:currency\" content=\"EUR\" \/>\n<meta property=\"og:availability\" content=\"instock\" \/>\n<meta property=\"product:availability\" content=\"instock\" \/>\n<meta property=\"product:retailer_item_id\" content=\"30604007\" \/>\n<meta property=\"product:condition\" content=\"new\" \/>\n<!-- \/ Yoast SEO Premium plugin. -->","yoast_head_json":{"title":"Metal carrier; with one plastic roller; for rope; max \u00d818mm for cable - Sakala T\u00f6\u00f6stusautomaatika O\u00dc","robots":{"index":"index","follow":"follow","max-snippet":"max-snippet:-1","max-image-preview":"max-image-preview:large","max-video-preview":"max-video-preview:-1"},"canonical":"https:\/\/sakt.ee\/en\/pood\/remote-controls\/pendant-stations\/trolleys\/metal-carrier-with-one-plastic-roller-for-rope-max-o18mm-for-cable\/","og_locale":"en_US","og_type":"article","og_title":"Metal carrier; with one plastic roller; for rope; max \u00d818mm for cable","og_description":"For round cable. Max diameter 18 mm","og_url":"https:\/\/sakt.ee\/en\/pood\/remote-controls\/pendant-stations\/trolleys\/metal-carrier-with-one-plastic-roller-for-rope-max-o18mm-for-cable\/","og_site_name":"Sakala T\u00f6\u00f6stusautomaatika O\u00dc","article_modified_time":"2025-07-28T16:52:13+00:00","og_image":[{"width":900,"height":900,"url":"https:\/\/sakt.ee\/wp-content\/uploads\/2025\/05\/5333.jpg","type":"image\/jpeg"}],"twitter_card":"summary_large_image","twitter_misc":{"Price":"11,15&euro; +VAT","Availability":"In stock"},"schema":{"@context":"https:\/\/schema.org","@graph":[{"@type":"WebPage","@id":"https:\/\/sakt.ee\/en\/pood\/remote-controls\/pendant-stations\/trolleys\/metal-carrier-with-one-plastic-roller-for-rope-max-o18mm-for-cable\/","url":"https:\/\/sakt.ee\/en\/pood\/remote-controls\/pendant-stations\/trolleys\/metal-carrier-with-one-plastic-roller-for-rope-max-o18mm-for-cable\/","name":"Metal carrier; with one plastic roller; for rope; max \u00d818mm for cable - Sakala T\u00f6\u00f6stusautomaatika O\u00dc","isPartOf":{"@id":"https:\/\/sakt.ee\/en\/#website"},"primaryImageOfPage":{"@id":"https:\/\/sakt.ee\/en\/pood\/remote-controls\/pendant-stations\/trolleys\/metal-carrier-with-one-plastic-roller-for-rope-max-o18mm-for-cable\/#primaryimage"},"image":{"@id":"https:\/\/sakt.ee\/en\/pood\/remote-controls\/pendant-stations\/trolleys\/metal-carrier-with-one-plastic-roller-for-rope-max-o18mm-for-cable\/#primaryimage"},"thumbnailUrl":"https:\/\/sakt.ee\/wp-content\/uploads\/2025\/05\/5333.jpg","datePublished":"2025-05-16T17:47:45+00:00","dateModified":"2025-07-28T16:52:13+00:00","breadcrumb":{"@id":"https:\/\/sakt.ee\/en\/pood\/remote-controls\/pendant-stations\/trolleys\/metal-carrier-with-one-plastic-roller-for-rope-max-o18mm-for-cable\/#breadcrumb"},"inLanguage":"en-US","potentialAction":[{"@type":"ReadAction","target":["https:\/\/sakt.ee\/en\/pood\/remote-controls\/pendant-stations\/trolleys\/metal-carrier-with-one-plastic-roller-for-rope-max-o18mm-for-cable\/"]}]},{"@type":"ImageObject","inLanguage":"en-US","@id":"https:\/\/sakt.ee\/en\/pood\/remote-controls\/pendant-stations\/trolleys\/metal-carrier-with-one-plastic-roller-for-rope-max-o18mm-for-cable\/#primaryimage","url":"https:\/\/sakt.ee\/wp-content\/uploads\/2025\/05\/5333.jpg","contentUrl":"https:\/\/sakt.ee\/wp-content\/uploads\/2025\/05\/5333.jpg","width":900,"height":900},{"@type":"BreadcrumbList","@id":"https:\/\/sakt.ee\/en\/pood\/remote-controls\/pendant-stations\/trolleys\/metal-carrier-with-one-plastic-roller-for-rope-max-o18mm-for-cable\/#breadcrumb","itemListElement":[{"@type":"ListItem","position":1,"name":"Home","item":"https:\/\/sakt.ee\/"},{"@type":"ListItem","position":2,"name":"Shop","item":"https:\/\/sakt.ee\/en\/shop\/"},{"@type":"ListItem","position":3,"name":"Metal carrier; with one plastic roller; for rope; max \u00d818mm for cable"}]},{"@type":"WebSite","@id":"https:\/\/sakt.ee\/en\/#website","url":"https:\/\/sakt.ee\/en\/","name":"Sakala T\u00f6\u00f6stusautomaatika O\u00dc","description":"T\u00f6\u00f6stusautomaatika e-pood","publisher":{"@id":"https:\/\/sakt.ee\/en\/#organization"},"potentialAction":[{"@type":"SearchAction","target":{"@type":"EntryPoint","urlTemplate":"https:\/\/sakt.ee\/en\/?s={search_term_string}"},"query-input":{"@type":"PropertyValueSpecification","valueRequired":true,"valueName":"search_term_string"}}],"inLanguage":"en-US"},{"@type":"Organization","@id":"https:\/\/sakt.ee\/en\/#organization","name":"Sakala T\u00f6\u00f6stusautomaatika O\u00dc","url":"https:\/\/sakt.ee\/en\/","logo":{"@type":"ImageObject","inLanguage":"en-US","@id":"https:\/\/sakt.ee\/en\/#\/schema\/logo\/image\/","url":"https:\/\/sakt.ee\/wp-content\/uploads\/2025\/05\/Sakala-Toostusautomaatika-favicon.png","contentUrl":"https:\/\/sakt.ee\/wp-content\/uploads\/2025\/05\/Sakala-Toostusautomaatika-favicon.png","width":500,"height":500,"caption":"Sakala T\u00f6\u00f6stusautomaatika O\u00dc"},"image":{"@id":"https:\/\/sakt.ee\/en\/#\/schema\/logo\/image\/"}}]},"product_price_amount":"11.15","product_price_currency":"EUR","og_availability":"instock","product_availability":"instock","product_retailer_item_id":"30604007","product_condition":"new"},"_links":{"self":[{"href":"https:\/\/sakt.ee\/en\/wp-json\/wp\/v2\/product\/39934","targetHints":{"allow":["GET"]}}],"collection":[{"href":"https:\/\/sakt.ee\/en\/wp-json\/wp\/v2\/product"}],"about":[{"href":"https:\/\/sakt.ee\/en\/wp-json\/wp\/v2\/types\/product"}],"version-history":[{"count":0,"href":"https:\/\/sakt.ee\/en\/wp-json\/wp\/v2\/product\/39934\/revisions"}],"wp:featuredmedia":[{"embeddable":true,"href":"https:\/\/sakt.ee\/en\/wp-json\/wp\/v2\/media\/21788"}],"wp:attachment":[{"href":"https:\/\/sakt.ee\/en\/wp-json\/wp\/v2\/media?parent=39934"}],"wp:term":[{"taxonomy":"product_brand","embeddable":true,"href":"https:\/\/sakt.ee\/en\/wp-json\/wp\/v2\/product_brand?post=39934"},{"taxonomy":"product_cat","embeddable":true,"href":"https:\/\/sakt.ee\/en\/wp-json\/wp\/v2\/product_cat?post=39934"},{"taxonomy":"product_tag","embeddable":true,"href":"https:\/\/sakt.ee\/en\/wp-json\/wp\/v2\/product_tag?post=39934"},{"taxonomy":"manufacturers","embeddable":true,"href":"https:\/\/sakt.ee\/en\/wp-json\/wp\/v2\/manufacturers?post=39934"}],"curies":[{"name":"wp","href":"https:\/\/api.w.org\/{rel}","templated":true}]}}