{"id":39473,"date":"2025-05-17T00:27:16","date_gmt":"2025-05-17T00:27:16","guid":{"rendered":"https:\/\/sakt.ee\/product\/is50d-inductive-sensor-10-30dc-o-30mm-flush-15mm-pnp-no-2m-cable-ip67\/"},"modified":"2025-08-18T11:04:12","modified_gmt":"2025-08-18T08:04:12","slug":"is50d-inductive-sensor-10-30dc-o-30mm-flush-15mm-pnp-no-2m-cable-ip67","status":"publish","type":"product","link":"https:\/\/sakt.ee\/en\/pood\/process-sensors\/inductive-sensors\/is50d-inductive-sensor-10-30dc-o-30mm-flush-15mm-pnp-no-2m-cable-ip67\/","title":{"rendered":"IS50D Inductive sensor, 10-30DC, \u00d8 30mm, \u201cflush\u201d, 15mm, PNP, NO, 2m cable, IP67"},"content":{"rendered":"","protected":false},"excerpt":{"rendered":"","protected":false},"featured_media":0,"template":"","meta":{"_acf_changed":false},"product_brand":[],"product_cat":[3292],"product_tag":[],"manufacturers":[7812],"class_list":{"0":"post-39473","1":"product","2":"type-product","3":"status-publish","5":"product_cat-inductive-sensors","6":"pa_funktsionaalsus-flush-en","7":"pa_kaitseklass-ip67-en","8":"pa_kontakt-1-no-en","9":"pa_labimoot-30mm-en","10":"pa_mootepiirkond-0-15mm-en-2","11":"pa_pikkus-47mm-en","12":"pa_toide-10-30v-dc-en","13":"pa_tootemperatuur-25-70c-en","14":"pa_tootja-datalogic","15":"pa_uhendustuup-2m-cable","16":"manufacturers-datalogic-en","18":"first","19":"instock","20":"taxable","21":"shipping-taxable","22":"purchasable","23":"product-type-simple"},"acf":[],"yoast_head":"<!-- This site is optimized with the Yoast SEO Premium plugin v25.4 (Yoast SEO v25.4) - https:\/\/yoast.com\/wordpress\/plugins\/seo\/ -->\n<title>IS50D Inductive sensor, 10-30DC, \u00d8 30mm, \u201cflush\u201d, 15mm, PNP, NO, 2m cable, IP67 - Sakala T\u00f6\u00f6stusautomaatika O\u00dc<\/title>\n<meta name=\"robots\" content=\"index, follow, max-snippet:-1, max-image-preview:large, max-video-preview:-1\" \/>\n<link rel=\"canonical\" href=\"https:\/\/sakt.ee\/pood\/andurid\/induktiivandurid\/is50d-induktiivandur-10-30dc-o-30mm-flush-15mm-pnp-no-2m-juhe-ip67\/\" \/>\n<meta property=\"og:locale\" content=\"en_US\" \/>\n<meta property=\"og:type\" content=\"article\" \/>\n<meta property=\"og:title\" content=\"IS50D Inductive sensor, 10-30DC, \u00d8 30mm, \u201cflush\u201d, 15mm, PNP, NO, 2m cable, IP67\" \/>\n<meta property=\"og:url\" content=\"https:\/\/sakt.ee\/pood\/andurid\/induktiivandurid\/is50d-induktiivandur-10-30dc-o-30mm-flush-15mm-pnp-no-2m-juhe-ip67\/\" \/>\n<meta property=\"og:site_name\" content=\"Sakala T\u00f6\u00f6stusautomaatika O\u00dc\" \/>\n<meta property=\"article:modified_time\" content=\"2025-08-18T08:04:12+00:00\" \/>\n<meta name=\"twitter:card\" content=\"summary_large_image\" \/>\n<meta name=\"twitter:label1\" content=\"Price\" \/>\n\t<meta name=\"twitter:data1\" content=\"24,40&euro; +VAT\" \/>\n\t<meta name=\"twitter:label2\" content=\"Availability\" \/>\n\t<meta name=\"twitter:data2\" content=\"In stock\" \/>\n<script type=\"application\/ld+json\" class=\"yoast-schema-graph\">{\"@context\":\"https:\/\/schema.org\",\"@graph\":[{\"@type\":\"WebPage\",\"@id\":\"https:\/\/sakt.ee\/pood\/andurid\/induktiivandurid\/is50d-induktiivandur-10-30dc-o-30mm-flush-15mm-pnp-no-2m-juhe-ip67\/\",\"url\":\"https:\/\/sakt.ee\/pood\/andurid\/induktiivandurid\/is50d-induktiivandur-10-30dc-o-30mm-flush-15mm-pnp-no-2m-juhe-ip67\/\",\"name\":\"IS50D Inductive sensor, 10-30DC, \u00d8 30mm, \u201cflush\u201d, 15mm, PNP, NO, 2m cable, IP67 - Sakala T\u00f6\u00f6stusautomaatika O\u00dc\",\"isPartOf\":{\"@id\":\"https:\/\/sakt.ee\/en\/#website\"},\"datePublished\":\"2025-05-17T00:27:16+00:00\",\"dateModified\":\"2025-08-18T08:04:12+00:00\",\"breadcrumb\":{\"@id\":\"https:\/\/sakt.ee\/pood\/andurid\/induktiivandurid\/is50d-induktiivandur-10-30dc-o-30mm-flush-15mm-pnp-no-2m-juhe-ip67\/#breadcrumb\"},\"inLanguage\":\"en-US\",\"potentialAction\":[{\"@type\":\"ReadAction\",\"target\":[\"https:\/\/sakt.ee\/pood\/andurid\/induktiivandurid\/is50d-induktiivandur-10-30dc-o-30mm-flush-15mm-pnp-no-2m-juhe-ip67\/\"]}]},{\"@type\":\"BreadcrumbList\",\"@id\":\"https:\/\/sakt.ee\/pood\/andurid\/induktiivandurid\/is50d-induktiivandur-10-30dc-o-30mm-flush-15mm-pnp-no-2m-juhe-ip67\/#breadcrumb\",\"itemListElement\":[{\"@type\":\"ListItem\",\"position\":1,\"name\":\"Home\",\"item\":\"https:\/\/sakt.ee\/\"},{\"@type\":\"ListItem\",\"position\":2,\"name\":\"Shop\",\"item\":\"https:\/\/sakt.ee\/en\/shop\/\"},{\"@type\":\"ListItem\",\"position\":3,\"name\":\"IS50D Inductive sensor, 10-30DC, \u00d8 30mm, \u201cflush\u201d, 15mm, PNP, NO, 2m cable, IP67\"}]},{\"@type\":\"WebSite\",\"@id\":\"https:\/\/sakt.ee\/en\/#website\",\"url\":\"https:\/\/sakt.ee\/en\/\",\"name\":\"Sakala T\u00f6\u00f6stusautomaatika O\u00dc\",\"description\":\"T\u00f6\u00f6stusautomaatika e-pood\",\"publisher\":{\"@id\":\"https:\/\/sakt.ee\/en\/#organization\"},\"potentialAction\":[{\"@type\":\"SearchAction\",\"target\":{\"@type\":\"EntryPoint\",\"urlTemplate\":\"https:\/\/sakt.ee\/en\/?s={search_term_string}\"},\"query-input\":{\"@type\":\"PropertyValueSpecification\",\"valueRequired\":true,\"valueName\":\"search_term_string\"}}],\"inLanguage\":\"en-US\"},{\"@type\":\"Organization\",\"@id\":\"https:\/\/sakt.ee\/en\/#organization\",\"name\":\"Sakala T\u00f6\u00f6stusautomaatika O\u00dc\",\"url\":\"https:\/\/sakt.ee\/en\/\",\"logo\":{\"@type\":\"ImageObject\",\"inLanguage\":\"en-US\",\"@id\":\"https:\/\/sakt.ee\/en\/#\/schema\/logo\/image\/\",\"url\":\"https:\/\/sakt.ee\/wp-content\/uploads\/2025\/05\/Sakala-Toostusautomaatika-favicon.png\",\"contentUrl\":\"https:\/\/sakt.ee\/wp-content\/uploads\/2025\/05\/Sakala-Toostusautomaatika-favicon.png\",\"width\":500,\"height\":500,\"caption\":\"Sakala T\u00f6\u00f6stusautomaatika O\u00dc\"},\"image\":{\"@id\":\"https:\/\/sakt.ee\/en\/#\/schema\/logo\/image\/\"}}]}<\/script>\n<meta property=\"product:price:amount\" content=\"24.40\" \/>\n<meta property=\"product:price:currency\" content=\"EUR\" \/>\n<meta property=\"og:availability\" content=\"instock\" \/>\n<meta property=\"product:availability\" content=\"instock\" \/>\n<meta property=\"product:retailer_item_id\" content=\"IS50D\" \/>\n<meta property=\"product:condition\" content=\"new\" \/>\n<!-- \/ Yoast SEO Premium plugin. -->","yoast_head_json":{"title":"IS50D Inductive sensor, 10-30DC, \u00d8 30mm, \u201cflush\u201d, 15mm, PNP, NO, 2m cable, IP67 - Sakala T\u00f6\u00f6stusautomaatika O\u00dc","robots":{"index":"index","follow":"follow","max-snippet":"max-snippet:-1","max-image-preview":"max-image-preview:large","max-video-preview":"max-video-preview:-1"},"canonical":"https:\/\/sakt.ee\/pood\/andurid\/induktiivandurid\/is50d-induktiivandur-10-30dc-o-30mm-flush-15mm-pnp-no-2m-juhe-ip67\/","og_locale":"en_US","og_type":"article","og_title":"IS50D Inductive sensor, 10-30DC, \u00d8 30mm, \u201cflush\u201d, 15mm, PNP, NO, 2m cable, IP67","og_url":"https:\/\/sakt.ee\/pood\/andurid\/induktiivandurid\/is50d-induktiivandur-10-30dc-o-30mm-flush-15mm-pnp-no-2m-juhe-ip67\/","og_site_name":"Sakala T\u00f6\u00f6stusautomaatika O\u00dc","article_modified_time":"2025-08-18T08:04:12+00:00","twitter_card":"summary_large_image","twitter_misc":{"Price":"24,40&euro; +VAT","Availability":"In stock"},"schema":{"@context":"https:\/\/schema.org","@graph":[{"@type":"WebPage","@id":"https:\/\/sakt.ee\/pood\/andurid\/induktiivandurid\/is50d-induktiivandur-10-30dc-o-30mm-flush-15mm-pnp-no-2m-juhe-ip67\/","url":"https:\/\/sakt.ee\/pood\/andurid\/induktiivandurid\/is50d-induktiivandur-10-30dc-o-30mm-flush-15mm-pnp-no-2m-juhe-ip67\/","name":"IS50D Inductive sensor, 10-30DC, \u00d8 30mm, \u201cflush\u201d, 15mm, PNP, NO, 2m cable, IP67 - Sakala T\u00f6\u00f6stusautomaatika O\u00dc","isPartOf":{"@id":"https:\/\/sakt.ee\/en\/#website"},"datePublished":"2025-05-17T00:27:16+00:00","dateModified":"2025-08-18T08:04:12+00:00","breadcrumb":{"@id":"https:\/\/sakt.ee\/pood\/andurid\/induktiivandurid\/is50d-induktiivandur-10-30dc-o-30mm-flush-15mm-pnp-no-2m-juhe-ip67\/#breadcrumb"},"inLanguage":"en-US","potentialAction":[{"@type":"ReadAction","target":["https:\/\/sakt.ee\/pood\/andurid\/induktiivandurid\/is50d-induktiivandur-10-30dc-o-30mm-flush-15mm-pnp-no-2m-juhe-ip67\/"]}]},{"@type":"BreadcrumbList","@id":"https:\/\/sakt.ee\/pood\/andurid\/induktiivandurid\/is50d-induktiivandur-10-30dc-o-30mm-flush-15mm-pnp-no-2m-juhe-ip67\/#breadcrumb","itemListElement":[{"@type":"ListItem","position":1,"name":"Home","item":"https:\/\/sakt.ee\/"},{"@type":"ListItem","position":2,"name":"Shop","item":"https:\/\/sakt.ee\/en\/shop\/"},{"@type":"ListItem","position":3,"name":"IS50D Inductive sensor, 10-30DC, \u00d8 30mm, \u201cflush\u201d, 15mm, PNP, NO, 2m cable, IP67"}]},{"@type":"WebSite","@id":"https:\/\/sakt.ee\/en\/#website","url":"https:\/\/sakt.ee\/en\/","name":"Sakala T\u00f6\u00f6stusautomaatika O\u00dc","description":"T\u00f6\u00f6stusautomaatika e-pood","publisher":{"@id":"https:\/\/sakt.ee\/en\/#organization"},"potentialAction":[{"@type":"SearchAction","target":{"@type":"EntryPoint","urlTemplate":"https:\/\/sakt.ee\/en\/?s={search_term_string}"},"query-input":{"@type":"PropertyValueSpecification","valueRequired":true,"valueName":"search_term_string"}}],"inLanguage":"en-US"},{"@type":"Organization","@id":"https:\/\/sakt.ee\/en\/#organization","name":"Sakala T\u00f6\u00f6stusautomaatika O\u00dc","url":"https:\/\/sakt.ee\/en\/","logo":{"@type":"ImageObject","inLanguage":"en-US","@id":"https:\/\/sakt.ee\/en\/#\/schema\/logo\/image\/","url":"https:\/\/sakt.ee\/wp-content\/uploads\/2025\/05\/Sakala-Toostusautomaatika-favicon.png","contentUrl":"https:\/\/sakt.ee\/wp-content\/uploads\/2025\/05\/Sakala-Toostusautomaatika-favicon.png","width":500,"height":500,"caption":"Sakala T\u00f6\u00f6stusautomaatika O\u00dc"},"image":{"@id":"https:\/\/sakt.ee\/en\/#\/schema\/logo\/image\/"}}]},"product_price_amount":"24.40","product_price_currency":"EUR","og_availability":"instock","product_availability":"instock","product_retailer_item_id":"IS50D","product_condition":"new"},"_links":{"self":[{"href":"https:\/\/sakt.ee\/en\/wp-json\/wp\/v2\/product\/39473","targetHints":{"allow":["GET"]}}],"collection":[{"href":"https:\/\/sakt.ee\/en\/wp-json\/wp\/v2\/product"}],"about":[{"href":"https:\/\/sakt.ee\/en\/wp-json\/wp\/v2\/types\/product"}],"version-history":[{"count":0,"href":"https:\/\/sakt.ee\/en\/wp-json\/wp\/v2\/product\/39473\/revisions"}],"wp:attachment":[{"href":"https:\/\/sakt.ee\/en\/wp-json\/wp\/v2\/media?parent=39473"}],"wp:term":[{"taxonomy":"product_brand","embeddable":true,"href":"https:\/\/sakt.ee\/en\/wp-json\/wp\/v2\/product_brand?post=39473"},{"taxonomy":"product_cat","embeddable":true,"href":"https:\/\/sakt.ee\/en\/wp-json\/wp\/v2\/product_cat?post=39473"},{"taxonomy":"product_tag","embeddable":true,"href":"https:\/\/sakt.ee\/en\/wp-json\/wp\/v2\/product_tag?post=39473"},{"taxonomy":"manufacturers","embeddable":true,"href":"https:\/\/sakt.ee\/en\/wp-json\/wp\/v2\/manufacturers?post=39473"}],"curies":[{"name":"wp","href":"https:\/\/api.w.org\/{rel}","templated":true}]}}