{"id":39339,"date":"2025-05-17T03:39:43","date_gmt":"2025-05-17T00:39:43","guid":{"rendered":"https:\/\/sakt.ee\/product\/as-pd-pressure-sensor-0-1bar-8-36dc-4-20ma-g%c2%bd\/"},"modified":"2025-11-18T22:53:55","modified_gmt":"2025-11-18T19:53:55","slug":"as-pd-pressure-sensor-0-1bar-8-36dc-4-20ma-g%c2%bd","status":"publish","type":"product","link":"https:\/\/sakt.ee\/en\/pood\/process-sensors\/pressure-sensors\/as-pd-pressure-sensor-0-1bar-8-36dc-4-20ma-g%c2%bd\/","title":{"rendered":"AS PD Pressure sensor; 0&#8230;1bar; 8-36DC; 4-20mA; G\u00bd&#8221;"},"content":{"rendered":"","protected":false},"excerpt":{"rendered":"","protected":false},"featured_media":27737,"template":"","meta":{"_acf_changed":false},"product_brand":[],"product_cat":[3644],"product_tag":[],"manufacturers":[7809],"class_list":{"0":"post-39339","1":"product","2":"type-product","3":"status-publish","4":"has-post-thumbnail","6":"product_cat-pressure-sensors","7":"pa_kaitseklass-ip65-en","8":"pa_keere-labiviik-g-en","9":"pa_rohk-0-1bar-en","10":"pa_seeria-as-pd-en","11":"pa_tapsusklass-04-en","12":"pa_toide-10-30v-dc-en","13":"pa_toode-pressure-sensor","14":"pa_tootemperatuur-25-80c-en","15":"pa_tootja-aplisens","16":"pa_uhendustuup-din-plug-a","17":"pa_valjund-4-20ma-en","18":"manufacturers-aplisens-en","20":"first","21":"instock","22":"taxable","23":"shipping-taxable","24":"purchasable","25":"product-type-simple"},"acf":[],"yoast_head":"<!-- This site is optimized with the Yoast SEO Premium plugin v25.4 (Yoast SEO v25.4) - https:\/\/yoast.com\/wordpress\/plugins\/seo\/ -->\n<title>AS PD Pressure sensor; 0...1bar; 8-36DC; 4-20mA; G\u00bd&quot; - Sakala T\u00f6\u00f6stusautomaatika O\u00dc<\/title>\n<meta name=\"robots\" content=\"index, follow, max-snippet:-1, max-image-preview:large, max-video-preview:-1\" \/>\n<link rel=\"canonical\" href=\"https:\/\/sakt.ee\/en\/pood\/process-sensors\/pressure-sensors\/as-pd-pressure-sensor-0-1bar-8-36dc-4-20ma-g\u00bd\/\" \/>\n<meta property=\"og:locale\" content=\"en_US\" \/>\n<meta property=\"og:type\" content=\"article\" \/>\n<meta property=\"og:title\" content=\"AS PD Pressure sensor; 0...1bar; 8-36DC; 4-20mA; G\u00bd&quot;\" \/>\n<meta property=\"og:url\" content=\"https:\/\/sakt.ee\/en\/pood\/process-sensors\/pressure-sensors\/as-pd-pressure-sensor-0-1bar-8-36dc-4-20ma-g\u00bd\/\" \/>\n<meta property=\"og:site_name\" content=\"Sakala T\u00f6\u00f6stusautomaatika O\u00dc\" \/>\n<meta property=\"article:modified_time\" content=\"2025-11-18T19:53:55+00:00\" \/>\n<meta property=\"og:image\" content=\"https:\/\/sakt.ee\/wp-content\/uploads\/2025\/05\/5199.jpg\" \/>\n\t<meta property=\"og:image:width\" content=\"700\" \/>\n\t<meta property=\"og:image:height\" content=\"700\" \/>\n\t<meta property=\"og:image:type\" content=\"image\/jpeg\" \/>\n<meta name=\"twitter:card\" content=\"summary_large_image\" \/>\n<meta name=\"twitter:label1\" content=\"Price\" \/>\n\t<meta name=\"twitter:data1\" content=\"200,00&euro; +VAT\" \/>\n\t<meta name=\"twitter:label2\" content=\"Availability\" \/>\n\t<meta name=\"twitter:data2\" content=\"In stock\" \/>\n<script type=\"application\/ld+json\" class=\"yoast-schema-graph\">{\"@context\":\"https:\/\/schema.org\",\"@graph\":[{\"@type\":\"WebPage\",\"@id\":\"https:\/\/sakt.ee\/en\/pood\/process-sensors\/pressure-sensors\/as-pd-pressure-sensor-0-1bar-8-36dc-4-20ma-g%c2%bd\/\",\"url\":\"https:\/\/sakt.ee\/en\/pood\/process-sensors\/pressure-sensors\/as-pd-pressure-sensor-0-1bar-8-36dc-4-20ma-g%c2%bd\/\",\"name\":\"AS PD Pressure sensor; 0...1bar; 8-36DC; 4-20mA; G\u00bd\\\" - Sakala T\u00f6\u00f6stusautomaatika O\u00dc\",\"isPartOf\":{\"@id\":\"https:\/\/sakt.ee\/en\/#website\"},\"primaryImageOfPage\":{\"@id\":\"https:\/\/sakt.ee\/en\/pood\/process-sensors\/pressure-sensors\/as-pd-pressure-sensor-0-1bar-8-36dc-4-20ma-g%c2%bd\/#primaryimage\"},\"image\":{\"@id\":\"https:\/\/sakt.ee\/en\/pood\/process-sensors\/pressure-sensors\/as-pd-pressure-sensor-0-1bar-8-36dc-4-20ma-g%c2%bd\/#primaryimage\"},\"thumbnailUrl\":\"https:\/\/sakt.ee\/wp-content\/uploads\/2025\/05\/5199.jpg\",\"datePublished\":\"2025-05-17T00:39:43+00:00\",\"dateModified\":\"2025-11-18T19:53:55+00:00\",\"breadcrumb\":{\"@id\":\"https:\/\/sakt.ee\/en\/pood\/process-sensors\/pressure-sensors\/as-pd-pressure-sensor-0-1bar-8-36dc-4-20ma-g%c2%bd\/#breadcrumb\"},\"inLanguage\":\"en-US\",\"potentialAction\":[{\"@type\":\"ReadAction\",\"target\":[\"https:\/\/sakt.ee\/en\/pood\/process-sensors\/pressure-sensors\/as-pd-pressure-sensor-0-1bar-8-36dc-4-20ma-g%c2%bd\/\"]}]},{\"@type\":\"ImageObject\",\"inLanguage\":\"en-US\",\"@id\":\"https:\/\/sakt.ee\/en\/pood\/process-sensors\/pressure-sensors\/as-pd-pressure-sensor-0-1bar-8-36dc-4-20ma-g%c2%bd\/#primaryimage\",\"url\":\"https:\/\/sakt.ee\/wp-content\/uploads\/2025\/05\/5199.jpg\",\"contentUrl\":\"https:\/\/sakt.ee\/wp-content\/uploads\/2025\/05\/5199.jpg\",\"width\":700,\"height\":700},{\"@type\":\"BreadcrumbList\",\"@id\":\"https:\/\/sakt.ee\/en\/pood\/process-sensors\/pressure-sensors\/as-pd-pressure-sensor-0-1bar-8-36dc-4-20ma-g%c2%bd\/#breadcrumb\",\"itemListElement\":[{\"@type\":\"ListItem\",\"position\":1,\"name\":\"Home\",\"item\":\"https:\/\/sakt.ee\/\"},{\"@type\":\"ListItem\",\"position\":2,\"name\":\"Shop\",\"item\":\"https:\/\/sakt.ee\/en\/shop\/\"},{\"@type\":\"ListItem\",\"position\":3,\"name\":\"AS PD Pressure sensor; 0&#8230;1bar; 8-36DC; 4-20mA; G\u00bd&#8221;\"}]},{\"@type\":\"WebSite\",\"@id\":\"https:\/\/sakt.ee\/en\/#website\",\"url\":\"https:\/\/sakt.ee\/en\/\",\"name\":\"Sakala T\u00f6\u00f6stusautomaatika O\u00dc\",\"description\":\"T\u00f6\u00f6stusautomaatika e-pood\",\"publisher\":{\"@id\":\"https:\/\/sakt.ee\/en\/#organization\"},\"potentialAction\":[{\"@type\":\"SearchAction\",\"target\":{\"@type\":\"EntryPoint\",\"urlTemplate\":\"https:\/\/sakt.ee\/en\/?s={search_term_string}\"},\"query-input\":{\"@type\":\"PropertyValueSpecification\",\"valueRequired\":true,\"valueName\":\"search_term_string\"}}],\"inLanguage\":\"en-US\"},{\"@type\":\"Organization\",\"@id\":\"https:\/\/sakt.ee\/en\/#organization\",\"name\":\"Sakala T\u00f6\u00f6stusautomaatika O\u00dc\",\"url\":\"https:\/\/sakt.ee\/en\/\",\"logo\":{\"@type\":\"ImageObject\",\"inLanguage\":\"en-US\",\"@id\":\"https:\/\/sakt.ee\/en\/#\/schema\/logo\/image\/\",\"url\":\"https:\/\/sakt.ee\/wp-content\/uploads\/2025\/05\/Sakala-Toostusautomaatika-favicon.png\",\"contentUrl\":\"https:\/\/sakt.ee\/wp-content\/uploads\/2025\/05\/Sakala-Toostusautomaatika-favicon.png\",\"width\":500,\"height\":500,\"caption\":\"Sakala T\u00f6\u00f6stusautomaatika O\u00dc\"},\"image\":{\"@id\":\"https:\/\/sakt.ee\/en\/#\/schema\/logo\/image\/\"}}]}<\/script>\n<meta property=\"product:price:amount\" content=\"200.00\" \/>\n<meta property=\"product:price:currency\" content=\"EUR\" \/>\n<meta property=\"og:availability\" content=\"instock\" \/>\n<meta property=\"product:availability\" content=\"instock\" \/>\n<meta property=\"product:retailer_item_id\" content=\"I0000006\" \/>\n<meta property=\"product:condition\" content=\"new\" \/>\n<!-- \/ Yoast SEO Premium plugin. -->","yoast_head_json":{"title":"AS PD Pressure sensor; 0...1bar; 8-36DC; 4-20mA; G\u00bd\" - Sakala T\u00f6\u00f6stusautomaatika O\u00dc","robots":{"index":"index","follow":"follow","max-snippet":"max-snippet:-1","max-image-preview":"max-image-preview:large","max-video-preview":"max-video-preview:-1"},"canonical":"https:\/\/sakt.ee\/en\/pood\/process-sensors\/pressure-sensors\/as-pd-pressure-sensor-0-1bar-8-36dc-4-20ma-g\u00bd\/","og_locale":"en_US","og_type":"article","og_title":"AS PD Pressure sensor; 0...1bar; 8-36DC; 4-20mA; G\u00bd\"","og_url":"https:\/\/sakt.ee\/en\/pood\/process-sensors\/pressure-sensors\/as-pd-pressure-sensor-0-1bar-8-36dc-4-20ma-g\u00bd\/","og_site_name":"Sakala T\u00f6\u00f6stusautomaatika O\u00dc","article_modified_time":"2025-11-18T19:53:55+00:00","og_image":[{"width":700,"height":700,"url":"https:\/\/sakt.ee\/wp-content\/uploads\/2025\/05\/5199.jpg","type":"image\/jpeg"}],"twitter_card":"summary_large_image","twitter_misc":{"Price":"200,00&euro; +VAT","Availability":"In stock"},"schema":{"@context":"https:\/\/schema.org","@graph":[{"@type":"WebPage","@id":"https:\/\/sakt.ee\/en\/pood\/process-sensors\/pressure-sensors\/as-pd-pressure-sensor-0-1bar-8-36dc-4-20ma-g%c2%bd\/","url":"https:\/\/sakt.ee\/en\/pood\/process-sensors\/pressure-sensors\/as-pd-pressure-sensor-0-1bar-8-36dc-4-20ma-g%c2%bd\/","name":"AS PD Pressure sensor; 0...1bar; 8-36DC; 4-20mA; G\u00bd\" - Sakala T\u00f6\u00f6stusautomaatika O\u00dc","isPartOf":{"@id":"https:\/\/sakt.ee\/en\/#website"},"primaryImageOfPage":{"@id":"https:\/\/sakt.ee\/en\/pood\/process-sensors\/pressure-sensors\/as-pd-pressure-sensor-0-1bar-8-36dc-4-20ma-g%c2%bd\/#primaryimage"},"image":{"@id":"https:\/\/sakt.ee\/en\/pood\/process-sensors\/pressure-sensors\/as-pd-pressure-sensor-0-1bar-8-36dc-4-20ma-g%c2%bd\/#primaryimage"},"thumbnailUrl":"https:\/\/sakt.ee\/wp-content\/uploads\/2025\/05\/5199.jpg","datePublished":"2025-05-17T00:39:43+00:00","dateModified":"2025-11-18T19:53:55+00:00","breadcrumb":{"@id":"https:\/\/sakt.ee\/en\/pood\/process-sensors\/pressure-sensors\/as-pd-pressure-sensor-0-1bar-8-36dc-4-20ma-g%c2%bd\/#breadcrumb"},"inLanguage":"en-US","potentialAction":[{"@type":"ReadAction","target":["https:\/\/sakt.ee\/en\/pood\/process-sensors\/pressure-sensors\/as-pd-pressure-sensor-0-1bar-8-36dc-4-20ma-g%c2%bd\/"]}]},{"@type":"ImageObject","inLanguage":"en-US","@id":"https:\/\/sakt.ee\/en\/pood\/process-sensors\/pressure-sensors\/as-pd-pressure-sensor-0-1bar-8-36dc-4-20ma-g%c2%bd\/#primaryimage","url":"https:\/\/sakt.ee\/wp-content\/uploads\/2025\/05\/5199.jpg","contentUrl":"https:\/\/sakt.ee\/wp-content\/uploads\/2025\/05\/5199.jpg","width":700,"height":700},{"@type":"BreadcrumbList","@id":"https:\/\/sakt.ee\/en\/pood\/process-sensors\/pressure-sensors\/as-pd-pressure-sensor-0-1bar-8-36dc-4-20ma-g%c2%bd\/#breadcrumb","itemListElement":[{"@type":"ListItem","position":1,"name":"Home","item":"https:\/\/sakt.ee\/"},{"@type":"ListItem","position":2,"name":"Shop","item":"https:\/\/sakt.ee\/en\/shop\/"},{"@type":"ListItem","position":3,"name":"AS PD Pressure sensor; 0&#8230;1bar; 8-36DC; 4-20mA; G\u00bd&#8221;"}]},{"@type":"WebSite","@id":"https:\/\/sakt.ee\/en\/#website","url":"https:\/\/sakt.ee\/en\/","name":"Sakala T\u00f6\u00f6stusautomaatika O\u00dc","description":"T\u00f6\u00f6stusautomaatika e-pood","publisher":{"@id":"https:\/\/sakt.ee\/en\/#organization"},"potentialAction":[{"@type":"SearchAction","target":{"@type":"EntryPoint","urlTemplate":"https:\/\/sakt.ee\/en\/?s={search_term_string}"},"query-input":{"@type":"PropertyValueSpecification","valueRequired":true,"valueName":"search_term_string"}}],"inLanguage":"en-US"},{"@type":"Organization","@id":"https:\/\/sakt.ee\/en\/#organization","name":"Sakala T\u00f6\u00f6stusautomaatika O\u00dc","url":"https:\/\/sakt.ee\/en\/","logo":{"@type":"ImageObject","inLanguage":"en-US","@id":"https:\/\/sakt.ee\/en\/#\/schema\/logo\/image\/","url":"https:\/\/sakt.ee\/wp-content\/uploads\/2025\/05\/Sakala-Toostusautomaatika-favicon.png","contentUrl":"https:\/\/sakt.ee\/wp-content\/uploads\/2025\/05\/Sakala-Toostusautomaatika-favicon.png","width":500,"height":500,"caption":"Sakala T\u00f6\u00f6stusautomaatika O\u00dc"},"image":{"@id":"https:\/\/sakt.ee\/en\/#\/schema\/logo\/image\/"}}]},"product_price_amount":"200.00","product_price_currency":"EUR","og_availability":"instock","product_availability":"instock","product_retailer_item_id":"I0000006","product_condition":"new"},"_links":{"self":[{"href":"https:\/\/sakt.ee\/en\/wp-json\/wp\/v2\/product\/39339","targetHints":{"allow":["GET"]}}],"collection":[{"href":"https:\/\/sakt.ee\/en\/wp-json\/wp\/v2\/product"}],"about":[{"href":"https:\/\/sakt.ee\/en\/wp-json\/wp\/v2\/types\/product"}],"version-history":[{"count":0,"href":"https:\/\/sakt.ee\/en\/wp-json\/wp\/v2\/product\/39339\/revisions"}],"wp:featuredmedia":[{"embeddable":true,"href":"https:\/\/sakt.ee\/en\/wp-json\/wp\/v2\/media\/27737"}],"wp:attachment":[{"href":"https:\/\/sakt.ee\/en\/wp-json\/wp\/v2\/media?parent=39339"}],"wp:term":[{"taxonomy":"product_brand","embeddable":true,"href":"https:\/\/sakt.ee\/en\/wp-json\/wp\/v2\/product_brand?post=39339"},{"taxonomy":"product_cat","embeddable":true,"href":"https:\/\/sakt.ee\/en\/wp-json\/wp\/v2\/product_cat?post=39339"},{"taxonomy":"product_tag","embeddable":true,"href":"https:\/\/sakt.ee\/en\/wp-json\/wp\/v2\/product_tag?post=39339"},{"taxonomy":"manufacturers","embeddable":true,"href":"https:\/\/sakt.ee\/en\/wp-json\/wp\/v2\/manufacturers?post=39339"}],"curies":[{"name":"wp","href":"https:\/\/api.w.org\/{rel}","templated":true}]}}