{"id":39212,"date":"2025-05-17T03:58:45","date_gmt":"2025-05-17T00:58:45","guid":{"rendered":"https:\/\/sakt.ee\/product\/g4-1053-clamp-for-g4g4-2su4-2d-su4-2l-su4d-su4l\/"},"modified":"2025-11-10T00:29:59","modified_gmt":"2025-11-09T21:29:59","slug":"g4-1053-clamp-for-g4g4-2su4-2d-su4-2l-su4d-su4l","status":"publish","type":"product","link":"https:\/\/sakt.ee\/en\/pood\/relays\/accessories-for-relays\/other-products-en\/g4-1053-clamp-for-g4g4-2su4-2d-su4-2l-su4d-su4l\/","title":{"rendered":"G4-1053 clamp (for G4,G4\/2,SU4\/2D, SU4\/2L, SU4D, SU4L)"},"content":{"rendered":"","protected":false},"excerpt":{"rendered":"","protected":false},"featured_media":0,"template":"","meta":{"_acf_changed":false},"product_brand":[],"product_cat":[7889],"product_tag":[],"manufacturers":[],"class_list":{"0":"post-39212","1":"product","2":"type-product","3":"status-publish","5":"product_cat-other-products-en","7":"first","8":"instock","9":"taxable","10":"shipping-taxable","11":"purchasable","12":"product-type-simple"},"acf":[],"yoast_head":"<!-- This site is optimized with the Yoast SEO Premium plugin v25.4 (Yoast SEO v25.4) - https:\/\/yoast.com\/wordpress\/plugins\/seo\/ -->\n<title>G4-1053 clamp (for G4,G4\/2,SU4\/2D, SU4\/2L, SU4D, SU4L) - Sakala T\u00f6\u00f6stusautomaatika O\u00dc<\/title>\n<meta name=\"robots\" content=\"index, follow, max-snippet:-1, max-image-preview:large, max-video-preview:-1\" \/>\n<link rel=\"canonical\" href=\"https:\/\/sakt.ee\/en\/pood\/relays\/accessories-for-relays\/other-products-en\/g4-1053-clamp-for-g4g4-2su4-2d-su4-2l-su4d-su4l\/\" \/>\n<meta property=\"og:locale\" content=\"en_US\" \/>\n<meta property=\"og:type\" content=\"article\" \/>\n<meta property=\"og:title\" content=\"G4-1053 clamp (for G4,G4\/2,SU4\/2D, SU4\/2L, SU4D, SU4L)\" \/>\n<meta property=\"og:url\" content=\"https:\/\/sakt.ee\/en\/pood\/relays\/accessories-for-relays\/other-products-en\/g4-1053-clamp-for-g4g4-2su4-2d-su4-2l-su4d-su4l\/\" \/>\n<meta property=\"og:site_name\" content=\"Sakala T\u00f6\u00f6stusautomaatika O\u00dc\" \/>\n<meta property=\"article:modified_time\" content=\"2025-11-09T21:29:59+00:00\" \/>\n<meta name=\"twitter:card\" content=\"summary_large_image\" \/>\n<meta name=\"twitter:label1\" content=\"Price\" \/>\n\t<meta name=\"twitter:data1\" content=\"0,21&euro; +VAT\" \/>\n\t<meta name=\"twitter:label2\" content=\"Availability\" \/>\n\t<meta name=\"twitter:data2\" content=\"In stock\" \/>\n<script type=\"application\/ld+json\" class=\"yoast-schema-graph\">{\"@context\":\"https:\/\/schema.org\",\"@graph\":[{\"@type\":\"WebPage\",\"@id\":\"https:\/\/sakt.ee\/en\/pood\/relays\/accessories-for-relays\/other-products-en\/g4-1053-clamp-for-g4g4-2su4-2d-su4-2l-su4d-su4l\/\",\"url\":\"https:\/\/sakt.ee\/en\/pood\/relays\/accessories-for-relays\/other-products-en\/g4-1053-clamp-for-g4g4-2su4-2d-su4-2l-su4d-su4l\/\",\"name\":\"G4-1053 clamp (for G4,G4\/2,SU4\/2D, SU4\/2L, SU4D, SU4L) - Sakala T\u00f6\u00f6stusautomaatika O\u00dc\",\"isPartOf\":{\"@id\":\"https:\/\/sakt.ee\/en\/#website\"},\"datePublished\":\"2025-05-17T00:58:45+00:00\",\"dateModified\":\"2025-11-09T21:29:59+00:00\",\"breadcrumb\":{\"@id\":\"https:\/\/sakt.ee\/en\/pood\/relays\/accessories-for-relays\/other-products-en\/g4-1053-clamp-for-g4g4-2su4-2d-su4-2l-su4d-su4l\/#breadcrumb\"},\"inLanguage\":\"en-US\",\"potentialAction\":[{\"@type\":\"ReadAction\",\"target\":[\"https:\/\/sakt.ee\/en\/pood\/relays\/accessories-for-relays\/other-products-en\/g4-1053-clamp-for-g4g4-2su4-2d-su4-2l-su4d-su4l\/\"]}]},{\"@type\":\"BreadcrumbList\",\"@id\":\"https:\/\/sakt.ee\/en\/pood\/relays\/accessories-for-relays\/other-products-en\/g4-1053-clamp-for-g4g4-2su4-2d-su4-2l-su4d-su4l\/#breadcrumb\",\"itemListElement\":[{\"@type\":\"ListItem\",\"position\":1,\"name\":\"Home\",\"item\":\"https:\/\/sakt.ee\/\"},{\"@type\":\"ListItem\",\"position\":2,\"name\":\"Shop\",\"item\":\"https:\/\/sakt.ee\/en\/shop\/\"},{\"@type\":\"ListItem\",\"position\":3,\"name\":\"G4-1053 clamp (for G4,G4\/2,SU4\/2D, SU4\/2L, SU4D, SU4L)\"}]},{\"@type\":\"WebSite\",\"@id\":\"https:\/\/sakt.ee\/en\/#website\",\"url\":\"https:\/\/sakt.ee\/en\/\",\"name\":\"Sakala T\u00f6\u00f6stusautomaatika O\u00dc\",\"description\":\"T\u00f6\u00f6stusautomaatika e-pood\",\"publisher\":{\"@id\":\"https:\/\/sakt.ee\/en\/#organization\"},\"potentialAction\":[{\"@type\":\"SearchAction\",\"target\":{\"@type\":\"EntryPoint\",\"urlTemplate\":\"https:\/\/sakt.ee\/en\/?s={search_term_string}\"},\"query-input\":{\"@type\":\"PropertyValueSpecification\",\"valueRequired\":true,\"valueName\":\"search_term_string\"}}],\"inLanguage\":\"en-US\"},{\"@type\":\"Organization\",\"@id\":\"https:\/\/sakt.ee\/en\/#organization\",\"name\":\"Sakala T\u00f6\u00f6stusautomaatika O\u00dc\",\"url\":\"https:\/\/sakt.ee\/en\/\",\"logo\":{\"@type\":\"ImageObject\",\"inLanguage\":\"en-US\",\"@id\":\"https:\/\/sakt.ee\/en\/#\/schema\/logo\/image\/\",\"url\":\"https:\/\/sakt.ee\/wp-content\/uploads\/2025\/05\/Sakala-Toostusautomaatika-favicon.png\",\"contentUrl\":\"https:\/\/sakt.ee\/wp-content\/uploads\/2025\/05\/Sakala-Toostusautomaatika-favicon.png\",\"width\":500,\"height\":500,\"caption\":\"Sakala T\u00f6\u00f6stusautomaatika O\u00dc\"},\"image\":{\"@id\":\"https:\/\/sakt.ee\/en\/#\/schema\/logo\/image\/\"}}]}<\/script>\n<meta property=\"product:price:amount\" content=\"0.21\" \/>\n<meta property=\"product:price:currency\" content=\"EUR\" \/>\n<meta property=\"og:availability\" content=\"instock\" \/>\n<meta property=\"product:availability\" content=\"instock\" \/>\n<meta property=\"product:retailer_item_id\" content=\"2611812\" \/>\n<meta property=\"product:condition\" content=\"new\" \/>\n<!-- \/ Yoast SEO Premium plugin. -->","yoast_head_json":{"title":"G4-1053 clamp (for G4,G4\/2,SU4\/2D, SU4\/2L, SU4D, SU4L) - Sakala T\u00f6\u00f6stusautomaatika O\u00dc","robots":{"index":"index","follow":"follow","max-snippet":"max-snippet:-1","max-image-preview":"max-image-preview:large","max-video-preview":"max-video-preview:-1"},"canonical":"https:\/\/sakt.ee\/en\/pood\/relays\/accessories-for-relays\/other-products-en\/g4-1053-clamp-for-g4g4-2su4-2d-su4-2l-su4d-su4l\/","og_locale":"en_US","og_type":"article","og_title":"G4-1053 clamp (for G4,G4\/2,SU4\/2D, SU4\/2L, SU4D, SU4L)","og_url":"https:\/\/sakt.ee\/en\/pood\/relays\/accessories-for-relays\/other-products-en\/g4-1053-clamp-for-g4g4-2su4-2d-su4-2l-su4d-su4l\/","og_site_name":"Sakala T\u00f6\u00f6stusautomaatika O\u00dc","article_modified_time":"2025-11-09T21:29:59+00:00","twitter_card":"summary_large_image","twitter_misc":{"Price":"0,21&euro; +VAT","Availability":"In stock"},"schema":{"@context":"https:\/\/schema.org","@graph":[{"@type":"WebPage","@id":"https:\/\/sakt.ee\/en\/pood\/relays\/accessories-for-relays\/other-products-en\/g4-1053-clamp-for-g4g4-2su4-2d-su4-2l-su4d-su4l\/","url":"https:\/\/sakt.ee\/en\/pood\/relays\/accessories-for-relays\/other-products-en\/g4-1053-clamp-for-g4g4-2su4-2d-su4-2l-su4d-su4l\/","name":"G4-1053 clamp (for G4,G4\/2,SU4\/2D, SU4\/2L, SU4D, SU4L) - Sakala T\u00f6\u00f6stusautomaatika O\u00dc","isPartOf":{"@id":"https:\/\/sakt.ee\/en\/#website"},"datePublished":"2025-05-17T00:58:45+00:00","dateModified":"2025-11-09T21:29:59+00:00","breadcrumb":{"@id":"https:\/\/sakt.ee\/en\/pood\/relays\/accessories-for-relays\/other-products-en\/g4-1053-clamp-for-g4g4-2su4-2d-su4-2l-su4d-su4l\/#breadcrumb"},"inLanguage":"en-US","potentialAction":[{"@type":"ReadAction","target":["https:\/\/sakt.ee\/en\/pood\/relays\/accessories-for-relays\/other-products-en\/g4-1053-clamp-for-g4g4-2su4-2d-su4-2l-su4d-su4l\/"]}]},{"@type":"BreadcrumbList","@id":"https:\/\/sakt.ee\/en\/pood\/relays\/accessories-for-relays\/other-products-en\/g4-1053-clamp-for-g4g4-2su4-2d-su4-2l-su4d-su4l\/#breadcrumb","itemListElement":[{"@type":"ListItem","position":1,"name":"Home","item":"https:\/\/sakt.ee\/"},{"@type":"ListItem","position":2,"name":"Shop","item":"https:\/\/sakt.ee\/en\/shop\/"},{"@type":"ListItem","position":3,"name":"G4-1053 clamp (for G4,G4\/2,SU4\/2D, SU4\/2L, SU4D, SU4L)"}]},{"@type":"WebSite","@id":"https:\/\/sakt.ee\/en\/#website","url":"https:\/\/sakt.ee\/en\/","name":"Sakala T\u00f6\u00f6stusautomaatika O\u00dc","description":"T\u00f6\u00f6stusautomaatika e-pood","publisher":{"@id":"https:\/\/sakt.ee\/en\/#organization"},"potentialAction":[{"@type":"SearchAction","target":{"@type":"EntryPoint","urlTemplate":"https:\/\/sakt.ee\/en\/?s={search_term_string}"},"query-input":{"@type":"PropertyValueSpecification","valueRequired":true,"valueName":"search_term_string"}}],"inLanguage":"en-US"},{"@type":"Organization","@id":"https:\/\/sakt.ee\/en\/#organization","name":"Sakala T\u00f6\u00f6stusautomaatika O\u00dc","url":"https:\/\/sakt.ee\/en\/","logo":{"@type":"ImageObject","inLanguage":"en-US","@id":"https:\/\/sakt.ee\/en\/#\/schema\/logo\/image\/","url":"https:\/\/sakt.ee\/wp-content\/uploads\/2025\/05\/Sakala-Toostusautomaatika-favicon.png","contentUrl":"https:\/\/sakt.ee\/wp-content\/uploads\/2025\/05\/Sakala-Toostusautomaatika-favicon.png","width":500,"height":500,"caption":"Sakala T\u00f6\u00f6stusautomaatika O\u00dc"},"image":{"@id":"https:\/\/sakt.ee\/en\/#\/schema\/logo\/image\/"}}]},"product_price_amount":"0.21","product_price_currency":"EUR","og_availability":"instock","product_availability":"instock","product_retailer_item_id":"2611812","product_condition":"new"},"_links":{"self":[{"href":"https:\/\/sakt.ee\/en\/wp-json\/wp\/v2\/product\/39212","targetHints":{"allow":["GET"]}}],"collection":[{"href":"https:\/\/sakt.ee\/en\/wp-json\/wp\/v2\/product"}],"about":[{"href":"https:\/\/sakt.ee\/en\/wp-json\/wp\/v2\/types\/product"}],"version-history":[{"count":0,"href":"https:\/\/sakt.ee\/en\/wp-json\/wp\/v2\/product\/39212\/revisions"}],"wp:attachment":[{"href":"https:\/\/sakt.ee\/en\/wp-json\/wp\/v2\/media?parent=39212"}],"wp:term":[{"taxonomy":"product_brand","embeddable":true,"href":"https:\/\/sakt.ee\/en\/wp-json\/wp\/v2\/product_brand?post=39212"},{"taxonomy":"product_cat","embeddable":true,"href":"https:\/\/sakt.ee\/en\/wp-json\/wp\/v2\/product_cat?post=39212"},{"taxonomy":"product_tag","embeddable":true,"href":"https:\/\/sakt.ee\/en\/wp-json\/wp\/v2\/product_tag?post=39212"},{"taxonomy":"manufacturers","embeddable":true,"href":"https:\/\/sakt.ee\/en\/wp-json\/wp\/v2\/manufacturers?post=39212"}],"curies":[{"name":"wp","href":"https:\/\/api.w.org\/{rel}","templated":true}]}}