{"id":38947,"date":"2025-05-16T16:17:43","date_gmt":"2025-05-16T16:17:43","guid":{"rendered":"https:\/\/sakt.ee\/product\/m22-r4k7-potentiometer-47k%cf%89-silver-ring-ip66\/"},"modified":"2025-11-13T12:52:47","modified_gmt":"2025-11-13T09:52:47","slug":"m22-r4k7-potentiometer-47k%cf%89-silver-ring-ip66","status":"publish","type":"product","link":"https:\/\/sakt.ee\/en\/pood\/automatic-components\/m16-m22-module-series-buttons-and-indication-lights\/potentiometers\/m22-r4k7-potentiometer-47k%cf%89-silver-ring-ip66\/","title":{"rendered":"M22-R4K7 potentiometer; 4,7k\u03a9; silver ring; IP66"},"content":{"rendered":"","protected":false},"excerpt":{"rendered":"","protected":false},"featured_media":20368,"template":"","meta":{"_acf_changed":false},"product_brand":[],"product_cat":[5156],"product_tag":[],"manufacturers":[7785],"class_list":{"0":"post-38947","1":"product","2":"type-product","3":"status-publish","4":"has-post-thumbnail","6":"product_cat-potentiometers","7":"pa_kaitseklass-ip66-en","8":"pa_paigaldus-panel","9":"pa_seeria-m22-en","10":"pa_takistus-47k-en","11":"pa_tootemperatuur-25-70c-en","12":"pa_tootja-eaton","13":"pa_varv-silver","14":"manufacturers-eaton-en","16":"first","17":"instock","18":"taxable","19":"shipping-taxable","20":"purchasable","21":"product-type-simple"},"acf":[],"yoast_head":"<!-- This site is optimized with the Yoast SEO Premium plugin v25.4 (Yoast SEO v25.4) - https:\/\/yoast.com\/wordpress\/plugins\/seo\/ -->\n<title>M22-R4K7 potentiometer; 4,7k\u03a9; silver ring; IP66 - Sakala T\u00f6\u00f6stusautomaatika O\u00dc<\/title>\n<meta name=\"robots\" content=\"index, follow, max-snippet:-1, max-image-preview:large, max-video-preview:-1\" \/>\n<link rel=\"canonical\" href=\"https:\/\/sakt.ee\/en\/pood\/automatic-components\/m16-m22-module-series-buttons-and-indication-lights\/potentiometers\/m22-r4k7-potentiometer-47k\u03c9-silver-ring-ip66\/\" \/>\n<meta property=\"og:locale\" content=\"en_US\" \/>\n<meta property=\"og:type\" content=\"article\" \/>\n<meta property=\"og:title\" content=\"M22-R4K7 potentiometer; 4,7k\u03a9; silver ring; IP66\" \/>\n<meta property=\"og:url\" content=\"https:\/\/sakt.ee\/en\/pood\/automatic-components\/m16-m22-module-series-buttons-and-indication-lights\/potentiometers\/m22-r4k7-potentiometer-47k\u03c9-silver-ring-ip66\/\" \/>\n<meta property=\"og:site_name\" content=\"Sakala T\u00f6\u00f6stusautomaatika O\u00dc\" \/>\n<meta property=\"article:modified_time\" content=\"2025-11-13T09:52:47+00:00\" \/>\n<meta property=\"og:image\" content=\"https:\/\/sakt.ee\/wp-content\/uploads\/2025\/05\/2341.jpg\" \/>\n\t<meta property=\"og:image:width\" content=\"302\" \/>\n\t<meta property=\"og:image:height\" content=\"220\" \/>\n\t<meta property=\"og:image:type\" content=\"image\/jpeg\" \/>\n<meta name=\"twitter:card\" content=\"summary_large_image\" \/>\n<meta name=\"twitter:label1\" content=\"Price\" \/>\n\t<meta name=\"twitter:data1\" content=\"23,95&euro; +VAT\" \/>\n\t<meta name=\"twitter:label2\" content=\"Availability\" \/>\n\t<meta name=\"twitter:data2\" content=\"In stock\" \/>\n<script type=\"application\/ld+json\" class=\"yoast-schema-graph\">{\"@context\":\"https:\/\/schema.org\",\"@graph\":[{\"@type\":\"WebPage\",\"@id\":\"https:\/\/sakt.ee\/en\/pood\/automatic-components\/m16-m22-module-series-buttons-and-indication-lights\/potentiometers\/m22-r4k7-potentiometer-47k%cf%89-silver-ring-ip66\/\",\"url\":\"https:\/\/sakt.ee\/en\/pood\/automatic-components\/m16-m22-module-series-buttons-and-indication-lights\/potentiometers\/m22-r4k7-potentiometer-47k%cf%89-silver-ring-ip66\/\",\"name\":\"M22-R4K7 potentiometer; 4,7k\u03a9; silver ring; IP66 - Sakala T\u00f6\u00f6stusautomaatika O\u00dc\",\"isPartOf\":{\"@id\":\"https:\/\/sakt.ee\/en\/#website\"},\"primaryImageOfPage\":{\"@id\":\"https:\/\/sakt.ee\/en\/pood\/automatic-components\/m16-m22-module-series-buttons-and-indication-lights\/potentiometers\/m22-r4k7-potentiometer-47k%cf%89-silver-ring-ip66\/#primaryimage\"},\"image\":{\"@id\":\"https:\/\/sakt.ee\/en\/pood\/automatic-components\/m16-m22-module-series-buttons-and-indication-lights\/potentiometers\/m22-r4k7-potentiometer-47k%cf%89-silver-ring-ip66\/#primaryimage\"},\"thumbnailUrl\":\"https:\/\/sakt.ee\/wp-content\/uploads\/2025\/05\/2341.jpg\",\"datePublished\":\"2025-05-16T16:17:43+00:00\",\"dateModified\":\"2025-11-13T09:52:47+00:00\",\"breadcrumb\":{\"@id\":\"https:\/\/sakt.ee\/en\/pood\/automatic-components\/m16-m22-module-series-buttons-and-indication-lights\/potentiometers\/m22-r4k7-potentiometer-47k%cf%89-silver-ring-ip66\/#breadcrumb\"},\"inLanguage\":\"en-US\",\"potentialAction\":[{\"@type\":\"ReadAction\",\"target\":[\"https:\/\/sakt.ee\/en\/pood\/automatic-components\/m16-m22-module-series-buttons-and-indication-lights\/potentiometers\/m22-r4k7-potentiometer-47k%cf%89-silver-ring-ip66\/\"]}]},{\"@type\":\"ImageObject\",\"inLanguage\":\"en-US\",\"@id\":\"https:\/\/sakt.ee\/en\/pood\/automatic-components\/m16-m22-module-series-buttons-and-indication-lights\/potentiometers\/m22-r4k7-potentiometer-47k%cf%89-silver-ring-ip66\/#primaryimage\",\"url\":\"https:\/\/sakt.ee\/wp-content\/uploads\/2025\/05\/2341.jpg\",\"contentUrl\":\"https:\/\/sakt.ee\/wp-content\/uploads\/2025\/05\/2341.jpg\",\"width\":302,\"height\":220},{\"@type\":\"BreadcrumbList\",\"@id\":\"https:\/\/sakt.ee\/en\/pood\/automatic-components\/m16-m22-module-series-buttons-and-indication-lights\/potentiometers\/m22-r4k7-potentiometer-47k%cf%89-silver-ring-ip66\/#breadcrumb\",\"itemListElement\":[{\"@type\":\"ListItem\",\"position\":1,\"name\":\"Home\",\"item\":\"https:\/\/sakt.ee\/\"},{\"@type\":\"ListItem\",\"position\":2,\"name\":\"Shop\",\"item\":\"https:\/\/sakt.ee\/en\/shop\/\"},{\"@type\":\"ListItem\",\"position\":3,\"name\":\"M22-R4K7 potentiometer; 4,7k\u03a9; silver ring; IP66\"}]},{\"@type\":\"WebSite\",\"@id\":\"https:\/\/sakt.ee\/en\/#website\",\"url\":\"https:\/\/sakt.ee\/en\/\",\"name\":\"Sakala T\u00f6\u00f6stusautomaatika O\u00dc\",\"description\":\"T\u00f6\u00f6stusautomaatika e-pood\",\"publisher\":{\"@id\":\"https:\/\/sakt.ee\/en\/#organization\"},\"potentialAction\":[{\"@type\":\"SearchAction\",\"target\":{\"@type\":\"EntryPoint\",\"urlTemplate\":\"https:\/\/sakt.ee\/en\/?s={search_term_string}\"},\"query-input\":{\"@type\":\"PropertyValueSpecification\",\"valueRequired\":true,\"valueName\":\"search_term_string\"}}],\"inLanguage\":\"en-US\"},{\"@type\":\"Organization\",\"@id\":\"https:\/\/sakt.ee\/en\/#organization\",\"name\":\"Sakala T\u00f6\u00f6stusautomaatika O\u00dc\",\"url\":\"https:\/\/sakt.ee\/en\/\",\"logo\":{\"@type\":\"ImageObject\",\"inLanguage\":\"en-US\",\"@id\":\"https:\/\/sakt.ee\/en\/#\/schema\/logo\/image\/\",\"url\":\"https:\/\/sakt.ee\/wp-content\/uploads\/2025\/05\/Sakala-Toostusautomaatika-favicon.png\",\"contentUrl\":\"https:\/\/sakt.ee\/wp-content\/uploads\/2025\/05\/Sakala-Toostusautomaatika-favicon.png\",\"width\":500,\"height\":500,\"caption\":\"Sakala T\u00f6\u00f6stusautomaatika O\u00dc\"},\"image\":{\"@id\":\"https:\/\/sakt.ee\/en\/#\/schema\/logo\/image\/\"}}]}<\/script>\n<meta property=\"product:price:amount\" content=\"23.95\" \/>\n<meta property=\"product:price:currency\" content=\"EUR\" \/>\n<meta property=\"og:availability\" content=\"instock\" \/>\n<meta property=\"product:availability\" content=\"instock\" \/>\n<meta property=\"product:retailer_item_id\" content=\"229490\" \/>\n<meta property=\"product:condition\" content=\"new\" \/>\n<!-- \/ Yoast SEO Premium plugin. -->","yoast_head_json":{"title":"M22-R4K7 potentiometer; 4,7k\u03a9; silver ring; IP66 - Sakala T\u00f6\u00f6stusautomaatika O\u00dc","robots":{"index":"index","follow":"follow","max-snippet":"max-snippet:-1","max-image-preview":"max-image-preview:large","max-video-preview":"max-video-preview:-1"},"canonical":"https:\/\/sakt.ee\/en\/pood\/automatic-components\/m16-m22-module-series-buttons-and-indication-lights\/potentiometers\/m22-r4k7-potentiometer-47k\u03c9-silver-ring-ip66\/","og_locale":"en_US","og_type":"article","og_title":"M22-R4K7 potentiometer; 4,7k\u03a9; silver ring; IP66","og_url":"https:\/\/sakt.ee\/en\/pood\/automatic-components\/m16-m22-module-series-buttons-and-indication-lights\/potentiometers\/m22-r4k7-potentiometer-47k\u03c9-silver-ring-ip66\/","og_site_name":"Sakala T\u00f6\u00f6stusautomaatika O\u00dc","article_modified_time":"2025-11-13T09:52:47+00:00","og_image":[{"width":302,"height":220,"url":"https:\/\/sakt.ee\/wp-content\/uploads\/2025\/05\/2341.jpg","type":"image\/jpeg"}],"twitter_card":"summary_large_image","twitter_misc":{"Price":"23,95&euro; +VAT","Availability":"In stock"},"schema":{"@context":"https:\/\/schema.org","@graph":[{"@type":"WebPage","@id":"https:\/\/sakt.ee\/en\/pood\/automatic-components\/m16-m22-module-series-buttons-and-indication-lights\/potentiometers\/m22-r4k7-potentiometer-47k%cf%89-silver-ring-ip66\/","url":"https:\/\/sakt.ee\/en\/pood\/automatic-components\/m16-m22-module-series-buttons-and-indication-lights\/potentiometers\/m22-r4k7-potentiometer-47k%cf%89-silver-ring-ip66\/","name":"M22-R4K7 potentiometer; 4,7k\u03a9; silver ring; IP66 - Sakala T\u00f6\u00f6stusautomaatika O\u00dc","isPartOf":{"@id":"https:\/\/sakt.ee\/en\/#website"},"primaryImageOfPage":{"@id":"https:\/\/sakt.ee\/en\/pood\/automatic-components\/m16-m22-module-series-buttons-and-indication-lights\/potentiometers\/m22-r4k7-potentiometer-47k%cf%89-silver-ring-ip66\/#primaryimage"},"image":{"@id":"https:\/\/sakt.ee\/en\/pood\/automatic-components\/m16-m22-module-series-buttons-and-indication-lights\/potentiometers\/m22-r4k7-potentiometer-47k%cf%89-silver-ring-ip66\/#primaryimage"},"thumbnailUrl":"https:\/\/sakt.ee\/wp-content\/uploads\/2025\/05\/2341.jpg","datePublished":"2025-05-16T16:17:43+00:00","dateModified":"2025-11-13T09:52:47+00:00","breadcrumb":{"@id":"https:\/\/sakt.ee\/en\/pood\/automatic-components\/m16-m22-module-series-buttons-and-indication-lights\/potentiometers\/m22-r4k7-potentiometer-47k%cf%89-silver-ring-ip66\/#breadcrumb"},"inLanguage":"en-US","potentialAction":[{"@type":"ReadAction","target":["https:\/\/sakt.ee\/en\/pood\/automatic-components\/m16-m22-module-series-buttons-and-indication-lights\/potentiometers\/m22-r4k7-potentiometer-47k%cf%89-silver-ring-ip66\/"]}]},{"@type":"ImageObject","inLanguage":"en-US","@id":"https:\/\/sakt.ee\/en\/pood\/automatic-components\/m16-m22-module-series-buttons-and-indication-lights\/potentiometers\/m22-r4k7-potentiometer-47k%cf%89-silver-ring-ip66\/#primaryimage","url":"https:\/\/sakt.ee\/wp-content\/uploads\/2025\/05\/2341.jpg","contentUrl":"https:\/\/sakt.ee\/wp-content\/uploads\/2025\/05\/2341.jpg","width":302,"height":220},{"@type":"BreadcrumbList","@id":"https:\/\/sakt.ee\/en\/pood\/automatic-components\/m16-m22-module-series-buttons-and-indication-lights\/potentiometers\/m22-r4k7-potentiometer-47k%cf%89-silver-ring-ip66\/#breadcrumb","itemListElement":[{"@type":"ListItem","position":1,"name":"Home","item":"https:\/\/sakt.ee\/"},{"@type":"ListItem","position":2,"name":"Shop","item":"https:\/\/sakt.ee\/en\/shop\/"},{"@type":"ListItem","position":3,"name":"M22-R4K7 potentiometer; 4,7k\u03a9; silver ring; IP66"}]},{"@type":"WebSite","@id":"https:\/\/sakt.ee\/en\/#website","url":"https:\/\/sakt.ee\/en\/","name":"Sakala T\u00f6\u00f6stusautomaatika O\u00dc","description":"T\u00f6\u00f6stusautomaatika e-pood","publisher":{"@id":"https:\/\/sakt.ee\/en\/#organization"},"potentialAction":[{"@type":"SearchAction","target":{"@type":"EntryPoint","urlTemplate":"https:\/\/sakt.ee\/en\/?s={search_term_string}"},"query-input":{"@type":"PropertyValueSpecification","valueRequired":true,"valueName":"search_term_string"}}],"inLanguage":"en-US"},{"@type":"Organization","@id":"https:\/\/sakt.ee\/en\/#organization","name":"Sakala T\u00f6\u00f6stusautomaatika O\u00dc","url":"https:\/\/sakt.ee\/en\/","logo":{"@type":"ImageObject","inLanguage":"en-US","@id":"https:\/\/sakt.ee\/en\/#\/schema\/logo\/image\/","url":"https:\/\/sakt.ee\/wp-content\/uploads\/2025\/05\/Sakala-Toostusautomaatika-favicon.png","contentUrl":"https:\/\/sakt.ee\/wp-content\/uploads\/2025\/05\/Sakala-Toostusautomaatika-favicon.png","width":500,"height":500,"caption":"Sakala T\u00f6\u00f6stusautomaatika O\u00dc"},"image":{"@id":"https:\/\/sakt.ee\/en\/#\/schema\/logo\/image\/"}}]},"product_price_amount":"23.95","product_price_currency":"EUR","og_availability":"instock","product_availability":"instock","product_retailer_item_id":"229490","product_condition":"new"},"_links":{"self":[{"href":"https:\/\/sakt.ee\/en\/wp-json\/wp\/v2\/product\/38947","targetHints":{"allow":["GET"]}}],"collection":[{"href":"https:\/\/sakt.ee\/en\/wp-json\/wp\/v2\/product"}],"about":[{"href":"https:\/\/sakt.ee\/en\/wp-json\/wp\/v2\/types\/product"}],"version-history":[{"count":0,"href":"https:\/\/sakt.ee\/en\/wp-json\/wp\/v2\/product\/38947\/revisions"}],"wp:featuredmedia":[{"embeddable":true,"href":"https:\/\/sakt.ee\/en\/wp-json\/wp\/v2\/media\/20368"}],"wp:attachment":[{"href":"https:\/\/sakt.ee\/en\/wp-json\/wp\/v2\/media?parent=38947"}],"wp:term":[{"taxonomy":"product_brand","embeddable":true,"href":"https:\/\/sakt.ee\/en\/wp-json\/wp\/v2\/product_brand?post=38947"},{"taxonomy":"product_cat","embeddable":true,"href":"https:\/\/sakt.ee\/en\/wp-json\/wp\/v2\/product_cat?post=38947"},{"taxonomy":"product_tag","embeddable":true,"href":"https:\/\/sakt.ee\/en\/wp-json\/wp\/v2\/product_tag?post=38947"},{"taxonomy":"manufacturers","embeddable":true,"href":"https:\/\/sakt.ee\/en\/wp-json\/wp\/v2\/manufacturers?post=38947"}],"curies":[{"name":"wp","href":"https:\/\/api.w.org\/{rel}","templated":true}]}}