{"id":37948,"date":"2025-05-17T01:49:45","date_gmt":"2025-05-16T22:49:45","guid":{"rendered":"https:\/\/sakt.ee\/product\/m22s-r30-for-the-transition-between-the-spacer\/"},"modified":"2025-11-18T23:51:34","modified_gmt":"2025-11-18T20:51:34","slug":"m22s-r30-for-the-transition-between-the-spacer","status":"publish","type":"product","link":"https:\/\/sakt.ee\/en\/pood\/automatic-components\/m16-m22-module-series-buttons-and-indication-lights\/other-products\/m22s-r30-for-the-transition-between-the-spacer\/","title":{"rendered":"M22S-R30 for the transition between the spacer"},"content":{"rendered":"","protected":false},"excerpt":{"rendered":"<p>\u2300 22,3 Installation of the device in \u2300 30,5 holes.The degree of protection is determined by the front element.<\/p>\n","protected":false},"featured_media":26093,"template":"","meta":{"_acf_changed":false},"product_brand":[],"product_cat":[3408],"product_tag":[],"manufacturers":[7785],"class_list":{"0":"post-37948","1":"product","2":"type-product","3":"status-publish","4":"has-post-thumbnail","6":"product_cat-other-products","7":"pa_kaitseklass-ip66-ip67-ip69k-en","8":"pa_materjal-plastics","9":"pa_seeria-m22-en","10":"pa_tootemperatuur-25-70c-en","11":"pa_tootja-eaton","12":"pa_varv-black","13":"manufacturers-eaton-en","15":"first","16":"instock","17":"taxable","18":"shipping-taxable","19":"purchasable","20":"product-type-simple"},"acf":[],"yoast_head":"<!-- This site is optimized with the Yoast SEO Premium plugin v25.4 (Yoast SEO v25.4) - https:\/\/yoast.com\/wordpress\/plugins\/seo\/ -->\n<title>M22S-R30 for the transition between the spacer - Sakala T\u00f6\u00f6stusautomaatika O\u00dc<\/title>\n<meta name=\"robots\" content=\"index, follow, max-snippet:-1, max-image-preview:large, max-video-preview:-1\" \/>\n<link rel=\"canonical\" href=\"https:\/\/sakt.ee\/pood\/automaatikakomponendid\/m16-m22-moodul-seeria-juhtnupud-ja-indikatsioonilambid\/muud-tooted\/m22s-r30-vaheluli-uleminekuks\/\" \/>\n<meta property=\"og:locale\" content=\"en_US\" \/>\n<meta property=\"og:type\" content=\"article\" \/>\n<meta property=\"og:title\" content=\"M22S-R30 for the transition between the spacer\" \/>\n<meta property=\"og:description\" content=\"\u2300 22,3 Installation of the device in \u2300 30,5 holes.The degree of protection is determined by the front element.\" \/>\n<meta property=\"og:url\" content=\"https:\/\/sakt.ee\/pood\/automaatikakomponendid\/m16-m22-moodul-seeria-juhtnupud-ja-indikatsioonilambid\/muud-tooted\/m22s-r30-vaheluli-uleminekuks\/\" \/>\n<meta property=\"og:site_name\" content=\"Sakala T\u00f6\u00f6stusautomaatika O\u00dc\" \/>\n<meta property=\"article:modified_time\" content=\"2025-11-18T20:51:34+00:00\" \/>\n<meta property=\"og:image\" content=\"https:\/\/sakt.ee\/wp-content\/uploads\/2025\/05\/3358.jpg\" \/>\n\t<meta property=\"og:image:width\" content=\"185\" \/>\n\t<meta property=\"og:image:height\" content=\"206\" \/>\n\t<meta property=\"og:image:type\" content=\"image\/jpeg\" \/>\n<meta name=\"twitter:card\" content=\"summary_large_image\" \/>\n<meta name=\"twitter:label1\" content=\"Price\" \/>\n\t<meta name=\"twitter:data1\" content=\"1,40&euro; +VAT\" \/>\n\t<meta name=\"twitter:label2\" content=\"Availability\" \/>\n\t<meta name=\"twitter:data2\" content=\"In stock\" \/>\n<script type=\"application\/ld+json\" class=\"yoast-schema-graph\">{\"@context\":\"https:\/\/schema.org\",\"@graph\":[{\"@type\":\"WebPage\",\"@id\":\"https:\/\/sakt.ee\/pood\/automaatikakomponendid\/m16-m22-moodul-seeria-juhtnupud-ja-indikatsioonilambid\/muud-tooted\/m22s-r30-vaheluli-uleminekuks\/\",\"url\":\"https:\/\/sakt.ee\/pood\/automaatikakomponendid\/m16-m22-moodul-seeria-juhtnupud-ja-indikatsioonilambid\/muud-tooted\/m22s-r30-vaheluli-uleminekuks\/\",\"name\":\"M22S-R30 for the transition between the spacer - Sakala T\u00f6\u00f6stusautomaatika O\u00dc\",\"isPartOf\":{\"@id\":\"https:\/\/sakt.ee\/en\/#website\"},\"primaryImageOfPage\":{\"@id\":\"https:\/\/sakt.ee\/pood\/automaatikakomponendid\/m16-m22-moodul-seeria-juhtnupud-ja-indikatsioonilambid\/muud-tooted\/m22s-r30-vaheluli-uleminekuks\/#primaryimage\"},\"image\":{\"@id\":\"https:\/\/sakt.ee\/pood\/automaatikakomponendid\/m16-m22-moodul-seeria-juhtnupud-ja-indikatsioonilambid\/muud-tooted\/m22s-r30-vaheluli-uleminekuks\/#primaryimage\"},\"thumbnailUrl\":\"https:\/\/sakt.ee\/wp-content\/uploads\/2025\/05\/3358.jpg\",\"datePublished\":\"2025-05-16T22:49:45+00:00\",\"dateModified\":\"2025-11-18T20:51:34+00:00\",\"breadcrumb\":{\"@id\":\"https:\/\/sakt.ee\/pood\/automaatikakomponendid\/m16-m22-moodul-seeria-juhtnupud-ja-indikatsioonilambid\/muud-tooted\/m22s-r30-vaheluli-uleminekuks\/#breadcrumb\"},\"inLanguage\":\"en-US\",\"potentialAction\":[{\"@type\":\"ReadAction\",\"target\":[\"https:\/\/sakt.ee\/pood\/automaatikakomponendid\/m16-m22-moodul-seeria-juhtnupud-ja-indikatsioonilambid\/muud-tooted\/m22s-r30-vaheluli-uleminekuks\/\"]}]},{\"@type\":\"ImageObject\",\"inLanguage\":\"en-US\",\"@id\":\"https:\/\/sakt.ee\/pood\/automaatikakomponendid\/m16-m22-moodul-seeria-juhtnupud-ja-indikatsioonilambid\/muud-tooted\/m22s-r30-vaheluli-uleminekuks\/#primaryimage\",\"url\":\"https:\/\/sakt.ee\/wp-content\/uploads\/2025\/05\/3358.jpg\",\"contentUrl\":\"https:\/\/sakt.ee\/wp-content\/uploads\/2025\/05\/3358.jpg\",\"width\":185,\"height\":206},{\"@type\":\"BreadcrumbList\",\"@id\":\"https:\/\/sakt.ee\/pood\/automaatikakomponendid\/m16-m22-moodul-seeria-juhtnupud-ja-indikatsioonilambid\/muud-tooted\/m22s-r30-vaheluli-uleminekuks\/#breadcrumb\",\"itemListElement\":[{\"@type\":\"ListItem\",\"position\":1,\"name\":\"Home\",\"item\":\"https:\/\/sakt.ee\/\"},{\"@type\":\"ListItem\",\"position\":2,\"name\":\"Shop\",\"item\":\"https:\/\/sakt.ee\/en\/shop\/\"},{\"@type\":\"ListItem\",\"position\":3,\"name\":\"M22S-R30 for the transition between the spacer\"}]},{\"@type\":\"WebSite\",\"@id\":\"https:\/\/sakt.ee\/en\/#website\",\"url\":\"https:\/\/sakt.ee\/en\/\",\"name\":\"Sakala T\u00f6\u00f6stusautomaatika O\u00dc\",\"description\":\"T\u00f6\u00f6stusautomaatika e-pood\",\"publisher\":{\"@id\":\"https:\/\/sakt.ee\/en\/#organization\"},\"potentialAction\":[{\"@type\":\"SearchAction\",\"target\":{\"@type\":\"EntryPoint\",\"urlTemplate\":\"https:\/\/sakt.ee\/en\/?s={search_term_string}\"},\"query-input\":{\"@type\":\"PropertyValueSpecification\",\"valueRequired\":true,\"valueName\":\"search_term_string\"}}],\"inLanguage\":\"en-US\"},{\"@type\":\"Organization\",\"@id\":\"https:\/\/sakt.ee\/en\/#organization\",\"name\":\"Sakala T\u00f6\u00f6stusautomaatika O\u00dc\",\"url\":\"https:\/\/sakt.ee\/en\/\",\"logo\":{\"@type\":\"ImageObject\",\"inLanguage\":\"en-US\",\"@id\":\"https:\/\/sakt.ee\/en\/#\/schema\/logo\/image\/\",\"url\":\"https:\/\/sakt.ee\/wp-content\/uploads\/2025\/05\/Sakala-Toostusautomaatika-favicon.png\",\"contentUrl\":\"https:\/\/sakt.ee\/wp-content\/uploads\/2025\/05\/Sakala-Toostusautomaatika-favicon.png\",\"width\":500,\"height\":500,\"caption\":\"Sakala T\u00f6\u00f6stusautomaatika O\u00dc\"},\"image\":{\"@id\":\"https:\/\/sakt.ee\/en\/#\/schema\/logo\/image\/\"}}]}<\/script>\n<meta property=\"product:price:amount\" content=\"1.40\" \/>\n<meta property=\"product:price:currency\" content=\"EUR\" \/>\n<meta property=\"og:availability\" content=\"instock\" \/>\n<meta property=\"product:availability\" content=\"instock\" \/>\n<meta property=\"product:retailer_item_id\" content=\"216408\" \/>\n<meta property=\"product:condition\" content=\"new\" \/>\n<!-- \/ Yoast SEO Premium plugin. -->","yoast_head_json":{"title":"M22S-R30 for the transition between the spacer - Sakala T\u00f6\u00f6stusautomaatika O\u00dc","robots":{"index":"index","follow":"follow","max-snippet":"max-snippet:-1","max-image-preview":"max-image-preview:large","max-video-preview":"max-video-preview:-1"},"canonical":"https:\/\/sakt.ee\/pood\/automaatikakomponendid\/m16-m22-moodul-seeria-juhtnupud-ja-indikatsioonilambid\/muud-tooted\/m22s-r30-vaheluli-uleminekuks\/","og_locale":"en_US","og_type":"article","og_title":"M22S-R30 for the transition between the spacer","og_description":"\u2300 22,3 Installation of the device in \u2300 30,5 holes.The degree of protection is determined by the front element.","og_url":"https:\/\/sakt.ee\/pood\/automaatikakomponendid\/m16-m22-moodul-seeria-juhtnupud-ja-indikatsioonilambid\/muud-tooted\/m22s-r30-vaheluli-uleminekuks\/","og_site_name":"Sakala T\u00f6\u00f6stusautomaatika O\u00dc","article_modified_time":"2025-11-18T20:51:34+00:00","og_image":[{"width":185,"height":206,"url":"https:\/\/sakt.ee\/wp-content\/uploads\/2025\/05\/3358.jpg","type":"image\/jpeg"}],"twitter_card":"summary_large_image","twitter_misc":{"Price":"1,40&euro; +VAT","Availability":"In stock"},"schema":{"@context":"https:\/\/schema.org","@graph":[{"@type":"WebPage","@id":"https:\/\/sakt.ee\/pood\/automaatikakomponendid\/m16-m22-moodul-seeria-juhtnupud-ja-indikatsioonilambid\/muud-tooted\/m22s-r30-vaheluli-uleminekuks\/","url":"https:\/\/sakt.ee\/pood\/automaatikakomponendid\/m16-m22-moodul-seeria-juhtnupud-ja-indikatsioonilambid\/muud-tooted\/m22s-r30-vaheluli-uleminekuks\/","name":"M22S-R30 for the transition between the spacer - Sakala T\u00f6\u00f6stusautomaatika O\u00dc","isPartOf":{"@id":"https:\/\/sakt.ee\/en\/#website"},"primaryImageOfPage":{"@id":"https:\/\/sakt.ee\/pood\/automaatikakomponendid\/m16-m22-moodul-seeria-juhtnupud-ja-indikatsioonilambid\/muud-tooted\/m22s-r30-vaheluli-uleminekuks\/#primaryimage"},"image":{"@id":"https:\/\/sakt.ee\/pood\/automaatikakomponendid\/m16-m22-moodul-seeria-juhtnupud-ja-indikatsioonilambid\/muud-tooted\/m22s-r30-vaheluli-uleminekuks\/#primaryimage"},"thumbnailUrl":"https:\/\/sakt.ee\/wp-content\/uploads\/2025\/05\/3358.jpg","datePublished":"2025-05-16T22:49:45+00:00","dateModified":"2025-11-18T20:51:34+00:00","breadcrumb":{"@id":"https:\/\/sakt.ee\/pood\/automaatikakomponendid\/m16-m22-moodul-seeria-juhtnupud-ja-indikatsioonilambid\/muud-tooted\/m22s-r30-vaheluli-uleminekuks\/#breadcrumb"},"inLanguage":"en-US","potentialAction":[{"@type":"ReadAction","target":["https:\/\/sakt.ee\/pood\/automaatikakomponendid\/m16-m22-moodul-seeria-juhtnupud-ja-indikatsioonilambid\/muud-tooted\/m22s-r30-vaheluli-uleminekuks\/"]}]},{"@type":"ImageObject","inLanguage":"en-US","@id":"https:\/\/sakt.ee\/pood\/automaatikakomponendid\/m16-m22-moodul-seeria-juhtnupud-ja-indikatsioonilambid\/muud-tooted\/m22s-r30-vaheluli-uleminekuks\/#primaryimage","url":"https:\/\/sakt.ee\/wp-content\/uploads\/2025\/05\/3358.jpg","contentUrl":"https:\/\/sakt.ee\/wp-content\/uploads\/2025\/05\/3358.jpg","width":185,"height":206},{"@type":"BreadcrumbList","@id":"https:\/\/sakt.ee\/pood\/automaatikakomponendid\/m16-m22-moodul-seeria-juhtnupud-ja-indikatsioonilambid\/muud-tooted\/m22s-r30-vaheluli-uleminekuks\/#breadcrumb","itemListElement":[{"@type":"ListItem","position":1,"name":"Home","item":"https:\/\/sakt.ee\/"},{"@type":"ListItem","position":2,"name":"Shop","item":"https:\/\/sakt.ee\/en\/shop\/"},{"@type":"ListItem","position":3,"name":"M22S-R30 for the transition between the spacer"}]},{"@type":"WebSite","@id":"https:\/\/sakt.ee\/en\/#website","url":"https:\/\/sakt.ee\/en\/","name":"Sakala T\u00f6\u00f6stusautomaatika O\u00dc","description":"T\u00f6\u00f6stusautomaatika e-pood","publisher":{"@id":"https:\/\/sakt.ee\/en\/#organization"},"potentialAction":[{"@type":"SearchAction","target":{"@type":"EntryPoint","urlTemplate":"https:\/\/sakt.ee\/en\/?s={search_term_string}"},"query-input":{"@type":"PropertyValueSpecification","valueRequired":true,"valueName":"search_term_string"}}],"inLanguage":"en-US"},{"@type":"Organization","@id":"https:\/\/sakt.ee\/en\/#organization","name":"Sakala T\u00f6\u00f6stusautomaatika O\u00dc","url":"https:\/\/sakt.ee\/en\/","logo":{"@type":"ImageObject","inLanguage":"en-US","@id":"https:\/\/sakt.ee\/en\/#\/schema\/logo\/image\/","url":"https:\/\/sakt.ee\/wp-content\/uploads\/2025\/05\/Sakala-Toostusautomaatika-favicon.png","contentUrl":"https:\/\/sakt.ee\/wp-content\/uploads\/2025\/05\/Sakala-Toostusautomaatika-favicon.png","width":500,"height":500,"caption":"Sakala T\u00f6\u00f6stusautomaatika O\u00dc"},"image":{"@id":"https:\/\/sakt.ee\/en\/#\/schema\/logo\/image\/"}}]},"product_price_amount":"1.40","product_price_currency":"EUR","og_availability":"instock","product_availability":"instock","product_retailer_item_id":"216408","product_condition":"new"},"_links":{"self":[{"href":"https:\/\/sakt.ee\/en\/wp-json\/wp\/v2\/product\/37948","targetHints":{"allow":["GET"]}}],"collection":[{"href":"https:\/\/sakt.ee\/en\/wp-json\/wp\/v2\/product"}],"about":[{"href":"https:\/\/sakt.ee\/en\/wp-json\/wp\/v2\/types\/product"}],"version-history":[{"count":0,"href":"https:\/\/sakt.ee\/en\/wp-json\/wp\/v2\/product\/37948\/revisions"}],"wp:featuredmedia":[{"embeddable":true,"href":"https:\/\/sakt.ee\/en\/wp-json\/wp\/v2\/media\/26093"}],"wp:attachment":[{"href":"https:\/\/sakt.ee\/en\/wp-json\/wp\/v2\/media?parent=37948"}],"wp:term":[{"taxonomy":"product_brand","embeddable":true,"href":"https:\/\/sakt.ee\/en\/wp-json\/wp\/v2\/product_brand?post=37948"},{"taxonomy":"product_cat","embeddable":true,"href":"https:\/\/sakt.ee\/en\/wp-json\/wp\/v2\/product_cat?post=37948"},{"taxonomy":"product_tag","embeddable":true,"href":"https:\/\/sakt.ee\/en\/wp-json\/wp\/v2\/product_tag?post=37948"},{"taxonomy":"manufacturers","embeddable":true,"href":"https:\/\/sakt.ee\/en\/wp-json\/wp\/v2\/manufacturers?post=37948"}],"curies":[{"name":"wp","href":"https:\/\/api.w.org\/{rel}","templated":true}]}}