{"id":37625,"date":"2025-11-18T21:48:07","date_gmt":"2025-11-18T18:48:07","guid":{"rendered":"https:\/\/sakt.ee\/product\/erm-3770-digital-tachometer-24dc-on-off-1-x-relay-5a-ip65-20\/"},"modified":"2025-11-18T21:48:09","modified_gmt":"2025-11-18T18:48:09","slug":"erm-3770-digital-tachometer-24dc-on-off-1-x-relay-5a-ip65-20","status":"publish","type":"product","link":"https:\/\/sakt.ee\/en\/pood\/controllers-indicators\/tachometers\/erm-3770-digital-tachometer-24dc-on-off-1-x-relay-5a-ip65-20\/","title":{"rendered":"ERM-3770 digital tachometer; 24DC; ON\/OFF; 1 x relay (5A); IP65\/20"},"content":{"rendered":"","protected":false},"excerpt":{"rendered":"<p>The control form of the digital tachymeter is ON\/OFF.<br \/>\nThe display of the tachymeter has 4 red LED digits of size 10mm.<br \/>\nTachymeter input: NPN or PNP.<br \/>\nTachymeter output: relay (5A).<br \/>\nFront panel IP65, rear IP20.<\/p>\n","protected":false},"featured_media":24749,"template":"","meta":{"_acf_changed":false},"product_brand":[],"product_cat":[4630],"product_tag":[],"manufacturers":[7793],"class_list":{"0":"post-37625","1":"product","2":"type-product","3":"status-publish","4":"has-post-thumbnail","6":"product_cat-tachometers","7":"pa_kaitseklass-ip65-en","8":"pa_korgus-35mm-en","9":"pa_laius-77mm-en","10":"pa_paigaldus-panel","11":"pa_ridade-arv-1-row","12":"pa_sisend-pnp-npn-en","13":"pa_toide-24v-dc-en","14":"pa_toode-digital-tachometer-erm-3770","15":"pa_tootja-emko","16":"pa_valjund-relay","17":"manufacturers-emko-en","19":"first","20":"instock","21":"taxable","22":"shipping-taxable","23":"purchasable","24":"product-type-simple"},"acf":[],"yoast_head":"<!-- This site is optimized with the Yoast SEO Premium plugin v25.4 (Yoast SEO v25.4) - https:\/\/yoast.com\/wordpress\/plugins\/seo\/ -->\n<title>ERM-3770 digital tachometer; 24DC; ON\/OFF; 1 x relay (5A); IP65\/20 - Sakala T\u00f6\u00f6stusautomaatika O\u00dc<\/title>\n<meta name=\"robots\" content=\"index, follow, max-snippet:-1, max-image-preview:large, max-video-preview:-1\" \/>\n<link rel=\"canonical\" href=\"https:\/\/sakt.ee\/en\/pood\/controllers-indicators\/tachometers\/erm-3770-digital-tachometer-24dc-on-off-1-x-relay-5a-ip65-20\/\" \/>\n<meta property=\"og:locale\" content=\"en_US\" \/>\n<meta property=\"og:type\" content=\"article\" \/>\n<meta property=\"og:title\" content=\"ERM-3770 digital tachometer; 24DC; ON\/OFF; 1 x relay (5A); IP65\/20\" \/>\n<meta property=\"og:description\" content=\"The control form of the digital tachymeter is ON\/OFF. The display of the tachymeter has 4 red LED digits of size 10mm. Tachymeter input: NPN or PNP. Tachymeter output: relay (5A). Front panel IP65, rear IP20.\" \/>\n<meta property=\"og:url\" content=\"https:\/\/sakt.ee\/en\/pood\/controllers-indicators\/tachometers\/erm-3770-digital-tachometer-24dc-on-off-1-x-relay-5a-ip65-20\/\" \/>\n<meta property=\"og:site_name\" content=\"Sakala T\u00f6\u00f6stusautomaatika O\u00dc\" \/>\n<meta property=\"article:modified_time\" content=\"2025-11-18T18:48:09+00:00\" \/>\n<meta property=\"og:image\" content=\"https:\/\/sakt.ee\/wp-content\/uploads\/2025\/05\/24.jpg\" \/>\n\t<meta property=\"og:image:width\" content=\"591\" \/>\n\t<meta property=\"og:image:height\" content=\"354\" \/>\n\t<meta property=\"og:image:type\" content=\"image\/jpeg\" \/>\n<meta name=\"twitter:card\" content=\"summary_large_image\" \/>\n<meta name=\"twitter:label1\" content=\"Price\" \/>\n\t<meta name=\"twitter:data1\" content=\"75,20&euro; +VAT\" \/>\n\t<meta name=\"twitter:label2\" content=\"Availability\" \/>\n\t<meta name=\"twitter:data2\" content=\"In stock\" \/>\n<script type=\"application\/ld+json\" class=\"yoast-schema-graph\">{\"@context\":\"https:\/\/schema.org\",\"@graph\":[{\"@type\":\"WebPage\",\"@id\":\"https:\/\/sakt.ee\/en\/pood\/controllers-indicators\/tachometers\/erm-3770-digital-tachometer-24dc-on-off-1-x-relay-5a-ip65-20\/\",\"url\":\"https:\/\/sakt.ee\/en\/pood\/controllers-indicators\/tachometers\/erm-3770-digital-tachometer-24dc-on-off-1-x-relay-5a-ip65-20\/\",\"name\":\"ERM-3770 digital tachometer; 24DC; ON\/OFF; 1 x relay (5A); IP65\/20 - Sakala T\u00f6\u00f6stusautomaatika O\u00dc\",\"isPartOf\":{\"@id\":\"https:\/\/sakt.ee\/en\/#website\"},\"primaryImageOfPage\":{\"@id\":\"https:\/\/sakt.ee\/en\/pood\/controllers-indicators\/tachometers\/erm-3770-digital-tachometer-24dc-on-off-1-x-relay-5a-ip65-20\/#primaryimage\"},\"image\":{\"@id\":\"https:\/\/sakt.ee\/en\/pood\/controllers-indicators\/tachometers\/erm-3770-digital-tachometer-24dc-on-off-1-x-relay-5a-ip65-20\/#primaryimage\"},\"thumbnailUrl\":\"https:\/\/sakt.ee\/wp-content\/uploads\/2025\/05\/24.jpg\",\"datePublished\":\"2025-11-18T18:48:07+00:00\",\"dateModified\":\"2025-11-18T18:48:09+00:00\",\"breadcrumb\":{\"@id\":\"https:\/\/sakt.ee\/en\/pood\/controllers-indicators\/tachometers\/erm-3770-digital-tachometer-24dc-on-off-1-x-relay-5a-ip65-20\/#breadcrumb\"},\"inLanguage\":\"en-US\",\"potentialAction\":[{\"@type\":\"ReadAction\",\"target\":[\"https:\/\/sakt.ee\/en\/pood\/controllers-indicators\/tachometers\/erm-3770-digital-tachometer-24dc-on-off-1-x-relay-5a-ip65-20\/\"]}]},{\"@type\":\"ImageObject\",\"inLanguage\":\"en-US\",\"@id\":\"https:\/\/sakt.ee\/en\/pood\/controllers-indicators\/tachometers\/erm-3770-digital-tachometer-24dc-on-off-1-x-relay-5a-ip65-20\/#primaryimage\",\"url\":\"https:\/\/sakt.ee\/wp-content\/uploads\/2025\/05\/24.jpg\",\"contentUrl\":\"https:\/\/sakt.ee\/wp-content\/uploads\/2025\/05\/24.jpg\",\"width\":591,\"height\":354},{\"@type\":\"BreadcrumbList\",\"@id\":\"https:\/\/sakt.ee\/en\/pood\/controllers-indicators\/tachometers\/erm-3770-digital-tachometer-24dc-on-off-1-x-relay-5a-ip65-20\/#breadcrumb\",\"itemListElement\":[{\"@type\":\"ListItem\",\"position\":1,\"name\":\"Home\",\"item\":\"https:\/\/sakt.ee\/\"},{\"@type\":\"ListItem\",\"position\":2,\"name\":\"Shop\",\"item\":\"https:\/\/sakt.ee\/en\/shop\/\"},{\"@type\":\"ListItem\",\"position\":3,\"name\":\"ERM-3770 digital tachometer; 24DC; ON\/OFF; 1 x relay (5A); IP65\/20\"}]},{\"@type\":\"WebSite\",\"@id\":\"https:\/\/sakt.ee\/en\/#website\",\"url\":\"https:\/\/sakt.ee\/en\/\",\"name\":\"Sakala T\u00f6\u00f6stusautomaatika O\u00dc\",\"description\":\"T\u00f6\u00f6stusautomaatika e-pood\",\"publisher\":{\"@id\":\"https:\/\/sakt.ee\/en\/#organization\"},\"potentialAction\":[{\"@type\":\"SearchAction\",\"target\":{\"@type\":\"EntryPoint\",\"urlTemplate\":\"https:\/\/sakt.ee\/en\/?s={search_term_string}\"},\"query-input\":{\"@type\":\"PropertyValueSpecification\",\"valueRequired\":true,\"valueName\":\"search_term_string\"}}],\"inLanguage\":\"en-US\"},{\"@type\":\"Organization\",\"@id\":\"https:\/\/sakt.ee\/en\/#organization\",\"name\":\"Sakala T\u00f6\u00f6stusautomaatika O\u00dc\",\"url\":\"https:\/\/sakt.ee\/en\/\",\"logo\":{\"@type\":\"ImageObject\",\"inLanguage\":\"en-US\",\"@id\":\"https:\/\/sakt.ee\/en\/#\/schema\/logo\/image\/\",\"url\":\"https:\/\/sakt.ee\/wp-content\/uploads\/2025\/05\/Sakala-Toostusautomaatika-favicon.png\",\"contentUrl\":\"https:\/\/sakt.ee\/wp-content\/uploads\/2025\/05\/Sakala-Toostusautomaatika-favicon.png\",\"width\":500,\"height\":500,\"caption\":\"Sakala T\u00f6\u00f6stusautomaatika O\u00dc\"},\"image\":{\"@id\":\"https:\/\/sakt.ee\/en\/#\/schema\/logo\/image\/\"}}]}<\/script>\n<meta property=\"product:price:amount\" content=\"75.20\" \/>\n<meta property=\"product:price:currency\" content=\"EUR\" \/>\n<meta property=\"og:availability\" content=\"instock\" \/>\n<meta property=\"product:availability\" content=\"instock\" \/>\n<meta property=\"product:retailer_item_id\" content=\"ERM-3770.2.00.0.1\/00.00\/0.0.0.0\" \/>\n<meta property=\"product:condition\" content=\"new\" \/>\n<!-- \/ Yoast SEO Premium plugin. -->","yoast_head_json":{"title":"ERM-3770 digital tachometer; 24DC; ON\/OFF; 1 x relay (5A); IP65\/20 - Sakala T\u00f6\u00f6stusautomaatika O\u00dc","robots":{"index":"index","follow":"follow","max-snippet":"max-snippet:-1","max-image-preview":"max-image-preview:large","max-video-preview":"max-video-preview:-1"},"canonical":"https:\/\/sakt.ee\/en\/pood\/controllers-indicators\/tachometers\/erm-3770-digital-tachometer-24dc-on-off-1-x-relay-5a-ip65-20\/","og_locale":"en_US","og_type":"article","og_title":"ERM-3770 digital tachometer; 24DC; ON\/OFF; 1 x relay (5A); IP65\/20","og_description":"The control form of the digital tachymeter is ON\/OFF. The display of the tachymeter has 4 red LED digits of size 10mm. Tachymeter input: NPN or PNP. Tachymeter output: relay (5A). Front panel IP65, rear IP20.","og_url":"https:\/\/sakt.ee\/en\/pood\/controllers-indicators\/tachometers\/erm-3770-digital-tachometer-24dc-on-off-1-x-relay-5a-ip65-20\/","og_site_name":"Sakala T\u00f6\u00f6stusautomaatika O\u00dc","article_modified_time":"2025-11-18T18:48:09+00:00","og_image":[{"width":591,"height":354,"url":"https:\/\/sakt.ee\/wp-content\/uploads\/2025\/05\/24.jpg","type":"image\/jpeg"}],"twitter_card":"summary_large_image","twitter_misc":{"Price":"75,20&euro; +VAT","Availability":"In stock"},"schema":{"@context":"https:\/\/schema.org","@graph":[{"@type":"WebPage","@id":"https:\/\/sakt.ee\/en\/pood\/controllers-indicators\/tachometers\/erm-3770-digital-tachometer-24dc-on-off-1-x-relay-5a-ip65-20\/","url":"https:\/\/sakt.ee\/en\/pood\/controllers-indicators\/tachometers\/erm-3770-digital-tachometer-24dc-on-off-1-x-relay-5a-ip65-20\/","name":"ERM-3770 digital tachometer; 24DC; ON\/OFF; 1 x relay (5A); IP65\/20 - Sakala T\u00f6\u00f6stusautomaatika O\u00dc","isPartOf":{"@id":"https:\/\/sakt.ee\/en\/#website"},"primaryImageOfPage":{"@id":"https:\/\/sakt.ee\/en\/pood\/controllers-indicators\/tachometers\/erm-3770-digital-tachometer-24dc-on-off-1-x-relay-5a-ip65-20\/#primaryimage"},"image":{"@id":"https:\/\/sakt.ee\/en\/pood\/controllers-indicators\/tachometers\/erm-3770-digital-tachometer-24dc-on-off-1-x-relay-5a-ip65-20\/#primaryimage"},"thumbnailUrl":"https:\/\/sakt.ee\/wp-content\/uploads\/2025\/05\/24.jpg","datePublished":"2025-11-18T18:48:07+00:00","dateModified":"2025-11-18T18:48:09+00:00","breadcrumb":{"@id":"https:\/\/sakt.ee\/en\/pood\/controllers-indicators\/tachometers\/erm-3770-digital-tachometer-24dc-on-off-1-x-relay-5a-ip65-20\/#breadcrumb"},"inLanguage":"en-US","potentialAction":[{"@type":"ReadAction","target":["https:\/\/sakt.ee\/en\/pood\/controllers-indicators\/tachometers\/erm-3770-digital-tachometer-24dc-on-off-1-x-relay-5a-ip65-20\/"]}]},{"@type":"ImageObject","inLanguage":"en-US","@id":"https:\/\/sakt.ee\/en\/pood\/controllers-indicators\/tachometers\/erm-3770-digital-tachometer-24dc-on-off-1-x-relay-5a-ip65-20\/#primaryimage","url":"https:\/\/sakt.ee\/wp-content\/uploads\/2025\/05\/24.jpg","contentUrl":"https:\/\/sakt.ee\/wp-content\/uploads\/2025\/05\/24.jpg","width":591,"height":354},{"@type":"BreadcrumbList","@id":"https:\/\/sakt.ee\/en\/pood\/controllers-indicators\/tachometers\/erm-3770-digital-tachometer-24dc-on-off-1-x-relay-5a-ip65-20\/#breadcrumb","itemListElement":[{"@type":"ListItem","position":1,"name":"Home","item":"https:\/\/sakt.ee\/"},{"@type":"ListItem","position":2,"name":"Shop","item":"https:\/\/sakt.ee\/en\/shop\/"},{"@type":"ListItem","position":3,"name":"ERM-3770 digital tachometer; 24DC; ON\/OFF; 1 x relay (5A); IP65\/20"}]},{"@type":"WebSite","@id":"https:\/\/sakt.ee\/en\/#website","url":"https:\/\/sakt.ee\/en\/","name":"Sakala T\u00f6\u00f6stusautomaatika O\u00dc","description":"T\u00f6\u00f6stusautomaatika e-pood","publisher":{"@id":"https:\/\/sakt.ee\/en\/#organization"},"potentialAction":[{"@type":"SearchAction","target":{"@type":"EntryPoint","urlTemplate":"https:\/\/sakt.ee\/en\/?s={search_term_string}"},"query-input":{"@type":"PropertyValueSpecification","valueRequired":true,"valueName":"search_term_string"}}],"inLanguage":"en-US"},{"@type":"Organization","@id":"https:\/\/sakt.ee\/en\/#organization","name":"Sakala T\u00f6\u00f6stusautomaatika O\u00dc","url":"https:\/\/sakt.ee\/en\/","logo":{"@type":"ImageObject","inLanguage":"en-US","@id":"https:\/\/sakt.ee\/en\/#\/schema\/logo\/image\/","url":"https:\/\/sakt.ee\/wp-content\/uploads\/2025\/05\/Sakala-Toostusautomaatika-favicon.png","contentUrl":"https:\/\/sakt.ee\/wp-content\/uploads\/2025\/05\/Sakala-Toostusautomaatika-favicon.png","width":500,"height":500,"caption":"Sakala T\u00f6\u00f6stusautomaatika O\u00dc"},"image":{"@id":"https:\/\/sakt.ee\/en\/#\/schema\/logo\/image\/"}}]},"product_price_amount":"75.20","product_price_currency":"EUR","og_availability":"instock","product_availability":"instock","product_retailer_item_id":"ERM-3770.2.00.0.1\/00.00\/0.0.0.0","product_condition":"new"},"_links":{"self":[{"href":"https:\/\/sakt.ee\/en\/wp-json\/wp\/v2\/product\/37625","targetHints":{"allow":["GET"]}}],"collection":[{"href":"https:\/\/sakt.ee\/en\/wp-json\/wp\/v2\/product"}],"about":[{"href":"https:\/\/sakt.ee\/en\/wp-json\/wp\/v2\/types\/product"}],"version-history":[{"count":0,"href":"https:\/\/sakt.ee\/en\/wp-json\/wp\/v2\/product\/37625\/revisions"}],"wp:featuredmedia":[{"embeddable":true,"href":"https:\/\/sakt.ee\/en\/wp-json\/wp\/v2\/media\/24749"}],"wp:attachment":[{"href":"https:\/\/sakt.ee\/en\/wp-json\/wp\/v2\/media?parent=37625"}],"wp:term":[{"taxonomy":"product_brand","embeddable":true,"href":"https:\/\/sakt.ee\/en\/wp-json\/wp\/v2\/product_brand?post=37625"},{"taxonomy":"product_cat","embeddable":true,"href":"https:\/\/sakt.ee\/en\/wp-json\/wp\/v2\/product_cat?post=37625"},{"taxonomy":"product_tag","embeddable":true,"href":"https:\/\/sakt.ee\/en\/wp-json\/wp\/v2\/product_tag?post=37625"},{"taxonomy":"manufacturers","embeddable":true,"href":"https:\/\/sakt.ee\/en\/wp-json\/wp\/v2\/manufacturers?post=37625"}],"curies":[{"name":"wp","href":"https:\/\/api.w.org\/{rel}","templated":true}]}}