{"id":37299,"date":"2025-11-18T21:45:03","date_gmt":"2025-11-18T18:45:03","guid":{"rendered":"https:\/\/sakt.ee\/product\/j-thermocouple-0-400c-5x100mm-m12x15-2-class-2m-glass-fibre-t-c-connector\/"},"modified":"2025-11-25T13:04:18","modified_gmt":"2025-11-25T10:04:18","slug":"j-thermocouple-0-400c-5x100mm-m12x15-2-class-2m-glass-fibre-t-c-connector","status":"publish","type":"product","link":"https:\/\/sakt.ee\/en\/pood\/process-sensors\/temperature-sensors\/wired-temperature-sensors\/j-thermocouple-0-400c-5x100mm-m12x15-2-class-2m-glass-fibre-t-c-connector\/","title":{"rendered":"J-thermocouple; 0&#8230;+400C; 5x100mm; M12x1,5; 2-class; 2m glass fibre; T\/C connector"},"content":{"rendered":"","protected":false},"excerpt":{"rendered":"","protected":false},"featured_media":24189,"template":"","meta":{"_acf_changed":false},"product_brand":[],"product_cat":[4147],"product_tag":[],"manufacturers":[7855],"class_list":{"0":"post-37299","1":"product","2":"type-product","3":"status-publish","4":"has-post-thumbnail","6":"product_cat-wired-temperature-sensors","7":"pa_juhtmete-arv-2-en","8":"pa_kaabli-pikkus-2m-en","9":"pa_labimoot-5mm-en","10":"pa_materjal-fibreglass","11":"pa_mootepiirkond-0-400c-en","12":"pa_pikkus-100mm-en","13":"pa_tapsusklass-2-en","14":"pa_toode-j-thermocouple","15":"pa_tootja-comeco","16":"pa_uhendustuup-tc-connector","17":"manufacturers-comeco-en","19":"first","20":"instock","21":"taxable","22":"shipping-taxable","23":"purchasable","24":"product-type-simple"},"acf":[],"yoast_head":"<!-- This site is optimized with the Yoast SEO Premium plugin v25.4 (Yoast SEO v25.4) - https:\/\/yoast.com\/wordpress\/plugins\/seo\/ -->\n<title>J-thermocouple; 0...+400C; 5x100mm; M12x1,5; 2-class; 2m glass fibre; T\/C connector - Sakala T\u00f6\u00f6stusautomaatika O\u00dc<\/title>\n<meta name=\"robots\" content=\"index, follow, max-snippet:-1, max-image-preview:large, max-video-preview:-1\" \/>\n<link rel=\"canonical\" href=\"https:\/\/sakt.ee\/en\/pood\/process-sensors\/temperature-sensors\/wired-temperature-sensors\/j-thermocouple-0-400c-5x100mm-m12x15-2-class-2m-glass-fibre-t-c-connector\/\" \/>\n<meta property=\"og:locale\" content=\"en_US\" \/>\n<meta property=\"og:type\" content=\"article\" \/>\n<meta property=\"og:title\" content=\"J-thermocouple; 0...+400C; 5x100mm; M12x1,5; 2-class; 2m glass fibre; T\/C connector\" \/>\n<meta property=\"og:url\" content=\"https:\/\/sakt.ee\/en\/pood\/process-sensors\/temperature-sensors\/wired-temperature-sensors\/j-thermocouple-0-400c-5x100mm-m12x15-2-class-2m-glass-fibre-t-c-connector\/\" \/>\n<meta property=\"og:site_name\" content=\"Sakala T\u00f6\u00f6stusautomaatika O\u00dc\" \/>\n<meta property=\"article:modified_time\" content=\"2025-11-25T10:04:18+00:00\" \/>\n<meta property=\"og:image\" content=\"https:\/\/sakt.ee\/wp-content\/uploads\/2025\/05\/3618.jpg\" \/>\n\t<meta property=\"og:image:width\" content=\"334\" \/>\n\t<meta property=\"og:image:height\" content=\"124\" \/>\n\t<meta property=\"og:image:type\" content=\"image\/jpeg\" \/>\n<meta name=\"twitter:card\" content=\"summary_large_image\" \/>\n<meta name=\"twitter:label1\" content=\"Price\" \/>\n\t<meta name=\"twitter:data1\" content=\"36,65&euro; +VAT\" \/>\n\t<meta name=\"twitter:label2\" content=\"Availability\" \/>\n\t<meta name=\"twitter:data2\" content=\"In stock\" \/>\n<script type=\"application\/ld+json\" class=\"yoast-schema-graph\">{\"@context\":\"https:\/\/schema.org\",\"@graph\":[{\"@type\":\"WebPage\",\"@id\":\"https:\/\/sakt.ee\/en\/pood\/process-sensors\/temperature-sensors\/wired-temperature-sensors\/j-thermocouple-0-400c-5x100mm-m12x15-2-class-2m-glass-fibre-t-c-connector\/\",\"url\":\"https:\/\/sakt.ee\/en\/pood\/process-sensors\/temperature-sensors\/wired-temperature-sensors\/j-thermocouple-0-400c-5x100mm-m12x15-2-class-2m-glass-fibre-t-c-connector\/\",\"name\":\"J-thermocouple; 0...+400C; 5x100mm; M12x1,5; 2-class; 2m glass fibre; T\/C connector - Sakala T\u00f6\u00f6stusautomaatika O\u00dc\",\"isPartOf\":{\"@id\":\"https:\/\/sakt.ee\/en\/#website\"},\"primaryImageOfPage\":{\"@id\":\"https:\/\/sakt.ee\/en\/pood\/process-sensors\/temperature-sensors\/wired-temperature-sensors\/j-thermocouple-0-400c-5x100mm-m12x15-2-class-2m-glass-fibre-t-c-connector\/#primaryimage\"},\"image\":{\"@id\":\"https:\/\/sakt.ee\/en\/pood\/process-sensors\/temperature-sensors\/wired-temperature-sensors\/j-thermocouple-0-400c-5x100mm-m12x15-2-class-2m-glass-fibre-t-c-connector\/#primaryimage\"},\"thumbnailUrl\":\"https:\/\/sakt.ee\/wp-content\/uploads\/2025\/05\/3618.jpg\",\"datePublished\":\"2025-11-18T18:45:03+00:00\",\"dateModified\":\"2025-11-25T10:04:18+00:00\",\"breadcrumb\":{\"@id\":\"https:\/\/sakt.ee\/en\/pood\/process-sensors\/temperature-sensors\/wired-temperature-sensors\/j-thermocouple-0-400c-5x100mm-m12x15-2-class-2m-glass-fibre-t-c-connector\/#breadcrumb\"},\"inLanguage\":\"en-US\",\"potentialAction\":[{\"@type\":\"ReadAction\",\"target\":[\"https:\/\/sakt.ee\/en\/pood\/process-sensors\/temperature-sensors\/wired-temperature-sensors\/j-thermocouple-0-400c-5x100mm-m12x15-2-class-2m-glass-fibre-t-c-connector\/\"]}]},{\"@type\":\"ImageObject\",\"inLanguage\":\"en-US\",\"@id\":\"https:\/\/sakt.ee\/en\/pood\/process-sensors\/temperature-sensors\/wired-temperature-sensors\/j-thermocouple-0-400c-5x100mm-m12x15-2-class-2m-glass-fibre-t-c-connector\/#primaryimage\",\"url\":\"https:\/\/sakt.ee\/wp-content\/uploads\/2025\/05\/3618.jpg\",\"contentUrl\":\"https:\/\/sakt.ee\/wp-content\/uploads\/2025\/05\/3618.jpg\",\"width\":334,\"height\":124},{\"@type\":\"BreadcrumbList\",\"@id\":\"https:\/\/sakt.ee\/en\/pood\/process-sensors\/temperature-sensors\/wired-temperature-sensors\/j-thermocouple-0-400c-5x100mm-m12x15-2-class-2m-glass-fibre-t-c-connector\/#breadcrumb\",\"itemListElement\":[{\"@type\":\"ListItem\",\"position\":1,\"name\":\"Home\",\"item\":\"https:\/\/sakt.ee\/\"},{\"@type\":\"ListItem\",\"position\":2,\"name\":\"Shop\",\"item\":\"https:\/\/sakt.ee\/en\/shop\/\"},{\"@type\":\"ListItem\",\"position\":3,\"name\":\"J-thermocouple; 0&#8230;+400C; 5x100mm; M12x1,5; 2-class; 2m glass fibre; T\/C connector\"}]},{\"@type\":\"WebSite\",\"@id\":\"https:\/\/sakt.ee\/en\/#website\",\"url\":\"https:\/\/sakt.ee\/en\/\",\"name\":\"Sakala T\u00f6\u00f6stusautomaatika O\u00dc\",\"description\":\"T\u00f6\u00f6stusautomaatika e-pood\",\"publisher\":{\"@id\":\"https:\/\/sakt.ee\/en\/#organization\"},\"potentialAction\":[{\"@type\":\"SearchAction\",\"target\":{\"@type\":\"EntryPoint\",\"urlTemplate\":\"https:\/\/sakt.ee\/en\/?s={search_term_string}\"},\"query-input\":{\"@type\":\"PropertyValueSpecification\",\"valueRequired\":true,\"valueName\":\"search_term_string\"}}],\"inLanguage\":\"en-US\"},{\"@type\":\"Organization\",\"@id\":\"https:\/\/sakt.ee\/en\/#organization\",\"name\":\"Sakala T\u00f6\u00f6stusautomaatika O\u00dc\",\"url\":\"https:\/\/sakt.ee\/en\/\",\"logo\":{\"@type\":\"ImageObject\",\"inLanguage\":\"en-US\",\"@id\":\"https:\/\/sakt.ee\/en\/#\/schema\/logo\/image\/\",\"url\":\"https:\/\/sakt.ee\/wp-content\/uploads\/2025\/05\/Sakala-Toostusautomaatika-favicon.png\",\"contentUrl\":\"https:\/\/sakt.ee\/wp-content\/uploads\/2025\/05\/Sakala-Toostusautomaatika-favicon.png\",\"width\":500,\"height\":500,\"caption\":\"Sakala T\u00f6\u00f6stusautomaatika O\u00dc\"},\"image\":{\"@id\":\"https:\/\/sakt.ee\/en\/#\/schema\/logo\/image\/\"}}]}<\/script>\n<meta property=\"product:price:amount\" content=\"36.65\" \/>\n<meta property=\"product:price:currency\" content=\"EUR\" \/>\n<meta property=\"og:availability\" content=\"instock\" \/>\n<meta property=\"product:availability\" content=\"instock\" \/>\n<meta property=\"product:retailer_item_id\" content=\"TSAG-J.T8.5.100.2GL.Q7.M1.2.X.C5\" \/>\n<meta property=\"product:condition\" content=\"new\" \/>\n<!-- \/ Yoast SEO Premium plugin. -->","yoast_head_json":{"title":"J-thermocouple; 0...+400C; 5x100mm; M12x1,5; 2-class; 2m glass fibre; T\/C connector - Sakala T\u00f6\u00f6stusautomaatika O\u00dc","robots":{"index":"index","follow":"follow","max-snippet":"max-snippet:-1","max-image-preview":"max-image-preview:large","max-video-preview":"max-video-preview:-1"},"canonical":"https:\/\/sakt.ee\/en\/pood\/process-sensors\/temperature-sensors\/wired-temperature-sensors\/j-thermocouple-0-400c-5x100mm-m12x15-2-class-2m-glass-fibre-t-c-connector\/","og_locale":"en_US","og_type":"article","og_title":"J-thermocouple; 0...+400C; 5x100mm; M12x1,5; 2-class; 2m glass fibre; T\/C connector","og_url":"https:\/\/sakt.ee\/en\/pood\/process-sensors\/temperature-sensors\/wired-temperature-sensors\/j-thermocouple-0-400c-5x100mm-m12x15-2-class-2m-glass-fibre-t-c-connector\/","og_site_name":"Sakala T\u00f6\u00f6stusautomaatika O\u00dc","article_modified_time":"2025-11-25T10:04:18+00:00","og_image":[{"width":334,"height":124,"url":"https:\/\/sakt.ee\/wp-content\/uploads\/2025\/05\/3618.jpg","type":"image\/jpeg"}],"twitter_card":"summary_large_image","twitter_misc":{"Price":"36,65&euro; +VAT","Availability":"In stock"},"schema":{"@context":"https:\/\/schema.org","@graph":[{"@type":"WebPage","@id":"https:\/\/sakt.ee\/en\/pood\/process-sensors\/temperature-sensors\/wired-temperature-sensors\/j-thermocouple-0-400c-5x100mm-m12x15-2-class-2m-glass-fibre-t-c-connector\/","url":"https:\/\/sakt.ee\/en\/pood\/process-sensors\/temperature-sensors\/wired-temperature-sensors\/j-thermocouple-0-400c-5x100mm-m12x15-2-class-2m-glass-fibre-t-c-connector\/","name":"J-thermocouple; 0...+400C; 5x100mm; M12x1,5; 2-class; 2m glass fibre; T\/C connector - Sakala T\u00f6\u00f6stusautomaatika O\u00dc","isPartOf":{"@id":"https:\/\/sakt.ee\/en\/#website"},"primaryImageOfPage":{"@id":"https:\/\/sakt.ee\/en\/pood\/process-sensors\/temperature-sensors\/wired-temperature-sensors\/j-thermocouple-0-400c-5x100mm-m12x15-2-class-2m-glass-fibre-t-c-connector\/#primaryimage"},"image":{"@id":"https:\/\/sakt.ee\/en\/pood\/process-sensors\/temperature-sensors\/wired-temperature-sensors\/j-thermocouple-0-400c-5x100mm-m12x15-2-class-2m-glass-fibre-t-c-connector\/#primaryimage"},"thumbnailUrl":"https:\/\/sakt.ee\/wp-content\/uploads\/2025\/05\/3618.jpg","datePublished":"2025-11-18T18:45:03+00:00","dateModified":"2025-11-25T10:04:18+00:00","breadcrumb":{"@id":"https:\/\/sakt.ee\/en\/pood\/process-sensors\/temperature-sensors\/wired-temperature-sensors\/j-thermocouple-0-400c-5x100mm-m12x15-2-class-2m-glass-fibre-t-c-connector\/#breadcrumb"},"inLanguage":"en-US","potentialAction":[{"@type":"ReadAction","target":["https:\/\/sakt.ee\/en\/pood\/process-sensors\/temperature-sensors\/wired-temperature-sensors\/j-thermocouple-0-400c-5x100mm-m12x15-2-class-2m-glass-fibre-t-c-connector\/"]}]},{"@type":"ImageObject","inLanguage":"en-US","@id":"https:\/\/sakt.ee\/en\/pood\/process-sensors\/temperature-sensors\/wired-temperature-sensors\/j-thermocouple-0-400c-5x100mm-m12x15-2-class-2m-glass-fibre-t-c-connector\/#primaryimage","url":"https:\/\/sakt.ee\/wp-content\/uploads\/2025\/05\/3618.jpg","contentUrl":"https:\/\/sakt.ee\/wp-content\/uploads\/2025\/05\/3618.jpg","width":334,"height":124},{"@type":"BreadcrumbList","@id":"https:\/\/sakt.ee\/en\/pood\/process-sensors\/temperature-sensors\/wired-temperature-sensors\/j-thermocouple-0-400c-5x100mm-m12x15-2-class-2m-glass-fibre-t-c-connector\/#breadcrumb","itemListElement":[{"@type":"ListItem","position":1,"name":"Home","item":"https:\/\/sakt.ee\/"},{"@type":"ListItem","position":2,"name":"Shop","item":"https:\/\/sakt.ee\/en\/shop\/"},{"@type":"ListItem","position":3,"name":"J-thermocouple; 0&#8230;+400C; 5x100mm; M12x1,5; 2-class; 2m glass fibre; T\/C connector"}]},{"@type":"WebSite","@id":"https:\/\/sakt.ee\/en\/#website","url":"https:\/\/sakt.ee\/en\/","name":"Sakala T\u00f6\u00f6stusautomaatika O\u00dc","description":"T\u00f6\u00f6stusautomaatika e-pood","publisher":{"@id":"https:\/\/sakt.ee\/en\/#organization"},"potentialAction":[{"@type":"SearchAction","target":{"@type":"EntryPoint","urlTemplate":"https:\/\/sakt.ee\/en\/?s={search_term_string}"},"query-input":{"@type":"PropertyValueSpecification","valueRequired":true,"valueName":"search_term_string"}}],"inLanguage":"en-US"},{"@type":"Organization","@id":"https:\/\/sakt.ee\/en\/#organization","name":"Sakala T\u00f6\u00f6stusautomaatika O\u00dc","url":"https:\/\/sakt.ee\/en\/","logo":{"@type":"ImageObject","inLanguage":"en-US","@id":"https:\/\/sakt.ee\/en\/#\/schema\/logo\/image\/","url":"https:\/\/sakt.ee\/wp-content\/uploads\/2025\/05\/Sakala-Toostusautomaatika-favicon.png","contentUrl":"https:\/\/sakt.ee\/wp-content\/uploads\/2025\/05\/Sakala-Toostusautomaatika-favicon.png","width":500,"height":500,"caption":"Sakala T\u00f6\u00f6stusautomaatika O\u00dc"},"image":{"@id":"https:\/\/sakt.ee\/en\/#\/schema\/logo\/image\/"}}]},"product_price_amount":"36.65","product_price_currency":"EUR","og_availability":"instock","product_availability":"instock","product_retailer_item_id":"TSAG-J.T8.5.100.2GL.Q7.M1.2.X.C5","product_condition":"new"},"_links":{"self":[{"href":"https:\/\/sakt.ee\/en\/wp-json\/wp\/v2\/product\/37299","targetHints":{"allow":["GET"]}}],"collection":[{"href":"https:\/\/sakt.ee\/en\/wp-json\/wp\/v2\/product"}],"about":[{"href":"https:\/\/sakt.ee\/en\/wp-json\/wp\/v2\/types\/product"}],"version-history":[{"count":0,"href":"https:\/\/sakt.ee\/en\/wp-json\/wp\/v2\/product\/37299\/revisions"}],"wp:featuredmedia":[{"embeddable":true,"href":"https:\/\/sakt.ee\/en\/wp-json\/wp\/v2\/media\/24189"}],"wp:attachment":[{"href":"https:\/\/sakt.ee\/en\/wp-json\/wp\/v2\/media?parent=37299"}],"wp:term":[{"taxonomy":"product_brand","embeddable":true,"href":"https:\/\/sakt.ee\/en\/wp-json\/wp\/v2\/product_brand?post=37299"},{"taxonomy":"product_cat","embeddable":true,"href":"https:\/\/sakt.ee\/en\/wp-json\/wp\/v2\/product_cat?post=37299"},{"taxonomy":"product_tag","embeddable":true,"href":"https:\/\/sakt.ee\/en\/wp-json\/wp\/v2\/product_tag?post=37299"},{"taxonomy":"manufacturers","embeddable":true,"href":"https:\/\/sakt.ee\/en\/wp-json\/wp\/v2\/manufacturers?post=37299"}],"curies":[{"name":"wp","href":"https:\/\/api.w.org\/{rel}","templated":true}]}}