{"id":36567,"date":"2025-05-16T16:29:24","date_gmt":"2025-05-16T16:29:24","guid":{"rendered":"https:\/\/sakt.ee\/product\/m22-xdl-g-x1-push-button-cover-green-i-with-lighting\/"},"modified":"2025-07-31T10:20:57","modified_gmt":"2025-07-31T07:20:57","slug":"m22-xdl-g-x1-push-button-cover-green-i-with-lighting","status":"publish","type":"product","link":"https:\/\/sakt.ee\/en\/pood\/automatic-components\/m16-m22-module-series-buttons-and-indication-lights\/other-products\/m22-xdl-g-x1-push-button-cover-green-i-with-lighting\/","title":{"rendered":"M22-XDL-G-X1 push button cover; green; \u201cI\u201d; with lighting"},"content":{"rendered":"","protected":false},"excerpt":{"rendered":"","protected":false},"featured_media":20542,"template":"","meta":{"_acf_changed":false},"product_brand":[],"product_cat":[3408],"product_tag":[],"manufacturers":[7785],"class_list":{"0":"post-36567","1":"product","2":"type-product","3":"status-publish","4":"has-post-thumbnail","6":"product_cat-other-products","7":"pa_kuju-low","8":"pa_seeria-m22-en","9":"pa_toode-transparent-pressure-cap","10":"pa_tootja-eaton","11":"pa_varv-green","12":"manufacturers-eaton-en","14":"first","15":"instock","16":"taxable","17":"shipping-taxable","18":"purchasable","19":"product-type-simple"},"acf":[],"yoast_head":"<!-- This site is optimized with the Yoast SEO Premium plugin v25.4 (Yoast SEO v25.4) - https:\/\/yoast.com\/wordpress\/plugins\/seo\/ -->\n<title>M22-XDL-G-X1 push button cover; green; \u201cI\u201d; with lighting - Sakala T\u00f6\u00f6stusautomaatika O\u00dc<\/title>\n<meta name=\"robots\" content=\"index, follow, max-snippet:-1, max-image-preview:large, max-video-preview:-1\" \/>\n<link rel=\"canonical\" href=\"https:\/\/sakt.ee\/en\/pood\/automatic-components\/m16-m22-module-series-buttons-and-indication-lights\/other-products\/m22-xdl-g-x1-push-button-cover-green-i-with-lighting\/\" \/>\n<meta property=\"og:locale\" content=\"en_US\" \/>\n<meta property=\"og:type\" content=\"article\" \/>\n<meta property=\"og:title\" content=\"M22-XDL-G-X1 push button cover; green; \u201cI\u201d; with lighting\" \/>\n<meta property=\"og:url\" content=\"https:\/\/sakt.ee\/en\/pood\/automatic-components\/m16-m22-module-series-buttons-and-indication-lights\/other-products\/m22-xdl-g-x1-push-button-cover-green-i-with-lighting\/\" \/>\n<meta property=\"og:site_name\" content=\"Sakala T\u00f6\u00f6stusautomaatika O\u00dc\" \/>\n<meta property=\"article:modified_time\" content=\"2025-07-31T07:20:57+00:00\" \/>\n<meta property=\"og:image\" content=\"https:\/\/sakt.ee\/wp-content\/uploads\/2025\/05\/3369.jpg\" \/>\n\t<meta property=\"og:image:width\" content=\"580\" \/>\n\t<meta property=\"og:image:height\" content=\"580\" \/>\n\t<meta property=\"og:image:type\" content=\"image\/jpeg\" \/>\n<meta name=\"twitter:card\" content=\"summary_large_image\" \/>\n<meta name=\"twitter:label1\" content=\"Price\" \/>\n\t<meta name=\"twitter:data1\" content=\"1,05&euro; +VAT\" \/>\n\t<meta name=\"twitter:label2\" content=\"Availability\" \/>\n\t<meta name=\"twitter:data2\" content=\"In stock\" \/>\n<script type=\"application\/ld+json\" class=\"yoast-schema-graph\">{\"@context\":\"https:\/\/schema.org\",\"@graph\":[{\"@type\":\"WebPage\",\"@id\":\"https:\/\/sakt.ee\/en\/pood\/automatic-components\/m16-m22-module-series-buttons-and-indication-lights\/other-products\/m22-xdl-g-x1-push-button-cover-green-i-with-lighting\/\",\"url\":\"https:\/\/sakt.ee\/en\/pood\/automatic-components\/m16-m22-module-series-buttons-and-indication-lights\/other-products\/m22-xdl-g-x1-push-button-cover-green-i-with-lighting\/\",\"name\":\"M22-XDL-G-X1 push button cover; green; \u201cI\u201d; with lighting - Sakala T\u00f6\u00f6stusautomaatika O\u00dc\",\"isPartOf\":{\"@id\":\"https:\/\/sakt.ee\/en\/#website\"},\"primaryImageOfPage\":{\"@id\":\"https:\/\/sakt.ee\/en\/pood\/automatic-components\/m16-m22-module-series-buttons-and-indication-lights\/other-products\/m22-xdl-g-x1-push-button-cover-green-i-with-lighting\/#primaryimage\"},\"image\":{\"@id\":\"https:\/\/sakt.ee\/en\/pood\/automatic-components\/m16-m22-module-series-buttons-and-indication-lights\/other-products\/m22-xdl-g-x1-push-button-cover-green-i-with-lighting\/#primaryimage\"},\"thumbnailUrl\":\"https:\/\/sakt.ee\/wp-content\/uploads\/2025\/05\/3369.jpg\",\"datePublished\":\"2025-05-16T16:29:24+00:00\",\"dateModified\":\"2025-07-31T07:20:57+00:00\",\"breadcrumb\":{\"@id\":\"https:\/\/sakt.ee\/en\/pood\/automatic-components\/m16-m22-module-series-buttons-and-indication-lights\/other-products\/m22-xdl-g-x1-push-button-cover-green-i-with-lighting\/#breadcrumb\"},\"inLanguage\":\"en-US\",\"potentialAction\":[{\"@type\":\"ReadAction\",\"target\":[\"https:\/\/sakt.ee\/en\/pood\/automatic-components\/m16-m22-module-series-buttons-and-indication-lights\/other-products\/m22-xdl-g-x1-push-button-cover-green-i-with-lighting\/\"]}]},{\"@type\":\"ImageObject\",\"inLanguage\":\"en-US\",\"@id\":\"https:\/\/sakt.ee\/en\/pood\/automatic-components\/m16-m22-module-series-buttons-and-indication-lights\/other-products\/m22-xdl-g-x1-push-button-cover-green-i-with-lighting\/#primaryimage\",\"url\":\"https:\/\/sakt.ee\/wp-content\/uploads\/2025\/05\/3369.jpg\",\"contentUrl\":\"https:\/\/sakt.ee\/wp-content\/uploads\/2025\/05\/3369.jpg\",\"width\":580,\"height\":580},{\"@type\":\"BreadcrumbList\",\"@id\":\"https:\/\/sakt.ee\/en\/pood\/automatic-components\/m16-m22-module-series-buttons-and-indication-lights\/other-products\/m22-xdl-g-x1-push-button-cover-green-i-with-lighting\/#breadcrumb\",\"itemListElement\":[{\"@type\":\"ListItem\",\"position\":1,\"name\":\"Home\",\"item\":\"https:\/\/sakt.ee\/\"},{\"@type\":\"ListItem\",\"position\":2,\"name\":\"Shop\",\"item\":\"https:\/\/sakt.ee\/en\/shop\/\"},{\"@type\":\"ListItem\",\"position\":3,\"name\":\"M22-XDL-G-X1 push button cover; green; \u201cI\u201d; with lighting\"}]},{\"@type\":\"WebSite\",\"@id\":\"https:\/\/sakt.ee\/en\/#website\",\"url\":\"https:\/\/sakt.ee\/en\/\",\"name\":\"Sakala T\u00f6\u00f6stusautomaatika O\u00dc\",\"description\":\"T\u00f6\u00f6stusautomaatika e-pood\",\"publisher\":{\"@id\":\"https:\/\/sakt.ee\/en\/#organization\"},\"potentialAction\":[{\"@type\":\"SearchAction\",\"target\":{\"@type\":\"EntryPoint\",\"urlTemplate\":\"https:\/\/sakt.ee\/en\/?s={search_term_string}\"},\"query-input\":{\"@type\":\"PropertyValueSpecification\",\"valueRequired\":true,\"valueName\":\"search_term_string\"}}],\"inLanguage\":\"en-US\"},{\"@type\":\"Organization\",\"@id\":\"https:\/\/sakt.ee\/en\/#organization\",\"name\":\"Sakala T\u00f6\u00f6stusautomaatika O\u00dc\",\"url\":\"https:\/\/sakt.ee\/en\/\",\"logo\":{\"@type\":\"ImageObject\",\"inLanguage\":\"en-US\",\"@id\":\"https:\/\/sakt.ee\/en\/#\/schema\/logo\/image\/\",\"url\":\"https:\/\/sakt.ee\/wp-content\/uploads\/2025\/05\/Sakala-Toostusautomaatika-favicon.png\",\"contentUrl\":\"https:\/\/sakt.ee\/wp-content\/uploads\/2025\/05\/Sakala-Toostusautomaatika-favicon.png\",\"width\":500,\"height\":500,\"caption\":\"Sakala T\u00f6\u00f6stusautomaatika O\u00dc\"},\"image\":{\"@id\":\"https:\/\/sakt.ee\/en\/#\/schema\/logo\/image\/\"}}]}<\/script>\n<meta property=\"product:price:amount\" content=\"1.05\" \/>\n<meta property=\"product:price:currency\" content=\"EUR\" \/>\n<meta property=\"og:availability\" content=\"instock\" \/>\n<meta property=\"product:availability\" content=\"instock\" \/>\n<meta property=\"product:retailer_item_id\" content=\"218295\" \/>\n<meta property=\"product:condition\" content=\"new\" \/>\n<!-- \/ Yoast SEO Premium plugin. -->","yoast_head_json":{"title":"M22-XDL-G-X1 push button cover; green; \u201cI\u201d; with lighting - Sakala T\u00f6\u00f6stusautomaatika O\u00dc","robots":{"index":"index","follow":"follow","max-snippet":"max-snippet:-1","max-image-preview":"max-image-preview:large","max-video-preview":"max-video-preview:-1"},"canonical":"https:\/\/sakt.ee\/en\/pood\/automatic-components\/m16-m22-module-series-buttons-and-indication-lights\/other-products\/m22-xdl-g-x1-push-button-cover-green-i-with-lighting\/","og_locale":"en_US","og_type":"article","og_title":"M22-XDL-G-X1 push button cover; green; \u201cI\u201d; with lighting","og_url":"https:\/\/sakt.ee\/en\/pood\/automatic-components\/m16-m22-module-series-buttons-and-indication-lights\/other-products\/m22-xdl-g-x1-push-button-cover-green-i-with-lighting\/","og_site_name":"Sakala T\u00f6\u00f6stusautomaatika O\u00dc","article_modified_time":"2025-07-31T07:20:57+00:00","og_image":[{"width":580,"height":580,"url":"https:\/\/sakt.ee\/wp-content\/uploads\/2025\/05\/3369.jpg","type":"image\/jpeg"}],"twitter_card":"summary_large_image","twitter_misc":{"Price":"1,05&euro; +VAT","Availability":"In stock"},"schema":{"@context":"https:\/\/schema.org","@graph":[{"@type":"WebPage","@id":"https:\/\/sakt.ee\/en\/pood\/automatic-components\/m16-m22-module-series-buttons-and-indication-lights\/other-products\/m22-xdl-g-x1-push-button-cover-green-i-with-lighting\/","url":"https:\/\/sakt.ee\/en\/pood\/automatic-components\/m16-m22-module-series-buttons-and-indication-lights\/other-products\/m22-xdl-g-x1-push-button-cover-green-i-with-lighting\/","name":"M22-XDL-G-X1 push button cover; green; \u201cI\u201d; with lighting - Sakala T\u00f6\u00f6stusautomaatika O\u00dc","isPartOf":{"@id":"https:\/\/sakt.ee\/en\/#website"},"primaryImageOfPage":{"@id":"https:\/\/sakt.ee\/en\/pood\/automatic-components\/m16-m22-module-series-buttons-and-indication-lights\/other-products\/m22-xdl-g-x1-push-button-cover-green-i-with-lighting\/#primaryimage"},"image":{"@id":"https:\/\/sakt.ee\/en\/pood\/automatic-components\/m16-m22-module-series-buttons-and-indication-lights\/other-products\/m22-xdl-g-x1-push-button-cover-green-i-with-lighting\/#primaryimage"},"thumbnailUrl":"https:\/\/sakt.ee\/wp-content\/uploads\/2025\/05\/3369.jpg","datePublished":"2025-05-16T16:29:24+00:00","dateModified":"2025-07-31T07:20:57+00:00","breadcrumb":{"@id":"https:\/\/sakt.ee\/en\/pood\/automatic-components\/m16-m22-module-series-buttons-and-indication-lights\/other-products\/m22-xdl-g-x1-push-button-cover-green-i-with-lighting\/#breadcrumb"},"inLanguage":"en-US","potentialAction":[{"@type":"ReadAction","target":["https:\/\/sakt.ee\/en\/pood\/automatic-components\/m16-m22-module-series-buttons-and-indication-lights\/other-products\/m22-xdl-g-x1-push-button-cover-green-i-with-lighting\/"]}]},{"@type":"ImageObject","inLanguage":"en-US","@id":"https:\/\/sakt.ee\/en\/pood\/automatic-components\/m16-m22-module-series-buttons-and-indication-lights\/other-products\/m22-xdl-g-x1-push-button-cover-green-i-with-lighting\/#primaryimage","url":"https:\/\/sakt.ee\/wp-content\/uploads\/2025\/05\/3369.jpg","contentUrl":"https:\/\/sakt.ee\/wp-content\/uploads\/2025\/05\/3369.jpg","width":580,"height":580},{"@type":"BreadcrumbList","@id":"https:\/\/sakt.ee\/en\/pood\/automatic-components\/m16-m22-module-series-buttons-and-indication-lights\/other-products\/m22-xdl-g-x1-push-button-cover-green-i-with-lighting\/#breadcrumb","itemListElement":[{"@type":"ListItem","position":1,"name":"Home","item":"https:\/\/sakt.ee\/"},{"@type":"ListItem","position":2,"name":"Shop","item":"https:\/\/sakt.ee\/en\/shop\/"},{"@type":"ListItem","position":3,"name":"M22-XDL-G-X1 push button cover; green; \u201cI\u201d; with lighting"}]},{"@type":"WebSite","@id":"https:\/\/sakt.ee\/en\/#website","url":"https:\/\/sakt.ee\/en\/","name":"Sakala T\u00f6\u00f6stusautomaatika O\u00dc","description":"T\u00f6\u00f6stusautomaatika e-pood","publisher":{"@id":"https:\/\/sakt.ee\/en\/#organization"},"potentialAction":[{"@type":"SearchAction","target":{"@type":"EntryPoint","urlTemplate":"https:\/\/sakt.ee\/en\/?s={search_term_string}"},"query-input":{"@type":"PropertyValueSpecification","valueRequired":true,"valueName":"search_term_string"}}],"inLanguage":"en-US"},{"@type":"Organization","@id":"https:\/\/sakt.ee\/en\/#organization","name":"Sakala T\u00f6\u00f6stusautomaatika O\u00dc","url":"https:\/\/sakt.ee\/en\/","logo":{"@type":"ImageObject","inLanguage":"en-US","@id":"https:\/\/sakt.ee\/en\/#\/schema\/logo\/image\/","url":"https:\/\/sakt.ee\/wp-content\/uploads\/2025\/05\/Sakala-Toostusautomaatika-favicon.png","contentUrl":"https:\/\/sakt.ee\/wp-content\/uploads\/2025\/05\/Sakala-Toostusautomaatika-favicon.png","width":500,"height":500,"caption":"Sakala T\u00f6\u00f6stusautomaatika O\u00dc"},"image":{"@id":"https:\/\/sakt.ee\/en\/#\/schema\/logo\/image\/"}}]},"product_price_amount":"1.05","product_price_currency":"EUR","og_availability":"instock","product_availability":"instock","product_retailer_item_id":"218295","product_condition":"new"},"_links":{"self":[{"href":"https:\/\/sakt.ee\/en\/wp-json\/wp\/v2\/product\/36567","targetHints":{"allow":["GET"]}}],"collection":[{"href":"https:\/\/sakt.ee\/en\/wp-json\/wp\/v2\/product"}],"about":[{"href":"https:\/\/sakt.ee\/en\/wp-json\/wp\/v2\/types\/product"}],"version-history":[{"count":0,"href":"https:\/\/sakt.ee\/en\/wp-json\/wp\/v2\/product\/36567\/revisions"}],"wp:featuredmedia":[{"embeddable":true,"href":"https:\/\/sakt.ee\/en\/wp-json\/wp\/v2\/media\/20542"}],"wp:attachment":[{"href":"https:\/\/sakt.ee\/en\/wp-json\/wp\/v2\/media?parent=36567"}],"wp:term":[{"taxonomy":"product_brand","embeddable":true,"href":"https:\/\/sakt.ee\/en\/wp-json\/wp\/v2\/product_brand?post=36567"},{"taxonomy":"product_cat","embeddable":true,"href":"https:\/\/sakt.ee\/en\/wp-json\/wp\/v2\/product_cat?post=36567"},{"taxonomy":"product_tag","embeddable":true,"href":"https:\/\/sakt.ee\/en\/wp-json\/wp\/v2\/product_tag?post=36567"},{"taxonomy":"manufacturers","embeddable":true,"href":"https:\/\/sakt.ee\/en\/wp-json\/wp\/v2\/manufacturers?post=36567"}],"curies":[{"name":"wp","href":"https:\/\/api.w.org\/{rel}","templated":true}]}}