{"id":36462,"date":"2025-05-16T11:49:01","date_gmt":"2025-05-16T11:49:01","guid":{"rendered":"https:\/\/sakt.ee\/product\/is-30-a1-s2-inductive-sensor-10-30dc-flush-standard-housing-10mm-pnp-no-m12-connector-ip67\/"},"modified":"2025-12-17T19:11:35","modified_gmt":"2025-12-17T16:11:35","slug":"is-30-a1-s2-inductive-sensor-10-30dc-flush-standard-housing-10mm-pnp-no-m12-connector-ip67","status":"publish","type":"product","link":"https:\/\/sakt.ee\/en\/pood\/process-sensors\/inductive-sensors\/is-30-a1-s2-inductive-sensor-10-30dc-flush-standard-housing-10mm-pnp-no-m12-connector-ip67\/","title":{"rendered":"IS-30-A1-S2 Inductive sensor; 10-30DC; \u201cflush\u201d; standard housing; 10mm; PNP; NO; M12 connector; IP67"},"content":{"rendered":"","protected":false},"excerpt":{"rendered":"","protected":false},"featured_media":16360,"template":"","meta":{"_acf_changed":false},"product_brand":[],"product_cat":[3292],"product_tag":[],"manufacturers":[7784],"class_list":{"0":"post-36462","1":"product","2":"type-product","3":"status-publish","4":"has-post-thumbnail","6":"product_cat-inductive-sensors","7":"pa_funktsionaalsus-flush-en","8":"pa_kaal-170g-en","9":"pa_kaitseklass-ip67-en","10":"pa_kontakt-1-no-en","11":"pa_labimoot-30mm-en","12":"pa_mootepiirkond-0-10mm-en","13":"pa_pikkus-736mm-en","14":"pa_toide-10-30v-dc-en","15":"pa_tootemperatuur-25-70c-en","16":"pa_tootja-datasensing","17":"pa_uhendustuup-m12-connector","18":"pa_valjund-pnp-en","19":"manufacturers-datasensing-en","21":"first","22":"instock","23":"taxable","24":"shipping-taxable","25":"purchasable","26":"product-type-simple"},"acf":[],"yoast_head":"<!-- This site is optimized with the Yoast SEO Premium plugin v25.4 (Yoast SEO v25.4) - https:\/\/yoast.com\/wordpress\/plugins\/seo\/ -->\n<title>IS-30-A1-S2 Inductive sensor; 10-30DC; \u201cflush\u201d; standard housing; 10mm; PNP; NO; M12 connector; IP67 - Sakala T\u00f6\u00f6stusautomaatika O\u00dc<\/title>\n<meta name=\"robots\" content=\"index, follow, max-snippet:-1, max-image-preview:large, max-video-preview:-1\" \/>\n<link rel=\"canonical\" href=\"https:\/\/sakt.ee\/en\/pood\/process-sensors\/inductive-sensors\/is-30-a1-s2-inductive-sensor-10-30dc-flush-standard-housing-10mm-pnp-no-m12-connector-ip67\/\" \/>\n<meta property=\"og:locale\" content=\"en_US\" \/>\n<meta property=\"og:type\" content=\"article\" \/>\n<meta property=\"og:title\" content=\"IS-30-A1-S2 Inductive sensor; 10-30DC; \u201cflush\u201d; standard housing; 10mm; PNP; NO; M12 connector; IP67\" \/>\n<meta property=\"og:url\" content=\"https:\/\/sakt.ee\/en\/pood\/process-sensors\/inductive-sensors\/is-30-a1-s2-inductive-sensor-10-30dc-flush-standard-housing-10mm-pnp-no-m12-connector-ip67\/\" \/>\n<meta property=\"og:site_name\" content=\"Sakala T\u00f6\u00f6stusautomaatika O\u00dc\" \/>\n<meta property=\"article:modified_time\" content=\"2025-12-17T16:11:35+00:00\" \/>\n<meta property=\"og:image\" content=\"https:\/\/sakt.ee\/wp-content\/uploads\/2025\/05\/5847.jpg\" \/>\n\t<meta property=\"og:image:width\" content=\"299\" \/>\n\t<meta property=\"og:image:height\" content=\"353\" \/>\n\t<meta property=\"og:image:type\" content=\"image\/jpeg\" \/>\n<meta name=\"twitter:card\" content=\"summary_large_image\" \/>\n<meta name=\"twitter:label1\" content=\"Price\" \/>\n\t<meta name=\"twitter:data1\" content=\"36,70&euro; +VAT\" \/>\n\t<meta name=\"twitter:label2\" content=\"Availability\" \/>\n\t<meta name=\"twitter:data2\" content=\"In stock\" \/>\n<script type=\"application\/ld+json\" class=\"yoast-schema-graph\">{\"@context\":\"https:\/\/schema.org\",\"@graph\":[{\"@type\":\"WebPage\",\"@id\":\"https:\/\/sakt.ee\/en\/pood\/process-sensors\/inductive-sensors\/is-30-a1-s2-inductive-sensor-10-30dc-flush-standard-housing-10mm-pnp-no-m12-connector-ip67\/\",\"url\":\"https:\/\/sakt.ee\/en\/pood\/process-sensors\/inductive-sensors\/is-30-a1-s2-inductive-sensor-10-30dc-flush-standard-housing-10mm-pnp-no-m12-connector-ip67\/\",\"name\":\"IS-30-A1-S2 Inductive sensor; 10-30DC; \u201cflush\u201d; standard housing; 10mm; PNP; NO; M12 connector; IP67 - Sakala T\u00f6\u00f6stusautomaatika O\u00dc\",\"isPartOf\":{\"@id\":\"https:\/\/sakt.ee\/en\/#website\"},\"primaryImageOfPage\":{\"@id\":\"https:\/\/sakt.ee\/en\/pood\/process-sensors\/inductive-sensors\/is-30-a1-s2-inductive-sensor-10-30dc-flush-standard-housing-10mm-pnp-no-m12-connector-ip67\/#primaryimage\"},\"image\":{\"@id\":\"https:\/\/sakt.ee\/en\/pood\/process-sensors\/inductive-sensors\/is-30-a1-s2-inductive-sensor-10-30dc-flush-standard-housing-10mm-pnp-no-m12-connector-ip67\/#primaryimage\"},\"thumbnailUrl\":\"https:\/\/sakt.ee\/wp-content\/uploads\/2025\/05\/5847.jpg\",\"datePublished\":\"2025-05-16T11:49:01+00:00\",\"dateModified\":\"2025-12-17T16:11:35+00:00\",\"breadcrumb\":{\"@id\":\"https:\/\/sakt.ee\/en\/pood\/process-sensors\/inductive-sensors\/is-30-a1-s2-inductive-sensor-10-30dc-flush-standard-housing-10mm-pnp-no-m12-connector-ip67\/#breadcrumb\"},\"inLanguage\":\"en-US\",\"potentialAction\":[{\"@type\":\"ReadAction\",\"target\":[\"https:\/\/sakt.ee\/en\/pood\/process-sensors\/inductive-sensors\/is-30-a1-s2-inductive-sensor-10-30dc-flush-standard-housing-10mm-pnp-no-m12-connector-ip67\/\"]}]},{\"@type\":\"ImageObject\",\"inLanguage\":\"en-US\",\"@id\":\"https:\/\/sakt.ee\/en\/pood\/process-sensors\/inductive-sensors\/is-30-a1-s2-inductive-sensor-10-30dc-flush-standard-housing-10mm-pnp-no-m12-connector-ip67\/#primaryimage\",\"url\":\"https:\/\/sakt.ee\/wp-content\/uploads\/2025\/05\/5847.jpg\",\"contentUrl\":\"https:\/\/sakt.ee\/wp-content\/uploads\/2025\/05\/5847.jpg\",\"width\":299,\"height\":353},{\"@type\":\"BreadcrumbList\",\"@id\":\"https:\/\/sakt.ee\/en\/pood\/process-sensors\/inductive-sensors\/is-30-a1-s2-inductive-sensor-10-30dc-flush-standard-housing-10mm-pnp-no-m12-connector-ip67\/#breadcrumb\",\"itemListElement\":[{\"@type\":\"ListItem\",\"position\":1,\"name\":\"Home\",\"item\":\"https:\/\/sakt.ee\/\"},{\"@type\":\"ListItem\",\"position\":2,\"name\":\"Shop\",\"item\":\"https:\/\/sakt.ee\/en\/shop\/\"},{\"@type\":\"ListItem\",\"position\":3,\"name\":\"IS-30-A1-S2 Inductive sensor; 10-30DC; \u201cflush\u201d; standard housing; 10mm; PNP; NO; M12 connector; IP67\"}]},{\"@type\":\"WebSite\",\"@id\":\"https:\/\/sakt.ee\/en\/#website\",\"url\":\"https:\/\/sakt.ee\/en\/\",\"name\":\"Sakala T\u00f6\u00f6stusautomaatika O\u00dc\",\"description\":\"T\u00f6\u00f6stusautomaatika e-pood\",\"publisher\":{\"@id\":\"https:\/\/sakt.ee\/en\/#organization\"},\"potentialAction\":[{\"@type\":\"SearchAction\",\"target\":{\"@type\":\"EntryPoint\",\"urlTemplate\":\"https:\/\/sakt.ee\/en\/?s={search_term_string}\"},\"query-input\":{\"@type\":\"PropertyValueSpecification\",\"valueRequired\":true,\"valueName\":\"search_term_string\"}}],\"inLanguage\":\"en-US\"},{\"@type\":\"Organization\",\"@id\":\"https:\/\/sakt.ee\/en\/#organization\",\"name\":\"Sakala T\u00f6\u00f6stusautomaatika O\u00dc\",\"url\":\"https:\/\/sakt.ee\/en\/\",\"logo\":{\"@type\":\"ImageObject\",\"inLanguage\":\"en-US\",\"@id\":\"https:\/\/sakt.ee\/en\/#\/schema\/logo\/image\/\",\"url\":\"https:\/\/sakt.ee\/wp-content\/uploads\/2025\/05\/Sakala-Toostusautomaatika-favicon.png\",\"contentUrl\":\"https:\/\/sakt.ee\/wp-content\/uploads\/2025\/05\/Sakala-Toostusautomaatika-favicon.png\",\"width\":500,\"height\":500,\"caption\":\"Sakala T\u00f6\u00f6stusautomaatika O\u00dc\"},\"image\":{\"@id\":\"https:\/\/sakt.ee\/en\/#\/schema\/logo\/image\/\"}}]}<\/script>\n<meta property=\"product:price:amount\" content=\"36.70\" \/>\n<meta property=\"product:price:currency\" content=\"EUR\" \/>\n<meta property=\"og:availability\" content=\"instock\" \/>\n<meta property=\"product:availability\" content=\"instock\" \/>\n<meta property=\"product:retailer_item_id\" content=\"95B061431\" \/>\n<meta property=\"product:condition\" content=\"new\" \/>\n<!-- \/ Yoast SEO Premium plugin. -->","yoast_head_json":{"title":"IS-30-A1-S2 Inductive sensor; 10-30DC; \u201cflush\u201d; standard housing; 10mm; PNP; NO; M12 connector; IP67 - Sakala T\u00f6\u00f6stusautomaatika O\u00dc","robots":{"index":"index","follow":"follow","max-snippet":"max-snippet:-1","max-image-preview":"max-image-preview:large","max-video-preview":"max-video-preview:-1"},"canonical":"https:\/\/sakt.ee\/en\/pood\/process-sensors\/inductive-sensors\/is-30-a1-s2-inductive-sensor-10-30dc-flush-standard-housing-10mm-pnp-no-m12-connector-ip67\/","og_locale":"en_US","og_type":"article","og_title":"IS-30-A1-S2 Inductive sensor; 10-30DC; \u201cflush\u201d; standard housing; 10mm; PNP; NO; M12 connector; IP67","og_url":"https:\/\/sakt.ee\/en\/pood\/process-sensors\/inductive-sensors\/is-30-a1-s2-inductive-sensor-10-30dc-flush-standard-housing-10mm-pnp-no-m12-connector-ip67\/","og_site_name":"Sakala T\u00f6\u00f6stusautomaatika O\u00dc","article_modified_time":"2025-12-17T16:11:35+00:00","og_image":[{"width":299,"height":353,"url":"https:\/\/sakt.ee\/wp-content\/uploads\/2025\/05\/5847.jpg","type":"image\/jpeg"}],"twitter_card":"summary_large_image","twitter_misc":{"Price":"36,70&euro; +VAT","Availability":"In stock"},"schema":{"@context":"https:\/\/schema.org","@graph":[{"@type":"WebPage","@id":"https:\/\/sakt.ee\/en\/pood\/process-sensors\/inductive-sensors\/is-30-a1-s2-inductive-sensor-10-30dc-flush-standard-housing-10mm-pnp-no-m12-connector-ip67\/","url":"https:\/\/sakt.ee\/en\/pood\/process-sensors\/inductive-sensors\/is-30-a1-s2-inductive-sensor-10-30dc-flush-standard-housing-10mm-pnp-no-m12-connector-ip67\/","name":"IS-30-A1-S2 Inductive sensor; 10-30DC; \u201cflush\u201d; standard housing; 10mm; PNP; NO; M12 connector; IP67 - Sakala T\u00f6\u00f6stusautomaatika O\u00dc","isPartOf":{"@id":"https:\/\/sakt.ee\/en\/#website"},"primaryImageOfPage":{"@id":"https:\/\/sakt.ee\/en\/pood\/process-sensors\/inductive-sensors\/is-30-a1-s2-inductive-sensor-10-30dc-flush-standard-housing-10mm-pnp-no-m12-connector-ip67\/#primaryimage"},"image":{"@id":"https:\/\/sakt.ee\/en\/pood\/process-sensors\/inductive-sensors\/is-30-a1-s2-inductive-sensor-10-30dc-flush-standard-housing-10mm-pnp-no-m12-connector-ip67\/#primaryimage"},"thumbnailUrl":"https:\/\/sakt.ee\/wp-content\/uploads\/2025\/05\/5847.jpg","datePublished":"2025-05-16T11:49:01+00:00","dateModified":"2025-12-17T16:11:35+00:00","breadcrumb":{"@id":"https:\/\/sakt.ee\/en\/pood\/process-sensors\/inductive-sensors\/is-30-a1-s2-inductive-sensor-10-30dc-flush-standard-housing-10mm-pnp-no-m12-connector-ip67\/#breadcrumb"},"inLanguage":"en-US","potentialAction":[{"@type":"ReadAction","target":["https:\/\/sakt.ee\/en\/pood\/process-sensors\/inductive-sensors\/is-30-a1-s2-inductive-sensor-10-30dc-flush-standard-housing-10mm-pnp-no-m12-connector-ip67\/"]}]},{"@type":"ImageObject","inLanguage":"en-US","@id":"https:\/\/sakt.ee\/en\/pood\/process-sensors\/inductive-sensors\/is-30-a1-s2-inductive-sensor-10-30dc-flush-standard-housing-10mm-pnp-no-m12-connector-ip67\/#primaryimage","url":"https:\/\/sakt.ee\/wp-content\/uploads\/2025\/05\/5847.jpg","contentUrl":"https:\/\/sakt.ee\/wp-content\/uploads\/2025\/05\/5847.jpg","width":299,"height":353},{"@type":"BreadcrumbList","@id":"https:\/\/sakt.ee\/en\/pood\/process-sensors\/inductive-sensors\/is-30-a1-s2-inductive-sensor-10-30dc-flush-standard-housing-10mm-pnp-no-m12-connector-ip67\/#breadcrumb","itemListElement":[{"@type":"ListItem","position":1,"name":"Home","item":"https:\/\/sakt.ee\/"},{"@type":"ListItem","position":2,"name":"Shop","item":"https:\/\/sakt.ee\/en\/shop\/"},{"@type":"ListItem","position":3,"name":"IS-30-A1-S2 Inductive sensor; 10-30DC; \u201cflush\u201d; standard housing; 10mm; PNP; NO; M12 connector; IP67"}]},{"@type":"WebSite","@id":"https:\/\/sakt.ee\/en\/#website","url":"https:\/\/sakt.ee\/en\/","name":"Sakala T\u00f6\u00f6stusautomaatika O\u00dc","description":"T\u00f6\u00f6stusautomaatika e-pood","publisher":{"@id":"https:\/\/sakt.ee\/en\/#organization"},"potentialAction":[{"@type":"SearchAction","target":{"@type":"EntryPoint","urlTemplate":"https:\/\/sakt.ee\/en\/?s={search_term_string}"},"query-input":{"@type":"PropertyValueSpecification","valueRequired":true,"valueName":"search_term_string"}}],"inLanguage":"en-US"},{"@type":"Organization","@id":"https:\/\/sakt.ee\/en\/#organization","name":"Sakala T\u00f6\u00f6stusautomaatika O\u00dc","url":"https:\/\/sakt.ee\/en\/","logo":{"@type":"ImageObject","inLanguage":"en-US","@id":"https:\/\/sakt.ee\/en\/#\/schema\/logo\/image\/","url":"https:\/\/sakt.ee\/wp-content\/uploads\/2025\/05\/Sakala-Toostusautomaatika-favicon.png","contentUrl":"https:\/\/sakt.ee\/wp-content\/uploads\/2025\/05\/Sakala-Toostusautomaatika-favicon.png","width":500,"height":500,"caption":"Sakala T\u00f6\u00f6stusautomaatika O\u00dc"},"image":{"@id":"https:\/\/sakt.ee\/en\/#\/schema\/logo\/image\/"}}]},"product_price_amount":"36.70","product_price_currency":"EUR","og_availability":"instock","product_availability":"instock","product_retailer_item_id":"95B061431","product_condition":"new"},"_links":{"self":[{"href":"https:\/\/sakt.ee\/en\/wp-json\/wp\/v2\/product\/36462","targetHints":{"allow":["GET"]}}],"collection":[{"href":"https:\/\/sakt.ee\/en\/wp-json\/wp\/v2\/product"}],"about":[{"href":"https:\/\/sakt.ee\/en\/wp-json\/wp\/v2\/types\/product"}],"version-history":[{"count":1,"href":"https:\/\/sakt.ee\/en\/wp-json\/wp\/v2\/product\/36462\/revisions"}],"predecessor-version":[{"id":71475,"href":"https:\/\/sakt.ee\/en\/wp-json\/wp\/v2\/product\/36462\/revisions\/71475"}],"wp:featuredmedia":[{"embeddable":true,"href":"https:\/\/sakt.ee\/en\/wp-json\/wp\/v2\/media\/16360"}],"wp:attachment":[{"href":"https:\/\/sakt.ee\/en\/wp-json\/wp\/v2\/media?parent=36462"}],"wp:term":[{"taxonomy":"product_brand","embeddable":true,"href":"https:\/\/sakt.ee\/en\/wp-json\/wp\/v2\/product_brand?post=36462"},{"taxonomy":"product_cat","embeddable":true,"href":"https:\/\/sakt.ee\/en\/wp-json\/wp\/v2\/product_cat?post=36462"},{"taxonomy":"product_tag","embeddable":true,"href":"https:\/\/sakt.ee\/en\/wp-json\/wp\/v2\/product_tag?post=36462"},{"taxonomy":"manufacturers","embeddable":true,"href":"https:\/\/sakt.ee\/en\/wp-json\/wp\/v2\/manufacturers?post=36462"}],"curies":[{"name":"wp","href":"https:\/\/api.w.org\/{rel}","templated":true}]}}