{"id":36390,"date":"2025-05-16T15:02:46","date_gmt":"2025-05-16T12:02:46","guid":{"rendered":"https:\/\/sakt.ee\/product\/s5n-ml-2-b01-pp-photo-sensor-10-30dc-m18-metal-body-reflective-from-reflector-axial-01-16m-pnp-no-nc-dimmer-2m-wire\/"},"modified":"2025-11-25T13:17:01","modified_gmt":"2025-11-25T10:17:01","slug":"s5n-ml-2-b01-pp-photo-sensor-10-30dc-m18-metal-body-reflective-from-reflector-axial-01-16m-pnp-no-nc-dimmer-2m-wire","status":"publish","type":"product","link":"https:\/\/sakt.ee\/en\/pood\/process-sensors\/photosensors\/retroreflective-rrx\/s5n-ml-2-b01-pp-photo-sensor-10-30dc-m18-metal-body-reflective-from-reflector-axial-01-16m-pnp-no-nc-dimmer-2m-wire\/","title":{"rendered":"S5N-ML-2-B01-PP photo sensor; 10-30DC; M18 metal body; reflective from reflector; axial; 0,1&#8230;16m; PNP; NO\/NC; dimmer; 2m wire"},"content":{"rendered":"","protected":false},"excerpt":{"rendered":"<p>M18 photoelectric sensors continue to offer the widest range in their segment: reflective or reflector, transmitter-receiver, axial or radial optics, cable or M12 connector, NPN or PNP NO\/NC outputs. S5N sensors combined with new and unique ASIC technology make the M18 family the first IO-Link V1.1 sensor family.<br \/>\nhttps:\/\/www.datalogic.com\/ <\/p>\n","protected":false},"featured_media":16590,"template":"","meta":{"_acf_changed":false},"product_brand":[],"product_cat":[3255],"product_tag":[],"manufacturers":[7812],"class_list":{"0":"post-36390","1":"product","2":"type-product","3":"status-publish","4":"has-post-thumbnail","6":"product_cat-retroreflective-rrx","7":"pa_funktsionaalsus-dimmer-en","8":"pa_funktsioon-polarized-retroreflective-en","9":"pa_kaitseklass-ip67-en","10":"pa_kiir-axial-en","11":"pa_kontakt-1-no-1-nc-en","12":"pa_korpus-metal","13":"pa_kuju-silinder-en","14":"pa_labimoot-18mm-en","15":"pa_mootepiirkond-01-16-m-en","16":"pa_seeria-s5n-en","17":"pa_toide-10-30v-dc-en","18":"pa_tootemperatuur-25-55c-en","19":"pa_tootja-datalogic","20":"pa_uhendustuup-2m-cable","21":"pa_valjund-pnp-en","22":"manufacturers-datalogic-en","24":"first","25":"instock","26":"taxable","27":"shipping-taxable","28":"purchasable","29":"product-type-simple"},"acf":[],"yoast_head":"<!-- This site is optimized with the Yoast SEO Premium plugin v25.4 (Yoast SEO v25.4) - https:\/\/yoast.com\/wordpress\/plugins\/seo\/ -->\n<title>S5N-ML-2-B01-PP photo sensor; 10-30DC; M18 metal body; reflective from reflector; axial; 0,1...16m; PNP; NO\/NC; dimmer; 2m wire - Sakala T\u00f6\u00f6stusautomaatika O\u00dc<\/title>\n<meta name=\"robots\" content=\"index, follow, max-snippet:-1, max-image-preview:large, max-video-preview:-1\" \/>\n<link rel=\"canonical\" href=\"https:\/\/sakt.ee\/en\/pood\/process-sensors\/photosensors\/retroreflective-rrx\/s5n-ml-2-b01-pp-photo-sensor-10-30dc-m18-metal-body-reflective-from-reflector-axial-01-16m-pnp-no-nc-dimmer-2m-wire\/\" \/>\n<meta property=\"og:locale\" content=\"en_US\" \/>\n<meta property=\"og:type\" content=\"article\" \/>\n<meta property=\"og:title\" content=\"S5N-ML-2-B01-PP photo sensor; 10-30DC; M18 metal body; reflective from reflector; axial; 0,1...16m; PNP; NO\/NC; dimmer; 2m wire\" \/>\n<meta property=\"og:description\" content=\"M18 photoelectric sensors continue to offer the widest range in their segment: reflective or reflector, transmitter-receiver, axial or radial optics, cable or M12 connector, NPN or PNP NO\/NC outputs. S5N sensors combined with new and unique ASIC technology make the M18 family the first IO-Link V1.1 sensor family. https:\/\/www.datalogic.com\/\" \/>\n<meta property=\"og:url\" content=\"https:\/\/sakt.ee\/en\/pood\/process-sensors\/photosensors\/retroreflective-rrx\/s5n-ml-2-b01-pp-photo-sensor-10-30dc-m18-metal-body-reflective-from-reflector-axial-01-16m-pnp-no-nc-dimmer-2m-wire\/\" \/>\n<meta property=\"og:site_name\" content=\"Sakala T\u00f6\u00f6stusautomaatika O\u00dc\" \/>\n<meta property=\"article:modified_time\" content=\"2025-11-25T10:17:01+00:00\" \/>\n<meta property=\"og:image\" content=\"https:\/\/sakt.ee\/wp-content\/uploads\/2025\/05\/1483.jpg\" \/>\n\t<meta property=\"og:image:width\" content=\"500\" \/>\n\t<meta property=\"og:image:height\" content=\"500\" \/>\n\t<meta property=\"og:image:type\" content=\"image\/jpeg\" \/>\n<meta name=\"twitter:card\" content=\"summary_large_image\" \/>\n<meta name=\"twitter:label1\" content=\"Price\" \/>\n\t<meta name=\"twitter:data1\" content=\"142,60&euro; +VAT\" \/>\n\t<meta name=\"twitter:label2\" content=\"Availability\" \/>\n\t<meta name=\"twitter:data2\" content=\"In stock\" \/>\n<script type=\"application\/ld+json\" class=\"yoast-schema-graph\">{\"@context\":\"https:\/\/schema.org\",\"@graph\":[{\"@type\":\"WebPage\",\"@id\":\"https:\/\/sakt.ee\/en\/pood\/process-sensors\/photosensors\/retroreflective-rrx\/s5n-ml-2-b01-pp-photo-sensor-10-30dc-m18-metal-body-reflective-from-reflector-axial-01-16m-pnp-no-nc-dimmer-2m-wire\/\",\"url\":\"https:\/\/sakt.ee\/en\/pood\/process-sensors\/photosensors\/retroreflective-rrx\/s5n-ml-2-b01-pp-photo-sensor-10-30dc-m18-metal-body-reflective-from-reflector-axial-01-16m-pnp-no-nc-dimmer-2m-wire\/\",\"name\":\"S5N-ML-2-B01-PP photo sensor; 10-30DC; M18 metal body; reflective from reflector; axial; 0,1...16m; PNP; NO\/NC; dimmer; 2m wire - Sakala T\u00f6\u00f6stusautomaatika O\u00dc\",\"isPartOf\":{\"@id\":\"https:\/\/sakt.ee\/en\/#website\"},\"primaryImageOfPage\":{\"@id\":\"https:\/\/sakt.ee\/en\/pood\/process-sensors\/photosensors\/retroreflective-rrx\/s5n-ml-2-b01-pp-photo-sensor-10-30dc-m18-metal-body-reflective-from-reflector-axial-01-16m-pnp-no-nc-dimmer-2m-wire\/#primaryimage\"},\"image\":{\"@id\":\"https:\/\/sakt.ee\/en\/pood\/process-sensors\/photosensors\/retroreflective-rrx\/s5n-ml-2-b01-pp-photo-sensor-10-30dc-m18-metal-body-reflective-from-reflector-axial-01-16m-pnp-no-nc-dimmer-2m-wire\/#primaryimage\"},\"thumbnailUrl\":\"https:\/\/sakt.ee\/wp-content\/uploads\/2025\/05\/1483.jpg\",\"datePublished\":\"2025-05-16T12:02:46+00:00\",\"dateModified\":\"2025-11-25T10:17:01+00:00\",\"breadcrumb\":{\"@id\":\"https:\/\/sakt.ee\/en\/pood\/process-sensors\/photosensors\/retroreflective-rrx\/s5n-ml-2-b01-pp-photo-sensor-10-30dc-m18-metal-body-reflective-from-reflector-axial-01-16m-pnp-no-nc-dimmer-2m-wire\/#breadcrumb\"},\"inLanguage\":\"en-US\",\"potentialAction\":[{\"@type\":\"ReadAction\",\"target\":[\"https:\/\/sakt.ee\/en\/pood\/process-sensors\/photosensors\/retroreflective-rrx\/s5n-ml-2-b01-pp-photo-sensor-10-30dc-m18-metal-body-reflective-from-reflector-axial-01-16m-pnp-no-nc-dimmer-2m-wire\/\"]}]},{\"@type\":\"ImageObject\",\"inLanguage\":\"en-US\",\"@id\":\"https:\/\/sakt.ee\/en\/pood\/process-sensors\/photosensors\/retroreflective-rrx\/s5n-ml-2-b01-pp-photo-sensor-10-30dc-m18-metal-body-reflective-from-reflector-axial-01-16m-pnp-no-nc-dimmer-2m-wire\/#primaryimage\",\"url\":\"https:\/\/sakt.ee\/wp-content\/uploads\/2025\/05\/1483.jpg\",\"contentUrl\":\"https:\/\/sakt.ee\/wp-content\/uploads\/2025\/05\/1483.jpg\",\"width\":500,\"height\":500},{\"@type\":\"BreadcrumbList\",\"@id\":\"https:\/\/sakt.ee\/en\/pood\/process-sensors\/photosensors\/retroreflective-rrx\/s5n-ml-2-b01-pp-photo-sensor-10-30dc-m18-metal-body-reflective-from-reflector-axial-01-16m-pnp-no-nc-dimmer-2m-wire\/#breadcrumb\",\"itemListElement\":[{\"@type\":\"ListItem\",\"position\":1,\"name\":\"Home\",\"item\":\"https:\/\/sakt.ee\/\"},{\"@type\":\"ListItem\",\"position\":2,\"name\":\"Shop\",\"item\":\"https:\/\/sakt.ee\/en\/shop\/\"},{\"@type\":\"ListItem\",\"position\":3,\"name\":\"S5N-ML-2-B01-PP photo sensor; 10-30DC; M18 metal body; reflective from reflector; axial; 0,1&#8230;16m; PNP; NO\/NC; dimmer; 2m wire\"}]},{\"@type\":\"WebSite\",\"@id\":\"https:\/\/sakt.ee\/en\/#website\",\"url\":\"https:\/\/sakt.ee\/en\/\",\"name\":\"Sakala T\u00f6\u00f6stusautomaatika O\u00dc\",\"description\":\"T\u00f6\u00f6stusautomaatika e-pood\",\"publisher\":{\"@id\":\"https:\/\/sakt.ee\/en\/#organization\"},\"potentialAction\":[{\"@type\":\"SearchAction\",\"target\":{\"@type\":\"EntryPoint\",\"urlTemplate\":\"https:\/\/sakt.ee\/en\/?s={search_term_string}\"},\"query-input\":{\"@type\":\"PropertyValueSpecification\",\"valueRequired\":true,\"valueName\":\"search_term_string\"}}],\"inLanguage\":\"en-US\"},{\"@type\":\"Organization\",\"@id\":\"https:\/\/sakt.ee\/en\/#organization\",\"name\":\"Sakala T\u00f6\u00f6stusautomaatika O\u00dc\",\"url\":\"https:\/\/sakt.ee\/en\/\",\"logo\":{\"@type\":\"ImageObject\",\"inLanguage\":\"en-US\",\"@id\":\"https:\/\/sakt.ee\/en\/#\/schema\/logo\/image\/\",\"url\":\"https:\/\/sakt.ee\/wp-content\/uploads\/2025\/05\/Sakala-Toostusautomaatika-favicon.png\",\"contentUrl\":\"https:\/\/sakt.ee\/wp-content\/uploads\/2025\/05\/Sakala-Toostusautomaatika-favicon.png\",\"width\":500,\"height\":500,\"caption\":\"Sakala T\u00f6\u00f6stusautomaatika O\u00dc\"},\"image\":{\"@id\":\"https:\/\/sakt.ee\/en\/#\/schema\/logo\/image\/\"}}]}<\/script>\n<meta property=\"product:price:amount\" content=\"142.60\" \/>\n<meta property=\"product:price:currency\" content=\"EUR\" \/>\n<meta property=\"og:availability\" content=\"instock\" \/>\n<meta property=\"product:availability\" content=\"instock\" \/>\n<meta property=\"product:retailer_item_id\" content=\"952021401\" \/>\n<meta property=\"product:condition\" content=\"new\" \/>\n<!-- \/ Yoast SEO Premium plugin. -->","yoast_head_json":{"title":"S5N-ML-2-B01-PP photo sensor; 10-30DC; M18 metal body; reflective from reflector; axial; 0,1...16m; PNP; NO\/NC; dimmer; 2m wire - Sakala T\u00f6\u00f6stusautomaatika O\u00dc","robots":{"index":"index","follow":"follow","max-snippet":"max-snippet:-1","max-image-preview":"max-image-preview:large","max-video-preview":"max-video-preview:-1"},"canonical":"https:\/\/sakt.ee\/en\/pood\/process-sensors\/photosensors\/retroreflective-rrx\/s5n-ml-2-b01-pp-photo-sensor-10-30dc-m18-metal-body-reflective-from-reflector-axial-01-16m-pnp-no-nc-dimmer-2m-wire\/","og_locale":"en_US","og_type":"article","og_title":"S5N-ML-2-B01-PP photo sensor; 10-30DC; M18 metal body; reflective from reflector; axial; 0,1...16m; PNP; NO\/NC; dimmer; 2m wire","og_description":"M18 photoelectric sensors continue to offer the widest range in their segment: reflective or reflector, transmitter-receiver, axial or radial optics, cable or M12 connector, NPN or PNP NO\/NC outputs. S5N sensors combined with new and unique ASIC technology make the M18 family the first IO-Link V1.1 sensor family. https:\/\/www.datalogic.com\/","og_url":"https:\/\/sakt.ee\/en\/pood\/process-sensors\/photosensors\/retroreflective-rrx\/s5n-ml-2-b01-pp-photo-sensor-10-30dc-m18-metal-body-reflective-from-reflector-axial-01-16m-pnp-no-nc-dimmer-2m-wire\/","og_site_name":"Sakala T\u00f6\u00f6stusautomaatika O\u00dc","article_modified_time":"2025-11-25T10:17:01+00:00","og_image":[{"width":500,"height":500,"url":"https:\/\/sakt.ee\/wp-content\/uploads\/2025\/05\/1483.jpg","type":"image\/jpeg"}],"twitter_card":"summary_large_image","twitter_misc":{"Price":"142,60&euro; +VAT","Availability":"In stock"},"schema":{"@context":"https:\/\/schema.org","@graph":[{"@type":"WebPage","@id":"https:\/\/sakt.ee\/en\/pood\/process-sensors\/photosensors\/retroreflective-rrx\/s5n-ml-2-b01-pp-photo-sensor-10-30dc-m18-metal-body-reflective-from-reflector-axial-01-16m-pnp-no-nc-dimmer-2m-wire\/","url":"https:\/\/sakt.ee\/en\/pood\/process-sensors\/photosensors\/retroreflective-rrx\/s5n-ml-2-b01-pp-photo-sensor-10-30dc-m18-metal-body-reflective-from-reflector-axial-01-16m-pnp-no-nc-dimmer-2m-wire\/","name":"S5N-ML-2-B01-PP photo sensor; 10-30DC; M18 metal body; reflective from reflector; axial; 0,1...16m; PNP; NO\/NC; dimmer; 2m wire - Sakala T\u00f6\u00f6stusautomaatika O\u00dc","isPartOf":{"@id":"https:\/\/sakt.ee\/en\/#website"},"primaryImageOfPage":{"@id":"https:\/\/sakt.ee\/en\/pood\/process-sensors\/photosensors\/retroreflective-rrx\/s5n-ml-2-b01-pp-photo-sensor-10-30dc-m18-metal-body-reflective-from-reflector-axial-01-16m-pnp-no-nc-dimmer-2m-wire\/#primaryimage"},"image":{"@id":"https:\/\/sakt.ee\/en\/pood\/process-sensors\/photosensors\/retroreflective-rrx\/s5n-ml-2-b01-pp-photo-sensor-10-30dc-m18-metal-body-reflective-from-reflector-axial-01-16m-pnp-no-nc-dimmer-2m-wire\/#primaryimage"},"thumbnailUrl":"https:\/\/sakt.ee\/wp-content\/uploads\/2025\/05\/1483.jpg","datePublished":"2025-05-16T12:02:46+00:00","dateModified":"2025-11-25T10:17:01+00:00","breadcrumb":{"@id":"https:\/\/sakt.ee\/en\/pood\/process-sensors\/photosensors\/retroreflective-rrx\/s5n-ml-2-b01-pp-photo-sensor-10-30dc-m18-metal-body-reflective-from-reflector-axial-01-16m-pnp-no-nc-dimmer-2m-wire\/#breadcrumb"},"inLanguage":"en-US","potentialAction":[{"@type":"ReadAction","target":["https:\/\/sakt.ee\/en\/pood\/process-sensors\/photosensors\/retroreflective-rrx\/s5n-ml-2-b01-pp-photo-sensor-10-30dc-m18-metal-body-reflective-from-reflector-axial-01-16m-pnp-no-nc-dimmer-2m-wire\/"]}]},{"@type":"ImageObject","inLanguage":"en-US","@id":"https:\/\/sakt.ee\/en\/pood\/process-sensors\/photosensors\/retroreflective-rrx\/s5n-ml-2-b01-pp-photo-sensor-10-30dc-m18-metal-body-reflective-from-reflector-axial-01-16m-pnp-no-nc-dimmer-2m-wire\/#primaryimage","url":"https:\/\/sakt.ee\/wp-content\/uploads\/2025\/05\/1483.jpg","contentUrl":"https:\/\/sakt.ee\/wp-content\/uploads\/2025\/05\/1483.jpg","width":500,"height":500},{"@type":"BreadcrumbList","@id":"https:\/\/sakt.ee\/en\/pood\/process-sensors\/photosensors\/retroreflective-rrx\/s5n-ml-2-b01-pp-photo-sensor-10-30dc-m18-metal-body-reflective-from-reflector-axial-01-16m-pnp-no-nc-dimmer-2m-wire\/#breadcrumb","itemListElement":[{"@type":"ListItem","position":1,"name":"Home","item":"https:\/\/sakt.ee\/"},{"@type":"ListItem","position":2,"name":"Shop","item":"https:\/\/sakt.ee\/en\/shop\/"},{"@type":"ListItem","position":3,"name":"S5N-ML-2-B01-PP photo sensor; 10-30DC; M18 metal body; reflective from reflector; axial; 0,1&#8230;16m; PNP; NO\/NC; dimmer; 2m wire"}]},{"@type":"WebSite","@id":"https:\/\/sakt.ee\/en\/#website","url":"https:\/\/sakt.ee\/en\/","name":"Sakala T\u00f6\u00f6stusautomaatika O\u00dc","description":"T\u00f6\u00f6stusautomaatika e-pood","publisher":{"@id":"https:\/\/sakt.ee\/en\/#organization"},"potentialAction":[{"@type":"SearchAction","target":{"@type":"EntryPoint","urlTemplate":"https:\/\/sakt.ee\/en\/?s={search_term_string}"},"query-input":{"@type":"PropertyValueSpecification","valueRequired":true,"valueName":"search_term_string"}}],"inLanguage":"en-US"},{"@type":"Organization","@id":"https:\/\/sakt.ee\/en\/#organization","name":"Sakala T\u00f6\u00f6stusautomaatika O\u00dc","url":"https:\/\/sakt.ee\/en\/","logo":{"@type":"ImageObject","inLanguage":"en-US","@id":"https:\/\/sakt.ee\/en\/#\/schema\/logo\/image\/","url":"https:\/\/sakt.ee\/wp-content\/uploads\/2025\/05\/Sakala-Toostusautomaatika-favicon.png","contentUrl":"https:\/\/sakt.ee\/wp-content\/uploads\/2025\/05\/Sakala-Toostusautomaatika-favicon.png","width":500,"height":500,"caption":"Sakala T\u00f6\u00f6stusautomaatika O\u00dc"},"image":{"@id":"https:\/\/sakt.ee\/en\/#\/schema\/logo\/image\/"}}]},"product_price_amount":"142.60","product_price_currency":"EUR","og_availability":"instock","product_availability":"instock","product_retailer_item_id":"952021401","product_condition":"new"},"_links":{"self":[{"href":"https:\/\/sakt.ee\/en\/wp-json\/wp\/v2\/product\/36390","targetHints":{"allow":["GET"]}}],"collection":[{"href":"https:\/\/sakt.ee\/en\/wp-json\/wp\/v2\/product"}],"about":[{"href":"https:\/\/sakt.ee\/en\/wp-json\/wp\/v2\/types\/product"}],"version-history":[{"count":0,"href":"https:\/\/sakt.ee\/en\/wp-json\/wp\/v2\/product\/36390\/revisions"}],"wp:featuredmedia":[{"embeddable":true,"href":"https:\/\/sakt.ee\/en\/wp-json\/wp\/v2\/media\/16590"}],"wp:attachment":[{"href":"https:\/\/sakt.ee\/en\/wp-json\/wp\/v2\/media?parent=36390"}],"wp:term":[{"taxonomy":"product_brand","embeddable":true,"href":"https:\/\/sakt.ee\/en\/wp-json\/wp\/v2\/product_brand?post=36390"},{"taxonomy":"product_cat","embeddable":true,"href":"https:\/\/sakt.ee\/en\/wp-json\/wp\/v2\/product_cat?post=36390"},{"taxonomy":"product_tag","embeddable":true,"href":"https:\/\/sakt.ee\/en\/wp-json\/wp\/v2\/product_tag?post=36390"},{"taxonomy":"manufacturers","embeddable":true,"href":"https:\/\/sakt.ee\/en\/wp-json\/wp\/v2\/manufacturers?post=36390"}],"curies":[{"name":"wp","href":"https:\/\/api.w.org\/{rel}","templated":true}]}}