{"id":45975,"date":"2018-04-20T16:30:52","date_gmt":"2018-04-20T16:30:52","guid":{"rendered":"https:\/\/sakt.ee\/services\/"},"modified":"2018-04-20T16:30:52","modified_gmt":"2018-04-20T16:30:52","slug":"services","status":"publish","type":"page","link":"https:\/\/sakt.ee\/en\/services\/","title":{"rendered":"Services"},"content":{"rendered":"<p>[vc_row css=&#8221;.vc_custom_1512573788615{padding-top: 30px !important;padding-bottom: 90px !important;}&#8221;][vc_column width=&#8221;1\/6&#8243;][\/vc_column][vc_column width=&#8221;2\/3&#8243;][wd_empty_spaces height_mobile=&#8221;58&#8243; height_tablet=&#8221;58&#8243; height_desktop=&#8221;58&#8243;][wd_headings headings_title=&#8221;{innovative consumption management processes }&#8221; headings_title_tag=&#8221;h4&#8243; headings_subtitle=&#8221;Ut wisi enim ad minim veniam, quis nostrud exerci tation ullamcorperadipiscing elit, sed diam nonummy nibh suscipit lobortis nisl ut aliquip ex ea commodo consequat.&#8221; headings_subtitle_tag=&#8221;h3&#8243; headings_layout=&#8221;t-only&#8221; wd_heading_font_weight=&#8221;900&#8243; wd_heading_color=&#8221;#242424&#8243; wd_heading_text_transform=&#8221;Uppercase&#8221; wd_sub_heading_font_weight=&#8221;400&#8243; wd_sub_heading_color=&#8221;#878383&#8243; wd_heading_spacing=&#8221;40&#8243; wd_sub_heading_font_size=&#8221;12&#8243; wd_heading_font_size=&#8221;27&#8243;][wd_empty_spaces height_mobile=&#8221;30&#8243; height_tablet=&#8221;30&#8243; height_desktop=&#8221;30&#8243;][wd_headings headings_title=&#8221;&#8221; headings_title_tag=&#8221;h4&#8243; headings_subtitle=&#8221;Ut Wisi enum ad minim veniam,quis nostrud exercitation ullamcor peradipiscing ellit sed.diam nonumuy nibh Suscripit. lobortis nisl ut aliquip ex ea commodo consequant&#8221; headings_subtitle_tag=&#8221;p&#8221; wd_heading_font_weight=&#8221;300&#8243; wd_heading_color=&#8221;#878383&#8243; wd_sub_heading_font_weight=&#8221;300&#8243; wd_sub_heading_color=&#8221;#878383&#8243; wd_sub_heading_line_height=&#8221;26&#8243; heading_extraclass=&#8221;padding_heading&#8221; wd_heading_spacing=&#8221;40&#8243; wd_sub_heading_font_size=&#8221;16&#8243; wd_heading_font_size=&#8221;15&#8243;][wd_empty_spaces height_mobile=&#8221;10&#8243; height_tablet=&#8221;10&#8243; height_desktop=&#8221;40&#8243;][\/vc_column][vc_column width=&#8221;1\/6&#8243;][\/vc_column][\/vc_row][vc_row el_class=&#8221;__row-has-m&#8221;][vc_column width=&#8221;1\/3&#8243;][wd_image_with_text layout=&#8221;4&#8243; title=&#8221;Equipment Service &amp; Maintenance&#8221; image=&#8221;510&#8243; url=&#8221;#&#8221; text=&#8221;Streamline on and off renting and billing pro&#8230;&#8221; icon=&#8221;fa fa-rocket&#8221;][wd_empty_spaces height_mobile=&#8221;0&#8243; height_tablet=&#8221;10&#8243; height_desktop=&#8221;30&#8243;][wd_image_with_text layout=&#8221;4&#8243; title=&#8221;Measure Profitable Results&#8221; image=&#8221;514&#8243; url=&#8221;#&#8221; text=&#8221;Audit and reduce rental expenses and transa&#8230;&#8221; icon=&#8221;fa fa-refresh&#8221;][\/vc_column][vc_column width=&#8221;1\/3&#8243;][wd_image_with_text layout=&#8221;4&#8243; title=&#8221;Manage Your Fleet&#8221; image=&#8221;512&#8243; url=&#8221;#&#8221; text=&#8221;Stay proactively informed, based on business ..&#8221; icon=&#8221;fa fa-snowflake-o&#8221;][wd_empty_spaces height_mobile=&#8221;0&#8243; height_tablet=&#8221;10&#8243; height_desktop=&#8221;30&#8243;][wd_image_with_text layout=&#8221;4&#8243; title=&#8221;Deliver top performance&#8221; image=&#8221;515&#8243; url=&#8221;#&#8221; text=&#8221;Prevent extra rental days and costs on unused&#8230;&#8221; icon=&#8221;fa fa-home&#8221;][\/vc_column][vc_column width=&#8221;1\/3&#8243;][wd_image_with_text layout=&#8221;4&#8243; title=&#8221;Rental Protection Plan (RPP)&#8221; image=&#8221;513&#8243; url=&#8221;#&#8221; text=&#8221;Split costs between different jobs for better &#8230;&#8221; icon=&#8221;fa fa-cog&#8221;][wd_empty_spaces height_mobile=&#8221;0&#8243; height_tablet=&#8221;10&#8243; height_desktop=&#8221;30&#8243;][wd_image_with_text layout=&#8221;4&#8243; title=&#8221;Pinpoint the exact locations&#8221; image=&#8221;516&#8243; url=&#8221;#&#8221; text=&#8221;typesetting, remaining essentially unchanged&#8221; icon=&#8221;fa fa-bar-chart&#8221;][\/vc_column][\/vc_row][vc_row full_width=&#8221;stretch_row_content&#8221; css=&#8221;.vc_custom_1524068416511{background-position: center !important;background-repeat: no-repeat !important;background-size: cover !important;}&#8221; el_class=&#8221;trucks&#8221;][vc_column css=&#8221;.vc_custom_1522757496497{padding-top: 0px !important;}&#8221;][wd_empty_spaces height_mobile=&#8221;30&#8243; height_tablet=&#8221;40&#8243; height_desktop=&#8221;88&#8243;][vc_btn title=&#8221;Find More&#8221; style=&#8221;custom&#8221; custom_background=&#8221;#febc01&#8243; custom_text=&#8221;#000000&#8243; shape=&#8221;round&#8221; align=&#8221;center&#8221; el_class=&#8221;find-more-btn&#8221;][wd_empty_spaces height_mobile=&#8221;80&#8243; height_tablet=&#8221;80&#8243; height_desktop=&#8221;95&#8243;][\/vc_column][\/vc_row][vc_row full_width=&#8221;stretch_row&#8221; el_class=&#8221;gradient-row&#8221;][vc_column css=&#8221;.vc_custom_1523273462671{padding-top: 0px !important;}&#8221;][wd_empty_spaces height_mobile=&#8221;40&#8243; height_tablet=&#8221;40&#8243; height_desktop=&#8221;40&#8243;][wd_headings headings_title=&#8221;Industries We Serve&#8221; headings_layout=&#8221;t-only&#8221; wd_heading_font_weight=&#8221;800&#8243; wd_heading_color=&#8221;#000000&#8243; wd_heading_text_transform=&#8221;Uppercase&#8221; wd_sub_heading_font_weight=&#8221;400&#8243; wd_heading_font_size=&#8221;32&#8243;][wd_empty_spaces height_mobile=&#8221;50&#8243; height_tablet=&#8221;50&#8243; height_desktop=&#8221;50&#8243;][vc_row_inner][vc_column_inner width=&#8221;1\/4&#8243;][wd_icon_text icon=&#8221;fa-male&#8221; layout=&#8221;1&#8243; title=&#8221;Banking &amp; Financial&#8221; text=&#8221;Banks &amp; Financial Institutions face a challenging &amp; dynamic environment with&#8230;&#8221;][\/vc_column_inner][vc_column_inner width=&#8221;1\/4&#8243;][wd_icon_text icon=&#8221;fa-road&#8221; layout=&#8221;1&#8243; title=&#8221;Banking &amp; Financial&#8221; text=&#8221;Banks &amp; Financial Institutions face a challenging &amp; dynamic environment with&#8230;&#8221;][\/vc_column_inner][vc_column_inner width=&#8221;1\/4&#8243;][wd_icon_text icon=&#8221;fa-key&#8221; layout=&#8221;1&#8243; title=&#8221;Banking &amp; Financial&#8221; text=&#8221;Banks &amp; Financial Institutions face a challenging &amp; dynamic environment with&#8230;&#8221;][\/vc_column_inner][vc_column_inner width=&#8221;1\/4&#8243;][wd_icon_text icon=&#8221;fa-map-marker&#8221; layout=&#8221;1&#8243; title=&#8221;Banking &amp; Financial&#8221; text=&#8221;Banks &amp; Financial Institutions face a challenging &amp; dynamic environment with&#8230;&#8221;][\/vc_column_inner][\/vc_row_inner][\/vc_column][vc_column css=&#8221;.vc_custom_1524823822558{padding-top: 22px !important;}&#8221;][vc_btn title=&#8221;All Industries We Serve&#8221; style=&#8221;custom&#8221; custom_background=&#8221;#efae16&#8243; custom_text=&#8221;#000000&#8243; shape=&#8221;round&#8221; align=&#8221;center&#8221; el_class=&#8221;choose-us-btn&#8221;][wd_empty_spaces height_mobile=&#8221;90&#8243; height_tablet=&#8221;90&#8243; height_desktop=&#8221;145&#8243;][\/vc_column][\/vc_row][vc_row full_width=&#8221;stretch_row&#8221; css=&#8221;.vc_custom_1524661902962{background-color: #f8f7fd !important;}&#8221;][vc_column css=&#8221;.vc_custom_1523273462671{padding-top: 0px !important;}&#8221;][wd_empty_spaces height_mobile=&#8221;80&#8243; height_tablet=&#8221;80&#8243; height_desktop=&#8221;80&#8243;][wd_headings headings_title=&#8221;Meet Our Experts&#8221; headings_subtitle=&#8221;Sed alquet enim quis maximus , moleste erac nuns daptus&#8221; headings_subtitle_tag=&#8221;p&#8221; wd_heading_font_weight=&#8221;800&#8243; wd_heading_color=&#8221;#000000&#8243; wd_heading_text_transform=&#8221;Uppercase&#8221; wd_sub_heading_font_weight=&#8221;400&#8243; wd_heading_font_size=&#8221;32&#8243;][wd_empty_spaces height_mobile=&#8221;50&#8243; height_tablet=&#8221;50&#8243; height_desktop=&#8221;50&#8243;][vc_row_inner][vc_column_inner][wd_team columns=&#8221;4&#8243; itemperpage=&#8221;4&#8243;][\/vc_column_inner][\/vc_row_inner][wd_empty_spaces height_mobile=&#8221;100&#8243; height_tablet=&#8221;100&#8243; height_desktop=&#8221;118&#8243;][\/vc_column][\/vc_row][vc_row full_width=&#8221;stretch_row_content&#8221; css=&#8221;.vc_custom_1524662330785{padding-top: 0px !important;}&#8221; el_class=&#8221;services_nop&#8221;][vc_column css=&#8221;.vc_custom_1523280114132{padding-right: 0px !important;padding-left: 0px !important;}&#8221;][backhoe_maps backhoe_map_height=&#8221;315&#8243; backhoe_map_zoom=&#8221;14&#8243; backhoe_map_style=&#8221;wa_map_style2&#8243; maps=&#8221;%5B%7B%22backhoe_map_latitude%22%3A%2240.691255%22%2C%22backhoe_map_longitude%22%3A%22-73.994516%22%2C%22backhoe_map_company_name%22%3A%22Envato%22%2C%22backhoe_map_company_description%22%3A%222%20Elizabeth%20St%2C%20Melbourne%20Victoria%203000%20Australia%22%7D%5D&#8221;][\/vc_column][\/vc_row][vc_row el_class=&#8221;quotes-row&#8221;][vc_column width=&#8221;1\/2&#8243;][wd_icon_text image_checkbox=&#8221;yes&#8221; layout=&#8221;2&#8243; title=&#8221;Do you have a business process that needs rethinking?&#8221; text=&#8221;We help strengthen our client&#8217;s brands by improving how they work. We rethink the process and work together to streamline it, rebuild it, and deliver it back smarter than before.&#8221; image=&#8221;265&#8243;][wd_empty_spaces height_mobile=&#8221;30&#8243; height_tablet=&#8221;30&#8243; height_desktop=&#8221;0&#8243;][\/vc_column][vc_column width=&#8221;1\/2&#8243;][wd_icon_text image_checkbox=&#8221;yes&#8221; layout=&#8221;2&#8243; title=&#8221;Do you have a business process that needs rethinking?&#8221; text=&#8221;We help strengthen our client&#8217;s brands by improving how they work. We rethink the process and work together to streamline it, rebuild it, and deliver it back smarter than before.&#8221; image=&#8221;265&#8243;][\/vc_column][\/vc_row][vc_row][vc_column][wd_empty_spaces height_mobile=&#8221;70&#8243; height_tablet=&#8221;70&#8243; height_desktop=&#8221;0&#8243;][\/vc_column][\/vc_row]<\/p>\n","protected":false},"excerpt":{"rendered":"<p>[vc_row css=&#8221;.vc_custom_1512573788615{padding-top: 30px !important;padding-bottom: 90px !important;}&#8221;][vc_column width=&#8221;1\/6&#8243;][\/vc_column][vc_column width=&#8221;2\/3&#8243;][wd_empty_spaces height_mobile=&#8221;58&#8243; height_tablet=&#8221;58&#8243; height_desktop=&#8221;58&#8243;][wd_headings headings_title=&#8221;{innovative consumption management processes }&#8221; headings_title_tag=&#8221;h4&#8243; headings_subtitle=&#8221;Ut wisi enim<\/p>\n","protected":false},"author":1,"featured_media":0,"parent":0,"menu_order":0,"comment_status":"closed","ping_status":"closed","template":"","meta":{"_acf_changed":false,"footnotes":""},"class_list":["post-45975","page","type-page","status-publish","hentry"],"acf":[],"yoast_head":"<!-- This site is optimized with the Yoast SEO Premium plugin v25.4 (Yoast SEO v25.4) - https:\/\/yoast.com\/wordpress\/plugins\/seo\/ -->\n<title>Services - Sakala T\u00f6\u00f6stusautomaatika O\u00dc<\/title>\n<meta name=\"robots\" content=\"index, follow, max-snippet:-1, max-image-preview:large, max-video-preview:-1\" \/>\n<link rel=\"canonical\" href=\"https:\/\/sakt.ee\/services\/\" \/>\n<meta property=\"og:locale\" content=\"en_US\" \/>\n<meta property=\"og:type\" content=\"article\" \/>\n<meta property=\"og:title\" content=\"Services\" \/>\n<meta property=\"og:description\" content=\"[vc_row css=&#8221;.vc_custom_1512573788615{padding-top: 30px !important;padding-bottom: 90px !important;}&#8221;][vc_column width=&#8221;1\/6&#8243;][\/vc_column][vc_column width=&#8221;2\/3&#8243;][wd_empty_spaces height_mobile=&#8221;58&#8243; height_tablet=&#8221;58&#8243; height_desktop=&#8221;58&#8243;][wd_headings headings_title=&#8221;{innovative consumption management processes }&#8221; headings_title_tag=&#8221;h4&#8243; headings_subtitle=&#8221;Ut wisi enim\" \/>\n<meta property=\"og:url\" content=\"https:\/\/sakt.ee\/services\/\" \/>\n<meta property=\"og:site_name\" content=\"Sakala T\u00f6\u00f6stusautomaatika O\u00dc\" \/>\n<meta name=\"twitter:card\" content=\"summary_large_image\" \/>\n<meta name=\"twitter:label1\" content=\"Est. reading time\" \/>\n\t<meta name=\"twitter:data1\" content=\"5 minutes\" \/>\n<script type=\"application\/ld+json\" class=\"yoast-schema-graph\">{\"@context\":\"https:\/\/schema.org\",\"@graph\":[{\"@type\":\"WebPage\",\"@id\":\"https:\/\/sakt.ee\/services\/\",\"url\":\"https:\/\/sakt.ee\/services\/\",\"name\":\"Services - Sakala T\u00f6\u00f6stusautomaatika O\u00dc\",\"isPartOf\":{\"@id\":\"https:\/\/sakt.ee\/en\/#website\"},\"datePublished\":\"2018-04-20T16:30:52+00:00\",\"breadcrumb\":{\"@id\":\"https:\/\/sakt.ee\/services\/#breadcrumb\"},\"inLanguage\":\"en-US\",\"potentialAction\":[{\"@type\":\"ReadAction\",\"target\":[\"https:\/\/sakt.ee\/services\/\"]}]},{\"@type\":\"BreadcrumbList\",\"@id\":\"https:\/\/sakt.ee\/services\/#breadcrumb\",\"itemListElement\":[{\"@type\":\"ListItem\",\"position\":1,\"name\":\"Home\",\"item\":\"https:\/\/sakt.ee\/\"},{\"@type\":\"ListItem\",\"position\":2,\"name\":\"Services\"}]},{\"@type\":\"WebSite\",\"@id\":\"https:\/\/sakt.ee\/en\/#website\",\"url\":\"https:\/\/sakt.ee\/en\/\",\"name\":\"Sakala T\u00f6\u00f6stusautomaatika O\u00dc\",\"description\":\"T\u00f6\u00f6stusautomaatika e-pood\",\"publisher\":{\"@id\":\"https:\/\/sakt.ee\/en\/#organization\"},\"potentialAction\":[{\"@type\":\"SearchAction\",\"target\":{\"@type\":\"EntryPoint\",\"urlTemplate\":\"https:\/\/sakt.ee\/en\/?s={search_term_string}\"},\"query-input\":{\"@type\":\"PropertyValueSpecification\",\"valueRequired\":true,\"valueName\":\"search_term_string\"}}],\"inLanguage\":\"en-US\"},{\"@type\":\"Organization\",\"@id\":\"https:\/\/sakt.ee\/en\/#organization\",\"name\":\"Sakala T\u00f6\u00f6stusautomaatika O\u00dc\",\"url\":\"https:\/\/sakt.ee\/en\/\",\"logo\":{\"@type\":\"ImageObject\",\"inLanguage\":\"en-US\",\"@id\":\"https:\/\/sakt.ee\/en\/#\/schema\/logo\/image\/\",\"url\":\"https:\/\/sakt.ee\/wp-content\/uploads\/2025\/05\/Sakala-Toostusautomaatika-favicon.png\",\"contentUrl\":\"https:\/\/sakt.ee\/wp-content\/uploads\/2025\/05\/Sakala-Toostusautomaatika-favicon.png\",\"width\":500,\"height\":500,\"caption\":\"Sakala T\u00f6\u00f6stusautomaatika O\u00dc\"},\"image\":{\"@id\":\"https:\/\/sakt.ee\/en\/#\/schema\/logo\/image\/\"}}]}<\/script>\n<!-- \/ Yoast SEO Premium plugin. -->","yoast_head_json":{"title":"Services - Sakala T\u00f6\u00f6stusautomaatika O\u00dc","robots":{"index":"index","follow":"follow","max-snippet":"max-snippet:-1","max-image-preview":"max-image-preview:large","max-video-preview":"max-video-preview:-1"},"canonical":"https:\/\/sakt.ee\/services\/","og_locale":"en_US","og_type":"article","og_title":"Services","og_description":"[vc_row css=&#8221;.vc_custom_1512573788615{padding-top: 30px !important;padding-bottom: 90px !important;}&#8221;][vc_column width=&#8221;1\/6&#8243;][\/vc_column][vc_column width=&#8221;2\/3&#8243;][wd_empty_spaces height_mobile=&#8221;58&#8243; height_tablet=&#8221;58&#8243; height_desktop=&#8221;58&#8243;][wd_headings headings_title=&#8221;{innovative consumption management processes }&#8221; headings_title_tag=&#8221;h4&#8243; headings_subtitle=&#8221;Ut wisi enim","og_url":"https:\/\/sakt.ee\/services\/","og_site_name":"Sakala T\u00f6\u00f6stusautomaatika O\u00dc","twitter_card":"summary_large_image","twitter_misc":{"Est. reading time":"5 minutes"},"schema":{"@context":"https:\/\/schema.org","@graph":[{"@type":"WebPage","@id":"https:\/\/sakt.ee\/services\/","url":"https:\/\/sakt.ee\/services\/","name":"Services - Sakala T\u00f6\u00f6stusautomaatika O\u00dc","isPartOf":{"@id":"https:\/\/sakt.ee\/en\/#website"},"datePublished":"2018-04-20T16:30:52+00:00","breadcrumb":{"@id":"https:\/\/sakt.ee\/services\/#breadcrumb"},"inLanguage":"en-US","potentialAction":[{"@type":"ReadAction","target":["https:\/\/sakt.ee\/services\/"]}]},{"@type":"BreadcrumbList","@id":"https:\/\/sakt.ee\/services\/#breadcrumb","itemListElement":[{"@type":"ListItem","position":1,"name":"Home","item":"https:\/\/sakt.ee\/"},{"@type":"ListItem","position":2,"name":"Services"}]},{"@type":"WebSite","@id":"https:\/\/sakt.ee\/en\/#website","url":"https:\/\/sakt.ee\/en\/","name":"Sakala T\u00f6\u00f6stusautomaatika O\u00dc","description":"T\u00f6\u00f6stusautomaatika e-pood","publisher":{"@id":"https:\/\/sakt.ee\/en\/#organization"},"potentialAction":[{"@type":"SearchAction","target":{"@type":"EntryPoint","urlTemplate":"https:\/\/sakt.ee\/en\/?s={search_term_string}"},"query-input":{"@type":"PropertyValueSpecification","valueRequired":true,"valueName":"search_term_string"}}],"inLanguage":"en-US"},{"@type":"Organization","@id":"https:\/\/sakt.ee\/en\/#organization","name":"Sakala T\u00f6\u00f6stusautomaatika O\u00dc","url":"https:\/\/sakt.ee\/en\/","logo":{"@type":"ImageObject","inLanguage":"en-US","@id":"https:\/\/sakt.ee\/en\/#\/schema\/logo\/image\/","url":"https:\/\/sakt.ee\/wp-content\/uploads\/2025\/05\/Sakala-Toostusautomaatika-favicon.png","contentUrl":"https:\/\/sakt.ee\/wp-content\/uploads\/2025\/05\/Sakala-Toostusautomaatika-favicon.png","width":500,"height":500,"caption":"Sakala T\u00f6\u00f6stusautomaatika O\u00dc"},"image":{"@id":"https:\/\/sakt.ee\/en\/#\/schema\/logo\/image\/"}}]}},"_links":{"self":[{"href":"https:\/\/sakt.ee\/en\/wp-json\/wp\/v2\/pages\/45975","targetHints":{"allow":["GET"]}}],"collection":[{"href":"https:\/\/sakt.ee\/en\/wp-json\/wp\/v2\/pages"}],"about":[{"href":"https:\/\/sakt.ee\/en\/wp-json\/wp\/v2\/types\/page"}],"author":[{"embeddable":true,"href":"https:\/\/sakt.ee\/en\/wp-json\/wp\/v2\/users\/1"}],"replies":[{"embeddable":true,"href":"https:\/\/sakt.ee\/en\/wp-json\/wp\/v2\/comments?post=45975"}],"version-history":[{"count":0,"href":"https:\/\/sakt.ee\/en\/wp-json\/wp\/v2\/pages\/45975\/revisions"}],"wp:attachment":[{"href":"https:\/\/sakt.ee\/en\/wp-json\/wp\/v2\/media?parent=45975"}],"curies":[{"name":"wp","href":"https:\/\/api.w.org\/{rel}","templated":true}]}}